{"id":22121,"date":"2024-11-13T10:11:08","date_gmt":"2024-11-13T09:11:08","guid":{"rendered":"https:\/\/serveiseducatius.xtec.cat\/tarragones\/?page_id=22121"},"modified":"2024-12-13T12:02:19","modified_gmt":"2024-12-13T11:02:19","slug":"seminari-de-biblioteques-escolars-del-tarragones","status":"publish","type":"page","link":"https:\/\/serveiseducatius.xtec.cat\/tarragones\/seminari-de-biblioteques-escolars-del-tarragones\/","title":{"rendered":"Seminari de Biblioteques Escolars del Tarragon\u00e8s"},"content":{"rendered":"\n<p>Aquest espai est\u00e0 pensat per a vosaltres, mestres responsables de les biblioteques de les vostres escoles. Aqu\u00ed trobareu tot el contingut relacionat amb les xerrades dels seminaris i els tallers que hem organitzat per aquest curs. <\/p>\n\n\n\n<p>Esperem que us sigui una eina \u00fatil per enriquir i potenciar les vostres biblioteques escolars. <\/p>\n\n\n\n<p>Gr\u00e0cies per la vostra dedicaci\u00f3 i comprom\u00eds!<\/p>\n\n\n\n<figure class=\"wp-block-image size-large\"><a href=\"https:\/\/sites.google.com\/xtec.cat\/sem-bib-escolar?usp=sharing\"><img loading=\"lazy\" decoding=\"async\" width=\"1024\" height=\"300\" src=\"https:\/\/serveiseducatius.xtec.cat\/tarragones\/wp-content\/uploads\/usu549\/2024\/11\/image-2-1024x300.png\" alt=\"\" class=\"wp-image-22123\" srcset=\"https:\/\/serveiseducatius.xtec.cat\/tarragones\/wp-content\/uploads\/usu549\/2024\/11\/image-2-1024x300.png 1024w, https:\/\/serveiseducatius.xtec.cat\/tarragones\/wp-content\/uploads\/usu549\/2024\/11\/image-2-300x88.png 300w, https:\/\/serveiseducatius.xtec.cat\/tarragones\/wp-content\/uploads\/usu549\/2024\/11\/image-2-768x225.png 768w, https:\/\/serveiseducatius.xtec.cat\/tarragones\/wp-content\/uploads\/usu549\/2024\/11\/image-2-1536x451.png 1536w, https:\/\/serveiseducatius.xtec.cat\/tarragones\/wp-content\/uploads\/usu549\/2024\/11\/image-2.png 1899w\" sizes=\"auto, (max-width: 1024px) 100vw, 1024px\" \/><\/a><\/figure>\n\n\n\n<a href=\"https:\/\/sites.google.com\/xtec.cat\/sem-bib-escolar?usp=sharing\">\n   \nAccedeix aqu\u00ed al contingut \n<\/a>\n\n\n\n<div style=\"height:100px\" aria-hidden=\"true\" class=\"wp-block-spacer\"><\/div>\n\n\n\n<p><\/p>\n\n\n\n<h2 class=\"wp-block-heading\">Biblioteques escolars de Catalunya<\/h2>\n\n\n\n<p>Si busques informaci\u00f3 sobre bones pr\u00e0ctiques, sobre el Pla de millora de biblioteques escolars de Catalunya (PLAMIB), sobre els sistemes de catalogaci\u00f3 o consells sobre conceptes b\u00e0sics del m\u00f3n del llibre i de la biblioteca escolar, et convidem a visitar el web oficial de les <strong><a href=\"https:\/\/projectes.xtec.cat\/bescat\/\">biblioteques escolars de catalunya<\/a>.<\/strong><\/p>\n","protected":false},"excerpt":{"rendered":"<p>Aquest espai est\u00e0 pensat per a vosaltres, mestres responsables de les biblioteques de les vostres escoles. Aqu\u00ed trobareu tot el [&hellip;]<\/p>\n","protected":false},"author":1,"featured_media":22123,"parent":0,"menu_order":0,"comment_status":"closed","ping_status":"close","template":"","meta":{"_bbp_topic_count":0,"_bbp_reply_count":0,"_bbp_total_topic_count":0,"_bbp_total_reply_count":0,"_bbp_voice_count":0,"_bbp_anonymous_reply_count":0,"_bbp_topic_count_hidden":0,"_bbp_reply_count_hidden":0,"_bbp_forum_subforum_count":0,"site-sidebar-layout":"default","site-content-layout":"","ast-site-content-layout":"","site-content-style":"default","site-sidebar-style":"default","ast-global-header-display":"","ast-banner-title-visibility":"","ast-main-header-display":"","ast-hfb-above-header-display":"","ast-hfb-below-header-display":"","ast-hfb-mobile-header-display":"","site-post-title":"","ast-breadcrumbs-content":"","ast-featured-img":"","footer-sml-layout":"","theme-transparent-header-meta":"","adv-header-id-meta":"","stick-header-meta":"","header-above-stick-meta":"","header-main-stick-meta":"","header-below-stick-meta":"","astra-migrate-meta-layouts":"default","ast-page-background-enabled":"default","ast-page-background-meta":{"desktop":{"background-color":"var(--ast-global-color-4)","background-image":"","background-repeat":"repeat","background-position":"center center","background-size":"auto","background-attachment":"scroll","background-type":"","background-media":"","overlay-type":"","overlay-color":"","overlay-opacity":"","overlay-gradient":""},"tablet":{"background-color":"","background-image":"","background-repeat":"repeat","background-position":"center center","background-size":"auto","background-attachment":"scroll","background-type":"","background-media":"","overlay-type":"","overlay-color":"","overlay-opacity":"","overlay-gradient":""},"mobile":{"background-color":"","background-image":"","background-repeat":"repeat","background-position":"center center","background-size":"auto","background-attachment":"scroll","background-type":"","background-media":"","overlay-type":"","overlay-color":"","overlay-opacity":"","overlay-gradient":""}},"ast-content-background-meta":{"desktop":{"background-color":"var(--ast-global-color-5)","background-image":"","background-repeat":"repeat","background-position":"center center","background-size":"auto","background-attachment":"scroll","background-type":"","background-media":"","overlay-type":"","overlay-color":"","overlay-opacity":"","overlay-gradient":""},"tablet":{"background-color":"var(--ast-global-color-5)","background-image":"","background-repeat":"repeat","background-position":"center center","background-size":"auto","background-attachment":"scroll","background-type":"","background-media":"","overlay-type":"","overlay-color":"","overlay-opacity":"","overlay-gradient":""},"mobile":{"background-color":"var(--ast-global-color-5)","background-image":"","background-repeat":"repeat","background-position":"center center","background-size":"auto","background-attachment":"scroll","background-type":"","background-media":"","overlay-type":"","overlay-color":"","overlay-opacity":"","overlay-gradient":""}},"footnotes":""},"class_list":["post-22121","page","type-page","status-publish","has-post-thumbnail","hentry"],"post_mailing_queue_ids":[],"_links":{"self":[{"href":"https:\/\/serveiseducatius.xtec.cat\/tarragones\/wp-json\/wp\/v2\/pages\/22121","targetHints":{"allow":["GET"]}}],"collection":[{"href":"https:\/\/serveiseducatius.xtec.cat\/tarragones\/wp-json\/wp\/v2\/pages"}],"about":[{"href":"https:\/\/serveiseducatius.xtec.cat\/tarragones\/wp-json\/wp\/v2\/types\/page"}],"author":[{"embeddable":true,"href":"https:\/\/serveiseducatius.xtec.cat\/tarragones\/wp-json\/wp\/v2\/users\/1"}],"replies":[{"embeddable":true,"href":"https:\/\/serveiseducatius.xtec.cat\/tarragones\/wp-json\/wp\/v2\/comments?post=22121"}],"version-history":[{"count":6,"href":"https:\/\/serveiseducatius.xtec.cat\/tarragones\/wp-json\/wp\/v2\/pages\/22121\/revisions"}],"predecessor-version":[{"id":22523,"href":"https:\/\/serveiseducatius.xtec.cat\/tarragones\/wp-json\/wp\/v2\/pages\/22121\/revisions\/22523"}],"wp:featuredmedia":[{"embeddable":true,"href":"https:\/\/serveiseducatius.xtec.cat\/tarragones\/wp-json\/wp\/v2\/media\/22123"}],"wp:attachment":[{"href":"https:\/\/serveiseducatius.xtec.cat\/tarragones\/wp-json\/wp\/v2\/media?parent=22121"}],"curies":[{"name":"wp","href":"https:\/\/api.w.org\/{rel}","templated":true}]}}