{"id":1458,"date":"2016-07-08T08:22:31","date_gmt":"2016-07-08T07:22:31","guid":{"rendered":"http:\/\/serveiseducatius.xtec.cat\/tarragones\/?page_id=1458"},"modified":"2018-11-30T10:36:15","modified_gmt":"2018-11-30T09:36:15","slug":"idiomes-i-arts","status":"publish","type":"page","link":"https:\/\/serveiseducatius.xtec.cat\/tarragones\/comunitat\/centres-educatius\/idiomes-i-arts\/","title":{"rendered":"Escoles d&#8217;idiomes, arts, m\u00fasica i dansa"},"content":{"rendered":"<p><iframe loading=\"lazy\" src=\"https:\/\/www.instamaps.cat\/visor.html?businessid=73c5ceb66ea111ea408f44d8721ff758&amp;3D=false&amp;embed=1\" width=\"95%\" height=\"400\" frameborder=\"0\" marginwidth=\"0\" marginheight=\"0\" scrolling=\"no\"><\/iframe><\/p>\n<p><strong>Escola Oficial d&#8217;Idiomes de Salou<\/strong><br \/>\nc. Baix Llobregat, 1-3<br \/>\n43840-Salou<br \/>\nTel. 977353008 \u00a0 \u00a0 Fax. 977353248<br \/>\nCorreu: e3011200@xtec.cat<br \/>\nEstudis: IDI<br \/>\n<a href=\"https:\/\/www.google.es\/maps\/dir\/41.082038711,1.135443921\/data=!3m1!1e3\" target=\"_blank\" rel=\"noopener\"><img decoding=\"async\" title=\"Localitzaci\u00f3\" src=\"http:\/\/serveiseducatius.xtec.cat\/tarragones\/wp-content\/uploads\/usu549\/2016\/07\/ico-localitza.jpg\" \/><\/a>\u00a0 \u00a0 \u00a0<a href=\"http:\/\/www.eoisalou.org\/\" target=\"_blank\" rel=\"noopener\"><img decoding=\"async\" title=\"Lloc Web\" src=\"http:\/\/serveiseducatius.xtec.cat\/tarragones\/wp-content\/uploads\/usu549\/2016\/07\/ico-web.jpg\" \/><\/a><\/p>\n<p><strong>Escola Oficial d&#8217;Idiomes de Tarragona<\/strong><br \/>\nrbla. Nova, 105<br \/>\n43001-Tarragona<br \/>\nTel. 977226936<br \/>\nCorreu: e3006940@xtec.cat<br \/>\nEstudis: IDI<br \/>\n<a href=\"https:\/\/www.google.es\/maps\/dir\/41.117455404,1.248724177\/data=!3m1!1e3\" target=\"_blank\" rel=\"noopener\"><img decoding=\"async\" title=\"Localitzaci\u00f3\" src=\"http:\/\/serveiseducatius.xtec.cat\/tarragones\/wp-content\/uploads\/usu549\/2016\/07\/ico-localitza.jpg\" \/><\/a>\u00a0 \u00a0 \u00a0<a href=\"http:\/\/www.eoitarragona.cat\/\" target=\"_blank\" rel=\"noopener\"><img decoding=\"async\" title=\"Lloc Web\" src=\"http:\/\/serveiseducatius.xtec.cat\/tarragones\/wp-content\/uploads\/usu549\/2016\/07\/ico-web.jpg\" \/><\/a><\/p>\n<p style=\"text-align: justify;\"><strong>Escola d&#8217;Art i Disseny de Tarragona<\/strong><br \/>\nctra. de Valls, s\/n,Zona Educacional<br \/>\n43007-Tarragona<br \/>\nTel. 977211253 \u00a0 \u00a0 Fax. 977231753<br \/>\nCorreu: e3006253@xtec.cat<br \/>\nEstudis: PA02, CFAS, ESDI<br \/>\n<a href=\"https:\/\/www.google.es\/maps\/dir\/41.1314053,1.2426604\/data=!3m1!1e3\" target=\"_blank\" rel=\"noopener\"><img decoding=\"async\" title=\"Localitzaci\u00f3\" src=\"http:\/\/serveiseducatius.xtec.cat\/tarragones\/wp-content\/uploads\/usu549\/2016\/07\/ico-localitza.jpg\" \/><\/a>\u00a0 \u00a0 \u00a0<a href=\"http:\/\/sae.altanet.org\/houmuni\/web\/eadt\/\" target=\"_blank\" rel=\"noopener\"><img decoding=\"async\" title=\"Lloc Web\" src=\"http:\/\/serveiseducatius.xtec.cat\/tarragones\/wp-content\/uploads\/usu549\/2016\/07\/ico-web.jpg\" \/><\/a><\/p>\n<p style=\"text-align: justify;\"><strong>Escola de capacitaci\u00f3 agr\u00e0ria Mas Bov\u00e9<\/strong><br \/>\nMas Bov\u00e9, ct.Reus-Morell km.4(ap.cor.527)<br \/>\n43120-Constant\u00ed<br \/>\nTel. 977343289 \u00a0 \u00a0 Fax. 977127914<br \/>\nCorreu: e3000949@xtec.cat<br \/>\nEstudis: CFPM, CFPS<br \/>\n<a href=\"https:\/\/www.google.es\/maps\/dir\/41.169823237,1.169553159\/data=!3m1!1e3\" target=\"_blank\" rel=\"noopener\"><img decoding=\"async\" title=\"Localitzaci\u00f3\" src=\"http:\/\/serveiseducatius.xtec.cat\/tarragones\/wp-content\/uploads\/usu549\/2016\/07\/ico-localitza.jpg\" \/><\/a>\u00a0 \u00a0 \u00a0<a href=\"https:\/\/sites.google.com\/a\/xtec.cat\/crp-tarragones\/ECA Mas Bov%C3%A9\" target=\"_blank\" rel=\"noopener\"><img decoding=\"async\" title=\"Lloc Web\" src=\"http:\/\/serveiseducatius.xtec.cat\/tarragones\/wp-content\/uploads\/usu549\/2016\/07\/ico-web.jpg\" \/><\/a><\/p>\n<p style=\"text-align: justify;\"><strong>Escola de Dansa Artemis<\/strong><br \/>\nptge. Cobos, 5-7<br \/>\n43001-Tarragona<br \/>\nTel. 977218626 \u00a0 \u00a0 Fax. 977331719<\/p>\n<p>Estudis: DANE<br \/>\n<a href=\"https:\/\/www.google.es\/maps\/dir\/41.116451548,1.249528275\/data=!3m1!1e3\" target=\"_blank\" rel=\"noopener\"><img decoding=\"async\" title=\"Localitzaci\u00f3\" src=\"http:\/\/serveiseducatius.xtec.cat\/tarragones\/wp-content\/uploads\/usu549\/2016\/07\/ico-localitza.jpg\" \/><\/a><\/p>\n<p style=\"text-align: justify;\"><strong>Cent.Prof.Dansa Artemis<\/strong><br \/>\nptge. Cobos, 5<br \/>\n43001-Tarragona<br \/>\nTel. 977218626 \u00a0 \u00a0 Fax. 977331719<br \/>\nCorreu: e3009448@xtec.cat<br \/>\nEstudis: DANP<br \/>\n<a href=\"https:\/\/www.google.es\/maps\/dir\/41.116452489,1.249528982\/data=!3m1!1e3\" target=\"_blank\" rel=\"noopener\"><img decoding=\"async\" title=\"Localitzaci\u00f3\" src=\"http:\/\/serveiseducatius.xtec.cat\/tarragones\/wp-content\/uploads\/usu549\/2016\/07\/ico-localitza.jpg\" \/><\/a>\u00a0 \u00a0 \u00a0<a href=\"https:\/\/sites.google.com\/a\/xtec.cat\/crp-tarragones\/EMD Centre Autoritzat de Grau Mitj%C3%A0 de Dansa Artemis\" target=\"_blank\" rel=\"noopener\"><img decoding=\"async\" title=\"Lloc Web\" src=\"http:\/\/serveiseducatius.xtec.cat\/tarragones\/wp-content\/uploads\/usu549\/2016\/07\/ico-web.jpg\" \/> <\/a><\/p>\n<p style=\"text-align: justify;\"><strong>Escola de Dansa Centresc\u00e8nic<\/strong><br \/>\nc. Eduard Benot, 11\/C. Carnisseria, 9<br \/>\n43830-Torredembarra<\/p>\n<p>Correu: e3010918@xtec.cat<br \/>\nEstudis: DANE<br \/>\n<a href=\"https:\/\/www.google.es\/maps\/dir\/41.145310243,1.396303048\/data=!3m1!1e3\" target=\"_blank\" rel=\"noopener\"><img decoding=\"async\" title=\"Localitzaci\u00f3\" src=\"http:\/\/serveiseducatius.xtec.cat\/tarragones\/wp-content\/uploads\/usu549\/2016\/07\/ico-localitza.jpg\" \/><\/a>\u00a0 \u00a0 \u00a0<a href=\"https:\/\/sites.google.com\/a\/xtec.cat\/crp-tarragones\/EMD Escola de Dansa Centresc%C3%A8nic\" target=\"_blank\" rel=\"noopener\"><img decoding=\"async\" title=\"Lloc Web\" src=\"http:\/\/serveiseducatius.xtec.cat\/tarragones\/wp-content\/uploads\/usu549\/2016\/07\/ico-web.jpg\" \/><\/a><\/p>\n<p style=\"text-align: justify;\"><strong>Conservatori de M\u00fasica de Tarragona<\/strong><br \/>\nc. Cavallers, 10<br \/>\n43003-Tarragona<br \/>\nTel. 977235830 \u00a0 \u00a0 Fax. 977235109<br \/>\nCorreu: e3006277@xtec.cat<br \/>\nEstudis: MUSP<br \/>\n<a href=\"https:\/\/www.google.es\/maps\/dir\/41.117687455,1.255963429\/data=!3m1!1e3\" target=\"_blank\" rel=\"noopener\"><img decoding=\"async\" title=\"Localitzaci\u00f3\" src=\"http:\/\/serveiseducatius.xtec.cat\/tarragones\/wp-content\/uploads\/usu549\/2016\/07\/ico-localitza.jpg\" \/><\/a>\u00a0 \u00a0 \u00a0<a href=\"https:\/\/sites.google.com\/a\/xtec.cat\/crp-tarragones\/EMM Conserv. de Grau Mitj%C3%A0 de M%C3%BAsica de Tarragona\" target=\"_blank\" rel=\"noopener\"><img decoding=\"async\" title=\"Lloc Web\" src=\"http:\/\/serveiseducatius.xtec.cat\/tarragones\/wp-content\/uploads\/usu549\/2016\/07\/ico-web.jpg\" \/><\/a><\/p>\n<p style=\"text-align: justify;\"><strong>Conservatori de M\u00fasica de Vila-seca<\/strong><br \/>\nav. de la Generalitat, 27<br \/>\n43480-Vila-seca<br \/>\nTel. 977392368<br \/>\nCorreu: e3006289@xtec.cat<br \/>\nEstudis: MUSP<br \/>\n<a href=\"https:\/\/www.google.es\/maps\/dir\/41.111208482,1.140650084\/data=!3m1!1e3\" target=\"_blank\" rel=\"noopener\"><img decoding=\"async\" title=\"Localitzaci\u00f3\" src=\"http:\/\/serveiseducatius.xtec.cat\/tarragones\/wp-content\/uploads\/usu549\/2016\/07\/ico-localitza.jpg\" \/><\/a>\u00a0 \u00a0 \u00a0<a href=\"http:\/\/www.vila-secamusica.cat\/eo\/\" target=\"_blank\" rel=\"noopener\"><img decoding=\"async\" title=\"Lloc Web\" src=\"http:\/\/serveiseducatius.xtec.cat\/tarragones\/wp-content\/uploads\/usu549\/2016\/07\/ico-web.jpg\" \/><\/a><\/p>\n<p style=\"text-align: justify;\"><strong>Escola de M\u00fasica Municipal d&#8217;Altafulla<\/strong><br \/>\nc. Sant Antoni Abat, 11-13<br \/>\n43893-Altafulla<\/p>\n<p>Correu: e3011674@xtec.cat<br \/>\nEstudis: MUSE<br \/>\n<a href=\"https:\/\/www.google.es\/maps\/dir\/41.14057039,1.37529626\/data=!3m1!1e3\" target=\"_blank\" rel=\"noopener\"><img decoding=\"async\" title=\"Localitzaci\u00f3\" src=\"http:\/\/serveiseducatius.xtec.cat\/tarragones\/wp-content\/uploads\/usu549\/2016\/07\/ico-localitza.jpg\" \/><\/a>\u00a0 \u00a0 \u00a0<a href=\"https:\/\/sites.google.com\/a\/xtec.cat\/crp-tarragones\/EMM Municipal d'Altafulla\" target=\"_blank\" rel=\"noopener\"><img decoding=\"async\" title=\"Lloc Web\" src=\"http:\/\/serveiseducatius.xtec.cat\/tarragones\/wp-content\/uploads\/usu549\/2016\/07\/ico-web.jpg\" \/><\/a><\/p>\n<p style=\"text-align: justify;\"><strong>Escola de M\u00fasica Municipal de Salou<\/strong><br \/>\nc. advocat Gallego, 2\/arquit.Ubach, 1<br \/>\n43840-Salou<br \/>\nTel. 977381008 \u00a0 \u00a0 Fax. 977381329<br \/>\nCorreu: e3007518@xtec.cat<br \/>\nEstudis: MUSE<br \/>\n<a href=\"https:\/\/www.google.es\/maps\/dir\/41.081850981,1.135813016\/data=!3m1!1e3\" target=\"_blank\" rel=\"noopener\"><img decoding=\"async\" title=\"Localitzaci\u00f3\" src=\"http:\/\/serveiseducatius.xtec.cat\/tarragones\/wp-content\/uploads\/usu549\/2016\/07\/ico-localitza.jpg\" \/><\/a>\u00a0 \u00a0 \u00a0<a href=\"https:\/\/sites.google.com\/a\/xtec.cat\/crp-tarragones\/EMU Municipal\" target=\"_blank\" rel=\"noopener\"><img decoding=\"async\" title=\"Lloc Web\" src=\"http:\/\/serveiseducatius.xtec.cat\/tarragones\/wp-content\/uploads\/usu549\/2016\/07\/ico-web.jpg\" \/><\/a><\/p>\n<p style=\"text-align: justify;\"><strong>Escola de M\u00fasica Municipal de Tarragona<\/strong><br \/>\nc. Armany\u00e0, 10<br \/>\n43003-Tarragona<br \/>\nTel. 977245236<br \/>\nCorreu: e3008766@xtec.cat<br \/>\nEstudis: MUSE<br \/>\n<a href=\"https:\/\/www.google.es\/maps\/dir\/41.114302195,1.253152755\/data=!3m1!1e3\" target=\"_blank\" rel=\"noopener\"><img decoding=\"async\" title=\"Localitzaci\u00f3\" src=\"http:\/\/serveiseducatius.xtec.cat\/tarragones\/wp-content\/uploads\/usu549\/2016\/07\/ico-localitza.jpg\" \/><\/a>\u00a0 \u00a0 \u00a0<a href=\"https:\/\/sites.google.com\/a\/xtec.cat\/crp-tarragones\/EMU Municipal\" target=\"_blank\" rel=\"noopener\"><img decoding=\"async\" title=\"Lloc Web\" src=\"http:\/\/serveiseducatius.xtec.cat\/tarragones\/wp-content\/uploads\/usu549\/2016\/07\/ico-web.jpg\" \/><\/a><\/p>\n<p style=\"text-align: justify;\"><strong>Escola de M\u00fasica Municipal de Torredembarra<\/strong><br \/>\nc. Alt de Sant Pere, 35<br \/>\n43830-Torredembarra<br \/>\nTel. 977644308<br \/>\nCorreu: e3009746@xtec.cat<br \/>\nEstudis: MUSE<br \/>\n<a href=\"https:\/\/www.google.es\/maps\/dir\/41.145737158,1.399284936\/data=!3m1!1e3\" target=\"_blank\" rel=\"noopener\"><img decoding=\"async\" title=\"Localitzaci\u00f3\" src=\"http:\/\/serveiseducatius.xtec.cat\/tarragones\/wp-content\/uploads\/usu549\/2016\/07\/ico-localitza.jpg\" \/><\/a>\u00a0 \u00a0 \u00a0<a href=\"https:\/\/sites.google.com\/a\/xtec.cat\/crp-tarragones\/EMU Municipal de Torredembarra\" target=\"_blank\" rel=\"noopener\"><img decoding=\"async\" title=\"Lloc Web\" src=\"http:\/\/serveiseducatius.xtec.cat\/tarragones\/wp-content\/uploads\/usu549\/2016\/07\/ico-web.jpg\" \/><\/a><\/p>\n<p style=\"text-align: justify;\"><strong>Escola de M\u00fasica Municipal El Morell<\/strong><br \/>\nrbla. Maragall, 40<br \/>\n43760-El Morell<br \/>\nEstudis: MUSE<br \/>\n<a href=\"https:\/\/www.google.es\/maps\/dir\/41.1904083,1.2109661\/data=!3m1!1e3\" target=\"_blank\" rel=\"noopener\"><img decoding=\"async\" title=\"Localitzaci\u00f3\" src=\"http:\/\/serveiseducatius.xtec.cat\/tarragones\/wp-content\/uploads\/usu549\/2016\/07\/ico-localitza.jpg\" \/><\/a><\/p>\n<p style=\"text-align: justify;\"><strong>Escola de M\u00fasica Diputaci\u00f3 de Tarragona<\/strong><br \/>\nc. Cavallers, 10<br \/>\n43003-Tarragona<br \/>\nTel. 977235830 \u00a0 \u00a0 Fax. 977235109<br \/>\nCorreu: e3008791@xtec.cat<br \/>\nEstudis: MUSE<br \/>\n<a href=\"https:\/\/www.google.es\/maps\/dir\/41.117687455,1.255963429\/data=!3m1!1e3\" target=\"_blank\" rel=\"noopener\"><img decoding=\"async\" title=\"Localitzaci\u00f3\" src=\"http:\/\/serveiseducatius.xtec.cat\/tarragones\/wp-content\/uploads\/usu549\/2016\/07\/ico-localitza.jpg\" \/><\/a>\u00a0 \u00a0 \u00a0<a href=\"https:\/\/sites.google.com\/a\/xtec.cat\/crp-tarragones\/EMU de la Diputaci%C3%B3 de Tarragona\" target=\"_blank\" rel=\"noopener\"><img decoding=\"async\" title=\"Lloc Web\" src=\"http:\/\/serveiseducatius.xtec.cat\/tarragones\/wp-content\/uploads\/usu549\/2016\/07\/ico-web.jpg\" \/><\/a><\/p>\n<p style=\"text-align: justify;\"><strong>Escola de M\u00fasica Estudi de M\u00fasica<\/strong><br \/>\nptge. Cobos, 3<br \/>\n43001-Tarragona<br \/>\nTel. 977231720<br \/>\nCorreu: e3009576@xtec.cat<br \/>\nEstudis: MUSE<br \/>\n<a href=\"https:\/\/www.google.es\/maps\/dir\/41.116280514,1.249399808\/data=!3m1!1e3\" target=\"_blank\" rel=\"noopener\"><img decoding=\"async\" title=\"Localitzaci\u00f3\" src=\"http:\/\/serveiseducatius.xtec.cat\/tarragones\/wp-content\/uploads\/usu549\/2016\/07\/ico-localitza.jpg\" \/><\/a>\u00a0 \u00a0 \u00a0<a href=\"https:\/\/sites.google.com\/a\/xtec.cat\/crp-tarragones\/EMU Estudi de M%C3%BAsica\" target=\"_blank\" rel=\"noopener\"><img decoding=\"async\" title=\"Lloc Web\" src=\"http:\/\/serveiseducatius.xtec.cat\/tarragones\/wp-content\/uploads\/usu549\/2016\/07\/ico-web.jpg\" \/><\/a><\/p>\n<p style=\"text-align: justify;\"><strong>Escola de M\u00fasica Municipal de Vila-seca<\/strong><br \/>\nav. de la Generalitat, 27<br \/>\n43480-Vila-seca<br \/>\nTel. 977392368<br \/>\nCorreu: e3008742@xtec.cat<br \/>\nEstudis: MUSE<br \/>\n<a href=\"https:\/\/www.google.es\/maps\/dir\/41.111208482,1.140650084\/data=!3m1!1e3\" target=\"_blank\" rel=\"noopener\"><img decoding=\"async\" title=\"Localitzaci\u00f3\" src=\"http:\/\/serveiseducatius.xtec.cat\/tarragones\/wp-content\/uploads\/usu549\/2016\/07\/ico-localitza.jpg\" \/><\/a>\u00a0 \u00a0 \u00a0<a href=\"https:\/\/sites.google.com\/a\/xtec.cat\/crp-tarragones\/EMU Municipal de Vila-seca\" target=\"_blank\" rel=\"noopener\"><img decoding=\"async\" title=\"Lloc Web\" src=\"http:\/\/serveiseducatius.xtec.cat\/tarragones\/wp-content\/uploads\/usu549\/2016\/07\/ico-web.jpg\" \/><\/a><\/p>\n","protected":false},"excerpt":{"rendered":"<p>Escola Oficial d&#8217;Idiomes de Salou c. Baix Llobregat, 1-3 43840-Salou Tel. 977353008 \u00a0 \u00a0 Fax. 977353248 Correu: e3011200@xtec.cat Estudis: IDI [&hellip;]<\/p>\n","protected":false},"author":1,"featured_media":0,"parent":338,"menu_order":60,"comment_status":"closed","ping_status":"closed","template":"page-templates\/side-menu.php","meta":{"_bbp_topic_count":0,"_bbp_reply_count":0,"_bbp_total_topic_count":0,"_bbp_total_reply_count":0,"_bbp_voice_count":0,"_bbp_anonymous_reply_count":0,"_bbp_topic_count_hidden":0,"_bbp_reply_count_hidden":0,"_bbp_forum_subforum_count":0,"site-sidebar-layout":"default","site-content-layout":"","ast-site-content-layout":"","site-content-style":"default","site-sidebar-style":"default","ast-global-header-display":"","ast-banner-title-visibility":"","ast-main-header-display":"","ast-hfb-above-header-display":"","ast-hfb-below-header-display":"","ast-hfb-mobile-header-display":"","site-post-title":"","ast-breadcrumbs-content":"","ast-featured-img":"","footer-sml-layout":"","theme-transparent-header-meta":"","adv-header-id-meta":"","stick-header-meta":"","header-above-stick-meta":"","header-main-stick-meta":"","header-below-stick-meta":"","astra-migrate-meta-layouts":"default","ast-page-background-enabled":"default","ast-page-background-meta":{"desktop":{"background-color":"var(--ast-global-color-4)","background-image":"","background-repeat":"repeat","background-position":"center center","background-size":"auto","background-attachment":"scroll","background-type":"","background-media":"","overlay-type":"","overlay-color":"","overlay-opacity":"","overlay-gradient":""},"tablet":{"background-color":"","background-image":"","background-repeat":"repeat","background-position":"center center","background-size":"auto","background-attachment":"scroll","background-type":"","background-media":"","overlay-type":"","overlay-color":"","overlay-opacity":"","overlay-gradient":""},"mobile":{"background-color":"","background-image":"","background-repeat":"repeat","background-position":"center center","background-size":"auto","background-attachment":"scroll","background-type":"","background-media":"","overlay-type":"","overlay-color":"","overlay-opacity":"","overlay-gradient":""}},"ast-content-background-meta":{"desktop":{"background-color":"var(--ast-global-color-5)","background-image":"","background-repeat":"repeat","background-position":"center center","background-size":"auto","background-attachment":"scroll","background-type":"","background-media":"","overlay-type":"","overlay-color":"","overlay-opacity":"","overlay-gradient":""},"tablet":{"background-color":"var(--ast-global-color-5)","background-image":"","background-repeat":"repeat","background-position":"center center","background-size":"auto","background-attachment":"scroll","background-type":"","background-media":"","overlay-type":"","overlay-color":"","overlay-opacity":"","overlay-gradient":""},"mobile":{"background-color":"var(--ast-global-color-5)","background-image":"","background-repeat":"repeat","background-position":"center center","background-size":"auto","background-attachment":"scroll","background-type":"","background-media":"","overlay-type":"","overlay-color":"","overlay-opacity":"","overlay-gradient":""}},"footnotes":""},"class_list":["post-1458","page","type-page","status-publish","hentry"],"post_mailing_queue_ids":[],"_links":{"self":[{"href":"https:\/\/serveiseducatius.xtec.cat\/tarragones\/wp-json\/wp\/v2\/pages\/1458","targetHints":{"allow":["GET"]}}],"collection":[{"href":"https:\/\/serveiseducatius.xtec.cat\/tarragones\/wp-json\/wp\/v2\/pages"}],"about":[{"href":"https:\/\/serveiseducatius.xtec.cat\/tarragones\/wp-json\/wp\/v2\/types\/page"}],"author":[{"embeddable":true,"href":"https:\/\/serveiseducatius.xtec.cat\/tarragones\/wp-json\/wp\/v2\/users\/1"}],"replies":[{"embeddable":true,"href":"https:\/\/serveiseducatius.xtec.cat\/tarragones\/wp-json\/wp\/v2\/comments?post=1458"}],"version-history":[{"count":3,"href":"https:\/\/serveiseducatius.xtec.cat\/tarragones\/wp-json\/wp\/v2\/pages\/1458\/revisions"}],"predecessor-version":[{"id":10870,"href":"https:\/\/serveiseducatius.xtec.cat\/tarragones\/wp-json\/wp\/v2\/pages\/1458\/revisions\/10870"}],"up":[{"embeddable":true,"href":"https:\/\/serveiseducatius.xtec.cat\/tarragones\/wp-json\/wp\/v2\/pages\/338"}],"wp:attachment":[{"href":"https:\/\/serveiseducatius.xtec.cat\/tarragones\/wp-json\/wp\/v2\/media?parent=1458"}],"curies":[{"name":"wp","href":"https:\/\/api.w.org\/{rel}","templated":true}]}}