{"id":338,"date":"2015-11-24T18:40:49","date_gmt":"2015-11-24T17:40:49","guid":{"rendered":"http:\/\/serveiseducatius.xtec.cat\/se-sose\/?page_id=338"},"modified":"2015-12-02T11:52:25","modified_gmt":"2015-12-02T10:52:25","slug":"centres-educatius","status":"publish","type":"page","link":"https:\/\/serveiseducatius.xtec.cat\/sose\/comunitat\/centres-educatius\/","title":{"rendered":"Centres educatius"},"content":{"rendered":"<p style=\"text-align: justify;\">Al (lloc)\u00a0hi ha 11 centres p\u00fablics d\u2019educaci\u00f3 infantil i prim\u00e0ria (escoles), 5 centres p\u00fablics d\u2019educaci\u00f3 secund\u00e0ria, batxillerat i formaci\u00f3 professional (instituts), 1 Institut Escola, 3 centres privats-concertats d\u2019educaci\u00f3 prim\u00e0ria i secund\u00e0ria, 1 centre p\u00fablic d\u2019educaci\u00f3 especial, 5 escoles bressol p\u00fabliques (4 municipals i 1 de la Generalitat) i 6 escoles bressol privades.<\/p>\n<ul>\n<li style=\"text-align: justify;\"><a href=\"http:\/\/serveiseducatius.xtec.cat\/se-sose\/comunitat\/centres-educatius\/escoles-bressol\/\">Escoles Bressol<\/a><\/li>\n<li style=\"text-align: justify;\"><a href=\"http:\/\/serveiseducatius.xtec.cat\/se-sose\/comunitat\/centres-educatius\/educacio-infantil-i-primaria\/\">Educaci\u00f3 infantil i prim\u00e0ria<\/a><\/li>\n<li style=\"text-align: justify;\"><a href=\"http:\/\/serveiseducatius.xtec.cat\/se-sose\/comunitat\/centres-educatius\/ensenyament-secundari-batxillerat-i-formacio-professional\/\">Ensenyament secundari, Batxillerat i Formaci\u00f3 professional<\/a><\/li>\n<li style=\"text-align: justify;\"><a href=\"http:\/\/serveiseducatius.xtec.cat\/se-sose\/comunitat\/centres-educatius\/educacio-especial\/\">Educaci\u00f3 especial<\/a><\/li>\n<\/ul>\n<p><iframe loading=\"lazy\" src=\"http:\/\/www.instamaps.cat\/geocatweb\/visor.html?businessid=f623ab36c9dc28b7c159b350b279e99e&amp;id=1697256&amp;title=Centres-del-SEZ-del-Pla-de-lEstany&amp;embed=1\" width=\"100%\" height=\"600\" frameborder=\"0\" marginwidth=\"0\" marginheight=\"0\" scrolling=\"no\"><\/iframe><\/p>\n<p style=\"text-align: justify;\">\n","protected":false},"excerpt":{"rendered":"<p>Al (lloc)\u00a0hi ha 11 centres p\u00fablics d\u2019educaci\u00f3 infantil i prim\u00e0ria (escoles), 5 centres p\u00fablics d\u2019educaci\u00f3 secund\u00e0ria, batxillerat i formaci\u00f3 professional (instituts), 1 Institut Escola, 3 centres privats-concertats d\u2019educaci\u00f3 prim\u00e0ria i secund\u00e0ria, 1 centre p\u00fablic d\u2019educaci\u00f3 especial, 5 escoles bressol p\u00fabliques (4 municipals i 1 de&hellip;  <a href=\"https:\/\/serveiseducatius.xtec.cat\/sose\/comunitat\/centres-educatius\/\" title=\"Read Centres educatius\">Llegeix m\u00e9s\u00bb<\/a><\/p>\n","protected":false},"author":1,"featured_media":0,"parent":341,"menu_order":10,"comment_status":"closed","ping_status":"closed","template":"page-templates\/side-menu.php","meta":{"_bbp_topic_count":0,"_bbp_reply_count":0,"_bbp_total_topic_count":0,"_bbp_total_reply_count":0,"_bbp_voice_count":0,"_bbp_anonymous_reply_count":0,"_bbp_topic_count_hidden":0,"_bbp_reply_count_hidden":0,"_bbp_forum_subforum_count":0,"footnotes":""},"class_list":["post-338","page","type-page","status-publish","hentry"],"post_mailing_queue_ids":[],"_links":{"self":[{"href":"https:\/\/serveiseducatius.xtec.cat\/sose\/wp-json\/wp\/v2\/pages\/338","targetHints":{"allow":["GET"]}}],"collection":[{"href":"https:\/\/serveiseducatius.xtec.cat\/sose\/wp-json\/wp\/v2\/pages"}],"about":[{"href":"https:\/\/serveiseducatius.xtec.cat\/sose\/wp-json\/wp\/v2\/types\/page"}],"author":[{"embeddable":true,"href":"https:\/\/serveiseducatius.xtec.cat\/sose\/wp-json\/wp\/v2\/users\/1"}],"replies":[{"embeddable":true,"href":"https:\/\/serveiseducatius.xtec.cat\/sose\/wp-json\/wp\/v2\/comments?post=338"}],"version-history":[{"count":3,"href":"https:\/\/serveiseducatius.xtec.cat\/sose\/wp-json\/wp\/v2\/pages\/338\/revisions"}],"predecessor-version":[{"id":1254,"href":"https:\/\/serveiseducatius.xtec.cat\/sose\/wp-json\/wp\/v2\/pages\/338\/revisions\/1254"}],"up":[{"embeddable":true,"href":"https:\/\/serveiseducatius.xtec.cat\/sose\/wp-json\/wp\/v2\/pages\/341"}],"wp:attachment":[{"href":"https:\/\/serveiseducatius.xtec.cat\/sose\/wp-json\/wp\/v2\/media?parent=338"}],"curies":[{"name":"wp","href":"https:\/\/api.w.org\/{rel}","templated":true}]}}