{"id":889,"date":"2015-11-29T15:07:18","date_gmt":"2015-11-29T14:07:18","guid":{"rendered":"http:\/\/serveiseducatius.xtec.cat\/solsones\/?page_id=889"},"modified":"2021-05-17T15:26:03","modified_gmt":"2021-05-17T13:26:03","slug":"revistes","status":"publish","type":"page","link":"https:\/\/serveiseducatius.xtec.cat\/solsones\/recursos\/revistes\/","title":{"rendered":"Revistes"},"content":{"rendered":"<div>\n<h4>Biblioteca del Departament d\u2019Educaci\u00f3 &#8211; Consulta en l\u00ednia de revistes.<\/h4>\n<p>Acc\u00e9s lliure a revistes, llibres, articles i reportatges educatius.<\/p>\n<\/div>\n<div><\/div>\n<div><img decoding=\"async\" class=\"CToWUd\" src=\"https:\/\/mail.google.com\/mail\/e\/1f3af\" alt=\"\ud83c\udfaf\" data-goomoji=\"1f3af\" data-image-whitelisted=\"\" \/><\/div>\n<div>Teniu acc\u00e9s a:<\/div>\n<div><\/div>\n<ul>\n<li style=\"list-style-type: none;\">\n<ul>\n<li><a title=\"https:\/\/cat.grao.com\/ca\/epremium\" href=\"https:\/\/cat.grao.com\/ca\/epremium\" target=\"_blank\" rel=\"noopener noreferrer\" data-saferedirecturl=\"https:\/\/www.google.com\/url?q=https:\/\/cat.grao.com\/ca\/epremium&amp;source=gmail&amp;ust=1621337639976000&amp;usg=AFQjCNEWwTHSj0N_71HzFzIZb5LnzDW3kQ\">Gra\u00f3 ePremium<\/a>\u00a0(mitjan\u00e7ant\u00a0<a title=\"https:\/\/cat.grao.com\/ca\/e-grao\/signup?epremium=15259\" href=\"https:\/\/cat.grao.com\/ca\/e-grao\/signup?epremium=15259\" target=\"_blank\" rel=\"noopener noreferrer\" data-saferedirecturl=\"https:\/\/www.google.com\/url?q=https:\/\/cat.grao.com\/ca\/e-grao\/signup?epremium%3D15259&amp;source=gmail&amp;ust=1621337639976000&amp;usg=AFQjCNHKoUUqE1nG4kYxeacpe1n8rOBc_Q\">inscripci<wbr \/>\u00f3<\/a>)<\/li>\n<li><a title=\"https:\/\/www.cuadernosdepedagogia.com\/content\/Inicio.aspx\" href=\"https:\/\/www.cuadernosdepedagogia.com\/content\/Inicio.aspx\" target=\"_blank\" rel=\"noopener noreferrer\" data-saferedirecturl=\"https:\/\/www.google.com\/url?q=https:\/\/www.cuadernosdepedagogia.com\/content\/Inicio.aspx&amp;source=gmail&amp;ust=1621337639976000&amp;usg=AFQjCNGOzzgoFZEveemT0mDY66WH7jgzLQ\">Cuadernos de pedagog\u00eda<\/a><\/li>\n<li><a title=\"https:\/\/www.rosasensat.org\/hemeroteca\/revistes\/\" href=\"https:\/\/www.rosasensat.org\/hemeroteca\/revistes\/\" target=\"_blank\" rel=\"noopener noreferrer\" data-saferedirecturl=\"https:\/\/www.google.com\/url?q=https:\/\/www.rosasensat.org\/hemeroteca\/revistes\/&amp;source=gmail&amp;ust=1621337639976000&amp;usg=AFQjCNE7toYdDTz2uUOI4Y1AicuGarle4A\">Rosa Sensat<\/a>\u00a0(Perspectiva escolar i In-f\u00e0n-ci-a)<\/li>\n<\/ul>\n<\/li>\n<\/ul>\n<div><\/div>\n<div>I a moltes altres de gratu\u00eftes!<\/div>\n<div><\/div>\n<div>\n<div dir=\"ltr\">\n<p><span id=\"m_8827829086579824729m_4765962548863324642x_x_x_x_x_x_\ud83d\udccc\"><b><img decoding=\"async\" class=\"CToWUd\" src=\"https:\/\/mail.google.com\/mail\/e\/1f4cc\" alt=\"\ud83d\udccc\" data-goomoji=\"1f4cc\" data-image-whitelisted=\"\" \/><\/b><\/span><\/p>\n<p>Podeu consultar tota la informaci\u00f3 al\u00a0<a title=\"https:\/\/espai.educacio.gencat.cat\/Recursos\/Biblioteca\/Biblioteca-virtual\/Revistes-electroniques\/Pagines\/default.aspx\" href=\"https:\/\/espai.educacio.gencat.cat\/Recursos\/Biblioteca\/Biblioteca-virtual\/Revistes-electroniques\/Pagines\/default.aspx\" target=\"_blank\" rel=\"noopener noreferrer\" data-saferedirecturl=\"https:\/\/www.google.com\/url?q=https:\/\/espai.educacio.gencat.cat\/Recursos\/Biblioteca\/Biblioteca-virtual\/Revistes-electroniques\/Pagines\/default.aspx&amp;source=gmail&amp;ust=1621337639976000&amp;usg=AFQjCNFrHTRe0VZ2y95F71hFou3dyMXdJw\">Portal de centre<\/a>.<\/p>\n<\/div>\n<\/div>\n<h4><\/h4>\n<h4><a href=\"https:\/\/espai.educacio.gencat.cat\/Recursos\/Biblioteca\/Biblioteca-virtual\/Revistes-electroniques\/Pagines\/default.aspx\"><img loading=\"lazy\" decoding=\"async\" class=\"aligncenter wp-image-910\" src=\"https:\/\/serveiseducatius.xtec.cat\/solsones\/wp-content\/uploads\/usu1176\/2015\/11\/revistes2.jpg\" alt=\"\" width=\"446\" height=\"309\" srcset=\"https:\/\/serveiseducatius.xtec.cat\/solsones\/wp-content\/uploads\/usu1176\/2015\/11\/revistes2.jpg 354w, https:\/\/serveiseducatius.xtec.cat\/solsones\/wp-content\/uploads\/usu1176\/2015\/11\/revistes2-300x208.jpg 300w\" sizes=\"auto, (max-width: 446px) 100vw, 446px\" \/><\/a><\/h4>\n<h4>Buidat de les revistes del CRP del Solson\u00e8s<\/h4>\n<p><iframe loading=\"lazy\" src=\"https:\/\/docs.google.com\/spreadsheets\/d\/e\/2PACX-1vQiSJhvRpSSwfMGE3LpyNgrUnw6vbMAdNKpmRpFtQ-CPFAzssOwQhVa1znKJsTZesAPtSfdAGtroZSD\/pubhtml?gid=617579360&amp;single=true&amp;widget=true&amp;headers=false\" width=\"100%\" height=\"500\"><\/iframe><\/p>\n<h4><\/h4>\n<p><strong><a href=\"http:\/\/alambique.grao.com\/\">Alambique<br \/>\n<\/a><\/strong>Did\u00e0ctica de les Ci\u00e8ncies Experimentals. Reflexions, recursos i experi\u00e8ncies per a l\u2019educaci\u00f3 prim\u00e0ria i secund\u00e0ria (ESO i Batxillerat). T\u00e9 com a objectiu proporcionar informaci\u00f3 \u00fatil per a la pr\u00e0ctica docent i per a l\u2019autoformaci\u00f3 del professorat.<\/p>\n<p><strong><a href=\"http:\/\/ambitsdepsicopedagogiaiorientacio.cat\/?lang=es\">\u00c0mbits de psicopedagogia<br \/>\n<\/a><\/strong>Psicopedagogia i educaci\u00f3. S\u2019adre\u00e7a a professionals de la psicologia educativa, psicopedagogs, mestres i professionals vinculats al m\u00f3n educatiu.<br \/>\nArticles d&#8217;acc\u00e9s lliure.<\/p>\n<p><strong><a href=\"http:\/\/articles.grao.com\/\">Articles<br \/>\n<\/a><\/strong>Articles de Did\u00e0ctica de la Llengua i de la Literatura. T\u00e9 com a objectiu ser un instrument de formaci\u00f3 permanent dels professionals de l\u2019ensenyament de la llengua, un espai d\u2019intercanvi i de coneixements, opinions, recerques i experi\u00e8ncies.<\/p>\n<p><strong><a href=\"http:\/\/aulainfantil.grao.com\/\">Aula d&#8217;infantil<br \/>\n<\/a><\/strong>Reflexions, recursos did\u00e0ctics i experi\u00e8ncies pedag\u00f2giques d\u2019educaci\u00f3 infantil (primer i segon cicle)<\/p>\n<p><strong><a href=\"http:\/\/aula.grao.com\/\">Aula de innovaci\u00f3n educativa<\/a><br \/>\n<\/strong>Did\u00e0ctica general. Reflexions, recursos did\u00e0ctics i experi\u00e8ncies pedag\u00f2giques per a l\u2019educaci\u00f3 prim\u00e0ria i secund\u00e0ria.<\/p>\n<p><strong><a href=\"https:\/\/www.google.es\/url?sa=t&amp;rct=j&amp;q=&amp;esrc=s&amp;source=web&amp;cd=1&amp;cad=rja&amp;uact=8&amp;ved=0ahUKEwic45bT_7XJAhUHVRQKHWpqCNYQFgghMAA&amp;url=http%3A%2F%2Fauladesecundaria.grao.com%2F&amp;usg=AFQjCNFrjn4VaZXCLq7IXni-9RAMCmbMwg&amp;sig2=iJUEj1rWq3Wht_RAWKwVoQ\">Aula de secundaria<\/a><br \/>\n<\/strong>Revista bimestral dirigida especialment al professorat de l&#8217;etapa de secund\u00e0ria. Aporta eines de tutoria i orientaci\u00f3, aix\u00ed com reflexions i recursos de did\u00e0ctica.<\/p>\n<p><strong><a href=\"http:\/\/www.cavallfort.cat\/\">Cavall Fort<\/a><br \/>\n<\/strong>C\u00f2mics, contes, articles, reportatges, jocs, propostes d&#8217;activitats&#8230; per a lectors de 9 a 15 anys.<\/p>\n<p><strong><a href=\"http:\/\/www.revistaclij.com\/\">CLIJ<\/a><\/strong><br \/>\nRevista d\u2019an\u00e0lisi de la literatura infantil i juvenil. Ofereix articles d\u2019an\u00e0lisis sobre obres, autors, generes, animaci\u00f3 a la lectura, ressenyes de novetats o llibres premiats i un apartat sobre autors i il\u00b7lustradors relativament novells.<\/p>\n<p><strong><a href=\"http:\/\/www.cuadernosdepedagogia.com\/\">Cuadernos de pedagog\u00eda<\/a><br \/>\n<\/strong>Revista mensual que ofereix tota l\u2019actualitat del sector de l\u2019ensenyament en forma d\u2019experi\u00e8ncies, articles d\u2019opini\u00f3, entrevistes, reportatges, legislaci\u00f3, propostes innovadores i ressenyes bibliogr\u00e0fiques.<\/p>\n<p><strong>Educat.Revista de Psicopedagogia<br \/>\n<\/strong>Publicaci\u00f3 bimensual que s\u2019edita amb la col\u00b7laboraci\u00f3 de professionals afins als \u00e0mbits de la psicopedagogia, psicologia, logop\u00e8dia, educaci\u00f3&#8230; Cont\u00e9 articles d\u2019inter\u00e8s actual dins l\u2019\u00e0mbit educatiu, nous recursos per a la investigaci\u00f3, entrevistes a professionals o formaci\u00f3 espec\u00edfica per als professors.<\/p>\n<p><strong><a href=\"http:\/\/www.clijcat.cat\/faristol\/paginas\/index.php\" target=\"_blank\" rel=\"noopener noreferrer\">Faristol<\/a>\u00a0<\/strong><br \/>\n\u00c9s la revista del Consell Catal\u00e0 del llibre per a Infants i Joves. Dirigida als mediadors i lectors amb la finalitat d\u2019ajudar-los a mantenir-se informats de l\u2019actualitat del llibre en catal\u00e0.\u00a0Articles d&#8217;acc\u00e9s lliure.<span style=\"color: #993300;\"> [Disponible al servei educatiu en format paper]<\/span><\/p>\n<p><strong>F\u00f2rum<br \/>\n<\/strong>Revista d&#8217;organitzaci\u00f3 i gesti\u00f3 educativa, d\u00f3na pautes per lluitar contra la cultura de la improvisaci\u00f3, la desorganitzaci\u00f3, la burocratitzaci\u00f3 i la ignor\u00e0ncia. Pret\u00e9n minimitzar el nombre d&#8217;experi\u00e8ncies negatives que desmotiven el professorat.<\/p>\n<p><strong><a href=\"http:\/\/guix.grao.com\/\" target=\"_blank\" rel=\"noopener noreferrer\">Guix<\/a><br \/>\n<\/strong>Des de 1997, Guix es mant\u00e9 fidel a la tradici\u00f3 educativa i donant suport a la renovaci\u00f3 educativa pedag\u00f2gica a trav\u00e9s de la reflexi\u00f3 i la pr\u00e0ctica.\u00a0 <span style=\"color: #993300;\">[Disponible al servei educatiu en format paper]<\/span><\/p>\n<p><strong>\u00cdber<\/strong><br \/>\nReflexions, recursos i experi\u00e8ncies per a educaci\u00f3 prim\u00e0ria i secund\u00e0ria (ESO i Batxillerat).<\/p>\n<p><strong><a href=\"http:\/\/www2.rosasensat.org\/revistes\/in-fan-ci-a\" target=\"_blank\" rel=\"noopener noreferrer\">Inf\u00e0ncia<\/a><br \/>\n<\/strong>Revista de l\u2019Associaci\u00f3 de Mestres Rosa Sensat que contribueix a difondre diverses maneres d\u2019atendre i educar els infants, des del naixement fins als 6 anys, amb articles te\u00f2rics i pr\u00e0ctics.\u00a0<span style=\"color: #993300;\"> [Disponible al servei educatiu en format paper]<\/span><\/p>\n<p><strong>Inf\u00e0ncia a Europa<br \/>\n<\/strong>L&#8217;educaci\u00f3 de zero a sis anys en l&#8217;\u00e0mbit europeu<\/p>\n<p><strong><a href=\"http:\/\/www.bromera.com\/lilla.html?page=1\" target=\"_blank\" rel=\"noopener noreferrer\">L&#8217;Illa<\/a><\/strong><br \/>\nRevista pels amants de les lletres, per saber tot el que es relaciona amb aquest m\u00f3n, que l\u2019editorial Broomera fa arribar semestralment, amb\u00a0informacions i entrevistes sobre literatura.\u00a0La podem trobar en format PDF al Web d\u2019editorial Bromera., per poder llegir-la c\u00f2modament. Articles d&#8217;acc\u00e9s lliure.\u00a0<span style=\"color: #993300;\">[Disponible al servei educatiu en format paper]<\/span><\/p>\n<p><strong>Llengua Nacional<\/strong><br \/>\nLlengua Nacional explica i defensa els valors de la llengua catalana i impulsa el seu bon coneixement, domini i \u00fas.<br \/>\nArticles d&#8217;acc\u00e9s lliure.<\/p>\n<p><strong>Logopedia, Foniatr\u00eda y audiolog\u00eda<\/strong><br \/>\nPublica articles relacionats amb els camps de la logop\u00e8dia, la foniatria i l\u2019audiologia<br \/>\nAcc\u00e9s lliure als resums dels articles.<\/p>\n<p><strong><a href=\"http:\/\/www.ediba.com\/Esp\/infantil.asp\" target=\"_blank\" rel=\"noopener noreferrer\">Maestra infantil<\/a><\/strong><br \/>\nPensada per fer m\u00e9s din\u00e0mica la pr\u00e0ctica docent amb recursos innovadors que es poden adaptar als alumnes i enriquir amb les aportacions dels\u00a0mateixos docents que els apliquen. Hi podem trobar\u00a0fitxes, l\u00e0mines, contes, calendaris, jocs did\u00e0ctics, reflexions per a docents i pares, idees , &#8230;<span style=\"color: #993300;\">[Disponible al servei educatiu en format paper]<\/span><\/p>\n<p><strong><a href=\"http:\/\/www.centrocp.com\/category\/making-of\/numeros-making-of\/\" target=\"_blank\" rel=\"noopener noreferrer\">Making Of: cuadernos de cine y educaci\u00f3n<\/a><\/strong><br \/>\nOfereix als lectors amplia informaci\u00f3 sobre esdeveniments relacionats amb l\u2019aplicaci\u00f3 del cine en les activitats d\u2019ensenyament-aprenentatge.\u00a0 <span style=\"color: #993300;\">[Disponible al servei educatiu en format paper]<\/span><\/p>\n<p><strong>Nou Biaix<\/strong><br \/>\nLa revista vol ser un punt de trobada per compartir experi\u00e8ncies, reflexions i inquietuds entre els col\u00b7lectius dels diferents nivells d\u2019educaci\u00f3 matem\u00e0tica a Catalunya, des de la b\u00e0sica fins a la universitat.<\/p>\n<p><strong>Perspectiva escolar<\/strong><br \/>\nRevista adre\u00e7ada als professionals dels sistema educatiu que s&#8217;ocupa de difondre accions educatives d&#8217;innovaci\u00f3 i promoure reflexions sobre els reptes de l&#8217;ensenyament obligatori.<\/p>\n<p><strong><a href=\"http:\/\/aecgit.pangea.org\/\" target=\"_blank\" rel=\"noopener noreferrer\">Revista Asociaci\u00f3n de Ense\u00f1antes con Gitanos<\/a><br \/>\n<\/strong>La <em>Asociaci\u00f3n de Ense\u00f1antes co Gitanos<\/em> va n\u00e9ixer d\u2019un grup de mestres que va decidir\u00a0connectar amb altres ensenyats, considerant que l\u2019educaci\u00f3 \u00e9s una aposta pel present i el futur de la societat.\u00a0La revista est\u00e0 pensada per donar a con\u00e8ixer els aspectes m\u00e9s importants sobre l\u2019educaci\u00f3 relacionats amb aquesta comunitat.\u00a0\u00a0Articles d&#8217;acc\u00e9s lliure.\u00a0 <span style=\"color: #993300;\">[Disponible al servei educatiu en format paper]<\/span><\/p>\n<p><strong>Revista de Educaci\u00f3n Especial<br \/>\n<\/strong>Publicaci\u00f3 semestral amb articles sobre l\u2019educaci\u00f3 especial i sobre jornades d\u2019Educaci\u00f3 Especial.<\/p>\n<p><strong>Revista Musical Catalana<\/strong><br \/>\nEl seu objecte \u00e9s el tractament de l\u2019activitat musical catalana de m\u00fasica culta i popular. Tamb\u00e9 publica assaigs sobre aquests temes i entrevistes als int\u00e8rprets i compositors actuals.\u00a0Articles d&#8217;acc\u00e9s lliure.<\/p>\n<p><strong><a href=\"http:\/\/www.pamsa.cat\/pamsa\/revista\/sdo.html\" target=\"_blank\" rel=\"noopener noreferrer\">Serra d&#8217;Or<\/a><br \/>\n<\/strong>Iniciada el 1959 amb l&#8217;objectiu de divulgar l&#8217;alta cultura. \u00c9s una revista destacable dins l&#8217;entremat cultural dels Pa\u00efsos Catalans. <span style=\"color: #993300;\"><br \/>\n<\/span><\/p>\n<p><strong>Suma<\/strong><br \/>\nRevista per a l\u2019ensenyament i l\u2019aprenentatge de les matem\u00e0tiques.<br \/>\nArticles d&#8217;acc\u00e9s lliure<\/p>\n<p><strong>T\u00e1ndem: Did\u00e1ctica de la educaci\u00f3n f\u00edsica.<\/strong><br \/>\nRevista per al professorat d\u2019educaci\u00f3 f\u00edsica. Did\u00e0ctica de l\u2019educaci\u00f3 f\u00edsica i l\u2019esport a l\u2019escola. Ofereix unitats did\u00e0ctiques d\u2019educaci\u00f3 f\u00edsica.<\/p>\n<p><strong>Textos<br \/>\n<\/strong>Reflexions, recursos i experi\u00e8ncies sobre did\u00e0ctica de la llengua i la literatura per educaci\u00f3 prim\u00e0ria i secund\u00e0ria (ESO i Batxillerat)<\/p>\n<p><strong><a href=\"http:\/\/viureenfamilia.grao.com\/\" target=\"_blank\" rel=\"noopener noreferrer\">Viure en fam\u00edlia<\/a><\/strong><br \/>\nAdre\u00e7ada a pares i mares de nens i nenes de 0 a 8 anys. T\u00e9 un punt de vista innovador, i para atenci\u00f3 a les opcions m\u00e9s naturals.<span style=\"color: #993300;\"> [Disponible al servei educatiu en format paper]<\/span><\/p>\n","protected":false},"excerpt":{"rendered":"<p>Biblioteca del Departament d\u2019Educaci\u00f3 &#8211; Consulta en l\u00ednia de revistes. Acc\u00e9s lliure a revistes, llibres, articles i reportatges educatius. Teniu acc\u00e9s a: Gra\u00f3 ePremium\u00a0(mitjan\u00e7ant\u00a0inscripci\u00f3) Cuadernos de pedagog\u00eda Rosa Sensat\u00a0(Perspectiva escolar i In-f\u00e0n-ci-a) I a moltes altres de gratu\u00eftes! Podeu consultar tota la informaci\u00f3 al\u00a0Portal de centre. Buidat de les revistes del CRP del Solson\u00e8s Alambique [&hellip;]<\/p>\n","protected":false},"author":1,"featured_media":0,"parent":906,"menu_order":0,"comment_status":"closed","ping_status":"closed","template":"","meta":{"_bbp_topic_count":0,"_bbp_reply_count":0,"_bbp_total_topic_count":0,"_bbp_total_reply_count":0,"_bbp_voice_count":0,"_bbp_anonymous_reply_count":0,"_bbp_topic_count_hidden":0,"_bbp_reply_count_hidden":0,"_bbp_forum_subforum_count":0,"site-sidebar-layout":"default","site-content-layout":"","ast-site-content-layout":"","site-content-style":"default","site-sidebar-style":"default","ast-global-header-display":"","ast-banner-title-visibility":"","ast-main-header-display":"","ast-hfb-above-header-display":"","ast-hfb-below-header-display":"","ast-hfb-mobile-header-display":"","site-post-title":"","ast-breadcrumbs-content":"","ast-featured-img":"","footer-sml-layout":"","theme-transparent-header-meta":"","adv-header-id-meta":"","stick-header-meta":"","header-above-stick-meta":"","header-main-stick-meta":"","header-below-stick-meta":"","astra-migrate-meta-layouts":"default","ast-page-background-enabled":"default","ast-page-background-meta":{"desktop":{"background-color":"var(--ast-global-color-4)","background-image":"","background-repeat":"repeat","background-position":"center center","background-size":"auto","background-attachment":"scroll","background-type":"","background-media":"","overlay-type":"","overlay-color":"","overlay-opacity":"","overlay-gradient":""},"tablet":{"background-color":"","background-image":"","background-repeat":"repeat","background-position":"center center","background-size":"auto","background-attachment":"scroll","background-type":"","background-media":"","overlay-type":"","overlay-color":"","overlay-opacity":"","overlay-gradient":""},"mobile":{"background-color":"","background-image":"","background-repeat":"repeat","background-position":"center center","background-size":"auto","background-attachment":"scroll","background-type":"","background-media":"","overlay-type":"","overlay-color":"","overlay-opacity":"","overlay-gradient":""}},"ast-content-background-meta":{"desktop":{"background-color":"var(--ast-global-color-5)","background-image":"","background-repeat":"repeat","background-position":"center center","background-size":"auto","background-attachment":"scroll","background-type":"","background-media":"","overlay-type":"","overlay-color":"","overlay-opacity":"","overlay-gradient":""},"tablet":{"background-color":"var(--ast-global-color-5)","background-image":"","background-repeat":"repeat","background-position":"center center","background-size":"auto","background-attachment":"scroll","background-type":"","background-media":"","overlay-type":"","overlay-color":"","overlay-opacity":"","overlay-gradient":""},"mobile":{"background-color":"var(--ast-global-color-5)","background-image":"","background-repeat":"repeat","background-position":"center center","background-size":"auto","background-attachment":"scroll","background-type":"","background-media":"","overlay-type":"","overlay-color":"","overlay-opacity":"","overlay-gradient":""}},"footnotes":""},"class_list":["post-889","page","type-page","status-publish","hentry"],"post_mailing_queue_ids":[],"_links":{"self":[{"href":"https:\/\/serveiseducatius.xtec.cat\/solsones\/wp-json\/wp\/v2\/pages\/889","targetHints":{"allow":["GET"]}}],"collection":[{"href":"https:\/\/serveiseducatius.xtec.cat\/solsones\/wp-json\/wp\/v2\/pages"}],"about":[{"href":"https:\/\/serveiseducatius.xtec.cat\/solsones\/wp-json\/wp\/v2\/types\/page"}],"author":[{"embeddable":true,"href":"https:\/\/serveiseducatius.xtec.cat\/solsones\/wp-json\/wp\/v2\/users\/1"}],"replies":[{"embeddable":true,"href":"https:\/\/serveiseducatius.xtec.cat\/solsones\/wp-json\/wp\/v2\/comments?post=889"}],"version-history":[{"count":3,"href":"https:\/\/serveiseducatius.xtec.cat\/solsones\/wp-json\/wp\/v2\/pages\/889\/revisions"}],"predecessor-version":[{"id":13279,"href":"https:\/\/serveiseducatius.xtec.cat\/solsones\/wp-json\/wp\/v2\/pages\/889\/revisions\/13279"}],"up":[{"embeddable":true,"href":"https:\/\/serveiseducatius.xtec.cat\/solsones\/wp-json\/wp\/v2\/pages\/906"}],"wp:attachment":[{"href":"https:\/\/serveiseducatius.xtec.cat\/solsones\/wp-json\/wp\/v2\/media?parent=889"}],"curies":[{"name":"wp","href":"https:\/\/api.w.org\/{rel}","templated":true}]}}