{"id":8853,"date":"2016-11-14T18:46:15","date_gmt":"2016-11-14T17:46:15","guid":{"rendered":"http:\/\/serveiseducatius.xtec.cat\/solsones\/?page_id=8853"},"modified":"2019-08-19T10:30:28","modified_gmt":"2019-08-19T08:30:28","slug":"zum-kit","status":"publish","type":"page","link":"https:\/\/serveiseducatius.xtec.cat\/solsones\/programacio-i-robotica\/zum-kit\/","title":{"rendered":"Zum Kit"},"content":{"rendered":"<p><a href=\"http:\/\/serveiseducatius.xtec.cat\/solsones\/wp-content\/uploads\/usu1176\/2016\/11\/zum_kit.jpg\"><img loading=\"lazy\" decoding=\"async\" class=\"wp-image-8862 aligncenter\" src=\"https:\/\/serveiseducatius.xtec.cat\/solsones\/wp-content\/uploads\/usu1176\/2016\/11\/zum_kit-1024x404.jpg\" alt=\"zum_kit\" width=\"764\" height=\"302\" srcset=\"https:\/\/serveiseducatius.xtec.cat\/solsones\/wp-content\/uploads\/usu1176\/2016\/11\/zum_kit-1024x404.jpg 1024w, https:\/\/serveiseducatius.xtec.cat\/solsones\/wp-content\/uploads\/usu1176\/2016\/11\/zum_kit-300x118.jpg 300w, https:\/\/serveiseducatius.xtec.cat\/solsones\/wp-content\/uploads\/usu1176\/2016\/11\/zum_kit-768x303.jpg 768w, https:\/\/serveiseducatius.xtec.cat\/solsones\/wp-content\/uploads\/usu1176\/2016\/11\/zum_kit.jpg 1248w\" sizes=\"auto, (max-width: 764px) 100vw, 764px\" \/><\/a>Kit creat per bq. Permet programar una placa de la fam\u00edlia UNO mitjan\u00e7ant blocs. \u00c9s una eina molt \u00fatil per passar de la programaci\u00f3 per blocs a la programaci\u00f3 per codi, en aquest cas arduino. El Kit consta d&#8217;una placa Zum Core\u00a0ATmega328P amb 14 entrades\/sortides digitals i 6 anal\u00f2giques i de diversos sensors, leds i servomotors. El CRP disposa de 2 kits en pr\u00e9stec.<\/p>\n<p>Per programar la placa utilitzarem la interf\u00edcie <a href=\"http:\/\/bitbloq.bq.com\/#\/bloqsproject\" target=\"_blank\" rel=\"noopener noreferrer\">Bitbloq,\u00a0<\/a>gratu\u00efta i molt intu\u00eftiva, creada per bq. Abans de comen\u00e7ar a utilitzar-la cal seguir les instruccions seg\u00fcents:<\/p>\n<ol>\n<li>Connectar la placa, que porta el kit, a l&#8217;ordinador amb el cable USB.<\/li>\n<li>Obrir el <a href=\"http:\/\/bitbloq.bq.com\/#\/bloqsproject\" target=\"_blank\" rel=\"noopener noreferrer\">Bitbloq 2<\/a> al navegador.<\/li>\n<li>A l&#8217;opci\u00f3 Plaques (marge superior dret) arrossegar la teva placa al requadre blanc del centre.<\/li>\n<li>Pr\u00e9mer el bot\u00f3 Verifica (marge superior dret) per veure com compila correctament el programa.<\/li>\n<li>Pr\u00e9mer sobre el bot\u00f3 Carrega (marge superior dret), apareixer\u00e0 una finestra de di\u00e0leg demanant descarregar l&#8217;aplicaci\u00f3\u00a0Web2board<\/li>\n<li>Es descarregar\u00e0 l&#8217;arxiu\u00a0 web2board.exe, que cal executar per instal\u00b7lar.<\/li>\n<li>Es recomana reiniciar l&#8217;ordinador.<\/li>\n<li>Ara ja pots tornar a obrir\u00a0<a href=\"http:\/\/bitbloq.bq.com\/#\/bloqsproject\" target=\"_blank\" rel=\"noopener noreferrer\">Bitbloq 2<\/a>\u00a0seleccionar la teva placa i crear un programa arrossegant els blocs. Quan clicar\u00e0s la fletxa de Carrega es compilar\u00e0 correctament.<\/li>\n<\/ol>\n<p><iframe loading=\"lazy\" title=\"Bitbloq 2 - Instalaci\u00f3n de Drivers\" width=\"500\" height=\"281\" src=\"https:\/\/www.youtube.com\/embed\/LSGQyY031v0?feature=oembed\" frameborder=\"0\" allow=\"accelerometer; autoplay; clipboard-write; encrypted-media; gyroscope; picture-in-picture; web-share\" referrerpolicy=\"strict-origin-when-cross-origin\" allowfullscreen><\/iframe><\/p>\n<p><strong>Recursos:<\/strong><\/p>\n<p><a href=\"https:\/\/youtu.be\/ho0vXqDnXX8\" target=\"_blank\" rel=\"noopener noreferrer\">Tutorial<\/a><\/p>\n<p><a href=\"http:\/\/diwo.bq.com\/course\/aprende-robotica-y-programacion-con-bitbloq-2\/\" target=\"_blank\" rel=\"noopener noreferrer\">Curs de programaci\u00f3 amb Bitbloq 2<\/a> per comen\u00e7ar des de zero.<\/p>\n<p>A la web <a href=\"http:\/\/diwo.bq.com\/category\/construye\/\" target=\"_blank\" rel=\"noopener noreferrer\">DIWO Escola Maker<\/a> podem trobar moltes propostes per construir robots i realitzar diferents muntatges.<\/p>\n","protected":false},"excerpt":{"rendered":"<p><a href=\"http:\/\/serveiseducatius.xtec.cat\/solsones\/wp-content\/uploads\/usu1176\/2016\/11\/zum_kit.jpg\"><\/a>Kit creat per bq. Permet programar una placa de la fam\u00edlia UNO mitjan\u00e7ant blocs. \u00c9s una eina molt \u00fatil per passar de la programaci\u00f3 per blocs a la programaci\u00f3 per codi, en aquest cas arduino. El Kit consta d&#8217;una placa Zum Core\u00a0ATmega328P amb 14&hellip;  <a href=\"https:\/\/serveiseducatius.xtec.cat\/solsones\/programacio-i-robotica\/zum-kit\/\" title=\"Read Zum Kit\">Llegeix m\u00e9s\u00bb<\/a><\/p>\n","protected":false},"author":1,"featured_media":0,"parent":8232,"menu_order":0,"comment_status":"closed","ping_status":"closed","template":"","meta":{"_bbp_topic_count":0,"_bbp_reply_count":0,"_bbp_total_topic_count":0,"_bbp_total_reply_count":0,"_bbp_voice_count":0,"_bbp_anonymous_reply_count":0,"_bbp_topic_count_hidden":0,"_bbp_reply_count_hidden":0,"_bbp_forum_subforum_count":0,"footnotes":""},"class_list":["post-8853","page","type-page","status-publish","hentry"],"post_mailing_queue_ids":[],"_links":{"self":[{"href":"https:\/\/serveiseducatius.xtec.cat\/solsones\/wp-json\/wp\/v2\/pages\/8853","targetHints":{"allow":["GET"]}}],"collection":[{"href":"https:\/\/serveiseducatius.xtec.cat\/solsones\/wp-json\/wp\/v2\/pages"}],"about":[{"href":"https:\/\/serveiseducatius.xtec.cat\/solsones\/wp-json\/wp\/v2\/types\/page"}],"author":[{"embeddable":true,"href":"https:\/\/serveiseducatius.xtec.cat\/solsones\/wp-json\/wp\/v2\/users\/1"}],"replies":[{"embeddable":true,"href":"https:\/\/serveiseducatius.xtec.cat\/solsones\/wp-json\/wp\/v2\/comments?post=8853"}],"version-history":[{"count":4,"href":"https:\/\/serveiseducatius.xtec.cat\/solsones\/wp-json\/wp\/v2\/pages\/8853\/revisions"}],"predecessor-version":[{"id":10900,"href":"https:\/\/serveiseducatius.xtec.cat\/solsones\/wp-json\/wp\/v2\/pages\/8853\/revisions\/10900"}],"up":[{"embeddable":true,"href":"https:\/\/serveiseducatius.xtec.cat\/solsones\/wp-json\/wp\/v2\/pages\/8232"}],"wp:attachment":[{"href":"https:\/\/serveiseducatius.xtec.cat\/solsones\/wp-json\/wp\/v2\/media?parent=8853"}],"curies":[{"name":"wp","href":"https:\/\/api.w.org\/{rel}","templated":true}]}}