{"id":8834,"date":"2016-11-05T15:31:57","date_gmt":"2016-11-05T14:31:57","guid":{"rendered":"http:\/\/serveiseducatius.xtec.cat\/solsones\/?page_id=8834"},"modified":"2016-11-05T16:01:36","modified_gmt":"2016-11-05T15:01:36","slug":"proces-impressio-3d","status":"publish","type":"page","link":"https:\/\/serveiseducatius.xtec.cat\/solsones\/impressio-3d\/proces-impressio-3d\/","title":{"rendered":"Proc\u00e9s impressi\u00f3 3D"},"content":{"rendered":"<p>Per crear una figura en 3D cal seguir un <strong>proc\u00e9s:<\/strong><\/p>\n<ol>\n<li>Tenir la <strong>idea<\/strong> del que volem crear.<\/li>\n<li><strong>Dissenyar<\/strong> la malla 3D mitjan\u00e7ant un programa de disseny, utilitzar figures ja creades en una <strong>biblioteca<\/strong> o <strong>escanejar<\/strong> una pe\u00e7a ja existent. Programes per dissenyar: SketchUp, Autodesk 123D, Blender, &#8230;<\/li>\n<li>Exportar la geometria en format <strong>STL<\/strong> (arxiu generat pel programa de disseny).<\/li>\n<li>Generar l&#8217;arxiu <strong>g-code<\/strong> per tal que la impressora l&#8217;interpreti: es recomana el programa\u00a0<a href=\"https:\/\/www.zonamaker.com\/descargas\/Manual_CURA.pdf\" target=\"_blank\">Cura<\/a><\/li>\n<li>Enviar l&#8217;arxiu a <strong>imprimir<\/strong>, es pot instal\u00b7lar la impressora a l&#8217;ordinador o utilitzar una tageta SD on haurem gravat el fitxer g-code.<\/li>\n<li>Post-tractament.<\/li>\n<\/ol>\n<p><a href=\"http:\/\/serveiseducatius.xtec.cat\/solsones\/wp-content\/uploads\/usu1176\/2016\/11\/proces_impressio_3D.jpg\"><img loading=\"lazy\" decoding=\"async\" class=\"size-full wp-image-8835 aligncenter\" src=\"http:\/\/serveiseducatius.xtec.cat\/solsones\/wp-content\/uploads\/usu1176\/2016\/11\/proces_impressio_3D.jpg\" alt=\"proces_impressio_3d\" width=\"796\" height=\"604\" srcset=\"https:\/\/serveiseducatius.xtec.cat\/solsones\/wp-content\/uploads\/usu1176\/2016\/11\/proces_impressio_3D.jpg 796w, https:\/\/serveiseducatius.xtec.cat\/solsones\/wp-content\/uploads\/usu1176\/2016\/11\/proces_impressio_3D-300x228.jpg 300w, https:\/\/serveiseducatius.xtec.cat\/solsones\/wp-content\/uploads\/usu1176\/2016\/11\/proces_impressio_3D-768x583.jpg 768w\" sizes=\"auto, (max-width: 796px) 100vw, 796px\" \/><\/a><\/p>\n","protected":false},"excerpt":{"rendered":"<p>Per crear una figura en 3D cal seguir un proc\u00e9s: Tenir la idea del que volem crear. Dissenyar la malla 3D mitjan\u00e7ant un programa de disseny, utilitzar figures ja creades en una biblioteca o escanejar una pe\u00e7a ja existent. Programes per dissenyar: SketchUp, Autodesk 123D, Blender, &#8230; Exportar la geometria en format STL (arxiu generat [&hellip;]<\/p>\n","protected":false},"author":1,"featured_media":0,"parent":8777,"menu_order":0,"comment_status":"closed","ping_status":"closed","template":"","meta":{"_bbp_topic_count":0,"_bbp_reply_count":0,"_bbp_total_topic_count":0,"_bbp_total_reply_count":0,"_bbp_voice_count":0,"_bbp_anonymous_reply_count":0,"_bbp_topic_count_hidden":0,"_bbp_reply_count_hidden":0,"_bbp_forum_subforum_count":0,"site-sidebar-layout":"default","site-content-layout":"","ast-site-content-layout":"","site-content-style":"default","site-sidebar-style":"default","ast-global-header-display":"","ast-banner-title-visibility":"","ast-main-header-display":"","ast-hfb-above-header-display":"","ast-hfb-below-header-display":"","ast-hfb-mobile-header-display":"","site-post-title":"","ast-breadcrumbs-content":"","ast-featured-img":"","footer-sml-layout":"","theme-transparent-header-meta":"","adv-header-id-meta":"","stick-header-meta":"","header-above-stick-meta":"","header-main-stick-meta":"","header-below-stick-meta":"","astra-migrate-meta-layouts":"default","ast-page-background-enabled":"default","ast-page-background-meta":{"desktop":{"background-color":"var(--ast-global-color-4)","background-image":"","background-repeat":"repeat","background-position":"center center","background-size":"auto","background-attachment":"scroll","background-type":"","background-media":"","overlay-type":"","overlay-color":"","overlay-opacity":"","overlay-gradient":""},"tablet":{"background-color":"","background-image":"","background-repeat":"repeat","background-position":"center center","background-size":"auto","background-attachment":"scroll","background-type":"","background-media":"","overlay-type":"","overlay-color":"","overlay-opacity":"","overlay-gradient":""},"mobile":{"background-color":"","background-image":"","background-repeat":"repeat","background-position":"center center","background-size":"auto","background-attachment":"scroll","background-type":"","background-media":"","overlay-type":"","overlay-color":"","overlay-opacity":"","overlay-gradient":""}},"ast-content-background-meta":{"desktop":{"background-color":"var(--ast-global-color-5)","background-image":"","background-repeat":"repeat","background-position":"center center","background-size":"auto","background-attachment":"scroll","background-type":"","background-media":"","overlay-type":"","overlay-color":"","overlay-opacity":"","overlay-gradient":""},"tablet":{"background-color":"var(--ast-global-color-5)","background-image":"","background-repeat":"repeat","background-position":"center center","background-size":"auto","background-attachment":"scroll","background-type":"","background-media":"","overlay-type":"","overlay-color":"","overlay-opacity":"","overlay-gradient":""},"mobile":{"background-color":"var(--ast-global-color-5)","background-image":"","background-repeat":"repeat","background-position":"center center","background-size":"auto","background-attachment":"scroll","background-type":"","background-media":"","overlay-type":"","overlay-color":"","overlay-opacity":"","overlay-gradient":""}},"footnotes":""},"class_list":["post-8834","page","type-page","status-publish","hentry"],"post_mailing_queue_ids":[],"_links":{"self":[{"href":"https:\/\/serveiseducatius.xtec.cat\/solsones\/wp-json\/wp\/v2\/pages\/8834","targetHints":{"allow":["GET"]}}],"collection":[{"href":"https:\/\/serveiseducatius.xtec.cat\/solsones\/wp-json\/wp\/v2\/pages"}],"about":[{"href":"https:\/\/serveiseducatius.xtec.cat\/solsones\/wp-json\/wp\/v2\/types\/page"}],"author":[{"embeddable":true,"href":"https:\/\/serveiseducatius.xtec.cat\/solsones\/wp-json\/wp\/v2\/users\/1"}],"replies":[{"embeddable":true,"href":"https:\/\/serveiseducatius.xtec.cat\/solsones\/wp-json\/wp\/v2\/comments?post=8834"}],"version-history":[{"count":3,"href":"https:\/\/serveiseducatius.xtec.cat\/solsones\/wp-json\/wp\/v2\/pages\/8834\/revisions"}],"predecessor-version":[{"id":8844,"href":"https:\/\/serveiseducatius.xtec.cat\/solsones\/wp-json\/wp\/v2\/pages\/8834\/revisions\/8844"}],"up":[{"embeddable":true,"href":"https:\/\/serveiseducatius.xtec.cat\/solsones\/wp-json\/wp\/v2\/pages\/8777"}],"wp:attachment":[{"href":"https:\/\/serveiseducatius.xtec.cat\/solsones\/wp-json\/wp\/v2\/media?parent=8834"}],"curies":[{"name":"wp","href":"https:\/\/api.w.org\/{rel}","templated":true}]}}