{"id":8780,"date":"2016-11-02T20:39:07","date_gmt":"2016-11-02T19:39:07","guid":{"rendered":"http:\/\/serveiseducatius.xtec.cat\/solsones\/?page_id=8780"},"modified":"2018-01-18T13:54:03","modified_gmt":"2018-01-18T12:54:03","slug":"programes-per-dissenyar","status":"publish","type":"page","link":"https:\/\/serveiseducatius.xtec.cat\/solsones\/impressio-3d\/programes-per-dissenyar\/","title":{"rendered":"Programes per dissenyar"},"content":{"rendered":"<p>Existeixen molts <strong>programes de disseny 3D<\/strong>. D&#8217;entrada cal fer la diferenciaci\u00f3 entre programari open source i de pagament. Aqu\u00ed nom\u00e9s comentarem alguns programes gratu\u00efts.\u00a0El software de disseny 3D \u00e9s l\u2019\u00e0nima de la impressi\u00f3 en 3D.\u00a0Captura l&#8217;ess\u00e8ncia geom\u00e8trica del m\u00f3n f\u00edsic anal\u00f2gic i la\u00a0converteix en unitats bin\u00e0ries.\u00a0Capturen la forma dels objectes f\u00edsics utilitzant conjunts de\u00a0coordenades x, y, z (altura, amplada i profunditat).<\/p>\n<ul>\n<li><a href=\"https:\/\/www.blender.org\/\" target=\"_blank\" rel=\"noopener noreferrer\">Blender<\/a>, programa professional molt complet. Tamb\u00e9 permet crera animacions amb els obejctes dissenyats. <a href=\"https:\/\/youtu.be\/Op8KiqGoGnI\" target=\"_blank\" rel=\"noopener noreferrer\">Tutorial<\/a>.<\/li>\n<li><a href=\"http:\/\/www.123dapp.com\/\" target=\"_blank\" rel=\"noopener noreferrer\">Autodesk 123D<\/a><\/li>\n<li><a href=\"http:\/\/www.sketchup.com\/\" target=\"_blank\" rel=\"noopener noreferrer\">SketchUp<\/a>\u00a0programa pensat per ser utilitzat de forma intu\u00eftiva i flexible, fent que sigui f\u00e0cil el seu aprenentatge. <a href=\"https:\/\/youtu.be\/vnTBlDct3mg?list=PLZCc_omLYhhjVNHhhoLd58mn9jFMq8SQu\" target=\"_blank\" rel=\"noopener noreferrer\">Tutorial<\/a>.<\/li>\n<li><a href=\"https:\/\/www.tinkercad.com\/\" target=\"_blank\" rel=\"noopener noreferrer\">https:\/\/www.tinkercad.com\/<\/a>: programa gratu\u00eft en l\u00ednia creat per Autodesk. <a href=\"http:\/\/ateneu.xtec.cat\/wikiform\/wikiexport\/cmd\/tac\/tec3d\/tkc\/index\" target=\"_blank\" rel=\"noopener noreferrer\">Materials de formaci\u00f3 a Ateneu<\/a>.<\/li>\n<li><a href=\"http:\/\/beetleblocks.com\/\" target=\"_blank\" rel=\"noopener noreferrer\">http:\/\/beetleblocks.com\/<\/a>: programari gratu\u00eft en l\u00ednia que permet dissenyar objectes de tipus org\u00e0nic amb formes molt curioses. El disseny es realitza \u00a0a partir de programaci\u00f3 per blocs semblant a Scratch.<\/li>\n<li><a href=\"https:\/\/www.blockscad3d.com\" target=\"_blank\" rel=\"noopener noreferrer\">https:\/\/www.blockscad3d.com<\/a>:\u00a0programari gratu\u00eft en l\u00ednia que permet dissenyar diferents objectes a partir de par\u00e0metres. Utilitza un sistema\u00a0 de programaci\u00f3 per blocs\u00a0semblant a Scratch. \u00c9s for\u00e7a intu\u00eftiu i f\u00e0cil d&#8217;utilitzar.<\/li>\n<\/ul>\n<p><a href=\"http:\/\/www.shapeways.com\/creator\/tools?li=nav\" target=\"_blank\" rel=\"noopener noreferrer\">http:\/\/www.shapeways.com\/creator\/tools?li=nav<\/a><\/p>\n","protected":false},"excerpt":{"rendered":"<p>Existeixen molts programes de disseny 3D. D&#8217;entrada cal fer la diferenciaci\u00f3 entre programari open source i de pagament. Aqu\u00ed nom\u00e9s comentarem alguns programes gratu\u00efts.\u00a0El software de disseny 3D \u00e9s l\u2019\u00e0nima de la impressi\u00f3 en 3D.\u00a0Captura l&#8217;ess\u00e8ncia geom\u00e8trica del m\u00f3n f\u00edsic anal\u00f2gic i la\u00a0converteix en unitats bin\u00e0ries.\u00a0Capturen la forma dels objectes f\u00edsics utilitzant conjunts de\u00a0coordenades x, [&hellip;]<\/p>\n","protected":false},"author":1,"featured_media":0,"parent":8777,"menu_order":0,"comment_status":"closed","ping_status":"closed","template":"","meta":{"_bbp_topic_count":0,"_bbp_reply_count":0,"_bbp_total_topic_count":0,"_bbp_total_reply_count":0,"_bbp_voice_count":0,"_bbp_anonymous_reply_count":0,"_bbp_topic_count_hidden":0,"_bbp_reply_count_hidden":0,"_bbp_forum_subforum_count":0,"site-sidebar-layout":"default","site-content-layout":"","ast-site-content-layout":"","site-content-style":"default","site-sidebar-style":"default","ast-global-header-display":"","ast-banner-title-visibility":"","ast-main-header-display":"","ast-hfb-above-header-display":"","ast-hfb-below-header-display":"","ast-hfb-mobile-header-display":"","site-post-title":"","ast-breadcrumbs-content":"","ast-featured-img":"","footer-sml-layout":"","theme-transparent-header-meta":"","adv-header-id-meta":"","stick-header-meta":"","header-above-stick-meta":"","header-main-stick-meta":"","header-below-stick-meta":"","astra-migrate-meta-layouts":"default","ast-page-background-enabled":"default","ast-page-background-meta":{"desktop":{"background-color":"var(--ast-global-color-4)","background-image":"","background-repeat":"repeat","background-position":"center center","background-size":"auto","background-attachment":"scroll","background-type":"","background-media":"","overlay-type":"","overlay-color":"","overlay-opacity":"","overlay-gradient":""},"tablet":{"background-color":"","background-image":"","background-repeat":"repeat","background-position":"center center","background-size":"auto","background-attachment":"scroll","background-type":"","background-media":"","overlay-type":"","overlay-color":"","overlay-opacity":"","overlay-gradient":""},"mobile":{"background-color":"","background-image":"","background-repeat":"repeat","background-position":"center center","background-size":"auto","background-attachment":"scroll","background-type":"","background-media":"","overlay-type":"","overlay-color":"","overlay-opacity":"","overlay-gradient":""}},"ast-content-background-meta":{"desktop":{"background-color":"var(--ast-global-color-5)","background-image":"","background-repeat":"repeat","background-position":"center center","background-size":"auto","background-attachment":"scroll","background-type":"","background-media":"","overlay-type":"","overlay-color":"","overlay-opacity":"","overlay-gradient":""},"tablet":{"background-color":"var(--ast-global-color-5)","background-image":"","background-repeat":"repeat","background-position":"center center","background-size":"auto","background-attachment":"scroll","background-type":"","background-media":"","overlay-type":"","overlay-color":"","overlay-opacity":"","overlay-gradient":""},"mobile":{"background-color":"var(--ast-global-color-5)","background-image":"","background-repeat":"repeat","background-position":"center center","background-size":"auto","background-attachment":"scroll","background-type":"","background-media":"","overlay-type":"","overlay-color":"","overlay-opacity":"","overlay-gradient":""}},"footnotes":""},"class_list":["post-8780","page","type-page","status-publish","hentry"],"post_mailing_queue_ids":[],"_links":{"self":[{"href":"https:\/\/serveiseducatius.xtec.cat\/solsones\/wp-json\/wp\/v2\/pages\/8780","targetHints":{"allow":["GET"]}}],"collection":[{"href":"https:\/\/serveiseducatius.xtec.cat\/solsones\/wp-json\/wp\/v2\/pages"}],"about":[{"href":"https:\/\/serveiseducatius.xtec.cat\/solsones\/wp-json\/wp\/v2\/types\/page"}],"author":[{"embeddable":true,"href":"https:\/\/serveiseducatius.xtec.cat\/solsones\/wp-json\/wp\/v2\/users\/1"}],"replies":[{"embeddable":true,"href":"https:\/\/serveiseducatius.xtec.cat\/solsones\/wp-json\/wp\/v2\/comments?post=8780"}],"version-history":[{"count":4,"href":"https:\/\/serveiseducatius.xtec.cat\/solsones\/wp-json\/wp\/v2\/pages\/8780\/revisions"}],"predecessor-version":[{"id":9709,"href":"https:\/\/serveiseducatius.xtec.cat\/solsones\/wp-json\/wp\/v2\/pages\/8780\/revisions\/9709"}],"up":[{"embeddable":true,"href":"https:\/\/serveiseducatius.xtec.cat\/solsones\/wp-json\/wp\/v2\/pages\/8777"}],"wp:attachment":[{"href":"https:\/\/serveiseducatius.xtec.cat\/solsones\/wp-json\/wp\/v2\/media?parent=8780"}],"curies":[{"name":"wp","href":"https:\/\/api.w.org\/{rel}","templated":true}]}}