{"id":8777,"date":"2016-11-02T20:34:21","date_gmt":"2016-11-02T19:34:21","guid":{"rendered":"http:\/\/serveiseducatius.xtec.cat\/solsones\/?page_id=8777"},"modified":"2017-01-09T17:24:04","modified_gmt":"2017-01-09T16:24:04","slug":"impressio-3d","status":"publish","type":"page","link":"https:\/\/serveiseducatius.xtec.cat\/solsones\/impressio-3d\/","title":{"rendered":"Impressi\u00f3 3D"},"content":{"rendered":"<p><a href=\"http:\/\/serveiseducatius.xtec.cat\/solsones\/wp-content\/uploads\/usu1176\/2016\/11\/3d1.png\"><img loading=\"lazy\" decoding=\"async\" class=\"wp-image-8811 alignleft\" src=\"http:\/\/serveiseducatius.xtec.cat\/solsones\/wp-content\/uploads\/usu1176\/2016\/11\/3d1.png\" alt=\"3d1\" width=\"432\" height=\"280\" srcset=\"https:\/\/serveiseducatius.xtec.cat\/solsones\/wp-content\/uploads\/usu1176\/2016\/11\/3d1.png 500w, https:\/\/serveiseducatius.xtec.cat\/solsones\/wp-content\/uploads\/usu1176\/2016\/11\/3d1-300x194.png 300w\" sizes=\"auto, (max-width: 432px) 100vw, 432px\" \/><\/a>La <strong>impressi\u00f3 3D<\/strong> \u00e9s un \u00a0proc\u00e9s pel qual es produeixen representacions de figures f\u00edsiques tridimensionals de models creats per ordinador, mitjan\u00e7ant una t\u00e8cnica anomenada fabricaci\u00f3 additiva que consisteix en la uni\u00f3 de material per capes. De fet, les impressores 3D construeixen.<\/p>\n<p><strong>Aplicacions<\/strong>: <a href=\"https:\/\/youtu.be\/pzI5-LJZXdY\" target=\"_blank\">medicina<\/a>, <a href=\"https:\/\/www.youtube.com\/watch?v=3s94mIhCyt4\" target=\"_blank\">roba<\/a>, estructures, <a href=\"https:\/\/youtu.be\/tGMWLegHGo0\" target=\"_blank\">prototips<\/a>, motlles, modelisme, alimentaci\u00f3, &#8230;<\/p>\n<p><a href=\"https:\/\/drive.google.com\/file\/d\/0B3rCQYi6n4FlNy1ZMmpNanhCRTQ\/view?usp=sharing\" target=\"_blank\">Presentaci\u00f3 impressi\u00f3 3D<\/a><\/p>\n<p><a href=\"http:\/\/serveiseducatius.xtec.cat\/solsones\/wp-content\/uploads\/usu1176\/2016\/11\/sigma-e14603702106111.png\"><img loading=\"lazy\" decoding=\"async\" class=\"size-full wp-image-8970 aligncenter\" src=\"http:\/\/serveiseducatius.xtec.cat\/solsones\/wp-content\/uploads\/usu1176\/2016\/11\/sigma-e14603702106111.png\" alt=\"sigma\" width=\"300\" height=\"300\" srcset=\"https:\/\/serveiseducatius.xtec.cat\/solsones\/wp-content\/uploads\/usu1176\/2016\/11\/sigma-e14603702106111.png 300w, https:\/\/serveiseducatius.xtec.cat\/solsones\/wp-content\/uploads\/usu1176\/2016\/11\/sigma-e14603702106111-150x150.png 150w\" sizes=\"auto, (max-width: 300px) 100vw, 300px\" \/><\/a><\/p>\n","protected":false},"excerpt":{"rendered":"<p>La impressi\u00f3 3D \u00e9s un \u00a0proc\u00e9s pel qual es produeixen representacions de figures f\u00edsiques tridimensionals de models creats per ordinador, mitjan\u00e7ant una t\u00e8cnica anomenada fabricaci\u00f3 additiva que consisteix en la uni\u00f3 de material per capes. De fet, les impressores 3D construeixen. Aplicacions: medicina, roba, estructures, prototips, motlles, modelisme, alimentaci\u00f3, &#8230; Presentaci\u00f3 impressi\u00f3 3D<\/p>\n","protected":false},"author":1,"featured_media":0,"parent":0,"menu_order":0,"comment_status":"closed","ping_status":"closed","template":"","meta":{"_bbp_topic_count":0,"_bbp_reply_count":0,"_bbp_total_topic_count":0,"_bbp_total_reply_count":0,"_bbp_voice_count":0,"_bbp_anonymous_reply_count":0,"_bbp_topic_count_hidden":0,"_bbp_reply_count_hidden":0,"_bbp_forum_subforum_count":0,"site-sidebar-layout":"default","site-content-layout":"","ast-site-content-layout":"","site-content-style":"default","site-sidebar-style":"default","ast-global-header-display":"","ast-banner-title-visibility":"","ast-main-header-display":"","ast-hfb-above-header-display":"","ast-hfb-below-header-display":"","ast-hfb-mobile-header-display":"","site-post-title":"","ast-breadcrumbs-content":"","ast-featured-img":"","footer-sml-layout":"","theme-transparent-header-meta":"","adv-header-id-meta":"","stick-header-meta":"","header-above-stick-meta":"","header-main-stick-meta":"","header-below-stick-meta":"","astra-migrate-meta-layouts":"default","ast-page-background-enabled":"default","ast-page-background-meta":{"desktop":{"background-color":"var(--ast-global-color-4)","background-image":"","background-repeat":"repeat","background-position":"center center","background-size":"auto","background-attachment":"scroll","background-type":"","background-media":"","overlay-type":"","overlay-color":"","overlay-opacity":"","overlay-gradient":""},"tablet":{"background-color":"","background-image":"","background-repeat":"repeat","background-position":"center center","background-size":"auto","background-attachment":"scroll","background-type":"","background-media":"","overlay-type":"","overlay-color":"","overlay-opacity":"","overlay-gradient":""},"mobile":{"background-color":"","background-image":"","background-repeat":"repeat","background-position":"center center","background-size":"auto","background-attachment":"scroll","background-type":"","background-media":"","overlay-type":"","overlay-color":"","overlay-opacity":"","overlay-gradient":""}},"ast-content-background-meta":{"desktop":{"background-color":"var(--ast-global-color-5)","background-image":"","background-repeat":"repeat","background-position":"center center","background-size":"auto","background-attachment":"scroll","background-type":"","background-media":"","overlay-type":"","overlay-color":"","overlay-opacity":"","overlay-gradient":""},"tablet":{"background-color":"var(--ast-global-color-5)","background-image":"","background-repeat":"repeat","background-position":"center center","background-size":"auto","background-attachment":"scroll","background-type":"","background-media":"","overlay-type":"","overlay-color":"","overlay-opacity":"","overlay-gradient":""},"mobile":{"background-color":"var(--ast-global-color-5)","background-image":"","background-repeat":"repeat","background-position":"center center","background-size":"auto","background-attachment":"scroll","background-type":"","background-media":"","overlay-type":"","overlay-color":"","overlay-opacity":"","overlay-gradient":""}},"footnotes":""},"class_list":["post-8777","page","type-page","status-publish","hentry"],"post_mailing_queue_ids":[],"_links":{"self":[{"href":"https:\/\/serveiseducatius.xtec.cat\/solsones\/wp-json\/wp\/v2\/pages\/8777","targetHints":{"allow":["GET"]}}],"collection":[{"href":"https:\/\/serveiseducatius.xtec.cat\/solsones\/wp-json\/wp\/v2\/pages"}],"about":[{"href":"https:\/\/serveiseducatius.xtec.cat\/solsones\/wp-json\/wp\/v2\/types\/page"}],"author":[{"embeddable":true,"href":"https:\/\/serveiseducatius.xtec.cat\/solsones\/wp-json\/wp\/v2\/users\/1"}],"replies":[{"embeddable":true,"href":"https:\/\/serveiseducatius.xtec.cat\/solsones\/wp-json\/wp\/v2\/comments?post=8777"}],"version-history":[{"count":3,"href":"https:\/\/serveiseducatius.xtec.cat\/solsones\/wp-json\/wp\/v2\/pages\/8777\/revisions"}],"predecessor-version":[{"id":8971,"href":"https:\/\/serveiseducatius.xtec.cat\/solsones\/wp-json\/wp\/v2\/pages\/8777\/revisions\/8971"}],"wp:attachment":[{"href":"https:\/\/serveiseducatius.xtec.cat\/solsones\/wp-json\/wp\/v2\/media?parent=8777"}],"curies":[{"name":"wp","href":"https:\/\/api.w.org\/{rel}","templated":true}]}}