{"id":8346,"date":"2015-11-23T11:51:37","date_gmt":"2015-11-23T10:51:37","guid":{"rendered":"http:\/\/serveiseducatius.xtec.cat\/solsones\/?page_id=8346"},"modified":"2021-04-20T08:28:41","modified_gmt":"2021-04-20T06:28:41","slug":"orientacio-academica-i-professional","status":"publish","type":"page","link":"https:\/\/serveiseducatius.xtec.cat\/solsones\/comunitat\/orientacio-academica-i-professional\/","title":{"rendered":"Orientaci\u00f3 acad\u00e8mica i professional"},"content":{"rendered":"<p><strong><a href=\"https:\/\/triaeducativa.gencat.cat\/ca\/inici\/\" target=\"_blank\" rel=\"noopener noreferrer\">Tria educativa<\/a><\/strong><\/p>\n<p>A <em>triaeducativa.gencat.cat<\/em> trobar\u00e0s tota la informaci\u00f3 que necessites per escollir l&#8217;opci\u00f3 que m\u00e9s s&#8217;ajusta als teus interessos. Con\u00e8ixer l&#8217;oferta formativa et permetr\u00e0 relacionar les teves prefer\u00e8ncies i habilitats amb les professions que ofereix l&#8217;entorn social i laboral.<\/p>\n<p><strong><a href=\"http:\/\/queestudiar.gencat.cat\/ca\" target=\"_blank\" rel=\"noopener noreferrer\">Estudiar a Catalunya<\/a><\/strong><\/p>\n<p>Portal amb tota la informaci\u00f3 dels estudis que es poden cursar a Catalunya, preinscripci\u00f3 i orientaci\u00f3.<\/p>\n<p><strong><a href=\"http:\/\/www.ensenyament.com\/ca\/home\" target=\"_blank\" rel=\"noopener noreferrer\">Sal\u00f3 de l&#8217;Ensenyament<\/a><\/strong><\/p>\n<p>Setmana de la formaci\u00f3 i el treball.<\/p>\n<p><strong style=\"font-family: inherit; font-size: 1em;\"><a href=\"http:\/\/jovecat.gencat.cat\/ca\/\" target=\"_blank\" rel=\"noopener noreferrer\">Jove.cat<\/a><\/strong><\/p>\n<p>Portal adre\u00e7at als joves on s&#8217;hi pot trobar molta informaci\u00f3 sobre educaci\u00f3 i formaci\u00f3 i tamb\u00e9 sobre altres \u00e0mbits.<\/p>\n<p><strong><a href=\"http:\/\/universitats.gencat.cat\/ca\/inici\/\" target=\"_blank\" rel=\"noopener noreferrer\">Canal Universitats<\/a><\/strong><\/p>\n<p>Eina de suport per facilitar als estudiants de secund\u00e0ria i de cicles formatius de grau superior l\u2019elecci\u00f3 de l\u2019estudi universitari, alhora que ajuda a la planificaci\u00f3 i al desenvolupament de la carrera professional dels estudiants i de les persones titulades de les universitats.<\/p>\n<p><strong><a href=\"http:\/\/www.unportal.cat\/\" target=\"_blank\" rel=\"noopener noreferrer\">Unportal<\/a><\/strong><\/p>\n<p>\u00c9s una eina d&#8217;orientaci\u00f3 que aplega tota la informaci\u00f3 de l&#8217;oferta universit\u00e0ria, p\u00fablica i privada, i que permet per primer cop establir comparacions entre els m\u00e9s de 450 graus que el curs que ve es podran cursar a Catalunya, coincidint amb la completa desaparici\u00f3 de les diplomatures i llicenciatures.<\/p>\n<p><strong><a href=\"http:\/\/aplicacions.universitats.gencat.cat\/posat\/AppJava\/frontoffice\/?0\" target=\"_blank\" rel=\"noopener noreferrer\">Posa&#8217;t a prova<\/a><\/strong><\/p>\n<p>Un joc d&#8217;ajuda per preparar les PAU. Oferta educativa de tests interactius amb q\u00fcestions de diferents mat\u00e8ries\u00a0de les PAU.<\/p>\n<p><strong><a href=\"https:\/\/serveiseducatius.xtec.cat\/bages\/orienta\/\" target=\"_blank\" rel=\"noopener noreferrer\">Orientaci\u00f3 acad\u00e8mica i professional<\/a><\/strong><\/p>\n<p>\u00c9s un espai que facilita l&#8217;acc\u00e9s a un recull d&#8217;enlla\u00e7os a webs institucionals que proporcionen informaci\u00f3 sobre els diferents estudis i les diverses sortides professionals actuals a Catalunya.\u00a0Es facilita tamb\u00e9, de forma m\u00e9s detallada, informaci\u00f3 sobre l&#8217;oferta d&#8217;estudis que es poden cursar a les comarques del Bages, Bergued\u00e0 i Solson\u00e8s.<\/p>\n<p><strong>Acc\u00e9s a la universitat i admissi\u00f3<\/strong><\/p>\n<p><a href=\"http:\/\/universitats.gencat.cat\/web\/.content\/01_acces_i_admissio\/preinscripcio\/documentacio\/Ponderacions-2020.pdf\" target=\"_blank\" rel=\"noopener noreferrer\"><strong>Ponderacions<\/strong>\u00a0de les mat\u00e8ries de modalitat de 2n de\u00a0batxillerat per a l&#8217;acc\u00e9s a la universitat<\/a><\/p>\n<p><a href=\"http:\/\/universitats.gencat.cat\/ca\/preinscripcio\/llistes_i_notes\/\" target=\"_blank\" rel=\"noopener noreferrer\">Notes de tall de les universitats<\/a><\/p>\n<p><a href=\"http:\/\/universitats.gencat.cat\/ca\/pau\/\" target=\"_blank\" rel=\"noopener noreferrer\">Proves d&#8217;acc\u00e9s a la universitat PAU<\/a><\/p>\n<div><a href=\"https:\/\/accesnet.gencat.cat\/accesnet\/AppJava\/html\/index.html\" target=\"_blank\" rel=\"noopener noreferrer\">ACCESNET<\/a>\u00a0informaci\u00f3 sobre les PAU i la preinscripci\u00f3 universit\u00e0ria<\/div>\n","protected":false},"excerpt":{"rendered":"<p>Tria educativa A triaeducativa.gencat.cat trobar\u00e0s tota la informaci\u00f3 que necessites per escollir l&#8217;opci\u00f3 que m\u00e9s s&#8217;ajusta als teus interessos. Con\u00e8ixer l&#8217;oferta formativa et permetr\u00e0 relacionar les teves prefer\u00e8ncies i habilitats amb les professions que ofereix l&#8217;entorn social i laboral. Estudiar a Catalunya Portal amb tota la informaci\u00f3 dels estudis que es poden cursar a Catalunya, [&hellip;]<\/p>\n","protected":false},"author":1,"featured_media":0,"parent":341,"menu_order":15,"comment_status":"closed","ping_status":"closed","template":"page-templates\/side-menu.php","meta":{"_bbp_topic_count":0,"_bbp_reply_count":0,"_bbp_total_topic_count":0,"_bbp_total_reply_count":0,"_bbp_voice_count":0,"_bbp_anonymous_reply_count":0,"_bbp_topic_count_hidden":0,"_bbp_reply_count_hidden":0,"_bbp_forum_subforum_count":0,"site-sidebar-layout":"default","site-content-layout":"","ast-site-content-layout":"","site-content-style":"default","site-sidebar-style":"default","ast-global-header-display":"","ast-banner-title-visibility":"","ast-main-header-display":"","ast-hfb-above-header-display":"","ast-hfb-below-header-display":"","ast-hfb-mobile-header-display":"","site-post-title":"","ast-breadcrumbs-content":"","ast-featured-img":"","footer-sml-layout":"","theme-transparent-header-meta":"","adv-header-id-meta":"","stick-header-meta":"","header-above-stick-meta":"","header-main-stick-meta":"","header-below-stick-meta":"","astra-migrate-meta-layouts":"default","ast-page-background-enabled":"default","ast-page-background-meta":{"desktop":{"background-color":"var(--ast-global-color-4)","background-image":"","background-repeat":"repeat","background-position":"center center","background-size":"auto","background-attachment":"scroll","background-type":"","background-media":"","overlay-type":"","overlay-color":"","overlay-opacity":"","overlay-gradient":""},"tablet":{"background-color":"","background-image":"","background-repeat":"repeat","background-position":"center center","background-size":"auto","background-attachment":"scroll","background-type":"","background-media":"","overlay-type":"","overlay-color":"","overlay-opacity":"","overlay-gradient":""},"mobile":{"background-color":"","background-image":"","background-repeat":"repeat","background-position":"center center","background-size":"auto","background-attachment":"scroll","background-type":"","background-media":"","overlay-type":"","overlay-color":"","overlay-opacity":"","overlay-gradient":""}},"ast-content-background-meta":{"desktop":{"background-color":"var(--ast-global-color-5)","background-image":"","background-repeat":"repeat","background-position":"center center","background-size":"auto","background-attachment":"scroll","background-type":"","background-media":"","overlay-type":"","overlay-color":"","overlay-opacity":"","overlay-gradient":""},"tablet":{"background-color":"var(--ast-global-color-5)","background-image":"","background-repeat":"repeat","background-position":"center center","background-size":"auto","background-attachment":"scroll","background-type":"","background-media":"","overlay-type":"","overlay-color":"","overlay-opacity":"","overlay-gradient":""},"mobile":{"background-color":"var(--ast-global-color-5)","background-image":"","background-repeat":"repeat","background-position":"center center","background-size":"auto","background-attachment":"scroll","background-type":"","background-media":"","overlay-type":"","overlay-color":"","overlay-opacity":"","overlay-gradient":""}},"footnotes":""},"class_list":["post-8346","page","type-page","status-publish","hentry"],"post_mailing_queue_ids":[],"_links":{"self":[{"href":"https:\/\/serveiseducatius.xtec.cat\/solsones\/wp-json\/wp\/v2\/pages\/8346","targetHints":{"allow":["GET"]}}],"collection":[{"href":"https:\/\/serveiseducatius.xtec.cat\/solsones\/wp-json\/wp\/v2\/pages"}],"about":[{"href":"https:\/\/serveiseducatius.xtec.cat\/solsones\/wp-json\/wp\/v2\/types\/page"}],"author":[{"embeddable":true,"href":"https:\/\/serveiseducatius.xtec.cat\/solsones\/wp-json\/wp\/v2\/users\/1"}],"replies":[{"embeddable":true,"href":"https:\/\/serveiseducatius.xtec.cat\/solsones\/wp-json\/wp\/v2\/comments?post=8346"}],"version-history":[{"count":3,"href":"https:\/\/serveiseducatius.xtec.cat\/solsones\/wp-json\/wp\/v2\/pages\/8346\/revisions"}],"predecessor-version":[{"id":13154,"href":"https:\/\/serveiseducatius.xtec.cat\/solsones\/wp-json\/wp\/v2\/pages\/8346\/revisions\/13154"}],"up":[{"embeddable":true,"href":"https:\/\/serveiseducatius.xtec.cat\/solsones\/wp-json\/wp\/v2\/pages\/341"}],"wp:attachment":[{"href":"https:\/\/serveiseducatius.xtec.cat\/solsones\/wp-json\/wp\/v2\/media?parent=8346"}],"curies":[{"name":"wp","href":"https:\/\/api.w.org\/{rel}","templated":true}]}}