{"id":8234,"date":"2016-05-29T14:57:42","date_gmt":"2016-05-29T13:57:42","guid":{"rendered":"http:\/\/serveiseducatius.xtec.cat\/solsones\/?page_id=8234"},"modified":"2020-05-26T18:23:53","modified_gmt":"2020-05-26T16:23:53","slug":"per-comencar-a-programar","status":"publish","type":"page","link":"https:\/\/serveiseducatius.xtec.cat\/solsones\/programacio-i-robotica\/per-comencar-a-programar\/","title":{"rendered":"Per comen\u00e7ar a programar"},"content":{"rendered":"<p><img loading=\"lazy\" decoding=\"async\" class=\"alignnone\" src=\"https:\/\/code.org\/images\/logo.png\" alt=\"\" width=\"109\" height=\"109\" \/>\u00a0 \u00a0 \u00a0<img loading=\"lazy\" decoding=\"async\" class=\"alignnone \" src=\"data:image\/jpeg;base64,\/9j\/4AAQSkZJRgABAQAAAQABAAD\/2wCEAAkGBxMSEhUTExMWFhUVFxcXFxYWFRUXFxgYFxgXFhcXGBcdHSggGBolHhUVITEhJSkrLi4uFx8zODMtNygtLisBCgoKDg0OGhAQGi0lICAtLy0vKy0tLS0tMistLS0tLS0tLS0tLS03KystLS0tLS0tLS0tLS0tLS0tLSstLS0tLf\/AABEIAMIBAwMBIgACEQEDEQH\/xAAcAAABBQEBAQAAAAAAAAAAAAAGAAMEBQcBAgj\/xABGEAABAwIDBAcEBwUFCQEAAAABAAIDBBEFEiEGMUFRBxMiYXGBkUJSobEUIzJywdHwM2KSsuEVJDVzgiU0Q1N0osLS8WP\/xAAbAQACAwEBAQAAAAAAAAAAAAACAwABBAUGB\/\/EAC8RAAICAQQABAYBAwUAAAAAAAABAgMRBBIhMQUTQVEUIjIzYXGRBiOxFUJSgcH\/2gAMAwEAAhEDEQA\/ANBJT0blAwDHqXEG\/UnJKPtRO+1\/Ud4UvKWmx3hefcZQeJGlSUlwTo3KVGVBjcpMbk1T4BaJYK9NTTSnAUifJR1wvoVQ4hs8Dcxuyk+yd39FfhJZJ1Z6LyZzitLLAR1lhmvYgg3sveFYdLUglhAaDYknjv3KT0lTZTCO55+Sn9HBzU7z\/wDofg1qQ9N6kUibhmzLGEOec7hz+yPJX7Wr0AvQC21abBWRAJEpFeHFaJPYihOKgV+KRQj6x4Hd7R8BvVbtNjvUDIzWR27k0cyg2ClfK65u5x3k6lc+7UfkLAUzbZRD7LHu79B814Ztmz2onAcwQVEp9mXneQ34pybZd1tHA+Sy+Y36BYZeUGNwzaMf2vddofTj5J6rpg4IBrsNdGdQQRuP5FXOz+0ZDhFObg6Ned\/cHfmpu3LBaltZ6rsKI1aqySJw3hHMrAd6gS0ObcLDmfyWeyCis5OlTr5R4kCSSJDhDV5OEt5LD8TA2LXQ9gdSV+cLbyXg4e29tL8kXxEQvjYFGkrr+zhyXDh45KK+JfxkPYhYXRda4lzsrGDM93IJP2go2nK2nc9o9susT3gKe2lJp6qJn23Na4AbyBe4\/XNZ8XcF9L\/pfwrSanS+bNZbPFf1B4vqa7lGp4Qb19LGY2zwOJicbEHe08iq5TcCYWYfKXjSV7RGDxJI1Hz8kyWLyv8AUGlq0urcKuj0fg+vndplK1cjQXE7okuJk6nxETKp4pqOYOa4te05mvb+vgtq2Vx1uI0vWaCaPsyNHPnbkd6FtucFD2OIGupHc4fmEOdFOKmCvY29mTgxuHfvafG\/zK+h62hTg2u0ePrk0zXYnKXG5RqqPI8jhv8AVe4CToNV57ebGTWOT7SoFbWRU7c08jWjgL6nwG8obxHbrhBGPvP\/APVWsvoDgNwF4lna3e5o8SAsqq8dqZftSu19lpyj0Cp62nlfbsvPfr+KLyW\/UHcEfSjWNfJDkc11mOvlIPHuV50ZVLBSWL2hxkebFwB4Dd5LM3YXN\/y3KNLhsw\/4b\/IfktUaMxwBu5yfRLX3XrMvnGKuqYTdsk0Z7nPb\/wDUTYR0i1kdhIWzN\/eFnfxBE6ZxXDyTejZyVEr6kRxuedzQSqDAtt6eos0nqn+6\/cfB25ObazWpiB7Tmjy3rm6ix5wxq6BBjnTyF7tXPP8A8AR3hOHNiaPeO8oX2VhBlF+GqOGrmLltsZHoVl2y6kh3vJZGq6VsjcrggHGsPMbiD5FaOUM7Xw9kO43srfpJFPlD2ydd10NnavjOU944H9cleFZlh2NPpHOcxodmABBvbQ6H4lSm9Jb2nt07SOOVxB+ITHoJ3vMWD5iQfOCjVVUxm868hv8ARU+F7XU1ZZkcnUyn2H2BPc124lPVFOWEgjXmePmsb8FsjLNnX4D832PFRXPfu7A9XH8lEyDz5319V7evVJAZHhjePHkOJK3U6WK+SEeyt3qx+hklc7KBn791vEp6vxGmgNpphm9xlnEeOmiGNqdqMt6elOVg0fID2nncbO5d6Dc69x4X\/RWnklbqF36HD1fjUoNwq\/k0du1tEHteGzZm7j48xfUKPgVXRzVE8s2QFzwYmv0AAG\/lfn5oAzpZ16mrwOiiDhTmOfY5M\/EbbJJ2JPAZ7WY7iFK4Pkp4HQjSNzQ50YHrobKmg6TLm09HE4cTGS0\/G6d2e2mdB9VN9bTv0ex\/asDpdt\/koe1ewha7raQtfBKMzG31HHKDx7l5vXeE+VPFkc56Z3dJrPOXycP2LqLazCXAEsmaTvbqbed0lmT6GVpIdG8EbxlcksH+naf\/AIm3zbfc3HauMZX+R\/XqsUw12Stjy8J22\/jWrbYYkGRPc46nX03D1ss22FoTUYhC39\/rHeDe0T8FttaUHkzrs3+qpc7wTutqhjafa5tMDFTgOfuLvZafxKj7Y7V6mCA9z3j+Vv4lC+HYeZTc6N4nn4LzSp9ZGpz9Csc+apkzOLnvJ3n9WCJqPA92Y3PIfmrjD8Ea0Cwyt5cT5q\/o6YDhYBHnABS0mDW3NA8rlS3YJe17+tlfNavRaqUy9oPjAW8vivL9nh+nIhsu2WmFpTiCFVs6bfgQCEO1+yzd+TL+8zd5hagWqNPSg8LFNdnAO0yGXBnx6jtN5jh4jgrOLEJDD1RcSwEEA6kW5FGNTQAnk74KmrMFudBlPwK5Wq55DiO7LzgStvx0Rw0rL6SUsdY6FpWgYTiLZWjXXiFysYbTNEeizSXm67dB5ZZ0oZ2vmGUN7\/181e1dW1gJJ3IAxzEescTw4K2v9qI+ERsNw0VD3A7mj4leq\/Y1pHZ39x\/NE2ymHWgz6EvNzY7uQU6eKy9DoYcGSbMUxvBZYDci7Qd\/I944eKMthds+ty0lW65OkMx1IPBrzxvzRLiVC2VhBAvbS\/yPcgPD9hnyzPJeIaePtOlPs8co5njf5rrzpVkdrFqWHkPamMtJB3jRMYlW\/R6GSUaPmd1bD3e0R8fRODHMPeWxmpfmADOsc3RxHEm1lXdIlK4MoqeM5sxdYjc5xI18O0VPCvCZ1a2PnLC7\/jkDVamMqJeW8sAc65nWs0\/RtSiLK8vMltZMxGvc3dZZfj2GPpZ3wvNy06Hm07ive6TxCjUzcIdo89do7K1ul0Rs6cdG4C5a4DmQbeqM+ivBI5nSTyDN1Za1oOouRckj0WpyUzHNyloLeRAsset8Xjp7nWo5x2aNP4c7Ybs4PnbMj\/o\/ruugmpXamMCSPw1uP1zQ1t1g7aSqcxn2HAPaOV73HhdSui+X+\/tHB0cgPhYH8E\/XKGp0TsXtlA6RSo1KX5wGIhB1SXqN1h5n5lJeaTWD1nBkO1e0BqXkA9gH1tu8grPCnnD4C7dU1LQNd8UO\/wAnP+QV5gewjaOJ1biFvqhnbDcEZvZDyN5JsLBB8tTJVzlztXyOueQ\/oB8lzLbPM+VGFLHZeYRGJbvcbMb9on5eKtH4yRpEA1o3G2vodAheuq7ERx\/Yj0FuLuLu9ahsVsiBG2apaC9wBaw7mg6guHFyw2xwHHkFo5J5NR1ru8ZiPgrGkrJ4wO09p5G4+BWnNYALAADkBYJuena8Wc0OHIgFYJPkakC+F7SXOWa33wPmOCJBqLjUHchTaHAeqHWR\/Y4t93vHcntlMRN+pce9n4hLyQJEl0pJkJEEuFq9KuxjGoqZt5Dcnc0auP5DvT08lHmpaMxTTmgixQlWbXyPcSxrWjvuSmY9qJuOU+X9Uq2OSky5xHAnSyNDLB54ncQOfevVLgczbmOeJ7mgnKx9ybJzZnHhNUsYW2dledDpuHmhXoiH+0JvuP8A5wt\/h\/gtWq01ls+4CrL3CUUvULcIxqSV4iAGY336WtvvpwVpUSylrix8Ty0EkNeCbDfoE\/LgQbVfSWaAseHt7yNHD8kC9H1JCKiq6mcyvMUl2dU5trk8SbHVVpPAqp0WSm3mPXYdmolGUV7nivxV0m835AJuvwSobB15bpxb7QHMjkrSBtLh7GOrH5ZnC4jYM7xy8DuVph23GHzEt64s0NxM3K0i2ovu8lmo8A1OzzIweP0yS1EM4bKXo2llzSuzNEAsH53WAedRby3oyqgCM4LXNJsS1wcLoOxGKkGGVxpJC9rnjMdcoddujbjdYhUuw21NLS0j4Z+su6UvGRt9LNtr5L0ek8Gn8O7EnuTxtwZp6iO\/b6e4buNl5xzAzNTNp+vZC5z+seCRdw1sCL332PkvGEYnRVgd1UzrtBL2OFn5Re9ufks924x6CqrYpoiSxgjBJaQey650Oq2aLRXTv24cXHnr1F3WQUPfJdDo3mD3h8zGRtAtIdzr307rWHqrLHcPdS0lLL1on+iTXLm69gn7PkCArLavHIazCaiSEktFmkkFuoLb7\/EIZ2I2goqfD5Iao36yR\/1bRmcWkN1tw8VuU9VfX5k8vbLG1L8ciPLqg9sfVdms0VayVgkY4Oa4XBB4HVYl0k4iyaueWEENaGEjcSL3V5R0WG1gdDRVEtPI4G0bnva1x5Zb2d81QYRsLUy1D4pB1TIv2kh+zbhlPG41ReG006a2Vlkmml01hk1Mp2xUUl+0S+jraplHI9kukctru91wuLnusVqdRtZRsj6w1EZFr6OBJ8ANVm8n9hQHI4yzEaFzcxF+46D0UrD9k8MrnA0k72WN3xO+1l7gdR4i6HW1ae6zzpxnFP1xwy6JWVx2Jp\/jI\/iuAOxEislqGQMkFomPtfIL2uSd53qw2T2ONFMagzNkZ1Tg0t5utu4HS6GekvEqYxRUcBcTSuc1wcDoALbzvRbsXjcFRRtpoyTJDE0vBaQBbkToUF3xMdIpJvY+MY6j6P8A7DqjVK7nv3\/I+0AcF1cCS5myJ3doM9M+MkNipQdXfWSDw0aPXXyQbs9DkilnO8NIb6alNdIeIGfEJze4a\/q2+DNPndE1Bhv9zkaBq2E2+8Rc\/rvWGqvEEjmyfJS9HtAKiuia7VoJeRzyi\/zsvoGywLoqrAzEYs3thzB4kXHyW\/rPdDIyD4PBC82ThC8kLm2VjkxmeIOaWncQQfNZxTv6qcc2SW9DZaU421WSPl6yoJHty6ebv6pG0ps1Mri89aOa8ulA4qKLKyQ8dxUU0RedTuaOZWcUVLNXT2Bu5xu5x3NHHwA5KV0j1+edsYJysYDbvdqfgAjLYDCmw0rHW7cozuPj9n4fNPjwV2O4ZsdTxAZm9Y7i527yG4KdPs7SuFjCzyFvirVJHtyWCWG7JMpqxk0TjlLXgsdra4G4\/mgvoi\/xCb7j\/wCcLWZf2jP9XyWPdF9bHDXTOle1jSx4u4gC+caL0\/g8H8JqEl6L\/Ji1PFkP2bVOOy7wPyWN9GE\/V1dW8+xFI70df8FqseM08t2RzMe7KTZrgToOSyjo0p+sqqxnvRSN9XELToYtaa9T4+n\/ACBe8zg0N7E4X\/albLPUkua3tOaeNz2WfdAG5EnSbsjA2ldUQxtjdFluGiwc0kNIPhe\/kqPopxIUtXLTzdgv7Ivp22E3CMelXFWRUL4rjPNZrRxtcFx8LBbNRO6PiFcK29vy4S6wLhGLpbl2Auz3+CV3+YPkxXXRLs\/Tz08kssTXu6wsGYXs0NadPMlU2z\/+CVv+YPkxF3Qt\/uUn+e7+ViZr5yjRe4vH9z\/xAUJOcM+wGYtRtpMaZHCMrOsiGUbsslmvb4EOK9dImFww4hFHHG1jCI7taLA3dY6d6e2z\/wAdZ\/m03zanelM\/7Th+7F\/On1Sk7KXnl1vP8AySxJfkMNuMNigwudkTGsaQCQ0WFyW6\/BCfRRsxFUCSeZgeGnIxrtRe1ySPMI26SHA4ZNb3W\/MIa6GMVYI5ackB+bO0HiCADbwsudRO1eHWyi3ncs\/o0TjB3xT9it6UNnWUb4qmnHV5nbm6APb2g4ctym7f7Svdh1MGnK6pAc8jflaO0PM29EumfFGOENO0gvDi5wGpGlgPFQNvcEfHhtC4j9k3I\/uzi4v5i3mtWmxOGmd3eXjPt6CrHhzUOsBTsPsRTMpWPmibJJI0OcXC+UHUNaOACDNtcN\/squjmpuy13ba3gC2wezvaeXetL2HxuOppIy1wzMaGvbfVrgLG4Wc9K2JCqq4qeHtmMZLjW73kaA91h6pGinfLWTjZnHzbk+kg7VBVJx7JvS1QwiGCeONrXTOLnOA1dmaHa+qJ9lKeGmooZmRNEksbQ5wsCePaKoel+HJS0jPcOX+FgH4JYrhtXPhlEaN4HVxEyDMASLDQczoUq6b+Bry+Nz\/gZSoq9t\/guTVtG8riw3rXu1LnEneS4rq5vms6HxK9j1GTLPc73y3P+p1z81smCRDqjycT6brLHMI\/3iL74+a2fBT9UPE\/NCkZDJ8eoZKKqIbcWd1kThyvcW8Dotx2H2vir4hqBM0DrI7634ubzaVQbRYHHVx5H6OGrH8Wn8lldfhdVQyhxzMLTdkrCbeII3eBQTryFGWD6aXkrCKHpSr2NylzH8nOZr52KZxLpBrpxlMuQHhGMpPnv9FhsoGqaNF292sZCwwRODpXaOsfsNO+5948lRbE0fWydb7LN3e7h6IXwDZuaoOZwLIydXu3nnYbye9afhcTYGNjYLNb8+JKyypwVuLVcKZ65eTIUvYTJnG3jCKt3e1tvS34LVdmZQ6kgI3dUz4NAPyQPtvh+ZrZQL5dHeG8H1Ujo6x0MH0WQ21Jicdx5t7jxHNVtCiaIurgXUyIRFrX5C15vYE3sL2vxWSYhsnhsbyJMRyON3ZS0X1uVrOK4jFBE6SVwaxo1P4AcSvn\/Fqh+IVheG6yvs1o9lu4DyG8rqaPWXafPlyxkRbXGf1Bvs1Q4ZRSioGINcC1zBdtgc2m8DerrYzA6WlqHSRVPWOma7Kwtyki+YlvNVTMNpqWHr6loLIiBEy2skjRYaeqDRi9XVVzKiP9ox12NGjGNG9vcLHXxTZeI32yknLOeH+QY0RWMIMsUosOxWpIikfDU65rsyhxYbG4O9w7tVW7TbDMo6aSeapdI8ANiadLuJAG+5O8mwVhjGzkVdJ9Ip5hTVVwXscS0F+7M1w49480xLsLUSOa6urmljf33Pdbk2+4ld6jVVxUGrsRXcWsvj0T9mZbKZZacOff0PWwuGslwmoZK\/qmSy2D7X3Bo056ghFWx8VLQQuibUZw55fctIIuALaD91ScNpGZGRxsywRDsg73HdmIP61KshTM90ei4ms8SlbOaT+WTzg2U6eMUm+0CGLYFSVFaKw1RBDo3ZQ24+rtbXyXdrcHpcQeJHSugewZQ5zey9u8FGAgb7o9F6dE07wCs68VvjKMk\/p4X4QT00GmsdgVQYFTRUk1LJWF4mcHF4BJaBbQHXkqqbY6gcB1NTLA9vtSAgO7wdLLR\/orLWyj0Cr5qRp4BFDxfUqTcZd8sv4StrkD8H2Vo6eQSyTGqlaQWsaLtzDcXHjz1KvJqh5Mhmb1sUwtJFvDRwy96enfHCMzsrAOJsEO1m2lKzc5zz+6029Ta6lurtvkpTlyuvTA2FFdccEKbYujLi6GvMIO9j+yR3X0umW1eHYSS6Jxq6u3YNuwy\/G\/4rk+3NMd8Dz39n81RY\/tHTVDMvUOuPsuu0Ef07ltlr77IbZT4ff5EfD0x5XZdYHjUOJwfQ66YsnEjpI5baHMScvlutyCtcHhosLe98uINeTG5giF7jNY3y3Njp8VkIeQQQbEG4I3g8x3qdhOGTVs4jjGeV9ySTw4uJKUtRZGp1qXy+wvZFy3Y5NWotm8KLGkQOfcXzdY7W+t96ScwzDzTxMhOpjGUnXfxXV5iWsmm\/nZ0VVD2Mfw92Wdl+Dxf+KxWw7Py6ObyNx4Hf8AFZXtVSfR66oZ7kziPAuzt+BCPcHrbFknBwF\/A716SDysnOfAXLy9gcLEAjkRcLrTddRlFPLszSONzAy\/hb5KRSYLTxashY088qnpIZRyQ9Lq4ldZpwCTHWPTqjBOMeskqw8nuSMOBa4XB0I7kC43gL4TmZdzL3BG9vj+aOwV0pLiFkDcL22qYRlcGytHvkh38Q\/G6dq+k6e1m07GnmXud+AV3VYFTyamMA823b8kwzZimHsE+LnEfNUlgvLM8xLEqqvkAeXSH2WNHZHgNyNdj9l2015ZiMwaS48GNGpAPfzV\/TUMcYsxjWj90AeqpNvKwshFMw2Mnak55RqG\/BE54WECl7gXtVjL66oAaD1bTliZ3br+JRbs3gYp2W3vdYvd+HgqrY3BNTM6xtozx4lHENPuCfXLbE1Uwwtz7HqbDGOF3tB5XCmU+FxNNwwXUmNnwToCVK1tklyzgXbLqSW3kESSSSogkO7S44ykYXu1cSQxl9XH8giF7rC54LB9rsZdU1D337LTlYOTR3cydfNMhEqUtqGMUxOerku4lznGzWNGg5ANV9hnRnWzAF+SEfvkl38IR50f7IspYmyyNvO8XJNjkB1DW8jzKMwE9ITjPZjlR0QVFrsqYnHkWPb8bn5IG2h2dqaN2WeMtB3OGrT4OH9F9PKJimHRVEbopWB7HCxB\/DkVogynE+Z8Ep4ZS6KQlr3C0b79kO4Bw701S1E1HUBzbtlid8eI7wQrHbXZt2H1JiuSw9qN3Etvpc8xuXcUj+kUrKofbj+rm7\/df8lpwpLAKWV+TacI2no6iFkznxsc9t3NcdQ4aEHzBSXz0zcuLL8JALzGHfS\/Q2qI6kDszMAP32aEeOqjbKVeeHKd7Dby4fj6I52mwr6bRSQt\/aM+ti7y3e3zF1keA13UygnRruy7u8fA\/il+H6hXUp+xd9eyeDVsGxD\/AIbj90\/grpBgKtaDFstmv1HA8R49y6AgvUl5jlDhdpBHcvShDqSSSCUSHbrq8rqRKASZ7a6ycD0wurNKsJMkXXVEkqQzVxt+uSr6jGL6NFhz4pLiEXcEgMgbyuXcgBvus3xOrdU1Dn8Xus0chuaPT8UWT1Qiop5b2LrRtPe7f80M7KxB84OhDAXee4fP4JSW6QcVl4DXDqYMY1o3NFvzKmJp0jWNzOIAAuSUIYttQ9xLYey33vaPf3J0ng1SkomjR1LQLucB3kgD1K6yuidoJGE9z2n8VkMFHPObtY+Q87E\/FPT7PVTBd1PIB92\/y1SmZ3M2BJYzh+1c1M6zXOIG9j7keGu5aTsvtRFWt7PZkb9qM7\/EcwoolqSZeriSZmnA8U2MMhldtVVZKaYjeI3fI\/msY2OphNXU8btQZAT\/AKRm\/Ba\/jUJkglbxcxw+CxfZWvFPWwSO0DJAHdwPZPzWmNeEJt9D6VAXpcBXpXGJBJJJIyjMunOiBpoprdpkmW\/c5pNvVqA+j8CT6RC7Vr2A2\/7T8x6I66c69op4Yb9p8me37rRb5lBnRnTEunk4BrG+ZNz8vitNPZK1\/cQLVlK6J7ozva4j46JLUqzAIZXl7m9p1r+Qt+CSf5I56UuqaQscHNOo1sdyz7pM2b6mQVUTfqZzrbdHJxaeQO8eaPA+yn09O2aN8MzM0Mgs4Hf3OHeNNV4fwrVzrnh9M1aulSj+TKdl8YzAQvOo+wTxHLxRIg\/bHZiXD58puY3G8Ug4jlfg4aaKwwDHhJaOQ2fuB4O\/qvYQmpLKOS1jsI4ZnMN2kjwVlBjbh9poPeNCqpJEUEUeMRnfceITzcQiPthC6SsgU\/T4\/fCbdisQ9q\/gENJBC1khfPxpvstJ8bBRJcVkdus3w\/NVt10FKlAseMhJuTddumHE203oCqKqVrzmc8Oub6kenckygXk0TbqXJQU0f\/Me558r\/mFRbJ4pFTskfI7UkAAakga7vNC9RiMsgaHyOeGjshzi4Ad3JSKDDJpgSxhLRe7jo3TU6pMKtoyM3nKLraDal9T2QMkYN7XuT94\/ginYDY3rmipqb5DrHHr2h7zu7kFnmCU3X1EMXvva3yvr8Lr6UghDGta0WDQAB3DQIJwLUnLlnmGENAa0AAcALBOWXbLtkHlhAztXsfDWMOgZKB2ZALa8nD2gsWE01BVe7LE7UcD3d4IX0fZZD024aGyQ1AFi8GN\/eW2LSfIkeSdCAEvcN8Oxb6RCyVmjXtBtyPEeW5OoH6LMQzU74yfsP08Ha\/NGTqkLXCs0Q5WR5Yjt3hH0aqfYfVyEuYeGv2m+IPwWwyTkqpx3B46qIxyeLXDe08CE\/wAvgk69yPfRftuyoibTTuAnjAa0k26xo0H+oDeFogK+XsawOekf2wcoPZkbex5a8CrrBukrEKcBvWCVo3CVuYj\/AFAg+pKS4My5xwz6IUHF8ViponSzPDGNHHee4cysXqOl6ucLNZAw8w1x+brIRxbGaqtkBmkfK4nst4DuawCwUUGXu9iRtbtA\/EKl0xBAJDY2cm37I+8d60XZfCPo1KGn7bjmf4nh5Cyp9jdjeqInqB2xqxnunm7me5GNU7Raqo4NGnrae5jIXEmpLSbCyp6Rrdd55n9aKW0poFegV8\/i8FjlTRR1MZgmZnY71aeBB4ELAdpcNbTVUsDH52xuy5rW8W+IOl+YX0B9KEMMs7t0TCfQXXzzSxuqKjXfI8ucfE5nH5rv+G7nHLOdqcbuCywjaRzLNlu5vP2h+aKqStZKLscHD4jyVJiezDXaxHKfdO7yPBDs9JNAbkOaeY\/MLpmY0VJA9NtLMzeQ8d419VYRbXD2oj\/pcPkQryQKElR0u0jJHBjIpHPcbBrQ0knu1RJiFbS0LQaq8k5FxTMIu3\/MdewQymkWkMsjLtwJ8BdSm4XOd0Mn8DvyQvW9JVWdIGx07OAY0E+biNfRVL9s686mqk9QgzN+hfASY3WvpwR1Mhd3seGjztr5IPzz1coa0Okkdo1oG7uA4BW1H0g4hHvnzj3ZGtcD8EYbJdI1LnPX07KeV+hmjaMp+8N7fiEubml0RJMqOknC\/o8FADG1jxCWyZQNXgMvcjfx1T2wzs1JI3jmcPVquumCDPRQTBweGyfbbuLXg2Onkhbo0qf2sd\/dcPkVekW5cjq+LMFLsjUiKtp3O0DZWg+tl9LhfM+2GGmnqXW0a852H7xv8DdbT0cbWNradrXECeIBsjTvNho8cwfmpZAHptBfZKy6klbQjhWW9OlSBFTx+0XudbuAt83BabV1LI2Oe9wa1ouSTYAL5x282iNfVukF+raMkQ45Rx8STf0TIR5Ak+Aj6LYzkmdwzNHoEdqk2Pws09Kxjh23dt3cXa28hZXa3RWEbK1iKEkkkiGHl7A4EEAg7wRceioqvY2jkN+qyn9wlo9Bor9JVjILin2DMWwlGPZcfF5Vxh2EQQfsomsPMDX1KnJKYRShFdIShzvuU\/O+w8VFTIobFHWpLrVxGGW116BTTHg6g38E4F88TCZTdJFZ1WFvA3zPazyJufgCs32Cpc0rnnc0W\/Xoi\/prntDSRcy958mgf+RVLsFFaIu5k\/DReq0MdtSORc8zZfT0nFvoob4+BHkQrheHxg7wtooGanAoH6lljzacvw3Kvk2TjJ7L3jkND4cEXvohwNlNwimZF1lRLbq6djpD4tHZHwQSltWS0sgxWRR4JFZhD66ZujnAfURnkPeOqAXOfK+5zPe8+LnEp\/GMSfUzSTyG7nuJPdyA7huR\/sFs6I2CeQdt32b+y3u5Eqqq\/cZCDm+OinwjYGSQB0z8gPstALvMnRX7Oj6lA1Mh78\/9EXxsubBXFDQtAuRfxTntiavLrgujLa7o4YReJ7wf3rOHyBQRjGDS0zssjd+5w+yfPmvpfIOSHtqcCjnicHNB56fHuIQJxkKlCMujDqbHpW00lK45oX2IafYc03Dm8uOic2QrupqoyTZruw7wdu+NlDxnDXU8zoncNQebTuKhAqktrEJuMv0bHjuCMrIcjtHt1Y7ke\/8AdO5Zg9lTQTg3dFI09lw0BHdwcFpey2LddCx\/EDK\/xH6uritoYp25ZWNe3k4X9ORTpxUuTZZUp\/MgXwbpilaA2pgbJb24zkJ8Wm4v4EKwqumePL9XSvJ\/fe0D4XVfWdHlO43Y97O7QhMRdHEQPameR3ABJ8oR5VgNbU7aVVecsjg2O+kUdw3z1u4+OncrvYjZE3bUVDbW1Yw7yeDndyJ8J2Upac5mx5nDc5\/aI8OAV2mRrwMrow8yEkkkmGgSSSShYkkklCCXmR9gvMkoHiornE6lEkEkJzr6lcSULGK8QQvkPsjTvJ3BH0i28LJQ4rteIpXxhtw02v32F\/jdJZ+55cS5xN3Ek+JN0lm84wvUs2KN5abtNvl6KfT4mNzxbhcaj+irV6j3jxC+Z03yi0vQ7s6k0UHTfJ\/eKZvKEn+J1v8AxXnY7SBne0n4kpjpqP8AfYv+nZ\/PIvWykloIj3EH1K+hab7a\/R5qf1MJkkkloBEo22UxjwmS2+WVjPIdoj4KSoe3sebCQR7M7b+YSrfT9hRMxwWlEs8UZ3Oe0Hw3n4LcImAAALFdl5A2rhJ3ZwPUEfitrYdAtFfRq030slUY3q8pj2QqCnksVZQT5e8ILIjJoslHrjZhPcl9Lb3qrxCsz9kbh80EYtsCMXkzDpPox9XIN4Jb5HUICa0ncL7z5AXPwufJaL0nTjqmN4l9\/IBD3RtTdZiVO0i7byZgdxb1TwR8UVz28ib18+EM7G4z9Hms4\/VyWDuQPsu\/BarDNbwKzDbvZk0M5DdYZCTG7z1Ye8aK42I2jzAU8p7Q0jceI9096KmxSQ3T2bfkkaE119y6oLXW3J1tRzCe4mpxJKSaE7V6Eo5qsMrDPaS8dYOa8mcKYJhjqSYNR3Jp0xKtRLSZKc8DemHz8kykiUQlESSSSIsSzjbzGhLIIWG7Izr3u\/pqr7bLaMQtMMZvK4an3Gn8ShPZDZ19fUCJt8o7Uj\/dbfU+J3BZrrUkY9Rbn5YjVBs\/VSxtkjge5jr2cLWNiQfiCkt8hxKnp2iFgs2MBoAAtokuM\/E6F6ifhZewKWXQNySS8Gu0ejfQMdMo\/vsX\/TM\/nkTWy4\/u7fF3zKSS+k6b7cf0eXn9TCtm4eAXbLqS0ACsvO0jQcJqfvM\/makkl29L9hRMipR22feb8wtypfshJJaK+jXpvpY6n6UrqSuXQ+XR2qOijJJKRJEzPpK\/axfdd8wpPQ40f2huGkMlv+1JJZtV9L\/Rjt+6E22jA7D6rMAcsrS24vlJcQSORWP7jcb0kkjRfbQNn1mzYcbxRk6ksaSTv+yFISSXWXR010dsuELiShZ1KySSsgrJWSSUIKyVkklCCsuP3HwKSSpkfRis5u5xOpJNydTvWxdEcYGHyuAAcXvuQLE2Glz3JJLk637cjmR+4cXUkl84k+WeiXR\/\/9k=\" width=\"147\" height=\"110\" \/>\u00a0\u00a0 <img loading=\"lazy\" decoding=\"async\" class=\"alignnone\" src=\"http:\/\/img1.meristation.com\/files\/imagenes\/general\/kodu-start-screen.jpg\" alt=\"\" width=\"168\" height=\"105\" \/><\/p>\n<p>Existeixen diverses plataformes per comen\u00e7ar a programar. Tot seguit en comentem algunes que s\u00f3n gratu\u00eftes i f\u00e0cils d&#8217;utilitzar.<\/p>\n<ul>\n<li><a href=\"https:\/\/code.org\/\" target=\"_blank\" rel=\"noopener noreferrer\">Code<\/a>: plataforma per aprendre \u00a0a programar de manera aut\u00f2noma. Les activitats estan guiades i van de menor a major dificultat. La interf\u00edcie \u00e9s molt agradable i intu\u00eftiva. Permet al tutor fer el seguiment dels alumnes: veure les activitats que han realitzar, on han fallat, \u2026 Cal crear un compte per al tutor i un per a cada alumne.<\/li>\n<li><a href=\"https:\/\/lightbot.com\/\" target=\"_blank\" rel=\"noopener noreferrer\">Lightbot<\/a>: aplicaci\u00f3 en l\u00ednia per comen\u00e7ar a programar. Parteix dels conceptes m\u00e9s elementals i va augmentant progressivament el grau de dificultat.<\/li>\n<li><a href=\"http:\/\/www.kodugamelab.com\/about\" target=\"_blank\" rel=\"noopener noreferrer\">Kodu<\/a>: dissenyador de jocs amb programaci\u00f3 visual. Permet als nens i nenes crear jocs al PC i Xbox a trav\u00e9s d&#8217;un senzill llenguatge de programaci\u00f3 visual. Kodu es pot utilitzar per ensenyar creativitat, resoluci\u00f3 de problemes, la narraci\u00f3, aix\u00ed com la programaci\u00f3. Qualsevol pot usar Kodu per fer un joc, els nens petits com a adults sense coneixements de programaci\u00f3 o disseny.<\/li>\n<\/ul>\n<p>A <a href=\"http:\/\/www.edu365.cat\/search.html?q=programaci%C3%B3\" target=\"_blank\" rel=\"noopener noreferrer\"><strong>Edu365<\/strong> <\/a>podem trobar un recull d&#8217;aplicacions per a aprendre a programar.<\/p>\n","protected":false},"excerpt":{"rendered":"<p>\u00a0 \u00a0 \u00a0\u00a0\u00a0<br \/>\nExisteixen diverses plataformes per comen\u00e7ar a programar. Tot seguit en comentem algunes que s\u00f3n gratu\u00eftes i f\u00e0cils d&#8217;utilitzar.<\/p>\n<ul>\n<li><a href=\"https:\/\/code.org\/\" target=\"_blank\" rel=\"noopener noreferrer\">Code<\/a>: plataforma per aprendre \u00a0a programar de manera aut\u00f2noma. Les activitats estan guiades i van de menor a major dificultat. La&hellip;  <a href=\"https:\/\/serveiseducatius.xtec.cat\/solsones\/programacio-i-robotica\/per-comencar-a-programar\/\" title=\"Read Per comen\u00e7ar a programar\">Llegeix m\u00e9s\u00bb<\/a><br \/>\n","protected":false},"author":1,"featured_media":0,"parent":8232,"menu_order":0,"comment_status":"closed","ping_status":"closed","template":"","meta":{"_bbp_topic_count":0,"_bbp_reply_count":0,"_bbp_total_topic_count":0,"_bbp_total_reply_count":0,"_bbp_voice_count":0,"_bbp_anonymous_reply_count":0,"_bbp_topic_count_hidden":0,"_bbp_reply_count_hidden":0,"_bbp_forum_subforum_count":0,"footnotes":""},"class_list":["post-8234","page","type-page","status-publish","hentry"],"post_mailing_queue_ids":[],"_links":{"self":[{"href":"https:\/\/serveiseducatius.xtec.cat\/solsones\/wp-json\/wp\/v2\/pages\/8234","targetHints":{"allow":["GET"]}}],"collection":[{"href":"https:\/\/serveiseducatius.xtec.cat\/solsones\/wp-json\/wp\/v2\/pages"}],"about":[{"href":"https:\/\/serveiseducatius.xtec.cat\/solsones\/wp-json\/wp\/v2\/types\/page"}],"author":[{"embeddable":true,"href":"https:\/\/serveiseducatius.xtec.cat\/solsones\/wp-json\/wp\/v2\/users\/1"}],"replies":[{"embeddable":true,"href":"https:\/\/serveiseducatius.xtec.cat\/solsones\/wp-json\/wp\/v2\/comments?post=8234"}],"version-history":[{"count":4,"href":"https:\/\/serveiseducatius.xtec.cat\/solsones\/wp-json\/wp\/v2\/pages\/8234\/revisions"}],"predecessor-version":[{"id":11615,"href":"https:\/\/serveiseducatius.xtec.cat\/solsones\/wp-json\/wp\/v2\/pages\/8234\/revisions\/11615"}],"up":[{"embeddable":true,"href":"https:\/\/serveiseducatius.xtec.cat\/solsones\/wp-json\/wp\/v2\/pages\/8232"}],"wp:attachment":[{"href":"https:\/\/serveiseducatius.xtec.cat\/solsones\/wp-json\/wp\/v2\/media?parent=8234"}],"curies":[{"name":"wp","href":"https:\/\/api.w.org\/{rel}","templated":true}]}}