{"id":8232,"date":"2016-05-29T14:49:54","date_gmt":"2016-05-29T13:49:54","guid":{"rendered":"http:\/\/serveiseducatius.xtec.cat\/solsones\/?page_id=8232"},"modified":"2020-08-03T09:03:40","modified_gmt":"2020-08-03T07:03:40","slug":"programacio-i-robotica","status":"publish","type":"page","link":"https:\/\/serveiseducatius.xtec.cat\/solsones\/programacio-i-robotica\/","title":{"rendered":"Programaci\u00f3 i rob\u00f2tica"},"content":{"rendered":"<p>El <strong>SE del Solson\u00e8s,<\/strong>\u00a0juntament amb el\u00a0<strong>Refugi Tecnol\u00f2gic<\/strong>\u00a0i la col\u00b7laboraci\u00f3 del <strong>PEE<\/strong>,\u00a0est\u00e0 desenvolupant un\u00a0<strong>projecte de programaci\u00f3 i rob\u00f2tica<\/strong>\u00a0\u00a0que t\u00e9 com a objectiu impulsar la programaci\u00f3 i la rob\u00f2tica als centres educatius de la zona per tal\u00a0que esdevingui una eina d&#8217;aprenentatge l\u00fadica i amena per als alumnes. La programaci\u00f3 ajuda a estructurar el pensament i a desenvolupar el pensament construccional.<\/p>\n<p>En aquest sentit es porten a terme sessions informatives i formatives sobre el llenguatge de programaci\u00f3\u00a0<strong>Scratch<\/strong> i l&#8217;aplicaci\u00f3 de la rob\u00f2tica a les aules. Els tipus de robots dels quals es disposa en aquests moments s\u00f3n \u00a0<strong>Bee-bots, Pro-bots,\u00a0<\/strong><strong>Wedo Lego, plaques Imagina3dBot, Arduino i Makey Makey.<\/strong><\/p>\n<p>Aquest <strong>material<\/strong> est\u00e0 <strong>en pr\u00e9stec per als centres de la zona<\/strong> i cal fer reserva pr\u00e8viament per tel\u00e8fon o correu electr\u00f2nic.<\/p>\n<ul>\n<li>1 kit de <a href=\"http:\/\/serveiseducatius.xtec.cat\/solsones\/programacio-i-robotica\/bee-bots\/\"><strong>3 Bee-bots<\/strong><\/a>, 2 catifes i targetes amb dibuixos plastificades.<\/li>\n<li>1 kit de<strong> <a href=\"https:\/\/serveiseducatius.xtec.cat\/solsones\/programacio-i-robotica\/pro-bot\/\">6 Pro-bot<\/a><\/strong><\/li>\n<li>12 kits b\u00e0sics de <strong><a href=\"http:\/\/serveiseducatius.xtec.cat\/solsones\/programacio-i-robotica\/wedo-lego\/\">Lego\u00a0Wedo<\/a>.<\/strong><\/li>\n<li>2 kits <a href=\"http:\/\/serveiseducatius.xtec.cat\/solsones\/programacio-i-robotica\/arduino\/\"><strong>Arduino <\/strong><\/a>Starter.<\/li>\n<li>4 kits\u00a0<strong><a href=\"http:\/\/serveiseducatius.xtec.cat\/solsones\/programacio-i-robotica\/imagina3dbot\/\">Imagina3dBot<\/a>.<\/strong><\/li>\n<li>4 kits\u00a0<strong><a href=\"http:\/\/serveiseducatius.xtec.cat\/solsones\/programacio-i-robotica\/makey-makey\/\">Makey Makey<\/a>.<\/strong><\/li>\n<li>2<a href=\"http:\/\/serveiseducatius.xtec.cat\/solsones\/programacio-i-robotica\/zum-kit\/\"><strong> Zum Kit<\/strong><\/a> de bq<\/li>\n<li><a href=\"http:\/\/serveiseducatius.xtec.cat\/solsones\/programacio-i-robotica\/brac-robotic\/\"><strong>Bra\u00e7 rob\u00f2tic<\/strong><\/a><\/li>\n<\/ul>\n<p><a href=\"https:\/\/docs.google.com\/document\/d\/1Tb7gBT1-pTAk60ps83-7zkMwREOQhcLLWzhu7mMPnjk\/edit?usp=sharing\" target=\"_blank\" rel=\"noopener noreferrer\">Proposta de programaci\u00f3 general de programaci\u00f3 i rob\u00f2tica des d&#8217;Educaci\u00f3 infantil fins a 4t d&#8217;ESO<\/a>.<\/p>\n","protected":false},"excerpt":{"rendered":"<p>El SE del Solson\u00e8s,\u00a0juntament amb el\u00a0Refugi Tecnol\u00f2gic\u00a0i la col\u00b7laboraci\u00f3 del PEE,\u00a0est\u00e0 desenvolupant un\u00a0projecte de programaci\u00f3 i rob\u00f2tica\u00a0\u00a0que t\u00e9 com a objectiu impulsar la programaci\u00f3 i la rob\u00f2tica als centres educatius de la zona per tal\u00a0que esdevingui una eina d&#8217;aprenentatge l\u00fadica i amena per als alumnes. La programaci\u00f3 ajuda a estructurar el pensament i a desenvolupar [&hellip;]<\/p>\n","protected":false},"author":1,"featured_media":0,"parent":0,"menu_order":0,"comment_status":"closed","ping_status":"closed","template":"","meta":{"_bbp_topic_count":0,"_bbp_reply_count":0,"_bbp_total_topic_count":0,"_bbp_total_reply_count":0,"_bbp_voice_count":0,"_bbp_anonymous_reply_count":0,"_bbp_topic_count_hidden":0,"_bbp_reply_count_hidden":0,"_bbp_forum_subforum_count":0,"site-sidebar-layout":"default","site-content-layout":"","ast-site-content-layout":"","site-content-style":"default","site-sidebar-style":"default","ast-global-header-display":"","ast-banner-title-visibility":"","ast-main-header-display":"","ast-hfb-above-header-display":"","ast-hfb-below-header-display":"","ast-hfb-mobile-header-display":"","site-post-title":"","ast-breadcrumbs-content":"","ast-featured-img":"","footer-sml-layout":"","theme-transparent-header-meta":"","adv-header-id-meta":"","stick-header-meta":"","header-above-stick-meta":"","header-main-stick-meta":"","header-below-stick-meta":"","astra-migrate-meta-layouts":"default","ast-page-background-enabled":"default","ast-page-background-meta":{"desktop":{"background-color":"var(--ast-global-color-4)","background-image":"","background-repeat":"repeat","background-position":"center center","background-size":"auto","background-attachment":"scroll","background-type":"","background-media":"","overlay-type":"","overlay-color":"","overlay-opacity":"","overlay-gradient":""},"tablet":{"background-color":"","background-image":"","background-repeat":"repeat","background-position":"center center","background-size":"auto","background-attachment":"scroll","background-type":"","background-media":"","overlay-type":"","overlay-color":"","overlay-opacity":"","overlay-gradient":""},"mobile":{"background-color":"","background-image":"","background-repeat":"repeat","background-position":"center center","background-size":"auto","background-attachment":"scroll","background-type":"","background-media":"","overlay-type":"","overlay-color":"","overlay-opacity":"","overlay-gradient":""}},"ast-content-background-meta":{"desktop":{"background-color":"var(--ast-global-color-5)","background-image":"","background-repeat":"repeat","background-position":"center center","background-size":"auto","background-attachment":"scroll","background-type":"","background-media":"","overlay-type":"","overlay-color":"","overlay-opacity":"","overlay-gradient":""},"tablet":{"background-color":"var(--ast-global-color-5)","background-image":"","background-repeat":"repeat","background-position":"center center","background-size":"auto","background-attachment":"scroll","background-type":"","background-media":"","overlay-type":"","overlay-color":"","overlay-opacity":"","overlay-gradient":""},"mobile":{"background-color":"var(--ast-global-color-5)","background-image":"","background-repeat":"repeat","background-position":"center center","background-size":"auto","background-attachment":"scroll","background-type":"","background-media":"","overlay-type":"","overlay-color":"","overlay-opacity":"","overlay-gradient":""}},"footnotes":""},"class_list":["post-8232","page","type-page","status-publish","hentry"],"post_mailing_queue_ids":[],"_links":{"self":[{"href":"https:\/\/serveiseducatius.xtec.cat\/solsones\/wp-json\/wp\/v2\/pages\/8232","targetHints":{"allow":["GET"]}}],"collection":[{"href":"https:\/\/serveiseducatius.xtec.cat\/solsones\/wp-json\/wp\/v2\/pages"}],"about":[{"href":"https:\/\/serveiseducatius.xtec.cat\/solsones\/wp-json\/wp\/v2\/types\/page"}],"author":[{"embeddable":true,"href":"https:\/\/serveiseducatius.xtec.cat\/solsones\/wp-json\/wp\/v2\/users\/1"}],"replies":[{"embeddable":true,"href":"https:\/\/serveiseducatius.xtec.cat\/solsones\/wp-json\/wp\/v2\/comments?post=8232"}],"version-history":[{"count":3,"href":"https:\/\/serveiseducatius.xtec.cat\/solsones\/wp-json\/wp\/v2\/pages\/8232\/revisions"}],"predecessor-version":[{"id":11757,"href":"https:\/\/serveiseducatius.xtec.cat\/solsones\/wp-json\/wp\/v2\/pages\/8232\/revisions\/11757"}],"wp:attachment":[{"href":"https:\/\/serveiseducatius.xtec.cat\/solsones\/wp-json\/wp\/v2\/media?parent=8232"}],"curies":[{"name":"wp","href":"https:\/\/api.w.org\/{rel}","templated":true}]}}