{"id":345,"date":"2015-11-24T18:45:10","date_gmt":"2015-11-24T17:45:10","guid":{"rendered":"http:\/\/serveiseducatius.xtec.cat\/solsones\/?page_id=345"},"modified":"2019-08-21T11:03:47","modified_gmt":"2019-08-21T09:03:47","slug":"pla-dentorn-pee","status":"publish","type":"page","link":"https:\/\/serveiseducatius.xtec.cat\/solsones\/comunitat\/pla-dentorn-pee\/","title":{"rendered":"Pla educatiu d&#8217;entorn (PEE)"},"content":{"rendered":"<p><a href=\"https:\/\/serveiseducatius.xtec.cat\/solsones\/wp-content\/uploads\/usu1176\/2016\/08\/Logo_PEE_1petit.jpg\"><img loading=\"lazy\" decoding=\"async\" class=\"alignleft wp-image-8414\" src=\"https:\/\/serveiseducatius.xtec.cat\/solsones\/wp-content\/uploads\/usu1176\/2016\/08\/Logo_PEE_1petit.jpg\" alt=\"Logo_PEE_1petit\" width=\"181\" height=\"181\" \/><\/a>El <strong>Pla Educatiu d&#8217;Entorn<\/strong> \u00e9s una proposta educativa innovadora que vol donar una resposta integrada a les necessitats pedag\u00f2giques<strong>\u00a0<\/strong>de la nostra societat; coordinant i dinamitzant l&#8217;acci\u00f3 educativa en els diferents \u00e0mbits de la vida dels infants i els joves (de 0 a 18 anys) mitjan\u00e7ant diverses iniciatives locals.<\/p>\n<p>La finalitat \u00e9s complementar i refor\u00e7ar l&#8217;acci\u00f3 educativa dels centres docents establint continu\u00eftats entre all\u00f2 que s&#8217;hi fa als centres educatius i les diferents din\u00e0miques socials i culturals de l&#8217;\u00e0mbit comunitari.<\/p>\n<p>Per veure les activitats realitzades dins d&#8217;aquest pla aneu al <a href=\"http:\/\/serveiseducatius.xtec.cat\/solsones\/categoria\/comunitat\/pee\/\">Pla Educatiu d&#8217;Entorn Solsona<\/a>.<\/p>\n","protected":false},"excerpt":{"rendered":"<p><a href=\"https:\/\/serveiseducatius.xtec.cat\/solsones\/wp-content\/uploads\/usu1176\/2016\/08\/Logo_PEE_1petit.jpg\"><\/a>El Pla Educatiu d&#8217;Entorn \u00e9s una proposta educativa innovadora que vol donar una resposta integrada a les necessitats pedag\u00f2giques\u00a0de la nostra societat; coordinant i dinamitzant l&#8217;acci\u00f3 educativa en els diferents \u00e0mbits de la vida dels infants i els joves (de 0 a 18 anys)&hellip;  <a href=\"https:\/\/serveiseducatius.xtec.cat\/solsones\/comunitat\/pla-dentorn-pee\/\" title=\"Read Pla educatiu d&#8217;entorn (PEE)\">Llegeix m\u00e9s\u00bb<\/a><\/p>\n","protected":false},"author":1,"featured_media":0,"parent":341,"menu_order":30,"comment_status":"closed","ping_status":"closed","template":"page-templates\/side-menu.php","meta":{"_bbp_topic_count":0,"_bbp_reply_count":0,"_bbp_total_topic_count":0,"_bbp_total_reply_count":0,"_bbp_voice_count":0,"_bbp_anonymous_reply_count":0,"_bbp_topic_count_hidden":0,"_bbp_reply_count_hidden":0,"_bbp_forum_subforum_count":0,"footnotes":""},"class_list":["post-345","page","type-page","status-publish","hentry"],"post_mailing_queue_ids":[],"_links":{"self":[{"href":"https:\/\/serveiseducatius.xtec.cat\/solsones\/wp-json\/wp\/v2\/pages\/345","targetHints":{"allow":["GET"]}}],"collection":[{"href":"https:\/\/serveiseducatius.xtec.cat\/solsones\/wp-json\/wp\/v2\/pages"}],"about":[{"href":"https:\/\/serveiseducatius.xtec.cat\/solsones\/wp-json\/wp\/v2\/types\/page"}],"author":[{"embeddable":true,"href":"https:\/\/serveiseducatius.xtec.cat\/solsones\/wp-json\/wp\/v2\/users\/1"}],"replies":[{"embeddable":true,"href":"https:\/\/serveiseducatius.xtec.cat\/solsones\/wp-json\/wp\/v2\/comments?post=345"}],"version-history":[{"count":3,"href":"https:\/\/serveiseducatius.xtec.cat\/solsones\/wp-json\/wp\/v2\/pages\/345\/revisions"}],"predecessor-version":[{"id":10908,"href":"https:\/\/serveiseducatius.xtec.cat\/solsones\/wp-json\/wp\/v2\/pages\/345\/revisions\/10908"}],"up":[{"embeddable":true,"href":"https:\/\/serveiseducatius.xtec.cat\/solsones\/wp-json\/wp\/v2\/pages\/341"}],"wp:attachment":[{"href":"https:\/\/serveiseducatius.xtec.cat\/solsones\/wp-json\/wp\/v2\/media?parent=345"}],"curies":[{"name":"wp","href":"https:\/\/api.w.org\/{rel}","templated":true}]}}