{"id":16224,"date":"2026-02-12T01:48:17","date_gmt":"2026-02-12T00:48:17","guid":{"rendered":"https:\/\/serveiseducatius.xtec.cat\/solsones\/?page_id=16224"},"modified":"2026-02-13T11:52:18","modified_gmt":"2026-02-13T10:52:18","slug":"fira-informat","status":"publish","type":"page","link":"https:\/\/serveiseducatius.xtec.cat\/solsones\/comunitat\/fira-informat\/","title":{"rendered":"FIRA INFORMA&#8217;T"},"content":{"rendered":"<p>Al Solson\u00e8s i Cardona s\u2019aposta per la Formaci\u00f3 Professional, oferint cicles formatius de diverses fam\u00edlies professionals que s\u2019adapten a les necessitats del territori. Des de l&#8217;any 2024 la <strong>fira INFORMA&#8217;T<\/strong> ha volgut donar visibilitat a tota <strong><a href=\"https:\/\/serveiseducatius.xtec.cat\/solsones\/wp-content\/uploads\/usu1176\/2025\/03\/Infografia-FP-_rv.pdf\">l&#8217;oferta formativa postobligat\u00f2ria<\/a><\/strong> d&#8217;aquest territori per orientar i informar a l&#8217;alumnat en la tria educativa i les sortides professionals km0.<\/p>\n<table style=\"border-collapse: collapse; width: 100%;\">\n<tbody>\n<tr>\n<td style=\"width: 33.3333%;\">\n<h3 style=\"text-align: center;\">Properament INFORMA&#8217;T 2026<\/h3>\n<h3 style=\"text-align: center;\">18-3-2026<\/h3>\n<\/td>\n<td style=\"width: 33.3333%;\"><a href=\"https:\/\/serveiseducatius.xtec.cat\/solsones\/general\/fira-informat\/\"><img loading=\"lazy\" decoding=\"async\" class=\"alignnone wp-image-15603\" src=\"https:\/\/serveiseducatius.xtec.cat\/solsones\/wp-content\/uploads\/usu1176\/2025\/02\/Cartell_Fira_Informat_2025_v2-scaled-e1740486310516.jpg\" alt=\"\" width=\"409\" height=\"283\" srcset=\"https:\/\/serveiseducatius.xtec.cat\/solsones\/wp-content\/uploads\/usu1176\/2025\/02\/Cartell_Fira_Informat_2025_v2-scaled-e1740486310516.jpg 1809w, https:\/\/serveiseducatius.xtec.cat\/solsones\/wp-content\/uploads\/usu1176\/2025\/02\/Cartell_Fira_Informat_2025_v2-scaled-e1740486310516-300x208.jpg 300w, https:\/\/serveiseducatius.xtec.cat\/solsones\/wp-content\/uploads\/usu1176\/2025\/02\/Cartell_Fira_Informat_2025_v2-scaled-e1740486310516-768x532.jpg 768w, https:\/\/serveiseducatius.xtec.cat\/solsones\/wp-content\/uploads\/usu1176\/2025\/02\/Cartell_Fira_Informat_2025_v2-scaled-e1740486310516-1024x710.jpg 1024w, https:\/\/serveiseducatius.xtec.cat\/solsones\/wp-content\/uploads\/usu1176\/2025\/02\/Cartell_Fira_Informat_2025_v2-scaled-e1740486310516-1536x1065.jpg 1536w\" sizes=\"auto, (max-width: 409px) 100vw, 409px\" \/><\/a><\/td>\n<td style=\"width: 33.3333%;\"><a href=\"https:\/\/serveiseducatius.xtec.cat\/solsones\/general\/1a-fira-informat-al-territori-solcar\/\"><img loading=\"lazy\" decoding=\"async\" class=\"wp-image-14957 aligncenter\" src=\"https:\/\/serveiseducatius.xtec.cat\/solsones\/wp-content\/uploads\/usu1176\/2024\/02\/fira.jpg\" alt=\"\" width=\"299\" height=\"278\" srcset=\"https:\/\/serveiseducatius.xtec.cat\/solsones\/wp-content\/uploads\/usu1176\/2024\/02\/fira.jpg 860w, https:\/\/serveiseducatius.xtec.cat\/solsones\/wp-content\/uploads\/usu1176\/2024\/02\/fira-300x279.jpg 300w, https:\/\/serveiseducatius.xtec.cat\/solsones\/wp-content\/uploads\/usu1176\/2024\/02\/fira-768x714.jpg 768w\" sizes=\"auto, (max-width: 299px) 100vw, 299px\" \/><\/a><\/td>\n<\/tr>\n<\/tbody>\n<\/table>\n<p><span style=\"text-decoration: underline;\"><strong>CICLES FORMATIUS AL TERRITORI SOLCAR CURS 25\/26<\/strong><\/span><\/p>\n<table dir=\"ltr\" style=\"width: 96.4773%;\" border=\"1\" cellspacing=\"0\" cellpadding=\"0\" data-sheets-root=\"1\" data-sheets-baot=\"1\">\n<colgroup>\n<col width=\"34\" \/>\n<col width=\"94\" \/>\n<col width=\"271\" \/>\n<col width=\"172\" \/>\n<col width=\"74\" \/><\/colgroup>\n<tbody>\n<tr>\n<td style=\"width: 5.86707%;\"><\/td>\n<td style=\"width: 13.886%;\"><strong>Tipus<\/strong><\/td>\n<td style=\"width: 45.1759%;\"><strong>Fam\u00edlia \/ Nom curs<\/strong><\/td>\n<td style=\"width: 22.7253%;\"><strong>Centre<\/strong><\/td>\n<td style=\"width: 78.5589%;\"><strong>Municipi<\/strong><\/td>\n<\/tr>\n<tr>\n<td style=\"width: 166.213%;\" colspan=\"5\"><strong>Activitats f\u00edsiques i esportives<\/strong><\/td>\n<\/tr>\n<tr>\n<td style=\"width: 5.86707%;\"><\/td>\n<td style=\"width: 13.886%;\">CFG mitj\u00e0<\/td>\n<td style=\"width: 45.1759%;\">Guia en el Medi Natural i de Temps de Lleure<\/td>\n<td style=\"width: 22.7253%;\">Escola Arrels II<\/td>\n<td style=\"width: 78.5589%;\">Solsona<\/td>\n<\/tr>\n<tr>\n<td style=\"width: 5.86707%;\"><\/td>\n<td style=\"width: 13.886%;\">IFE *<\/td>\n<td style=\"width: 45.1759%;\">Auxiliar en Manteniment d&#8217;Instal\u00b7lacions Esportives<\/td>\n<td style=\"width: 22.7253%;\">Inst. Francesc Ribalta<\/td>\n<td style=\"width: 78.5589%;\">Solsona<\/td>\n<\/tr>\n<tr>\n<td style=\"width: 166.213%;\" colspan=\"5\"><strong>Administraci\u00f3 i gesti\u00f3<\/strong><\/td>\n<\/tr>\n<tr>\n<td style=\"width: 5.86707%;\"><\/td>\n<td style=\"width: 13.886%;\">CFG mitj\u00e0<\/td>\n<td style=\"width: 45.1759%;\">Gesti\u00f3 administrativa<\/td>\n<td style=\"width: 22.7253%;\">Institut St. Ramon<\/td>\n<td style=\"width: 78.5589%;\">Cardona<\/td>\n<\/tr>\n<tr>\n<td style=\"width: 5.86707%;\"><\/td>\n<td style=\"width: 13.886%;\">CFG superior<\/td>\n<td style=\"width: 45.1759%;\">Administraci\u00f3 i finances<\/td>\n<td style=\"width: 22.7253%;\">Escola Arrels II<\/td>\n<td style=\"width: 78.5589%;\">Solsona<\/td>\n<\/tr>\n<tr>\n<td style=\"width: 166.213%;\" colspan=\"5\"><strong>Agr\u00e0ria<\/strong><\/td>\n<\/tr>\n<tr>\n<td style=\"width: 5.86707%;\"><\/td>\n<td style=\"width: 13.886%;\">CFG superior<\/td>\n<td style=\"width: 45.1759%;\">Gesti\u00f3 Forestal i del Medi Natural<\/td>\n<td style=\"width: 22.7253%;\">Escola Agr\u00e0ria del Solson\u00e8s<\/td>\n<td style=\"width: 78.5589%;\">Olius<\/td>\n<\/tr>\n<tr>\n<td style=\"width: 5.86707%;\"><\/td>\n<td style=\"width: 13.886%;\">CFG superior<\/td>\n<td style=\"width: 45.1759%;\">Paisatgisme i Medi Rural<\/td>\n<td style=\"width: 22.7253%;\">Escola Agr\u00e0ria del Solson\u00e8s<\/td>\n<td style=\"width: 78.5589%;\">Olius<\/td>\n<\/tr>\n<tr>\n<td style=\"width: 5.86707%;\"><\/td>\n<td style=\"width: 13.886%;\">PFI *<\/td>\n<td style=\"width: 45.1759%;\">Auxiliar de Vivers i Jardins<\/td>\n<td style=\"width: 22.7253%;\">Inst. Francesc Ribalta<\/td>\n<td style=\"width: 78.5589%;\">Solsona<\/td>\n<\/tr>\n<tr>\n<td style=\"width: 5.86707%;\"><\/td>\n<td style=\"width: 13.886%;\">CP*<\/td>\n<td style=\"width: 45.1759%;\">Certificat Professional en Aprofitament Forestal (Nivell 2)<\/td>\n<td style=\"width: 22.7253%;\">Escola Agr\u00e0ria del Solson\u00e8s<\/td>\n<td style=\"width: 78.5589%;\">Olius<\/td>\n<\/tr>\n<tr>\n<td style=\"width: 166.213%;\" colspan=\"5\"><strong>Comer\u00e7 i m\u00e0rqueting<\/strong><\/td>\n<\/tr>\n<tr>\n<td style=\"width: 5.86707%;\"><\/td>\n<td style=\"width: 13.886%;\">CFG mitj\u00e0<\/td>\n<td style=\"width: 45.1759%;\">Activitats comercials<\/td>\n<td style=\"width: 22.7253%;\">Escola Arrels II<\/td>\n<td style=\"width: 78.5589%;\">Solsona<\/td>\n<\/tr>\n<tr>\n<td style=\"width: 166.213%;\" colspan=\"5\"><strong>Electricitat i electr\u00f2nica<\/strong><\/td>\n<\/tr>\n<tr>\n<td style=\"width: 5.86707%;\"><\/td>\n<td style=\"width: 13.886%;\">CFG b\u00e0sic<\/td>\n<td style=\"width: 45.1759%;\">Electricitat i Electr\u00f2nica<\/td>\n<td style=\"width: 22.7253%;\">Inst. Francesc Ribalta<\/td>\n<td style=\"width: 78.5589%;\">Solsona<\/td>\n<\/tr>\n<tr>\n<td style=\"width: 5.86707%;\"><\/td>\n<td style=\"width: 13.886%;\">CFG superior<\/td>\n<td style=\"width: 45.1759%;\">Automatitzaci\u00f3 i rob\u00f2tica industrial<\/td>\n<td style=\"width: 22.7253%;\">Inst. Francesc Ribalta<\/td>\n<td style=\"width: 78.5589%;\">Solsona<\/td>\n<\/tr>\n<tr>\n<td style=\"width: 166.213%;\" colspan=\"5\"><strong>Instal\u00b7lacions i Manteniment<\/strong><\/td>\n<\/tr>\n<tr>\n<td style=\"width: 5.86707%;\"><\/td>\n<td style=\"width: 13.886%;\">CFG mitj\u00e0<\/td>\n<td style=\"width: 45.1759%;\">Manteniment electromec\u00e0nic<\/td>\n<td style=\"width: 22.7253%;\">Escola Arrels II<\/td>\n<td style=\"width: 78.5589%;\">Solsona<\/td>\n<\/tr>\n<tr>\n<td style=\"width: 166.213%;\" colspan=\"5\"><strong>Inform\u00e0tica i comunicacions<\/strong><\/td>\n<\/tr>\n<tr>\n<td style=\"width: 5.86707%;\"><\/td>\n<td style=\"width: 13.886%;\">CFG mitj\u00e0<\/td>\n<td style=\"width: 45.1759%;\">Sistemes Microinform\u00e0tics i Xarxes<\/td>\n<td style=\"width: 22.7253%;\">Escola Arrels II<\/td>\n<td style=\"width: 78.5589%;\">Solsona<\/td>\n<\/tr>\n<tr>\n<td style=\"width: 166.213%;\" colspan=\"5\"><strong>Sanitat<\/strong><\/td>\n<\/tr>\n<tr>\n<td style=\"width: 5.86707%;\"><\/td>\n<td style=\"width: 13.886%;\">CFG mitj\u00e0<\/td>\n<td style=\"width: 45.1759%;\">Cures Auxiliars d&#8217;Infermeria<\/td>\n<td style=\"width: 22.7253%;\">Inst. Francesc Ribalta<\/td>\n<td style=\"width: 78.5589%;\">Solsona<\/td>\n<\/tr>\n<tr>\n<td style=\"width: 166.213%;\" colspan=\"5\"><strong>Serveis socioculturals i a la comunitat<\/strong><\/td>\n<\/tr>\n<tr>\n<td style=\"width: 5.86707%;\"><\/td>\n<td style=\"width: 13.886%;\">CFG mitj\u00e0<\/td>\n<td style=\"width: 45.1759%;\">Atenci\u00f3 a persones en situaci\u00f3 de depend\u00e8ncia<\/td>\n<td style=\"width: 22.7253%;\">Inst. Francesc Ribalta<\/td>\n<td style=\"width: 78.5589%;\">Solsona<\/td>\n<\/tr>\n<tr>\n<td style=\"width: 166.213%;\" colspan=\"5\">PFI Auxiliar de Vivers i Jardina (Alumnat entre 16 i 21 anys que no han acabat l&#8217;ESO)<br \/>\nIFE Auxiliar en Manteniment d&#8217;Instal\u00b7lacions Esportives (Alumnat amb necessitats educatives especials)<br \/>\nCertificat Professional en Aprofitament Forestal (Nivell 2)<br \/>\n(Persones desocupades, joves de 18 a 29 anys o persones m\u00e9s grans de 29 amb risc d\u2019exclusi\u00f3 social, preferentment sense qualificaci\u00f3 professional, que disposin de l\u2019ESO, FP de grau mitj\u00e0, equivalents o superiors)<\/td>\n<\/tr>\n<\/tbody>\n<\/table>\n<p><span style=\"text-decoration: underline;\"><strong>CENTRES EDUCATIUS PARTICIPANTS:<\/strong><\/span><\/p>\n<table style=\"width: 85.0163%; height: 287px;\" border=\"0\" width=\"726\">\n<tbody>\n<tr class=\"first\" style=\"height: 34px;\">\n<td class=\"first\" style=\"width: 33.3026%; height: 34px;\" width=\"234\"><a class=\"first\" href=\"https:\/\/www.francescribalta.cat\/oferta-educativa\/cicles-formatius\/\" target=\"_blank\" rel=\"noopener noreferrer\">Institut Francesc Ribalta<\/a><\/td>\n<td style=\"width: 29.4124%; height: 34px;\" width=\"208\">c\/ Francesc Ribalta<\/td>\n<td style=\"width: 15.2882%; height: 34px;\" width=\"202\">25280- Solsona<\/td>\n<td style=\"width: 63.3072%; height: 34px;\" width=\"101\">973-481079<\/td>\n<\/tr>\n<tr class=\"first\" style=\"height: 34px;\">\n<td class=\"first\" style=\"width: 33.3026%; height: 34px;\"><a href=\"https:\/\/www.escolaarrels.com\/cicles-formatius-i-batxillerat\/\" target=\"_blank\" rel=\"noopener noreferrer\">Escola Arrels Secund\u00e0ria<\/a><\/td>\n<td style=\"width: 29.4124%; height: 34px;\">Avinguda Cardenal Tarancon<\/td>\n<td style=\"width: 15.2882%; height: 34px;\">25280- Solsona<\/td>\n<td style=\"width: 63.3072%; height: 34px;\">973-480392<\/td>\n<\/tr>\n<tr class=\"first\" style=\"height: 34px;\">\n<td class=\"first\" style=\"width: 33.3026%; height: 34px;\"><a class=\"first\" href=\"https:\/\/agora.xtec.cat\/cfasolsones\/ensenyaments\/\" target=\"_blank\" rel=\"noopener noreferrer\">CFA del Solson\u00e8s<\/a><\/td>\n<td style=\"width: 29.4124%; height: 34px;\">c\/ Dominics, 14<\/td>\n<td style=\"width: 15.2882%; height: 34px;\">25280-Solsona<\/td>\n<td style=\"width: 63.3072%; height: 34px;\">973-481366<\/td>\n<\/tr>\n<tr class=\"first\" style=\"height: 34px;\">\n<td class=\"first\" style=\"width: 33.3026%; height: 34px;\" width=\"234\"><a class=\"first\" href=\"http:\/\/agricultura.gencat.cat\/ca\/ambits\/formacio-innovacio\/escoles-agraries\/escola-agraria-solsones\/\" target=\"_blank\" rel=\"noopener noreferrer\">Escola Agr\u00e0ria del Solson\u00e8s<\/a><\/td>\n<td style=\"width: 29.4124%; height: 34px;\" width=\"208\">Crta Manresa-Solsona Km 48<\/td>\n<td style=\"width: 15.2882%; height: 34px;\" width=\"202\">25286-Olius<\/td>\n<td style=\"width: 63.3072%; height: 34px;\" width=\"101\">973-480713<\/td>\n<\/tr>\n<tr class=\"first\" style=\"height: 34px;\">\n<td class=\"first\" style=\"width: 33.3026%; height: 34px;\"><a class=\"first\" href=\"http:\/\/www.escolademusicadesolsona.com\/\" target=\"_blank\" rel=\"noopener noreferrer\">Escola Municipal de M\u00fasica Joan Roure<\/a><\/td>\n<td style=\"width: 29.4124%; height: 34px;\">Casal de Cultura i Joventut<\/td>\n<td style=\"width: 15.2882%; height: 34px;\">25280-Solsona<\/td>\n<td style=\"width: 63.3072%; height: 34px;\">973- 480563<\/td>\n<\/tr>\n<tr style=\"height: 34px;\">\n<td style=\"width: 33.3026%; height: 34px;\"><a href=\"https:\/\/dansasolsona.cat\/\" target=\"_blank\" rel=\"noopener noreferrer\">Escola de Dansa Solsona<\/a><\/td>\n<td style=\"width: 29.4124%; height: 34px;\">Camp del Mol\u00ed, 15<\/td>\n<td style=\"width: 15.2882%; height: 34px;\">25280-Solsona<\/td>\n<td style=\"width: 63.3072%; height: 34px;\">627560075<\/td>\n<\/tr>\n<tr style=\"height: 49px;\">\n<td style=\"width: 33.3026%; height: 49px;\"><a href=\"http:\/\/www.cpdsolsona.cat\/\">Escola oficial d\u2019Idiomes &#8211;<\/a><a href=\"http:\/\/www.cpdsolsona.cat\/\">CPD Solsona<\/a><\/td>\n<td style=\"width: 29.4124%; height: 49px;\" width=\"208\">c\/ Francesc Ribalta<\/td>\n<td style=\"width: 15.2882%; height: 49px;\" width=\"202\">25280- Solsona<\/td>\n<td style=\"width: 63.3072%; height: 49px;\">93-874 82 20\u00a0 93-874 82 43<\/td>\n<\/tr>\n<tr>\n<td style=\"width: 33.3026%;\"><a href=\"https:\/\/agora.xtec.cat\/iessantramon\/estudis\/cfgm-gestio-administrativa-informacio\/\">INS Sant Ramon<\/a><\/td>\n<td style=\"width: 29.4124%;\">Pl. de les Fabricantes, 1<\/td>\n<td style=\"width: 15.2882%;\">08261 &#8211; Cardona<\/td>\n<td style=\"width: 63.3072%;\">93-868 47 08<\/td>\n<\/tr>\n<tr>\n<td style=\"width: 33.3026%;\"><a href=\"https:\/\/musicantcardona.wordpress.com\">Escola de M\u00fasica Municipal Musicant<\/a><\/td>\n<td style=\"width: 29.4124%;\">Pla\u00e7a de les Escoles Escasany, 3<\/td>\n<td style=\"width: 15.2882%;\">08261 &#8211; Cardona<\/td>\n<td style=\"width: 63.3072%;\">93-868 46 20<\/td>\n<\/tr>\n<\/tbody>\n<\/table>\n<p>&nbsp;<\/p>\n<p><u>Organitzaci\u00f3:<\/u> <a style=\"font-weight: bold;\" href=\"https:\/\/www.adlsolcar.cat\/formacio\/fp-solcar\/\">Adsolcar<\/a><\/p>\n","protected":false},"excerpt":{"rendered":"<p>Al Solson\u00e8s i Cardona s\u2019aposta per la Formaci\u00f3 Professional, oferint cicles formatius de diverses fam\u00edlies professionals que s\u2019adapten a les necessitats del territori. Des de l&#8217;any 2024 la fira INFORMA&#8217;T ha volgut donar visibilitat a tota <a href=\"https:\/\/serveiseducatius.xtec.cat\/solsones\/wp-content\/uploads\/usu1176\/2025\/03\/Infografia-FP-_rv.pdf\">l&#8217;oferta formativa postobligat\u00f2ria<\/a> d&#8217;aquest territori per orientar i&hellip;  <a href=\"https:\/\/serveiseducatius.xtec.cat\/solsones\/comunitat\/fira-informat\/\" title=\"Read FIRA INFORMA&#8217;T\">Llegeix m\u00e9s\u00bb<\/a><\/p>\n","protected":false},"author":1,"featured_media":0,"parent":341,"menu_order":10,"comment_status":"closed","ping_status":"closed","template":"page-templates\/side-menu.php","meta":{"_bbp_topic_count":0,"_bbp_reply_count":0,"_bbp_total_topic_count":0,"_bbp_total_reply_count":0,"_bbp_voice_count":0,"_bbp_anonymous_reply_count":0,"_bbp_topic_count_hidden":0,"_bbp_reply_count_hidden":0,"_bbp_forum_subforum_count":0,"footnotes":""},"class_list":["post-16224","page","type-page","status-publish","hentry"],"post_mailing_queue_ids":[],"_links":{"self":[{"href":"https:\/\/serveiseducatius.xtec.cat\/solsones\/wp-json\/wp\/v2\/pages\/16224","targetHints":{"allow":["GET"]}}],"collection":[{"href":"https:\/\/serveiseducatius.xtec.cat\/solsones\/wp-json\/wp\/v2\/pages"}],"about":[{"href":"https:\/\/serveiseducatius.xtec.cat\/solsones\/wp-json\/wp\/v2\/types\/page"}],"author":[{"embeddable":true,"href":"https:\/\/serveiseducatius.xtec.cat\/solsones\/wp-json\/wp\/v2\/users\/1"}],"replies":[{"embeddable":true,"href":"https:\/\/serveiseducatius.xtec.cat\/solsones\/wp-json\/wp\/v2\/comments?post=16224"}],"version-history":[{"count":6,"href":"https:\/\/serveiseducatius.xtec.cat\/solsones\/wp-json\/wp\/v2\/pages\/16224\/revisions"}],"predecessor-version":[{"id":16237,"href":"https:\/\/serveiseducatius.xtec.cat\/solsones\/wp-json\/wp\/v2\/pages\/16224\/revisions\/16237"}],"up":[{"embeddable":true,"href":"https:\/\/serveiseducatius.xtec.cat\/solsones\/wp-json\/wp\/v2\/pages\/341"}],"wp:attachment":[{"href":"https:\/\/serveiseducatius.xtec.cat\/solsones\/wp-json\/wp\/v2\/media?parent=16224"}],"curies":[{"name":"wp","href":"https:\/\/api.w.org\/{rel}","templated":true}]}}