{"id":15038,"date":"2024-04-04T10:02:20","date_gmt":"2024-04-04T08:02:20","guid":{"rendered":"https:\/\/serveiseducatius.xtec.cat\/solsones\/?page_id=15038"},"modified":"2024-04-04T10:06:52","modified_gmt":"2024-04-04T08:06:52","slug":"novetats-2023-2024","status":"publish","type":"page","link":"https:\/\/serveiseducatius.xtec.cat\/solsones\/novetats-de-la-mediateca-2\/novetats-2023-2024\/","title":{"rendered":"Novetats 2023-2024"},"content":{"rendered":"<p><strong>LLIBRES<\/strong><\/p>\n<table>\n<tbody>\n<tr style=\"height: 325px;\">\n<td style=\"text-align: center; width: 215px; height: 325px;\"><img loading=\"lazy\" decoding=\"async\" class=\"\" src=\"https:\/\/www.viruseditorial.net\/portadas\/la-bici-de-lola-9788418723636.jpg\" alt=\"Virus editorial\" width=\"209\" height=\"250\" \/><\/td>\n<td style=\"text-align: center; width: 230px; height: 325px;\"><img decoding=\"async\" src=\"https:\/\/static.fnac-static.com\/multimedia\/Images\/ES\/NR\/de\/2b\/83\/8596446\/1507-1.jpg\" alt=\"\u00bfAs\u00ed es la muerte?\" \/><\/td>\n<td style=\"text-align: center; width: 230px; height: 325px;\"><img decoding=\"async\" src=\"https:\/\/www.voliana.cat\/wp-content\/uploads\/2022\/01\/La-nena-1.jpg\" alt=\"La nena que volia ser mestra\" \/><\/td>\n<td style=\"text-align: center; width: 230px; height: 325px;\"><img decoding=\"async\" src=\"https:\/\/m.media-amazon.com\/images\/I\/61oQTY8MjCL._AC_UF1000,1000_QL80_.jpg\" alt=\"Anem a ca\u00e7ar un \u00f3s (Bosque de libros \/ Ekar\u00e9 en catal\u00e0) : Michael Rossen, Hellen Oxenbury: Amazon.es: Libros\" \/><\/td>\n<\/tr>\n<\/tbody>\n<\/table>\n<table>\n<tbody>\n<tr style=\"height: 325px;\">\n<td style=\"text-align: center; width: 215px; height: 325px;\"><img decoding=\"async\" src=\"https:\/\/m.media-amazon.com\/images\/I\/81Ti-l0sxOL._AC_UF894,1000_QL80_.jpg\" alt=\"La regla mola (si saps com funciona) (No ficci\u00f3n ilustrados) [Catal\u00e1n] (Menstruita)\" \/><\/td>\n<td style=\"text-align: center; width: 230px; height: 325px;\"><img decoding=\"async\" src=\"https:\/\/m.media-amazon.com\/images\/I\/71K3DYmiEVL._AC_UF894,1000_QL80_.jpg\" alt=\"El semen mola: Per\u00f2 necessites saber com funciona (Menstruita)\" \/><\/td>\n<td style=\"text-align: center; width: 230px; height: 325px;\"><img decoding=\"async\" src=\"https:\/\/m.media-amazon.com\/images\/I\/61LCfkInXnL._AC_UF1000,1000_QL80_.jpg\" alt=\"En Duncan i els pirates (Catal\u00e1 - A PARTIR DE 6 ANYS - ALTAMAR)\" \/><\/td>\n<td style=\"text-align: center; width: 230px; height: 325px;\"><img decoding=\"async\" src=\"https:\/\/m.media-amazon.com\/images\/I\/61wcqlepnSL._AC_UF1000,1000_QL80_.jpg\" alt=\"Cargol-Gol, detectiu (Catal\u00e1 - A Partir De 8 Anys - Altamar)\" \/><\/td>\n<\/tr>\n<\/tbody>\n<\/table>\n<table>\n<tbody>\n<tr style=\"height: 325px;\">\n<td style=\"text-align: center; width: 215px; height: 325px;\"><img decoding=\"async\" src=\"https:\/\/imagessl8.casadellibro.com\/a\/l\/s5\/48\/9788421653548.webp\" alt=\"EL COL\u00b7LECCIONISTA D ESTRELLES | VV.AA. | Casa del Libro\" \/><\/td>\n<td style=\"text-align: center; width: 230px; height: 325px;\"><img decoding=\"async\" src=\"https:\/\/m.media-amazon.com\/images\/I\/61+OdZ55-JL._AC_UF1000,1000_QL80_.jpg\" alt=\"El fantasma de Kilmory (Catal\u00e1 - A PARTIR DE 12 ANYS - ALTAMAR)\" \/><\/td>\n<td style=\"text-align: center; width: 230px; height: 325px;\"><img decoding=\"async\" src=\"https:\/\/m.media-amazon.com\/images\/I\/617dZrcrOpL._AC_UF894,1000_QL80_.jpg\" alt=\"La m\u00e0gia del joc lliure: Tot el que aprenen els infants quan juguen encara que no ens ho sembli: 022 (Fam\u00edlia \/ Comunitat Educativa)\" \/><\/td>\n<td style=\"text-align: center; width: 230px; height: 325px;\"><img decoding=\"async\" src=\"https:\/\/www.socpetit.cat\/wp-content\/uploads\/2021\/11\/somiem.jpg.webp\" alt=\"25 somnis de nens i nenes d'arreu del m\u00f3n \u2022 Socpetit.cat\" \/><\/td>\n<\/tr>\n<\/tbody>\n<\/table>\n<table>\n<tbody>\n<tr style=\"height: 325px;\">\n<td style=\"text-align: center; width: 215px; height: 325px;\"><img decoding=\"async\" src=\"https:\/\/www.tigredepaper.cat\/images\/Articulos\/2009_NEUS_CATALA_Coberta_DEF.jpg\" alt=\"Llibres de Uriol Gilibets. Biografia i bibliografia. - tigredepaper.cat\" \/><\/td>\n<td style=\"text-align: center; width: 230px; height: 325px;\"><img decoding=\"async\" src=\"https:\/\/www.tigredepaper.cat\/images\/Articulos\/2010_MONTSERRAT-ROIG_Coberta_OK.jpg\" alt=\"Llibres de Uriol Gilibets. Biografia i bibliografia. - tigredepaper.cat\" \/><\/td>\n<td style=\"text-align: center; width: 230px; height: 325px;\"><img decoding=\"async\" src=\"https:\/\/m.media-amazon.com\/images\/I\/616tzLyMbVL._AC_UF1000,1000_QL80_.jpg\" alt=\"Salvador Puig Antich: 3 (ELS PETITS TIGRES)\" \/><\/td>\n<td style=\"text-align: center; width: 230px; height: 325px;\"><img decoding=\"async\" src=\"https:\/\/www.tigredepaper.cat\/images\/Articulos\/Maria-Merce-Marcal.jpg\" alt=\"Llibres de Uriol Gilibets. Biografia i bibliografia. - tigredepaper.cat\" \/><\/td>\n<\/tr>\n<\/tbody>\n<\/table>\n<table>\n<tbody>\n<tr style=\"height: 325px;\">\n<td style=\"text-align: center; width: 215px; height: 325px;\"><img decoding=\"async\" src=\"https:\/\/m.media-amazon.com\/images\/I\/71nez-eDUfL._AC_UF1000,1000_QL80_.jpg\" alt=\"I aix\u00f2, on va?: Guia pr\u00e0ctica del reciclatge (Fuera de colecci\u00f3n)\" \/><\/td>\n<td style=\"text-align: center; width: 230px; height: 325px;\"><img decoding=\"async\" src=\"https:\/\/m.media-amazon.com\/images\/I\/51JkTsqv3KL._AC_UF1000,1000_QL80_.jpg\" alt=\"L'infant que va cap al m\u00f3n: 20 converses al voltant de la crian\u00e7a: 021 (Fam\u00edlia \/ Comunitat educativa) : Bach, Eva, Dom\u00e8nech, Joan, Honor\u00e9, Carl, Catherine, L'Ecuyer, Snel, Eline, Solsona, N\u00faria, Vivas,\" \/><\/td>\n<td style=\"text-align: center; width: 230px; height: 325px;\"><\/td>\n<td style=\"text-align: center; width: 230px; height: 325px;\"><\/td>\n<\/tr>\n<\/tbody>\n<\/table>\n<p>&nbsp;<\/p>\n<p>&nbsp;<\/p>\n","protected":false},"excerpt":{"rendered":"<p>LLIBRES &nbsp; &nbsp;<\/p>\n","protected":false},"author":1,"featured_media":0,"parent":10128,"menu_order":1,"comment_status":"closed","ping_status":"closed","template":"page-templates\/side-menu.php","meta":{"_bbp_topic_count":0,"_bbp_reply_count":0,"_bbp_total_topic_count":0,"_bbp_total_reply_count":0,"_bbp_voice_count":0,"_bbp_anonymous_reply_count":0,"_bbp_topic_count_hidden":0,"_bbp_reply_count_hidden":0,"_bbp_forum_subforum_count":0,"site-sidebar-layout":"default","site-content-layout":"","ast-site-content-layout":"","site-content-style":"default","site-sidebar-style":"default","ast-global-header-display":"","ast-banner-title-visibility":"","ast-main-header-display":"","ast-hfb-above-header-display":"","ast-hfb-below-header-display":"","ast-hfb-mobile-header-display":"","site-post-title":"","ast-breadcrumbs-content":"","ast-featured-img":"","footer-sml-layout":"","theme-transparent-header-meta":"","adv-header-id-meta":"","stick-header-meta":"","header-above-stick-meta":"","header-main-stick-meta":"","header-below-stick-meta":"","astra-migrate-meta-layouts":"default","ast-page-background-enabled":"default","ast-page-background-meta":{"desktop":{"background-color":"var(--ast-global-color-4)","background-image":"","background-repeat":"repeat","background-position":"center center","background-size":"auto","background-attachment":"scroll","background-type":"","background-media":"","overlay-type":"","overlay-color":"","overlay-opacity":"","overlay-gradient":""},"tablet":{"background-color":"","background-image":"","background-repeat":"repeat","background-position":"center center","background-size":"auto","background-attachment":"scroll","background-type":"","background-media":"","overlay-type":"","overlay-color":"","overlay-opacity":"","overlay-gradient":""},"mobile":{"background-color":"","background-image":"","background-repeat":"repeat","background-position":"center center","background-size":"auto","background-attachment":"scroll","background-type":"","background-media":"","overlay-type":"","overlay-color":"","overlay-opacity":"","overlay-gradient":""}},"ast-content-background-meta":{"desktop":{"background-color":"var(--ast-global-color-5)","background-image":"","background-repeat":"repeat","background-position":"center center","background-size":"auto","background-attachment":"scroll","background-type":"","background-media":"","overlay-type":"","overlay-color":"","overlay-opacity":"","overlay-gradient":""},"tablet":{"background-color":"var(--ast-global-color-5)","background-image":"","background-repeat":"repeat","background-position":"center center","background-size":"auto","background-attachment":"scroll","background-type":"","background-media":"","overlay-type":"","overlay-color":"","overlay-opacity":"","overlay-gradient":""},"mobile":{"background-color":"var(--ast-global-color-5)","background-image":"","background-repeat":"repeat","background-position":"center center","background-size":"auto","background-attachment":"scroll","background-type":"","background-media":"","overlay-type":"","overlay-color":"","overlay-opacity":"","overlay-gradient":""}},"footnotes":""},"class_list":["post-15038","page","type-page","status-publish","hentry"],"post_mailing_queue_ids":[],"_links":{"self":[{"href":"https:\/\/serveiseducatius.xtec.cat\/solsones\/wp-json\/wp\/v2\/pages\/15038","targetHints":{"allow":["GET"]}}],"collection":[{"href":"https:\/\/serveiseducatius.xtec.cat\/solsones\/wp-json\/wp\/v2\/pages"}],"about":[{"href":"https:\/\/serveiseducatius.xtec.cat\/solsones\/wp-json\/wp\/v2\/types\/page"}],"author":[{"embeddable":true,"href":"https:\/\/serveiseducatius.xtec.cat\/solsones\/wp-json\/wp\/v2\/users\/1"}],"replies":[{"embeddable":true,"href":"https:\/\/serveiseducatius.xtec.cat\/solsones\/wp-json\/wp\/v2\/comments?post=15038"}],"version-history":[{"count":4,"href":"https:\/\/serveiseducatius.xtec.cat\/solsones\/wp-json\/wp\/v2\/pages\/15038\/revisions"}],"predecessor-version":[{"id":15043,"href":"https:\/\/serveiseducatius.xtec.cat\/solsones\/wp-json\/wp\/v2\/pages\/15038\/revisions\/15043"}],"up":[{"embeddable":true,"href":"https:\/\/serveiseducatius.xtec.cat\/solsones\/wp-json\/wp\/v2\/pages\/10128"}],"wp:attachment":[{"href":"https:\/\/serveiseducatius.xtec.cat\/solsones\/wp-json\/wp\/v2\/media?parent=15038"}],"curies":[{"name":"wp","href":"https:\/\/api.w.org\/{rel}","templated":true}]}}