{"id":13931,"date":"2022-04-08T12:02:20","date_gmt":"2022-04-08T10:02:20","guid":{"rendered":"https:\/\/serveiseducatius.xtec.cat\/solsones\/?page_id=13931"},"modified":"2022-04-08T12:06:30","modified_gmt":"2022-04-08T10:06:30","slug":"festa-i-drogues","status":"publish","type":"page","link":"https:\/\/serveiseducatius.xtec.cat\/solsones\/programa-de-suport-a-leducacio-2021-22\/ambit-de-la-salut\/festa-i-drogues\/","title":{"rendered":"Festa i drogues"},"content":{"rendered":"<h4><span style=\"color: #800000;\">Objectiu<\/span><\/h4>\n<ul>\n<li>Conscienciar l&#8217;alumnat dels riscos que comporta el consum de drogues.<\/li>\n<li>Prevenir el consum de drogues en els joves dels centres de secund\u00e0ria de la zona.<\/li>\n<\/ul>\n<h4><span style=\"color: #800000;\">Descripci\u00f3<\/span><\/h4>\n<p>Tallers per prevenir el consum de drogues a partir de la conscienciaci\u00f3 dels riscos i problemes que comporta.<\/p>\n<h4><span style=\"color: #800000;\">Nivell<\/span><\/h4>\n<p>2n d&#8217;ESO i UEC<\/p>\n<h4><span style=\"color: #800000;\">Companyia<\/span><\/h4>\n<p>Jordi Murillo<\/p>\n<h4><span style=\"color: #800000;\">Calendari<\/span><\/h4>\n<p>Gener 2022<\/p>\n","protected":false},"excerpt":{"rendered":"<p>Objectiu Conscienciar l&#8217;alumnat dels riscos que comporta el consum de drogues. Prevenir el consum de drogues en els joves dels centres de secund\u00e0ria de la zona. Descripci\u00f3 Tallers per prevenir el consum de drogues a partir de la conscienciaci\u00f3 dels riscos i problemes que comporta. Nivell 2n d&#8217;ESO i UEC Companyia Jordi Murillo Calendari Gener [&hellip;]<\/p>\n","protected":false},"author":1,"featured_media":0,"parent":13528,"menu_order":9,"comment_status":"closed","ping_status":"closed","template":"page-templates\/side-menu.php","meta":{"_bbp_topic_count":0,"_bbp_reply_count":0,"_bbp_total_topic_count":0,"_bbp_total_reply_count":0,"_bbp_voice_count":0,"_bbp_anonymous_reply_count":0,"_bbp_topic_count_hidden":0,"_bbp_reply_count_hidden":0,"_bbp_forum_subforum_count":0,"site-sidebar-layout":"default","site-content-layout":"","ast-site-content-layout":"","site-content-style":"default","site-sidebar-style":"default","ast-global-header-display":"","ast-banner-title-visibility":"","ast-main-header-display":"","ast-hfb-above-header-display":"","ast-hfb-below-header-display":"","ast-hfb-mobile-header-display":"","site-post-title":"","ast-breadcrumbs-content":"","ast-featured-img":"","footer-sml-layout":"","theme-transparent-header-meta":"","adv-header-id-meta":"","stick-header-meta":"","header-above-stick-meta":"","header-main-stick-meta":"","header-below-stick-meta":"","astra-migrate-meta-layouts":"default","ast-page-background-enabled":"default","ast-page-background-meta":{"desktop":{"background-color":"var(--ast-global-color-4)","background-image":"","background-repeat":"repeat","background-position":"center center","background-size":"auto","background-attachment":"scroll","background-type":"","background-media":"","overlay-type":"","overlay-color":"","overlay-opacity":"","overlay-gradient":""},"tablet":{"background-color":"","background-image":"","background-repeat":"repeat","background-position":"center center","background-size":"auto","background-attachment":"scroll","background-type":"","background-media":"","overlay-type":"","overlay-color":"","overlay-opacity":"","overlay-gradient":""},"mobile":{"background-color":"","background-image":"","background-repeat":"repeat","background-position":"center center","background-size":"auto","background-attachment":"scroll","background-type":"","background-media":"","overlay-type":"","overlay-color":"","overlay-opacity":"","overlay-gradient":""}},"ast-content-background-meta":{"desktop":{"background-color":"var(--ast-global-color-5)","background-image":"","background-repeat":"repeat","background-position":"center center","background-size":"auto","background-attachment":"scroll","background-type":"","background-media":"","overlay-type":"","overlay-color":"","overlay-opacity":"","overlay-gradient":""},"tablet":{"background-color":"var(--ast-global-color-5)","background-image":"","background-repeat":"repeat","background-position":"center center","background-size":"auto","background-attachment":"scroll","background-type":"","background-media":"","overlay-type":"","overlay-color":"","overlay-opacity":"","overlay-gradient":""},"mobile":{"background-color":"var(--ast-global-color-5)","background-image":"","background-repeat":"repeat","background-position":"center center","background-size":"auto","background-attachment":"scroll","background-type":"","background-media":"","overlay-type":"","overlay-color":"","overlay-opacity":"","overlay-gradient":""}},"footnotes":""},"class_list":["post-13931","page","type-page","status-publish","hentry"],"post_mailing_queue_ids":[],"_links":{"self":[{"href":"https:\/\/serveiseducatius.xtec.cat\/solsones\/wp-json\/wp\/v2\/pages\/13931","targetHints":{"allow":["GET"]}}],"collection":[{"href":"https:\/\/serveiseducatius.xtec.cat\/solsones\/wp-json\/wp\/v2\/pages"}],"about":[{"href":"https:\/\/serveiseducatius.xtec.cat\/solsones\/wp-json\/wp\/v2\/types\/page"}],"author":[{"embeddable":true,"href":"https:\/\/serveiseducatius.xtec.cat\/solsones\/wp-json\/wp\/v2\/users\/1"}],"replies":[{"embeddable":true,"href":"https:\/\/serveiseducatius.xtec.cat\/solsones\/wp-json\/wp\/v2\/comments?post=13931"}],"version-history":[{"count":3,"href":"https:\/\/serveiseducatius.xtec.cat\/solsones\/wp-json\/wp\/v2\/pages\/13931\/revisions"}],"predecessor-version":[{"id":13935,"href":"https:\/\/serveiseducatius.xtec.cat\/solsones\/wp-json\/wp\/v2\/pages\/13931\/revisions\/13935"}],"up":[{"embeddable":true,"href":"https:\/\/serveiseducatius.xtec.cat\/solsones\/wp-json\/wp\/v2\/pages\/13528"}],"wp:attachment":[{"href":"https:\/\/serveiseducatius.xtec.cat\/solsones\/wp-json\/wp\/v2\/media?parent=13931"}],"curies":[{"name":"wp","href":"https:\/\/api.w.org\/{rel}","templated":true}]}}