{"id":13920,"date":"2022-04-08T09:08:31","date_gmt":"2022-04-08T07:08:31","guid":{"rendered":"https:\/\/serveiseducatius.xtec.cat\/solsones\/?page_id=13920"},"modified":"2022-04-08T09:12:54","modified_gmt":"2022-04-08T07:12:54","slug":"hi-ha-bromes-que-no-fan-gracia","status":"publish","type":"page","link":"https:\/\/serveiseducatius.xtec.cat\/solsones\/programa-de-suport-a-leducacio-2021-22\/ambit-de-la-salut\/hi-ha-bromes-que-no-fan-gracia\/","title":{"rendered":"Hi ha bromes que no fan gr\u00e0cia"},"content":{"rendered":"<h4><span style=\"color: #800000;\">Objectiu<\/span><\/h4>\n<p>Treballar la prevenci\u00f3 del ciberbullying amb l&#8217;alumnat.<\/p>\n<h4><span style=\"color: #800000;\">Descripci\u00f3<\/span><\/h4>\n<p>Treballarem eines necess\u00e0ries per a prevenir i posicionar-nos davant d\u2019una situaci\u00f3 d\u2019assetjament escolar. Ens centrarem en la cura del grup, la comunicaci\u00f3 no violenta i la capacitat d\u2019ag\u00e8ncia, sobretot de les persones observadores que poden contribuir a mantenir el Bullying o a parar-lo! A m\u00e9s, practicarem per crear relacions m\u00e9s amistoses i menys violentes.<\/p>\n<p><a href=\"https:\/\/www.enrutat.org\/bullying\">https:\/\/www.enrutat.org\/bullying<\/a><\/p>\n<h4><span style=\"color: #800000;\">Nivell<\/span><\/h4>\n<p>5\u00e8 i 1r d&#8217;ESO<\/p>\n<h4><span style=\"color: #800000;\">Companyia<\/span><\/h4>\n<p>Associaci\u00f3 Enruta&#8217;t<\/p>\n<h4><span style=\"color: #800000;\">Calendari<\/span><\/h4>\n<p>5, 6 19 i 20 d&#8217;octubre de 2021<\/p>\n","protected":false},"excerpt":{"rendered":"<p>Objectiu Treballar la prevenci\u00f3 del ciberbullying amb l&#8217;alumnat. Descripci\u00f3 Treballarem eines necess\u00e0ries per a prevenir i posicionar-nos davant d\u2019una situaci\u00f3 d\u2019assetjament escolar. Ens centrarem en la cura del grup, la comunicaci\u00f3 no violenta i la capacitat d\u2019ag\u00e8ncia, sobretot de les persones observadores que poden contribuir a mantenir el Bullying o a parar-lo! A m\u00e9s, practicarem [&hellip;]<\/p>\n","protected":false},"author":1,"featured_media":0,"parent":13528,"menu_order":6,"comment_status":"closed","ping_status":"closed","template":"page-templates\/side-menu.php","meta":{"_bbp_topic_count":0,"_bbp_reply_count":0,"_bbp_total_topic_count":0,"_bbp_total_reply_count":0,"_bbp_voice_count":0,"_bbp_anonymous_reply_count":0,"_bbp_topic_count_hidden":0,"_bbp_reply_count_hidden":0,"_bbp_forum_subforum_count":0,"site-sidebar-layout":"default","site-content-layout":"","ast-site-content-layout":"","site-content-style":"default","site-sidebar-style":"default","ast-global-header-display":"","ast-banner-title-visibility":"","ast-main-header-display":"","ast-hfb-above-header-display":"","ast-hfb-below-header-display":"","ast-hfb-mobile-header-display":"","site-post-title":"","ast-breadcrumbs-content":"","ast-featured-img":"","footer-sml-layout":"","theme-transparent-header-meta":"","adv-header-id-meta":"","stick-header-meta":"","header-above-stick-meta":"","header-main-stick-meta":"","header-below-stick-meta":"","astra-migrate-meta-layouts":"default","ast-page-background-enabled":"default","ast-page-background-meta":{"desktop":{"background-color":"var(--ast-global-color-4)","background-image":"","background-repeat":"repeat","background-position":"center center","background-size":"auto","background-attachment":"scroll","background-type":"","background-media":"","overlay-type":"","overlay-color":"","overlay-opacity":"","overlay-gradient":""},"tablet":{"background-color":"","background-image":"","background-repeat":"repeat","background-position":"center center","background-size":"auto","background-attachment":"scroll","background-type":"","background-media":"","overlay-type":"","overlay-color":"","overlay-opacity":"","overlay-gradient":""},"mobile":{"background-color":"","background-image":"","background-repeat":"repeat","background-position":"center center","background-size":"auto","background-attachment":"scroll","background-type":"","background-media":"","overlay-type":"","overlay-color":"","overlay-opacity":"","overlay-gradient":""}},"ast-content-background-meta":{"desktop":{"background-color":"var(--ast-global-color-5)","background-image":"","background-repeat":"repeat","background-position":"center center","background-size":"auto","background-attachment":"scroll","background-type":"","background-media":"","overlay-type":"","overlay-color":"","overlay-opacity":"","overlay-gradient":""},"tablet":{"background-color":"var(--ast-global-color-5)","background-image":"","background-repeat":"repeat","background-position":"center center","background-size":"auto","background-attachment":"scroll","background-type":"","background-media":"","overlay-type":"","overlay-color":"","overlay-opacity":"","overlay-gradient":""},"mobile":{"background-color":"var(--ast-global-color-5)","background-image":"","background-repeat":"repeat","background-position":"center center","background-size":"auto","background-attachment":"scroll","background-type":"","background-media":"","overlay-type":"","overlay-color":"","overlay-opacity":"","overlay-gradient":""}},"footnotes":""},"class_list":["post-13920","page","type-page","status-publish","hentry"],"post_mailing_queue_ids":[],"_links":{"self":[{"href":"https:\/\/serveiseducatius.xtec.cat\/solsones\/wp-json\/wp\/v2\/pages\/13920","targetHints":{"allow":["GET"]}}],"collection":[{"href":"https:\/\/serveiseducatius.xtec.cat\/solsones\/wp-json\/wp\/v2\/pages"}],"about":[{"href":"https:\/\/serveiseducatius.xtec.cat\/solsones\/wp-json\/wp\/v2\/types\/page"}],"author":[{"embeddable":true,"href":"https:\/\/serveiseducatius.xtec.cat\/solsones\/wp-json\/wp\/v2\/users\/1"}],"replies":[{"embeddable":true,"href":"https:\/\/serveiseducatius.xtec.cat\/solsones\/wp-json\/wp\/v2\/comments?post=13920"}],"version-history":[{"count":3,"href":"https:\/\/serveiseducatius.xtec.cat\/solsones\/wp-json\/wp\/v2\/pages\/13920\/revisions"}],"predecessor-version":[{"id":13928,"href":"https:\/\/serveiseducatius.xtec.cat\/solsones\/wp-json\/wp\/v2\/pages\/13920\/revisions\/13928"}],"up":[{"embeddable":true,"href":"https:\/\/serveiseducatius.xtec.cat\/solsones\/wp-json\/wp\/v2\/pages\/13528"}],"wp:attachment":[{"href":"https:\/\/serveiseducatius.xtec.cat\/solsones\/wp-json\/wp\/v2\/media?parent=13920"}],"curies":[{"name":"wp","href":"https:\/\/api.w.org\/{rel}","templated":true}]}}