{"id":13910,"date":"2022-04-08T08:43:58","date_gmt":"2022-04-08T06:43:58","guid":{"rendered":"https:\/\/serveiseducatius.xtec.cat\/solsones\/?page_id=13910"},"modified":"2022-04-08T08:49:31","modified_gmt":"2022-04-08T06:49:31","slug":"tinc-dret-a-sentir","status":"publish","type":"page","link":"https:\/\/serveiseducatius.xtec.cat\/solsones\/programa-de-suport-a-leducacio-2021-22\/ambit-de-la-salut\/tinc-dret-a-sentir\/","title":{"rendered":"Tinc dret a sentir"},"content":{"rendered":"<h4><span style=\"color: #800000;\">Objectiu<\/span><\/h4>\n<p>Ajudar als infants a assolir el benestar.<\/p>\n<h4><span style=\"color: #800000;\">Descripci\u00f3<\/span><\/h4>\n<p>La proposta de desenvolupament de la consci\u00e8ncia emocional \u00e9s b\u00e0sic que es faci a trav\u00e9s de sentir aquestes emocions que sentim habitualment! Generem un espai de seguretat i confian\u00e7a que doni perm\u00eds per sentir, fer visible all\u00f2 que no agrada i compartir les emocions que emergeixin per a comprendre que totes i tots sentim coses semblants.<\/p>\n<p><a href=\"https:\/\/drive.google.com\/file\/d\/1dZ-AWkLzyJAGf1vU_Dzwd0W_sLM7meI0\/view\">https:\/\/drive.google.com\/file\/d\/1dZ-AWkLzyJAGf1vU_Dzwd0W_sLM7meI0\/view<\/a><\/p>\n<h4><span style=\"color: #800000;\">Nivell<\/span><\/h4>\n<p>CI de prim\u00e0ria<\/p>\n<h4><span style=\"color: #800000;\">Companyia<\/span><\/h4>\n<p>SEER<\/p>\n<h4><span style=\"color: #800000;\">Calendari<\/span><\/h4>\n<p>11, 14 de gener i 30 de mar\u00e7<\/p>\n","protected":false},"excerpt":{"rendered":"<p>Objectiu Ajudar als infants a assolir el benestar. Descripci\u00f3 La proposta de desenvolupament de la consci\u00e8ncia emocional \u00e9s b\u00e0sic que es faci a trav\u00e9s de sentir aquestes emocions que sentim habitualment! Generem un espai de seguretat i confian\u00e7a que doni perm\u00eds per sentir, fer visible all\u00f2 que no agrada i compartir les emocions que emergeixin [&hellip;]<\/p>\n","protected":false},"author":1,"featured_media":0,"parent":13528,"menu_order":4,"comment_status":"closed","ping_status":"closed","template":"page-templates\/side-menu.php","meta":{"_bbp_topic_count":0,"_bbp_reply_count":0,"_bbp_total_topic_count":0,"_bbp_total_reply_count":0,"_bbp_voice_count":0,"_bbp_anonymous_reply_count":0,"_bbp_topic_count_hidden":0,"_bbp_reply_count_hidden":0,"_bbp_forum_subforum_count":0,"site-sidebar-layout":"default","site-content-layout":"","ast-site-content-layout":"","site-content-style":"default","site-sidebar-style":"default","ast-global-header-display":"","ast-banner-title-visibility":"","ast-main-header-display":"","ast-hfb-above-header-display":"","ast-hfb-below-header-display":"","ast-hfb-mobile-header-display":"","site-post-title":"","ast-breadcrumbs-content":"","ast-featured-img":"","footer-sml-layout":"","theme-transparent-header-meta":"","adv-header-id-meta":"","stick-header-meta":"","header-above-stick-meta":"","header-main-stick-meta":"","header-below-stick-meta":"","astra-migrate-meta-layouts":"default","ast-page-background-enabled":"default","ast-page-background-meta":{"desktop":{"background-color":"var(--ast-global-color-4)","background-image":"","background-repeat":"repeat","background-position":"center center","background-size":"auto","background-attachment":"scroll","background-type":"","background-media":"","overlay-type":"","overlay-color":"","overlay-opacity":"","overlay-gradient":""},"tablet":{"background-color":"","background-image":"","background-repeat":"repeat","background-position":"center center","background-size":"auto","background-attachment":"scroll","background-type":"","background-media":"","overlay-type":"","overlay-color":"","overlay-opacity":"","overlay-gradient":""},"mobile":{"background-color":"","background-image":"","background-repeat":"repeat","background-position":"center center","background-size":"auto","background-attachment":"scroll","background-type":"","background-media":"","overlay-type":"","overlay-color":"","overlay-opacity":"","overlay-gradient":""}},"ast-content-background-meta":{"desktop":{"background-color":"var(--ast-global-color-5)","background-image":"","background-repeat":"repeat","background-position":"center center","background-size":"auto","background-attachment":"scroll","background-type":"","background-media":"","overlay-type":"","overlay-color":"","overlay-opacity":"","overlay-gradient":""},"tablet":{"background-color":"var(--ast-global-color-5)","background-image":"","background-repeat":"repeat","background-position":"center center","background-size":"auto","background-attachment":"scroll","background-type":"","background-media":"","overlay-type":"","overlay-color":"","overlay-opacity":"","overlay-gradient":""},"mobile":{"background-color":"var(--ast-global-color-5)","background-image":"","background-repeat":"repeat","background-position":"center center","background-size":"auto","background-attachment":"scroll","background-type":"","background-media":"","overlay-type":"","overlay-color":"","overlay-opacity":"","overlay-gradient":""}},"footnotes":""},"class_list":["post-13910","page","type-page","status-publish","hentry"],"post_mailing_queue_ids":[],"_links":{"self":[{"href":"https:\/\/serveiseducatius.xtec.cat\/solsones\/wp-json\/wp\/v2\/pages\/13910","targetHints":{"allow":["GET"]}}],"collection":[{"href":"https:\/\/serveiseducatius.xtec.cat\/solsones\/wp-json\/wp\/v2\/pages"}],"about":[{"href":"https:\/\/serveiseducatius.xtec.cat\/solsones\/wp-json\/wp\/v2\/types\/page"}],"author":[{"embeddable":true,"href":"https:\/\/serveiseducatius.xtec.cat\/solsones\/wp-json\/wp\/v2\/users\/1"}],"replies":[{"embeddable":true,"href":"https:\/\/serveiseducatius.xtec.cat\/solsones\/wp-json\/wp\/v2\/comments?post=13910"}],"version-history":[{"count":4,"href":"https:\/\/serveiseducatius.xtec.cat\/solsones\/wp-json\/wp\/v2\/pages\/13910\/revisions"}],"predecessor-version":[{"id":13914,"href":"https:\/\/serveiseducatius.xtec.cat\/solsones\/wp-json\/wp\/v2\/pages\/13910\/revisions\/13914"}],"up":[{"embeddable":true,"href":"https:\/\/serveiseducatius.xtec.cat\/solsones\/wp-json\/wp\/v2\/pages\/13528"}],"wp:attachment":[{"href":"https:\/\/serveiseducatius.xtec.cat\/solsones\/wp-json\/wp\/v2\/media?parent=13910"}],"curies":[{"name":"wp","href":"https:\/\/api.w.org\/{rel}","templated":true}]}}