{"id":13901,"date":"2022-04-08T08:38:50","date_gmt":"2022-04-08T06:38:50","guid":{"rendered":"https:\/\/serveiseducatius.xtec.cat\/solsones\/?page_id=13901"},"modified":"2022-04-08T08:42:09","modified_gmt":"2022-04-08T06:42:09","slug":"lunivers-de-la-lluna","status":"publish","type":"page","link":"https:\/\/serveiseducatius.xtec.cat\/solsones\/programa-de-suport-a-leducacio-2021-22\/ambit-de-la-salut\/lunivers-de-la-lluna\/","title":{"rendered":"L&#8217;univers de la lluna"},"content":{"rendered":"<h4><span style=\"color: #800000;\">Objectiu<\/span><\/h4>\n<p>Treballar l&#8217;autoestima dels infants.<\/p>\n<h4><span style=\"color: #800000;\">Descripci\u00f3<\/span><\/h4>\n<p>Un concert de petit format adre\u00e7at a nens i nenes de 3 a 7 anys, on ens conviden a fer un viatge a trav\u00e9s de la m\u00fasica,\u00a0 descobrint diferents elements, tant astron\u00f2mics com musicals.<\/p>\n<p><a href=\"https:\/\/acgranollers.cat\/musica\/univers-de-la-lluna\">https:\/\/acgranollers.cat\/musica\/univers-de-la-lluna<\/a><\/p>\n<h4><span style=\"color: #800000;\">Nivell<\/span><\/h4>\n<p>P5<\/p>\n<h4><span style=\"color: #800000;\">Companyia<\/span><\/h4>\n<p>Associaci\u00f3 Cultural de Granollers<\/p>\n<h4><span style=\"color: #800000;\">Calendari<\/span><\/h4>\n<p>20 de maig i 3 de juny de 2022<\/p>\n","protected":false},"excerpt":{"rendered":"<p>Objectiu Treballar l&#8217;autoestima dels infants. Descripci\u00f3 Un concert de petit format adre\u00e7at a nens i nenes de 3 a 7 anys, on ens conviden a fer un viatge a trav\u00e9s de la m\u00fasica,\u00a0 descobrint diferents elements, tant astron\u00f2mics com musicals. https:\/\/acgranollers.cat\/musica\/univers-de-la-lluna Nivell P5 Companyia Associaci\u00f3 Cultural de Granollers Calendari 20 de maig i 3 de [&hellip;]<\/p>\n","protected":false},"author":1,"featured_media":0,"parent":13528,"menu_order":3,"comment_status":"closed","ping_status":"closed","template":"page-templates\/side-menu.php","meta":{"_bbp_topic_count":0,"_bbp_reply_count":0,"_bbp_total_topic_count":0,"_bbp_total_reply_count":0,"_bbp_voice_count":0,"_bbp_anonymous_reply_count":0,"_bbp_topic_count_hidden":0,"_bbp_reply_count_hidden":0,"_bbp_forum_subforum_count":0,"site-sidebar-layout":"default","site-content-layout":"","ast-site-content-layout":"","site-content-style":"default","site-sidebar-style":"default","ast-global-header-display":"","ast-banner-title-visibility":"","ast-main-header-display":"","ast-hfb-above-header-display":"","ast-hfb-below-header-display":"","ast-hfb-mobile-header-display":"","site-post-title":"","ast-breadcrumbs-content":"","ast-featured-img":"","footer-sml-layout":"","theme-transparent-header-meta":"","adv-header-id-meta":"","stick-header-meta":"","header-above-stick-meta":"","header-main-stick-meta":"","header-below-stick-meta":"","astra-migrate-meta-layouts":"default","ast-page-background-enabled":"default","ast-page-background-meta":{"desktop":{"background-color":"var(--ast-global-color-4)","background-image":"","background-repeat":"repeat","background-position":"center center","background-size":"auto","background-attachment":"scroll","background-type":"","background-media":"","overlay-type":"","overlay-color":"","overlay-opacity":"","overlay-gradient":""},"tablet":{"background-color":"","background-image":"","background-repeat":"repeat","background-position":"center center","background-size":"auto","background-attachment":"scroll","background-type":"","background-media":"","overlay-type":"","overlay-color":"","overlay-opacity":"","overlay-gradient":""},"mobile":{"background-color":"","background-image":"","background-repeat":"repeat","background-position":"center center","background-size":"auto","background-attachment":"scroll","background-type":"","background-media":"","overlay-type":"","overlay-color":"","overlay-opacity":"","overlay-gradient":""}},"ast-content-background-meta":{"desktop":{"background-color":"var(--ast-global-color-5)","background-image":"","background-repeat":"repeat","background-position":"center center","background-size":"auto","background-attachment":"scroll","background-type":"","background-media":"","overlay-type":"","overlay-color":"","overlay-opacity":"","overlay-gradient":""},"tablet":{"background-color":"var(--ast-global-color-5)","background-image":"","background-repeat":"repeat","background-position":"center center","background-size":"auto","background-attachment":"scroll","background-type":"","background-media":"","overlay-type":"","overlay-color":"","overlay-opacity":"","overlay-gradient":""},"mobile":{"background-color":"var(--ast-global-color-5)","background-image":"","background-repeat":"repeat","background-position":"center center","background-size":"auto","background-attachment":"scroll","background-type":"","background-media":"","overlay-type":"","overlay-color":"","overlay-opacity":"","overlay-gradient":""}},"footnotes":""},"class_list":["post-13901","page","type-page","status-publish","hentry"],"post_mailing_queue_ids":[],"_links":{"self":[{"href":"https:\/\/serveiseducatius.xtec.cat\/solsones\/wp-json\/wp\/v2\/pages\/13901","targetHints":{"allow":["GET"]}}],"collection":[{"href":"https:\/\/serveiseducatius.xtec.cat\/solsones\/wp-json\/wp\/v2\/pages"}],"about":[{"href":"https:\/\/serveiseducatius.xtec.cat\/solsones\/wp-json\/wp\/v2\/types\/page"}],"author":[{"embeddable":true,"href":"https:\/\/serveiseducatius.xtec.cat\/solsones\/wp-json\/wp\/v2\/users\/1"}],"replies":[{"embeddable":true,"href":"https:\/\/serveiseducatius.xtec.cat\/solsones\/wp-json\/wp\/v2\/comments?post=13901"}],"version-history":[{"count":3,"href":"https:\/\/serveiseducatius.xtec.cat\/solsones\/wp-json\/wp\/v2\/pages\/13901\/revisions"}],"predecessor-version":[{"id":13903,"href":"https:\/\/serveiseducatius.xtec.cat\/solsones\/wp-json\/wp\/v2\/pages\/13901\/revisions\/13903"}],"up":[{"embeddable":true,"href":"https:\/\/serveiseducatius.xtec.cat\/solsones\/wp-json\/wp\/v2\/pages\/13528"}],"wp:attachment":[{"href":"https:\/\/serveiseducatius.xtec.cat\/solsones\/wp-json\/wp\/v2\/media?parent=13901"}],"curies":[{"name":"wp","href":"https:\/\/api.w.org\/{rel}","templated":true}]}}