{"id":13895,"date":"2022-04-08T08:29:43","date_gmt":"2022-04-08T06:29:43","guid":{"rendered":"https:\/\/serveiseducatius.xtec.cat\/solsones\/?page_id=13895"},"modified":"2022-04-08T08:43:03","modified_gmt":"2022-04-08T06:43:03","slug":"la-familia-de-les-germanes-algaba","status":"publish","type":"page","link":"https:\/\/serveiseducatius.xtec.cat\/solsones\/programa-de-suport-a-leducacio-2021-22\/ambit-de-la-salut\/la-familia-de-les-germanes-algaba\/","title":{"rendered":"La fam\u00edlia de les germanes Algaba"},"content":{"rendered":"<h4><span style=\"color: #800000;\">Objectiu<\/span><\/h4>\n<p>Treballar l&#8217;autoestima dels infants.<\/p>\n<h4><span style=\"color: #800000;\">Descripci\u00f3<\/span><\/h4>\n<p>\u00c9s la hist\u00f2ria de les germanes Joana i la Mariona. Una d\u2019elles haur\u00e0 d\u2019explicar a la classe que t\u00e9 dues mares. Per fer-ho rebr\u00e0 l\u2019ajuda d\u2019una amistat molt especial que li donar\u00e0 la joguina perfecta per demostrar que les fam\u00edlies ho son a tot arreu.<\/p>\n<h4><span style=\"color: #800000;\">Nivell<\/span><\/h4>\n<p>P2 &#8211; P3 &#8211; P4 -P5<\/p>\n<h4><span style=\"color: #800000;\">Companyia<\/span><\/h4>\n<p>Boira teatre<\/p>\n<h4><span style=\"color: #800000;\">Calendari<\/span><\/h4>\n<p>20 d&#8217;abril de 2022<\/p>\n","protected":false},"excerpt":{"rendered":"<p>Objectiu Treballar l&#8217;autoestima dels infants. Descripci\u00f3 \u00c9s la hist\u00f2ria de les germanes Joana i la Mariona. Una d\u2019elles haur\u00e0 d\u2019explicar a la classe que t\u00e9 dues mares. Per fer-ho rebr\u00e0 l\u2019ajuda d\u2019una amistat molt especial que li donar\u00e0 la joguina perfecta per demostrar que les fam\u00edlies ho son a tot arreu. Nivell P2 &#8211; P3 [&hellip;]<\/p>\n","protected":false},"author":1,"featured_media":0,"parent":13528,"menu_order":2,"comment_status":"closed","ping_status":"closed","template":"page-templates\/side-menu.php","meta":{"_bbp_topic_count":0,"_bbp_reply_count":0,"_bbp_total_topic_count":0,"_bbp_total_reply_count":0,"_bbp_voice_count":0,"_bbp_anonymous_reply_count":0,"_bbp_topic_count_hidden":0,"_bbp_reply_count_hidden":0,"_bbp_forum_subforum_count":0,"site-sidebar-layout":"default","site-content-layout":"","ast-site-content-layout":"","site-content-style":"default","site-sidebar-style":"default","ast-global-header-display":"","ast-banner-title-visibility":"","ast-main-header-display":"","ast-hfb-above-header-display":"","ast-hfb-below-header-display":"","ast-hfb-mobile-header-display":"","site-post-title":"","ast-breadcrumbs-content":"","ast-featured-img":"","footer-sml-layout":"","theme-transparent-header-meta":"","adv-header-id-meta":"","stick-header-meta":"","header-above-stick-meta":"","header-main-stick-meta":"","header-below-stick-meta":"","astra-migrate-meta-layouts":"default","ast-page-background-enabled":"default","ast-page-background-meta":{"desktop":{"background-color":"var(--ast-global-color-4)","background-image":"","background-repeat":"repeat","background-position":"center center","background-size":"auto","background-attachment":"scroll","background-type":"","background-media":"","overlay-type":"","overlay-color":"","overlay-opacity":"","overlay-gradient":""},"tablet":{"background-color":"","background-image":"","background-repeat":"repeat","background-position":"center center","background-size":"auto","background-attachment":"scroll","background-type":"","background-media":"","overlay-type":"","overlay-color":"","overlay-opacity":"","overlay-gradient":""},"mobile":{"background-color":"","background-image":"","background-repeat":"repeat","background-position":"center center","background-size":"auto","background-attachment":"scroll","background-type":"","background-media":"","overlay-type":"","overlay-color":"","overlay-opacity":"","overlay-gradient":""}},"ast-content-background-meta":{"desktop":{"background-color":"var(--ast-global-color-5)","background-image":"","background-repeat":"repeat","background-position":"center center","background-size":"auto","background-attachment":"scroll","background-type":"","background-media":"","overlay-type":"","overlay-color":"","overlay-opacity":"","overlay-gradient":""},"tablet":{"background-color":"var(--ast-global-color-5)","background-image":"","background-repeat":"repeat","background-position":"center center","background-size":"auto","background-attachment":"scroll","background-type":"","background-media":"","overlay-type":"","overlay-color":"","overlay-opacity":"","overlay-gradient":""},"mobile":{"background-color":"var(--ast-global-color-5)","background-image":"","background-repeat":"repeat","background-position":"center center","background-size":"auto","background-attachment":"scroll","background-type":"","background-media":"","overlay-type":"","overlay-color":"","overlay-opacity":"","overlay-gradient":""}},"footnotes":""},"class_list":["post-13895","page","type-page","status-publish","hentry"],"post_mailing_queue_ids":[],"_links":{"self":[{"href":"https:\/\/serveiseducatius.xtec.cat\/solsones\/wp-json\/wp\/v2\/pages\/13895","targetHints":{"allow":["GET"]}}],"collection":[{"href":"https:\/\/serveiseducatius.xtec.cat\/solsones\/wp-json\/wp\/v2\/pages"}],"about":[{"href":"https:\/\/serveiseducatius.xtec.cat\/solsones\/wp-json\/wp\/v2\/types\/page"}],"author":[{"embeddable":true,"href":"https:\/\/serveiseducatius.xtec.cat\/solsones\/wp-json\/wp\/v2\/users\/1"}],"replies":[{"embeddable":true,"href":"https:\/\/serveiseducatius.xtec.cat\/solsones\/wp-json\/wp\/v2\/comments?post=13895"}],"version-history":[{"count":3,"href":"https:\/\/serveiseducatius.xtec.cat\/solsones\/wp-json\/wp\/v2\/pages\/13895\/revisions"}],"predecessor-version":[{"id":13909,"href":"https:\/\/serveiseducatius.xtec.cat\/solsones\/wp-json\/wp\/v2\/pages\/13895\/revisions\/13909"}],"up":[{"embeddable":true,"href":"https:\/\/serveiseducatius.xtec.cat\/solsones\/wp-json\/wp\/v2\/pages\/13528"}],"wp:attachment":[{"href":"https:\/\/serveiseducatius.xtec.cat\/solsones\/wp-json\/wp\/v2\/media?parent=13895"}],"curies":[{"name":"wp","href":"https:\/\/api.w.org\/{rel}","templated":true}]}}