{"id":13519,"date":"2021-08-27T12:25:27","date_gmt":"2021-08-27T10:25:27","guid":{"rendered":"https:\/\/serveiseducatius.xtec.cat\/solsones\/?page_id=13519"},"modified":"2022-04-08T08:11:19","modified_gmt":"2022-04-08T06:11:19","slug":"programa-de-suport-a-leducacio-2021-22","status":"publish","type":"page","link":"https:\/\/serveiseducatius.xtec.cat\/solsones\/programa-de-suport-a-leducacio-2021-22\/","title":{"rendered":"Programa de suport a l&#8217;educaci\u00f3 2021-22"},"content":{"rendered":"<h4 class=\"widgettitle\"><span style=\"color: #993300;\">Xarxa Transversal d\u2019Educaci\u00f3 del Solson\u00e8s<\/span><\/h4>\n<div class=\"textwidget\">\n<p>La Xarxa Transversal d\u2019Educaci\u00f3 del Solson\u00e8s est\u00e0 formada pel\u00a0<strong>SE del Solson\u00e8s<\/strong>, l\u2019<strong>Ajuntament de Solsona<\/strong>\u00a0i el\u00a0<strong>Consell Comarcal del Solson\u00e8s<\/strong>. El seu objectiu \u00e9s organitzar activitats educatives per ajudar els centres en l\u2019assoliment de les compet\u00e8ncies b\u00e0siques. Aquestes activitats es concreten en el\u00a0<strong><a href=\"https:\/\/serveiseducatius.xtec.cat\/solsones\/categoria\/dinamitzacio\/programa-de-suport-a-leducacio\/\" target=\"_blank\" rel=\"noopener noreferrer\">Programa de Suport a l\u2019Educaci\u00f3<\/a>.<\/strong><\/p>\n<p><a href=\"https:\/\/serveiseducatius.xtec.cat\/solsones\/wp-content\/uploads\/usu1176\/2021\/03\/Programa_suport_educaci\u00f3.png\"><img loading=\"lazy\" decoding=\"async\" class=\" wp-image-13014 aligncenter\" src=\"https:\/\/serveiseducatius.xtec.cat\/solsones\/wp-content\/uploads\/usu1176\/2021\/03\/Programa_suport_educaci\u00f3-472x1024.png\" alt=\"\" width=\"387\" height=\"840\" srcset=\"https:\/\/serveiseducatius.xtec.cat\/solsones\/wp-content\/uploads\/usu1176\/2021\/03\/Programa_suport_educaci\u00f3.png 472w, https:\/\/serveiseducatius.xtec.cat\/solsones\/wp-content\/uploads\/usu1176\/2021\/03\/Programa_suport_educaci\u00f3-138x300.png 138w\" sizes=\"auto, (max-width: 387px) 100vw, 387px\" \/><\/a><\/p>\n<\/div>\n","protected":false},"excerpt":{"rendered":"<p>Xarxa Transversal d\u2019Educaci\u00f3 del Solson\u00e8s La Xarxa Transversal d\u2019Educaci\u00f3 del Solson\u00e8s est\u00e0 formada pel\u00a0SE del Solson\u00e8s, l\u2019Ajuntament de Solsona\u00a0i el\u00a0Consell Comarcal del Solson\u00e8s. El seu objectiu \u00e9s organitzar activitats educatives per ajudar els centres en l\u2019assoliment de les compet\u00e8ncies b\u00e0siques. Aquestes activitats es concreten en el\u00a0Programa de Suport a l\u2019Educaci\u00f3.<\/p>\n","protected":false},"author":1,"featured_media":0,"parent":0,"menu_order":0,"comment_status":"closed","ping_status":"closed","template":"page-templates\/side-menu.php","meta":{"_bbp_topic_count":0,"_bbp_reply_count":0,"_bbp_total_topic_count":0,"_bbp_total_reply_count":0,"_bbp_voice_count":0,"_bbp_anonymous_reply_count":0,"_bbp_topic_count_hidden":0,"_bbp_reply_count_hidden":0,"_bbp_forum_subforum_count":0,"site-sidebar-layout":"default","site-content-layout":"","ast-site-content-layout":"","site-content-style":"default","site-sidebar-style":"default","ast-global-header-display":"","ast-banner-title-visibility":"","ast-main-header-display":"","ast-hfb-above-header-display":"","ast-hfb-below-header-display":"","ast-hfb-mobile-header-display":"","site-post-title":"","ast-breadcrumbs-content":"","ast-featured-img":"","footer-sml-layout":"","theme-transparent-header-meta":"","adv-header-id-meta":"","stick-header-meta":"","header-above-stick-meta":"","header-main-stick-meta":"","header-below-stick-meta":"","astra-migrate-meta-layouts":"default","ast-page-background-enabled":"default","ast-page-background-meta":{"desktop":{"background-color":"var(--ast-global-color-4)","background-image":"","background-repeat":"repeat","background-position":"center center","background-size":"auto","background-attachment":"scroll","background-type":"","background-media":"","overlay-type":"","overlay-color":"","overlay-opacity":"","overlay-gradient":""},"tablet":{"background-color":"","background-image":"","background-repeat":"repeat","background-position":"center center","background-size":"auto","background-attachment":"scroll","background-type":"","background-media":"","overlay-type":"","overlay-color":"","overlay-opacity":"","overlay-gradient":""},"mobile":{"background-color":"","background-image":"","background-repeat":"repeat","background-position":"center center","background-size":"auto","background-attachment":"scroll","background-type":"","background-media":"","overlay-type":"","overlay-color":"","overlay-opacity":"","overlay-gradient":""}},"ast-content-background-meta":{"desktop":{"background-color":"var(--ast-global-color-5)","background-image":"","background-repeat":"repeat","background-position":"center center","background-size":"auto","background-attachment":"scroll","background-type":"","background-media":"","overlay-type":"","overlay-color":"","overlay-opacity":"","overlay-gradient":""},"tablet":{"background-color":"var(--ast-global-color-5)","background-image":"","background-repeat":"repeat","background-position":"center center","background-size":"auto","background-attachment":"scroll","background-type":"","background-media":"","overlay-type":"","overlay-color":"","overlay-opacity":"","overlay-gradient":""},"mobile":{"background-color":"var(--ast-global-color-5)","background-image":"","background-repeat":"repeat","background-position":"center center","background-size":"auto","background-attachment":"scroll","background-type":"","background-media":"","overlay-type":"","overlay-color":"","overlay-opacity":"","overlay-gradient":""}},"footnotes":""},"class_list":["post-13519","page","type-page","status-publish","hentry"],"post_mailing_queue_ids":[],"_links":{"self":[{"href":"https:\/\/serveiseducatius.xtec.cat\/solsones\/wp-json\/wp\/v2\/pages\/13519","targetHints":{"allow":["GET"]}}],"collection":[{"href":"https:\/\/serveiseducatius.xtec.cat\/solsones\/wp-json\/wp\/v2\/pages"}],"about":[{"href":"https:\/\/serveiseducatius.xtec.cat\/solsones\/wp-json\/wp\/v2\/types\/page"}],"author":[{"embeddable":true,"href":"https:\/\/serveiseducatius.xtec.cat\/solsones\/wp-json\/wp\/v2\/users\/1"}],"replies":[{"embeddable":true,"href":"https:\/\/serveiseducatius.xtec.cat\/solsones\/wp-json\/wp\/v2\/comments?post=13519"}],"version-history":[{"count":2,"href":"https:\/\/serveiseducatius.xtec.cat\/solsones\/wp-json\/wp\/v2\/pages\/13519\/revisions"}],"predecessor-version":[{"id":13891,"href":"https:\/\/serveiseducatius.xtec.cat\/solsones\/wp-json\/wp\/v2\/pages\/13519\/revisions\/13891"}],"wp:attachment":[{"href":"https:\/\/serveiseducatius.xtec.cat\/solsones\/wp-json\/wp\/v2\/media?parent=13519"}],"curies":[{"name":"wp","href":"https:\/\/api.w.org\/{rel}","templated":true}]}}