{"id":11002,"date":"2019-09-23T13:36:44","date_gmt":"2019-09-23T11:36:44","guid":{"rendered":"http:\/\/serveiseducatius.xtec.cat\/solsones\/?page_id=11002"},"modified":"2019-09-24T16:55:05","modified_gmt":"2019-09-24T14:55:05","slug":"laprenent-de-magia","status":"publish","type":"page","link":"https:\/\/serveiseducatius.xtec.cat\/solsones\/programa-de-suport-a-leducacio\/competencia-autonomia-i-iniciativa-personal\/laprenent-de-magia\/","title":{"rendered":"L&#8217;aprenent de m\u00e0gia"},"content":{"rendered":"<p style=\"text-align: justify;\"><em><a href=\"https:\/\/serveiseducatius.xtec.cat\/solsones\/wp-content\/uploads\/usu1176\/2019\/09\/Jan-Llibre-web-1.jpg\"><img loading=\"lazy\" decoding=\"async\" class=\"wp-image-11006 alignright\" src=\"https:\/\/serveiseducatius.xtec.cat\/solsones\/wp-content\/uploads\/usu1176\/2019\/09\/Jan-Llibre-web-1.jpg\" alt=\"\" width=\"331\" height=\"331\" srcset=\"https:\/\/serveiseducatius.xtec.cat\/solsones\/wp-content\/uploads\/usu1176\/2019\/09\/Jan-Llibre-web-1.jpg 460w, https:\/\/serveiseducatius.xtec.cat\/solsones\/wp-content\/uploads\/usu1176\/2019\/09\/Jan-Llibre-web-1-150x150.jpg 150w, https:\/\/serveiseducatius.xtec.cat\/solsones\/wp-content\/uploads\/usu1176\/2019\/09\/Jan-Llibre-web-1-300x300.jpg 300w\" sizes=\"auto, (max-width: 331px) 100vw, 331px\" \/><\/a><\/em><\/p>\n<h4><span style=\"color: #800000;\">Objectius<\/span><\/h4>\n<ul>\n<li>Fomentar la creativitat i la imaginaci\u00f3 dels alumnes.<\/li>\n<li>Reflexionar sobre les necessitats reals de les<br \/>\npersones, promoure el debat i fomentar l\u2019esperit<br \/>\ncr\u00edtic entre els estudiants<\/li>\n<li>Recon\u00e8ixer que existeixen diferents opinions i punts<br \/>\nde vista.<\/li>\n<\/ul>\n<h4><span style=\"color: #800000;\">Descripci\u00f3<\/span><\/h4>\n<p><em>L\u2019Aprenent<\/em>\u00a0\u00e9s la hist\u00f2ria d\u2019en Jan, un estudiant de pocions del primer curs a l\u2019Escola d\u2019Arts Misterioses, i com es posa a aprendre de la Taura, l\u2019estudiant m\u00e9s popular i talentosa de l\u2019escola. Per\u00f2 les coses es compliquen quan en Jan descobreix que la Taura no \u00e9s tot el que sembla i que t\u00e9 una caixa amb una desagradable sorpresa a l\u2019interior.<\/p>\n<p><a href=\"http:\/\/ipacat.com\/materials.html\" target=\"_blank\" rel=\"noopener noreferrer\"><span style=\"color: #800000;\">Proposta did\u00e0ctica<\/span> <\/a><\/p>\n<h4><span style=\"color: #800000;\">Nivell<\/span><\/h4>\n<p>Prim\u00e0ria: 3r a 6\u00e8<\/p>\n<h4><span style=\"color: #800000;\">Companyia<\/span><\/h4>\n<p><a href=\"http:\/\/ipacat.com\/index.html#aprenent-block\" target=\"_blank\" rel=\"noopener noreferrer\">IPACAT<\/a><\/p>\n<h4><span style=\"color: #800000;\">Calendari<\/span><\/h4>\n<p>4 de mar\u00e7 de 2020<\/p>\n<p>&nbsp;<\/p>\n<p>&nbsp;<\/p>\n<p style=\"text-align: justify;\">\n","protected":false},"excerpt":{"rendered":"<p>Objectius Fomentar la creativitat i la imaginaci\u00f3 dels alumnes. Reflexionar sobre les necessitats reals de les persones, promoure el debat i fomentar l\u2019esperit cr\u00edtic entre els estudiants Recon\u00e8ixer que existeixen diferents opinions i punts de vista. Descripci\u00f3 L\u2019Aprenent\u00a0\u00e9s la hist\u00f2ria d\u2019en Jan, un estudiant de pocions del primer curs a l\u2019Escola d\u2019Arts Misterioses, i com [&hellip;]<\/p>\n","protected":false},"author":1,"featured_media":0,"parent":10358,"menu_order":1,"comment_status":"closed","ping_status":"closed","template":"page-templates\/side-menu.php","meta":{"_bbp_topic_count":0,"_bbp_reply_count":0,"_bbp_total_topic_count":0,"_bbp_total_reply_count":0,"_bbp_voice_count":0,"_bbp_anonymous_reply_count":0,"_bbp_topic_count_hidden":0,"_bbp_reply_count_hidden":0,"_bbp_forum_subforum_count":0,"site-sidebar-layout":"default","site-content-layout":"","ast-site-content-layout":"","site-content-style":"default","site-sidebar-style":"default","ast-global-header-display":"","ast-banner-title-visibility":"","ast-main-header-display":"","ast-hfb-above-header-display":"","ast-hfb-below-header-display":"","ast-hfb-mobile-header-display":"","site-post-title":"","ast-breadcrumbs-content":"","ast-featured-img":"","footer-sml-layout":"","theme-transparent-header-meta":"","adv-header-id-meta":"","stick-header-meta":"","header-above-stick-meta":"","header-main-stick-meta":"","header-below-stick-meta":"","astra-migrate-meta-layouts":"default","ast-page-background-enabled":"default","ast-page-background-meta":{"desktop":{"background-color":"var(--ast-global-color-4)","background-image":"","background-repeat":"repeat","background-position":"center center","background-size":"auto","background-attachment":"scroll","background-type":"","background-media":"","overlay-type":"","overlay-color":"","overlay-opacity":"","overlay-gradient":""},"tablet":{"background-color":"","background-image":"","background-repeat":"repeat","background-position":"center center","background-size":"auto","background-attachment":"scroll","background-type":"","background-media":"","overlay-type":"","overlay-color":"","overlay-opacity":"","overlay-gradient":""},"mobile":{"background-color":"","background-image":"","background-repeat":"repeat","background-position":"center center","background-size":"auto","background-attachment":"scroll","background-type":"","background-media":"","overlay-type":"","overlay-color":"","overlay-opacity":"","overlay-gradient":""}},"ast-content-background-meta":{"desktop":{"background-color":"var(--ast-global-color-5)","background-image":"","background-repeat":"repeat","background-position":"center center","background-size":"auto","background-attachment":"scroll","background-type":"","background-media":"","overlay-type":"","overlay-color":"","overlay-opacity":"","overlay-gradient":""},"tablet":{"background-color":"var(--ast-global-color-5)","background-image":"","background-repeat":"repeat","background-position":"center center","background-size":"auto","background-attachment":"scroll","background-type":"","background-media":"","overlay-type":"","overlay-color":"","overlay-opacity":"","overlay-gradient":""},"mobile":{"background-color":"var(--ast-global-color-5)","background-image":"","background-repeat":"repeat","background-position":"center center","background-size":"auto","background-attachment":"scroll","background-type":"","background-media":"","overlay-type":"","overlay-color":"","overlay-opacity":"","overlay-gradient":""}},"footnotes":""},"class_list":["post-11002","page","type-page","status-publish","hentry"],"post_mailing_queue_ids":[],"_links":{"self":[{"href":"https:\/\/serveiseducatius.xtec.cat\/solsones\/wp-json\/wp\/v2\/pages\/11002","targetHints":{"allow":["GET"]}}],"collection":[{"href":"https:\/\/serveiseducatius.xtec.cat\/solsones\/wp-json\/wp\/v2\/pages"}],"about":[{"href":"https:\/\/serveiseducatius.xtec.cat\/solsones\/wp-json\/wp\/v2\/types\/page"}],"author":[{"embeddable":true,"href":"https:\/\/serveiseducatius.xtec.cat\/solsones\/wp-json\/wp\/v2\/users\/1"}],"replies":[{"embeddable":true,"href":"https:\/\/serveiseducatius.xtec.cat\/solsones\/wp-json\/wp\/v2\/comments?post=11002"}],"version-history":[{"count":4,"href":"https:\/\/serveiseducatius.xtec.cat\/solsones\/wp-json\/wp\/v2\/pages\/11002\/revisions"}],"predecessor-version":[{"id":11034,"href":"https:\/\/serveiseducatius.xtec.cat\/solsones\/wp-json\/wp\/v2\/pages\/11002\/revisions\/11034"}],"up":[{"embeddable":true,"href":"https:\/\/serveiseducatius.xtec.cat\/solsones\/wp-json\/wp\/v2\/pages\/10358"}],"wp:attachment":[{"href":"https:\/\/serveiseducatius.xtec.cat\/solsones\/wp-json\/wp\/v2\/media?parent=11002"}],"curies":[{"name":"wp","href":"https:\/\/api.w.org\/{rel}","templated":true}]}}