{"id":10996,"date":"2019-09-23T13:27:22","date_gmt":"2019-09-23T11:27:22","guid":{"rendered":"http:\/\/serveiseducatius.xtec.cat\/solsones\/?page_id=10996"},"modified":"2019-09-24T16:51:32","modified_gmt":"2019-09-24T14:51:32","slug":"les-dones-del-rock","status":"publish","type":"page","link":"https:\/\/serveiseducatius.xtec.cat\/solsones\/programa-de-suport-a-leducacio\/competencia-autonomia-i-iniciativa-personal\/les-dones-del-rock\/","title":{"rendered":"Les dones del Rock"},"content":{"rendered":"<h4><a href=\"https:\/\/serveiseducatius.xtec.cat\/solsones\/wp-content\/uploads\/usu1176\/2019\/09\/Dones-del-Rock.png\"><img loading=\"lazy\" decoding=\"async\" class=\"size-full wp-image-11021 alignright\" src=\"https:\/\/serveiseducatius.xtec.cat\/solsones\/wp-content\/uploads\/usu1176\/2019\/09\/Dones-del-Rock.png\" alt=\"\" width=\"562\" height=\"314\" srcset=\"https:\/\/serveiseducatius.xtec.cat\/solsones\/wp-content\/uploads\/usu1176\/2019\/09\/Dones-del-Rock.png 562w, https:\/\/serveiseducatius.xtec.cat\/solsones\/wp-content\/uploads\/usu1176\/2019\/09\/Dones-del-Rock-300x168.png 300w\" sizes=\"auto, (max-width: 562px) 100vw, 562px\" \/><\/a><span style=\"color: #800000;\">Objectiu<\/span><\/h4>\n<ul>\n<li>Con\u00e8ixer l\u2019important i fonamental paper de les dones en el rock en un concert comentat per a nois i noies<\/li>\n<\/ul>\n<h4><span style=\"color: #800000;\">Descripci\u00f3<\/span><\/h4>\n<p>Si b\u00e9 el rock, el jazz, el blues&#8230; s\u00f3n territoris marcadament masculins, en aquesta audici\u00f3 veurem com les dones han tingut un paper molt m\u00e9s enll\u00e0 del representat per les grans dives del pop on juguen amb el rol de dona sensual, femenina, amb bona imatge i que fa gala d\u2019aquesta sensualitat en v\u00eddeos i coreografies.<br \/>\nAquesta \u00e9s una hist\u00f2ria del rock des de la vessant femenina on coneixerem el paper de dives com Billie hollyday ,Wanda Jackson,Tina Turner, Patti Smith, Janis Joplin, Grace Slick, Amy Winehouse &#8230;. Tots els estils, \u00e8poques i geografies: del blues a l\u2019electr\u00f2nica; dels anys 40 a avui dia.<\/p>\n<p><a href=\"http:\/\/www.espectaclesjduch.cat\/cat\/atot\/espectacle\/file\/214\/\" target=\"_blank\" rel=\"noopener noreferrer\">Proposta did\u00e0ctica<\/a><\/p>\n<h4><span style=\"color: #800000;\">Nivell<\/span><\/h4>\n<p>3r, 4t d&#8217;ESO i Batx.<\/p>\n<h4><span style=\"color: #800000;\">Companyia<\/span><\/h4>\n<p><a href=\"http:\/\/www.espectaclesjduch.cat\/cat\/p\/atot\/espectacle\/espectacles\/denesrock.htm\" target=\"_blank\" rel=\"noopener noreferrer\">www.espectaclesjduch.cat<\/a><\/p>\n<h4><span style=\"color: #800000;\">Lloc i Calendari<\/span><\/h4>\n<p>Teatre de Solsona\u00a0 &#8211; 28 de novembre de 2019<\/p>\n","protected":false},"excerpt":{"rendered":"<p>Objectiu Con\u00e8ixer l\u2019important i fonamental paper de les dones en el rock en un concert comentat per a nois i noies Descripci\u00f3 Si b\u00e9 el rock, el jazz, el blues&#8230; s\u00f3n territoris marcadament masculins, en aquesta audici\u00f3 veurem com les dones han tingut un paper molt m\u00e9s enll\u00e0 del representat per les grans dives del [&hellip;]<\/p>\n","protected":false},"author":1,"featured_media":0,"parent":10358,"menu_order":1,"comment_status":"closed","ping_status":"closed","template":"page-templates\/side-menu.php","meta":{"_bbp_topic_count":0,"_bbp_reply_count":0,"_bbp_total_topic_count":0,"_bbp_total_reply_count":0,"_bbp_voice_count":0,"_bbp_anonymous_reply_count":0,"_bbp_topic_count_hidden":0,"_bbp_reply_count_hidden":0,"_bbp_forum_subforum_count":0,"site-sidebar-layout":"default","site-content-layout":"","ast-site-content-layout":"","site-content-style":"default","site-sidebar-style":"default","ast-global-header-display":"","ast-banner-title-visibility":"","ast-main-header-display":"","ast-hfb-above-header-display":"","ast-hfb-below-header-display":"","ast-hfb-mobile-header-display":"","site-post-title":"","ast-breadcrumbs-content":"","ast-featured-img":"","footer-sml-layout":"","theme-transparent-header-meta":"","adv-header-id-meta":"","stick-header-meta":"","header-above-stick-meta":"","header-main-stick-meta":"","header-below-stick-meta":"","astra-migrate-meta-layouts":"default","ast-page-background-enabled":"default","ast-page-background-meta":{"desktop":{"background-color":"var(--ast-global-color-4)","background-image":"","background-repeat":"repeat","background-position":"center center","background-size":"auto","background-attachment":"scroll","background-type":"","background-media":"","overlay-type":"","overlay-color":"","overlay-opacity":"","overlay-gradient":""},"tablet":{"background-color":"","background-image":"","background-repeat":"repeat","background-position":"center center","background-size":"auto","background-attachment":"scroll","background-type":"","background-media":"","overlay-type":"","overlay-color":"","overlay-opacity":"","overlay-gradient":""},"mobile":{"background-color":"","background-image":"","background-repeat":"repeat","background-position":"center center","background-size":"auto","background-attachment":"scroll","background-type":"","background-media":"","overlay-type":"","overlay-color":"","overlay-opacity":"","overlay-gradient":""}},"ast-content-background-meta":{"desktop":{"background-color":"var(--ast-global-color-5)","background-image":"","background-repeat":"repeat","background-position":"center center","background-size":"auto","background-attachment":"scroll","background-type":"","background-media":"","overlay-type":"","overlay-color":"","overlay-opacity":"","overlay-gradient":""},"tablet":{"background-color":"var(--ast-global-color-5)","background-image":"","background-repeat":"repeat","background-position":"center center","background-size":"auto","background-attachment":"scroll","background-type":"","background-media":"","overlay-type":"","overlay-color":"","overlay-opacity":"","overlay-gradient":""},"mobile":{"background-color":"var(--ast-global-color-5)","background-image":"","background-repeat":"repeat","background-position":"center center","background-size":"auto","background-attachment":"scroll","background-type":"","background-media":"","overlay-type":"","overlay-color":"","overlay-opacity":"","overlay-gradient":""}},"footnotes":""},"class_list":["post-10996","page","type-page","status-publish","hentry"],"post_mailing_queue_ids":[],"_links":{"self":[{"href":"https:\/\/serveiseducatius.xtec.cat\/solsones\/wp-json\/wp\/v2\/pages\/10996","targetHints":{"allow":["GET"]}}],"collection":[{"href":"https:\/\/serveiseducatius.xtec.cat\/solsones\/wp-json\/wp\/v2\/pages"}],"about":[{"href":"https:\/\/serveiseducatius.xtec.cat\/solsones\/wp-json\/wp\/v2\/types\/page"}],"author":[{"embeddable":true,"href":"https:\/\/serveiseducatius.xtec.cat\/solsones\/wp-json\/wp\/v2\/users\/1"}],"replies":[{"embeddable":true,"href":"https:\/\/serveiseducatius.xtec.cat\/solsones\/wp-json\/wp\/v2\/comments?post=10996"}],"version-history":[{"count":4,"href":"https:\/\/serveiseducatius.xtec.cat\/solsones\/wp-json\/wp\/v2\/pages\/10996\/revisions"}],"predecessor-version":[{"id":11032,"href":"https:\/\/serveiseducatius.xtec.cat\/solsones\/wp-json\/wp\/v2\/pages\/10996\/revisions\/11032"}],"up":[{"embeddable":true,"href":"https:\/\/serveiseducatius.xtec.cat\/solsones\/wp-json\/wp\/v2\/pages\/10358"}],"wp:attachment":[{"href":"https:\/\/serveiseducatius.xtec.cat\/solsones\/wp-json\/wp\/v2\/media?parent=10996"}],"curies":[{"name":"wp","href":"https:\/\/api.w.org\/{rel}","templated":true}]}}