{"id":10393,"date":"2018-12-14T11:53:38","date_gmt":"2018-12-14T10:53:38","guid":{"rendered":"http:\/\/serveiseducatius.xtec.cat\/solsones\/?page_id=10393"},"modified":"2019-09-25T11:50:43","modified_gmt":"2019-09-25T09:50:43","slug":"el-patufet","status":"publish","type":"page","link":"https:\/\/serveiseducatius.xtec.cat\/solsones\/programa-de-suport-a-leducacio\/competencia-artistica-i-cultural\/el-patufet\/","title":{"rendered":"Teatre: El monstre de colors"},"content":{"rendered":"<h4><span style=\"color: #993300;\"><span style=\"color: #800000;\"><img loading=\"lazy\" decoding=\"async\" class=\"alignright \" src=\"http:\/\/www.estaquirot.com\/images\/patufet\/patufet2-xl.jpg\" width=\"444\" height=\"296\" \/>Objectius<\/span><\/span><\/h4>\n<ul>\n<li>Treballar els colors i les emocions.<\/li>\n<li>Educaci\u00f3 emocional.<\/li>\n<\/ul>\n<h4><span style=\"color: #800000;\">Descripci\u00f3<\/span><\/h4>\n<p>Adaptaci\u00f3 teatral de \u201cEl Monstre de Colors\u201d. Basat en l\u2019obra d\u2019Anna Llenas.<\/p>\n<p>Un\u00a0<strong>espectacle de titelles, m\u00fasica i colors<\/strong>\u00a0per als m\u00e9s petits amb el qual viatjarem al m\u00f3n de les emocions. Veurem al monstre conf\u00f3s, content, conf\u00fas, enfadat, trist, acovardit i enamorat; i al costat d&#8217;ell aprendrem a ordenar i posar nom a cada emoci\u00f3.<\/p>\n<p><a href=\"https:\/\/www.transeduca.com\/downloads\/482\/01_01_El_monstre_de_colors_EdInfantil_CAT.pdf\" target=\"_blank\" rel=\"noopener noreferrer\">Proposta did\u00e0ctica per EI<\/a><\/p>\n<h4><span style=\"color: #800000;\">Nivell<\/span><\/h4>\n<p>De P2 a P5.<\/p>\n<h4><span style=\"color: #800000;\">Companyia<\/span><\/h4>\n<p>Transeduca<\/p>\n<h4><span style=\"color: #800000;\">Calendari<\/span><\/h4>\n<p>22 de maig de 2020<\/p>\n","protected":false},"excerpt":{"rendered":"<p>Objectius Treballar els colors i les emocions. Educaci\u00f3 emocional. Descripci\u00f3 Adaptaci\u00f3 teatral de \u201cEl Monstre de Colors\u201d. Basat en l\u2019obra d\u2019Anna Llenas. Un\u00a0espectacle de titelles, m\u00fasica i colors\u00a0per als m\u00e9s petits amb el qual viatjarem al m\u00f3n de les emocions. Veurem al monstre conf\u00f3s, content, conf\u00fas, enfadat, trist, acovardit i enamorat; i al costat d&#8217;ell [&hellip;]<\/p>\n","protected":false},"author":1,"featured_media":0,"parent":10387,"menu_order":2,"comment_status":"closed","ping_status":"closed","template":"page-templates\/side-menu.php","meta":{"_bbp_topic_count":0,"_bbp_reply_count":0,"_bbp_total_topic_count":0,"_bbp_total_reply_count":0,"_bbp_voice_count":0,"_bbp_anonymous_reply_count":0,"_bbp_topic_count_hidden":0,"_bbp_reply_count_hidden":0,"_bbp_forum_subforum_count":0,"site-sidebar-layout":"default","site-content-layout":"","ast-site-content-layout":"","site-content-style":"default","site-sidebar-style":"default","ast-global-header-display":"","ast-banner-title-visibility":"","ast-main-header-display":"","ast-hfb-above-header-display":"","ast-hfb-below-header-display":"","ast-hfb-mobile-header-display":"","site-post-title":"","ast-breadcrumbs-content":"","ast-featured-img":"","footer-sml-layout":"","theme-transparent-header-meta":"","adv-header-id-meta":"","stick-header-meta":"","header-above-stick-meta":"","header-main-stick-meta":"","header-below-stick-meta":"","astra-migrate-meta-layouts":"default","ast-page-background-enabled":"default","ast-page-background-meta":{"desktop":{"background-color":"var(--ast-global-color-4)","background-image":"","background-repeat":"repeat","background-position":"center center","background-size":"auto","background-attachment":"scroll","background-type":"","background-media":"","overlay-type":"","overlay-color":"","overlay-opacity":"","overlay-gradient":""},"tablet":{"background-color":"","background-image":"","background-repeat":"repeat","background-position":"center center","background-size":"auto","background-attachment":"scroll","background-type":"","background-media":"","overlay-type":"","overlay-color":"","overlay-opacity":"","overlay-gradient":""},"mobile":{"background-color":"","background-image":"","background-repeat":"repeat","background-position":"center center","background-size":"auto","background-attachment":"scroll","background-type":"","background-media":"","overlay-type":"","overlay-color":"","overlay-opacity":"","overlay-gradient":""}},"ast-content-background-meta":{"desktop":{"background-color":"var(--ast-global-color-5)","background-image":"","background-repeat":"repeat","background-position":"center center","background-size":"auto","background-attachment":"scroll","background-type":"","background-media":"","overlay-type":"","overlay-color":"","overlay-opacity":"","overlay-gradient":""},"tablet":{"background-color":"var(--ast-global-color-5)","background-image":"","background-repeat":"repeat","background-position":"center center","background-size":"auto","background-attachment":"scroll","background-type":"","background-media":"","overlay-type":"","overlay-color":"","overlay-opacity":"","overlay-gradient":""},"mobile":{"background-color":"var(--ast-global-color-5)","background-image":"","background-repeat":"repeat","background-position":"center center","background-size":"auto","background-attachment":"scroll","background-type":"","background-media":"","overlay-type":"","overlay-color":"","overlay-opacity":"","overlay-gradient":""}},"footnotes":""},"class_list":["post-10393","page","type-page","status-publish","hentry"],"post_mailing_queue_ids":[],"_links":{"self":[{"href":"https:\/\/serveiseducatius.xtec.cat\/solsones\/wp-json\/wp\/v2\/pages\/10393","targetHints":{"allow":["GET"]}}],"collection":[{"href":"https:\/\/serveiseducatius.xtec.cat\/solsones\/wp-json\/wp\/v2\/pages"}],"about":[{"href":"https:\/\/serveiseducatius.xtec.cat\/solsones\/wp-json\/wp\/v2\/types\/page"}],"author":[{"embeddable":true,"href":"https:\/\/serveiseducatius.xtec.cat\/solsones\/wp-json\/wp\/v2\/users\/1"}],"replies":[{"embeddable":true,"href":"https:\/\/serveiseducatius.xtec.cat\/solsones\/wp-json\/wp\/v2\/comments?post=10393"}],"version-history":[{"count":4,"href":"https:\/\/serveiseducatius.xtec.cat\/solsones\/wp-json\/wp\/v2\/pages\/10393\/revisions"}],"predecessor-version":[{"id":11037,"href":"https:\/\/serveiseducatius.xtec.cat\/solsones\/wp-json\/wp\/v2\/pages\/10393\/revisions\/11037"}],"up":[{"embeddable":true,"href":"https:\/\/serveiseducatius.xtec.cat\/solsones\/wp-json\/wp\/v2\/pages\/10387"}],"wp:attachment":[{"href":"https:\/\/serveiseducatius.xtec.cat\/solsones\/wp-json\/wp\/v2\/media?parent=10393"}],"curies":[{"name":"wp","href":"https:\/\/api.w.org\/{rel}","templated":true}]}}