{"id":10365,"date":"2018-12-12T17:41:02","date_gmt":"2018-12-12T16:41:02","guid":{"rendered":"http:\/\/serveiseducatius.xtec.cat\/solsones\/?page_id=10365"},"modified":"2018-12-18T17:47:08","modified_gmt":"2018-12-18T16:47:08","slug":"joves-i-drogues-en-parlem","status":"publish","type":"page","link":"https:\/\/serveiseducatius.xtec.cat\/solsones\/programa-de-suport-a-leducacio\/competencia-autonomia-i-iniciativa-personal\/joves-i-drogues-en-parlem\/","title":{"rendered":"Joves i drogues, en parlem?\u00a0"},"content":{"rendered":"<h4><span style=\"color: #800000;\">Objectius<\/span><\/h4>\n<ul>\n<li>Conscienciar l&#8217;alumnat dels riscos que comporta el consum de drogues dels joves.<\/li>\n<li>Prevenir el consum de drogues en els joves dels centres de secund\u00e0ria de la zona.<\/li>\n<\/ul>\n<h4><span style=\"color: #800000;\">Descripci\u00f3<\/span><\/h4>\n<p>Joves i drogues, en parlem?\u00a0Comunicaci\u00f3 amb els joves i eines de detecci\u00f3 de consum problem\u00e0tic.<\/p>\n<p>Taller adre\u00e7at als pares i mares dels joves dels centres de secund\u00e0ria de la zona.<\/p>\n<h4><span style=\"color: #800000;\">Nivell<\/span><\/h4>\n<p>Pares i mares.<\/p>\n<h4><span style=\"color: #800000;\">Ponent<\/span><\/h4>\n<p>Jordi Murillo<\/p>\n<h4><span style=\"color: #800000;\">Calendari<\/span><\/h4>\n<p>2n trimestre.<\/p>\n","protected":false},"excerpt":{"rendered":"<p>Objectius Conscienciar l&#8217;alumnat dels riscos que comporta el consum de drogues dels joves. Prevenir el consum de drogues en els joves dels centres de secund\u00e0ria de la zona. Descripci\u00f3 Joves i drogues, en parlem?\u00a0Comunicaci\u00f3 amb els joves i eines de detecci\u00f3 de consum problem\u00e0tic. Taller adre\u00e7at als pares i mares dels joves dels centres de [&hellip;]<\/p>\n","protected":false},"author":1,"featured_media":0,"parent":10358,"menu_order":2,"comment_status":"closed","ping_status":"closed","template":"page-templates\/side-menu.php","meta":{"_bbp_topic_count":0,"_bbp_reply_count":0,"_bbp_total_topic_count":0,"_bbp_total_reply_count":0,"_bbp_voice_count":0,"_bbp_anonymous_reply_count":0,"_bbp_topic_count_hidden":0,"_bbp_reply_count_hidden":0,"_bbp_forum_subforum_count":0,"site-sidebar-layout":"default","site-content-layout":"","ast-site-content-layout":"","site-content-style":"default","site-sidebar-style":"default","ast-global-header-display":"","ast-banner-title-visibility":"","ast-main-header-display":"","ast-hfb-above-header-display":"","ast-hfb-below-header-display":"","ast-hfb-mobile-header-display":"","site-post-title":"","ast-breadcrumbs-content":"","ast-featured-img":"","footer-sml-layout":"","theme-transparent-header-meta":"","adv-header-id-meta":"","stick-header-meta":"","header-above-stick-meta":"","header-main-stick-meta":"","header-below-stick-meta":"","astra-migrate-meta-layouts":"default","ast-page-background-enabled":"default","ast-page-background-meta":{"desktop":{"background-color":"var(--ast-global-color-4)","background-image":"","background-repeat":"repeat","background-position":"center center","background-size":"auto","background-attachment":"scroll","background-type":"","background-media":"","overlay-type":"","overlay-color":"","overlay-opacity":"","overlay-gradient":""},"tablet":{"background-color":"","background-image":"","background-repeat":"repeat","background-position":"center center","background-size":"auto","background-attachment":"scroll","background-type":"","background-media":"","overlay-type":"","overlay-color":"","overlay-opacity":"","overlay-gradient":""},"mobile":{"background-color":"","background-image":"","background-repeat":"repeat","background-position":"center center","background-size":"auto","background-attachment":"scroll","background-type":"","background-media":"","overlay-type":"","overlay-color":"","overlay-opacity":"","overlay-gradient":""}},"ast-content-background-meta":{"desktop":{"background-color":"var(--ast-global-color-5)","background-image":"","background-repeat":"repeat","background-position":"center center","background-size":"auto","background-attachment":"scroll","background-type":"","background-media":"","overlay-type":"","overlay-color":"","overlay-opacity":"","overlay-gradient":""},"tablet":{"background-color":"var(--ast-global-color-5)","background-image":"","background-repeat":"repeat","background-position":"center center","background-size":"auto","background-attachment":"scroll","background-type":"","background-media":"","overlay-type":"","overlay-color":"","overlay-opacity":"","overlay-gradient":""},"mobile":{"background-color":"var(--ast-global-color-5)","background-image":"","background-repeat":"repeat","background-position":"center center","background-size":"auto","background-attachment":"scroll","background-type":"","background-media":"","overlay-type":"","overlay-color":"","overlay-opacity":"","overlay-gradient":""}},"footnotes":""},"class_list":["post-10365","page","type-page","status-publish","hentry"],"post_mailing_queue_ids":[],"_links":{"self":[{"href":"https:\/\/serveiseducatius.xtec.cat\/solsones\/wp-json\/wp\/v2\/pages\/10365","targetHints":{"allow":["GET"]}}],"collection":[{"href":"https:\/\/serveiseducatius.xtec.cat\/solsones\/wp-json\/wp\/v2\/pages"}],"about":[{"href":"https:\/\/serveiseducatius.xtec.cat\/solsones\/wp-json\/wp\/v2\/types\/page"}],"author":[{"embeddable":true,"href":"https:\/\/serveiseducatius.xtec.cat\/solsones\/wp-json\/wp\/v2\/users\/1"}],"replies":[{"embeddable":true,"href":"https:\/\/serveiseducatius.xtec.cat\/solsones\/wp-json\/wp\/v2\/comments?post=10365"}],"version-history":[{"count":3,"href":"https:\/\/serveiseducatius.xtec.cat\/solsones\/wp-json\/wp\/v2\/pages\/10365\/revisions"}],"predecessor-version":[{"id":10449,"href":"https:\/\/serveiseducatius.xtec.cat\/solsones\/wp-json\/wp\/v2\/pages\/10365\/revisions\/10449"}],"up":[{"embeddable":true,"href":"https:\/\/serveiseducatius.xtec.cat\/solsones\/wp-json\/wp\/v2\/pages\/10358"}],"wp:attachment":[{"href":"https:\/\/serveiseducatius.xtec.cat\/solsones\/wp-json\/wp\/v2\/media?parent=10365"}],"curies":[{"name":"wp","href":"https:\/\/api.w.org\/{rel}","templated":true}]}}