{"id":10328,"date":"2018-12-10T18:12:44","date_gmt":"2018-12-10T17:12:44","guid":{"rendered":"http:\/\/serveiseducatius.xtec.cat\/solsones\/?page_id=10328"},"modified":"2019-11-14T09:39:43","modified_gmt":"2019-11-14T08:39:43","slug":"fira-de-tecnologia","status":"publish","type":"page","link":"https:\/\/serveiseducatius.xtec.cat\/solsones\/programa-de-suport-a-leducacio\/competencia-coneixement-i-interaccio-amb-el-mon-fisic\/fira-de-tecnologia\/","title":{"rendered":"II Fira de tecnologia"},"content":{"rendered":"<h4><span style=\"color: #993300;\"><span style=\"color: #800000;\">Objectius<\/span><\/span><\/h4>\n<ul>\n<li>Fomentar el coneixement de la tecnologia entre els infants i joves dels centres del Solson\u00e8s\u00a0d\u2019una manera l\u00fadica i divertida.<\/li>\n<\/ul>\n<h4><span style=\"color: #800000;\">Descripci\u00f3<\/span><\/h4>\n<p>Els nois i les noies de 3r d\u2019ESO preparen activitats de tecnologia que han de resoldre l&#8217;alumnat de 5\u00e8 de prim\u00e0ria. La fira es complementa amb dues xerrades a c\u00e0rrec de N\u00faria Salan, qu\u00edmica i doctora en ci\u00e8ncia dels materials.<\/p>\n<h4><span style=\"color: #800000;\">Nivell<\/span><\/h4>\n<p>5\u00e8 d&#8217;Educaci\u00f3 Prim\u00e0ria,\u00a0 3r d&#8217;ESO i UEC<\/p>\n<h4><span style=\"color: #800000;\">Calendari<\/span><\/h4>\n<p>25 de mar\u00e7 de 2020<\/p>\n","protected":false},"excerpt":{"rendered":"<p>Objectius Fomentar el coneixement de la tecnologia entre els infants i joves dels centres del Solson\u00e8s\u00a0d\u2019una manera l\u00fadica i divertida. Descripci\u00f3 Els nois i les noies de 3r d\u2019ESO preparen activitats de tecnologia que han de resoldre l&#8217;alumnat de 5\u00e8 de prim\u00e0ria. La fira es complementa amb dues xerrades a c\u00e0rrec de N\u00faria Salan, qu\u00edmica [&hellip;]<\/p>\n","protected":false},"author":1,"featured_media":0,"parent":10321,"menu_order":3,"comment_status":"closed","ping_status":"closed","template":"page-templates\/side-menu.php","meta":{"_bbp_topic_count":0,"_bbp_reply_count":0,"_bbp_total_topic_count":0,"_bbp_total_reply_count":0,"_bbp_voice_count":0,"_bbp_anonymous_reply_count":0,"_bbp_topic_count_hidden":0,"_bbp_reply_count_hidden":0,"_bbp_forum_subforum_count":0,"site-sidebar-layout":"default","site-content-layout":"","ast-site-content-layout":"","site-content-style":"default","site-sidebar-style":"default","ast-global-header-display":"","ast-banner-title-visibility":"","ast-main-header-display":"","ast-hfb-above-header-display":"","ast-hfb-below-header-display":"","ast-hfb-mobile-header-display":"","site-post-title":"","ast-breadcrumbs-content":"","ast-featured-img":"","footer-sml-layout":"","theme-transparent-header-meta":"","adv-header-id-meta":"","stick-header-meta":"","header-above-stick-meta":"","header-main-stick-meta":"","header-below-stick-meta":"","astra-migrate-meta-layouts":"default","ast-page-background-enabled":"default","ast-page-background-meta":{"desktop":{"background-color":"var(--ast-global-color-4)","background-image":"","background-repeat":"repeat","background-position":"center center","background-size":"auto","background-attachment":"scroll","background-type":"","background-media":"","overlay-type":"","overlay-color":"","overlay-opacity":"","overlay-gradient":""},"tablet":{"background-color":"","background-image":"","background-repeat":"repeat","background-position":"center center","background-size":"auto","background-attachment":"scroll","background-type":"","background-media":"","overlay-type":"","overlay-color":"","overlay-opacity":"","overlay-gradient":""},"mobile":{"background-color":"","background-image":"","background-repeat":"repeat","background-position":"center center","background-size":"auto","background-attachment":"scroll","background-type":"","background-media":"","overlay-type":"","overlay-color":"","overlay-opacity":"","overlay-gradient":""}},"ast-content-background-meta":{"desktop":{"background-color":"var(--ast-global-color-5)","background-image":"","background-repeat":"repeat","background-position":"center center","background-size":"auto","background-attachment":"scroll","background-type":"","background-media":"","overlay-type":"","overlay-color":"","overlay-opacity":"","overlay-gradient":""},"tablet":{"background-color":"var(--ast-global-color-5)","background-image":"","background-repeat":"repeat","background-position":"center center","background-size":"auto","background-attachment":"scroll","background-type":"","background-media":"","overlay-type":"","overlay-color":"","overlay-opacity":"","overlay-gradient":""},"mobile":{"background-color":"var(--ast-global-color-5)","background-image":"","background-repeat":"repeat","background-position":"center center","background-size":"auto","background-attachment":"scroll","background-type":"","background-media":"","overlay-type":"","overlay-color":"","overlay-opacity":"","overlay-gradient":""}},"footnotes":""},"class_list":["post-10328","page","type-page","status-publish","hentry"],"post_mailing_queue_ids":[],"_links":{"self":[{"href":"https:\/\/serveiseducatius.xtec.cat\/solsones\/wp-json\/wp\/v2\/pages\/10328","targetHints":{"allow":["GET"]}}],"collection":[{"href":"https:\/\/serveiseducatius.xtec.cat\/solsones\/wp-json\/wp\/v2\/pages"}],"about":[{"href":"https:\/\/serveiseducatius.xtec.cat\/solsones\/wp-json\/wp\/v2\/types\/page"}],"author":[{"embeddable":true,"href":"https:\/\/serveiseducatius.xtec.cat\/solsones\/wp-json\/wp\/v2\/users\/1"}],"replies":[{"embeddable":true,"href":"https:\/\/serveiseducatius.xtec.cat\/solsones\/wp-json\/wp\/v2\/comments?post=10328"}],"version-history":[{"count":4,"href":"https:\/\/serveiseducatius.xtec.cat\/solsones\/wp-json\/wp\/v2\/pages\/10328\/revisions"}],"predecessor-version":[{"id":11108,"href":"https:\/\/serveiseducatius.xtec.cat\/solsones\/wp-json\/wp\/v2\/pages\/10328\/revisions\/11108"}],"up":[{"embeddable":true,"href":"https:\/\/serveiseducatius.xtec.cat\/solsones\/wp-json\/wp\/v2\/pages\/10321"}],"wp:attachment":[{"href":"https:\/\/serveiseducatius.xtec.cat\/solsones\/wp-json\/wp\/v2\/media?parent=10328"}],"curies":[{"name":"wp","href":"https:\/\/api.w.org\/{rel}","templated":true}]}}