{"id":10325,"date":"2018-12-10T18:09:22","date_gmt":"2018-12-10T17:09:22","guid":{"rendered":"http:\/\/serveiseducatius.xtec.cat\/solsones\/?page_id=10325"},"modified":"2019-09-19T13:43:25","modified_gmt":"2019-09-19T11:43:25","slug":"dia-de-larbre","status":"publish","type":"page","link":"https:\/\/serveiseducatius.xtec.cat\/solsones\/programa-de-suport-a-leducacio\/competencia-coneixement-i-interaccio-amb-el-mon-fisic\/dia-de-larbre\/","title":{"rendered":"Dia de l&#8217;arbre"},"content":{"rendered":"<p><img loading=\"lazy\" decoding=\"async\" class=\"alignright\" src=\"https:\/\/lh3.googleusercontent.com\/eBvY0Imf_MkvHnhNjqntMLmTlEGAoR7tJP1Yw2lheqLDY311uBd1ef8eJZej__MuBgQsW29w6vxCbo3DI3TW6AQdwrgfxsXL04o7ehHpm-k8tJe2b5QnMMQyfMinF5d5MT88ZNsTjai-ZTK3ud_9aUjl9dpcCINXgEpEyEqEkkLcnnf7eU83yOTW3vigFYFzd7g_k6bfTIc9JtKLQFGOoH7Uf_k1AbW24tFcjXTiEHoea84L7bCXe-O01T7FuVXVpIMJsFH2gwLgoWstoXY4xeQpDZP3Vg8Tf0yWcPR6VQx8oR7ofqi4DIfivThzTq6KiwkPl8-plKBdcKxrah1HrkpC11Lewih3EOsCibD_xUwjVTeM6UcQzH5xs1vQBciYoXkcWGX7zwfWJEBK-z7WketC3sOf96RUTEYzJXLsxdhYqw6-bjW9akFPUqKnANsyy2PB0FgI2iL7T1kJCActIaUMnUeyEpApU35X1_PlrAbsgz5J-FlIRO6IbH71Y4z4CFYf4dubLBrJBVfYDrrChIBd-xMCmM3HozF9T_uPkfGct0k-iMNavdqHI88UD6RIRlUPma0KtV8B5MDXxyVk1-xWsXyKWXVQOSr8B8EF2VY37SBW1AJKPfVJ4tarm3K_iWbwHxf0GUXcvXz2SkRGMpFB=w1137-h758-no\" width=\"365\" height=\"243\" \/><\/p>\n<h4><span style=\"color: #993300;\"><span style=\"color: #800000;\">Objectius<\/span><\/span><\/h4>\n<ul>\n<li>Repoblar una mina explotada industrialment a la comarca.<\/li>\n<li>Aprendre a valorar la import\u00e0ncia de plantar un arbre i preservar la natura i el medi ambient.<\/li>\n<\/ul>\n<h4><span style=\"color: #800000;\">Descripci\u00f3<\/span><\/h4>\n<p>L&#8217;activitat consisteix en repoblar\u00a0l&#8217;antiga pedrera a cel obert d&#8217;on la f\u00e0brica Knauf extreia el mineral per a la fabricaci\u00f3 de plaques de guix. L&#8217;activitat es complementa amb la visita\u00a0 a la f\u00e0brica on els alumnes poden veure tot el proc\u00e9s industrial de fabricaci\u00f3 de les plaques.<\/p>\n<p>(Agents rurals del Solson\u00e8s, Knauf i UEC L&#8217;Afrau)<\/p>\n<h4><span style=\"color: #800000;\">Nivell<\/span><\/h4>\n<p>1r d&#8217;Educaci\u00f3 Prim\u00e0ria<\/p>\n<h4><span style=\"color: #800000;\">Calendari<\/span><\/h4>\n<p>13 de mar\u00e7\u00a0 de 2020 (En cas de pluja es posposar\u00e0 pel dia 27 de mar\u00e7)<\/p>\n","protected":false},"excerpt":{"rendered":"<p>Objectius Repoblar una mina explotada industrialment a la comarca. Aprendre a valorar la import\u00e0ncia de plantar un arbre i preservar la natura i el medi ambient. Descripci\u00f3 L&#8217;activitat consisteix en repoblar\u00a0l&#8217;antiga pedrera a cel obert d&#8217;on la f\u00e0brica Knauf extreia el mineral per a la fabricaci\u00f3 de plaques de guix. L&#8217;activitat es complementa amb la [&hellip;]<\/p>\n","protected":false},"author":1,"featured_media":0,"parent":10321,"menu_order":2,"comment_status":"closed","ping_status":"closed","template":"page-templates\/side-menu.php","meta":{"_bbp_topic_count":0,"_bbp_reply_count":0,"_bbp_total_topic_count":0,"_bbp_total_reply_count":0,"_bbp_voice_count":0,"_bbp_anonymous_reply_count":0,"_bbp_topic_count_hidden":0,"_bbp_reply_count_hidden":0,"_bbp_forum_subforum_count":0,"site-sidebar-layout":"default","site-content-layout":"","ast-site-content-layout":"","site-content-style":"default","site-sidebar-style":"default","ast-global-header-display":"","ast-banner-title-visibility":"","ast-main-header-display":"","ast-hfb-above-header-display":"","ast-hfb-below-header-display":"","ast-hfb-mobile-header-display":"","site-post-title":"","ast-breadcrumbs-content":"","ast-featured-img":"","footer-sml-layout":"","theme-transparent-header-meta":"","adv-header-id-meta":"","stick-header-meta":"","header-above-stick-meta":"","header-main-stick-meta":"","header-below-stick-meta":"","astra-migrate-meta-layouts":"default","ast-page-background-enabled":"default","ast-page-background-meta":{"desktop":{"background-color":"var(--ast-global-color-4)","background-image":"","background-repeat":"repeat","background-position":"center center","background-size":"auto","background-attachment":"scroll","background-type":"","background-media":"","overlay-type":"","overlay-color":"","overlay-opacity":"","overlay-gradient":""},"tablet":{"background-color":"","background-image":"","background-repeat":"repeat","background-position":"center center","background-size":"auto","background-attachment":"scroll","background-type":"","background-media":"","overlay-type":"","overlay-color":"","overlay-opacity":"","overlay-gradient":""},"mobile":{"background-color":"","background-image":"","background-repeat":"repeat","background-position":"center center","background-size":"auto","background-attachment":"scroll","background-type":"","background-media":"","overlay-type":"","overlay-color":"","overlay-opacity":"","overlay-gradient":""}},"ast-content-background-meta":{"desktop":{"background-color":"var(--ast-global-color-5)","background-image":"","background-repeat":"repeat","background-position":"center center","background-size":"auto","background-attachment":"scroll","background-type":"","background-media":"","overlay-type":"","overlay-color":"","overlay-opacity":"","overlay-gradient":""},"tablet":{"background-color":"var(--ast-global-color-5)","background-image":"","background-repeat":"repeat","background-position":"center center","background-size":"auto","background-attachment":"scroll","background-type":"","background-media":"","overlay-type":"","overlay-color":"","overlay-opacity":"","overlay-gradient":""},"mobile":{"background-color":"var(--ast-global-color-5)","background-image":"","background-repeat":"repeat","background-position":"center center","background-size":"auto","background-attachment":"scroll","background-type":"","background-media":"","overlay-type":"","overlay-color":"","overlay-opacity":"","overlay-gradient":""}},"footnotes":""},"class_list":["post-10325","page","type-page","status-publish","hentry"],"post_mailing_queue_ids":[],"_links":{"self":[{"href":"https:\/\/serveiseducatius.xtec.cat\/solsones\/wp-json\/wp\/v2\/pages\/10325","targetHints":{"allow":["GET"]}}],"collection":[{"href":"https:\/\/serveiseducatius.xtec.cat\/solsones\/wp-json\/wp\/v2\/pages"}],"about":[{"href":"https:\/\/serveiseducatius.xtec.cat\/solsones\/wp-json\/wp\/v2\/types\/page"}],"author":[{"embeddable":true,"href":"https:\/\/serveiseducatius.xtec.cat\/solsones\/wp-json\/wp\/v2\/users\/1"}],"replies":[{"embeddable":true,"href":"https:\/\/serveiseducatius.xtec.cat\/solsones\/wp-json\/wp\/v2\/comments?post=10325"}],"version-history":[{"count":4,"href":"https:\/\/serveiseducatius.xtec.cat\/solsones\/wp-json\/wp\/v2\/pages\/10325\/revisions"}],"predecessor-version":[{"id":10985,"href":"https:\/\/serveiseducatius.xtec.cat\/solsones\/wp-json\/wp\/v2\/pages\/10325\/revisions\/10985"}],"up":[{"embeddable":true,"href":"https:\/\/serveiseducatius.xtec.cat\/solsones\/wp-json\/wp\/v2\/pages\/10321"}],"wp:attachment":[{"href":"https:\/\/serveiseducatius.xtec.cat\/solsones\/wp-json\/wp\/v2\/media?parent=10325"}],"curies":[{"name":"wp","href":"https:\/\/api.w.org\/{rel}","templated":true}]}}