{"id":10323,"date":"2018-12-10T18:08:55","date_gmt":"2018-12-10T17:08:55","guid":{"rendered":"http:\/\/serveiseducatius.xtec.cat\/solsones\/?page_id=10323"},"modified":"2020-02-28T14:29:45","modified_gmt":"2020-02-28T13:29:45","slug":"dia-de-la-ciencia","status":"publish","type":"page","link":"https:\/\/serveiseducatius.xtec.cat\/solsones\/programa-de-suport-a-leducacio\/competencia-coneixement-i-interaccio-amb-el-mon-fisic\/dia-de-la-ciencia\/","title":{"rendered":"Dia de la ci\u00e8ncia: Les dones i la ci\u00e8ncia"},"content":{"rendered":"<h4><span style=\"color: #800000;\"><img loading=\"lazy\" decoding=\"async\" class=\"alignright \" src=\"https:\/\/lh3.googleusercontent.com\/pztfm4aWpcxUqvLPiwAzNlZEBBe4pEP3TB8mctCgBUg00FonuSps0GeiFGvdMpG9lOH-TGJ0YKw4-Q8eHnpzVXnqKWVe5bWLIDvif230Lb2yrlagekgTnvyYy6_VjQYq4kEltUiClx8d6WaTlikN-eIe7vWw6xuUV6jBXRPio4Wstrc12HFY8uj4EYSE1qEyVYHh04rQdY7Mq2Lj8okGdPNz_T0UpLTbZ2V9L1tzfdaIgu9YvUInX-HsK_jwCe27pnoQ7rocbGNImH5liaKSXEUb1eMf2j6jfuzbs-fcf9yYlcpKxNt-KNieS83CCtlSSTpkqFzMw5og_Bcm4GlQfwdlXA61MX-HdzzFxuUIwvsjua1vQmsoF4M2zwRAFNpeQ_jS7VcXekrsTOJrxklLmvf86Y2-a1cOXz6Y_NEEcezH5xNm3PbBEvI_NdnVbh7Dkaik42c_h1wVSLeSBzlaQ3carBJXlu3EkzW0ELi2ecMj51Jpw3pWCNP-2S7Dg_ulRejTNqvQpvGf4u6ZJlJaP3w_cW2D8hVPn5zWu2iN0noV45ampuBdhHq5qcViHlqU2KZzmNU-FD4JJru0wiIZWbrSUs5IDCooYV1qM1iwFFOvXCd6r0ue61MvkCFwSyNFytfMDv6nL17g9penpL62dwL8=w1347-h758-no\" width=\"429\" height=\"241\" \/>Objectius<\/span><\/h4>\n<ul>\n<li>Despertar i potenciar l&#8217;inter\u00e8s del jovent i especilament de les noies,\u00a0 vers la ci\u00e8ncia i la tecnologia.<\/li>\n<\/ul>\n<h4><span style=\"color: #800000;\">Descripci\u00f3<\/span><\/h4>\n<p><span lang=\"CA\">Pl\u00e0stics, la nova malaltia de mars i oceans<\/span><\/p>\n<h4><span style=\"color: #800000;\">Nivell<\/span><\/h4>\n<p>Batxillerat.<\/p>\n<h4><span style=\"color: #800000;\">Ponent<\/span><\/h4>\n<p>Eve Galimany<\/p>\n<h4><span style=\"color: #800000;\">Calendari<\/span><\/h4>\n<p>11 de febrer de 2020<\/p>\n","protected":false},"excerpt":{"rendered":"<p>Objectius Despertar i potenciar l&#8217;inter\u00e8s del jovent i especilament de les noies,\u00a0 vers la ci\u00e8ncia i la tecnologia. Descripci\u00f3 Pl\u00e0stics, la nova malaltia de mars i oceans Nivell Batxillerat. Ponent Eve Galimany Calendari 11 de febrer de 2020<\/p>\n","protected":false},"author":1,"featured_media":0,"parent":10321,"menu_order":1,"comment_status":"closed","ping_status":"closed","template":"page-templates\/side-menu.php","meta":{"_bbp_topic_count":0,"_bbp_reply_count":0,"_bbp_total_topic_count":0,"_bbp_total_reply_count":0,"_bbp_voice_count":0,"_bbp_anonymous_reply_count":0,"_bbp_topic_count_hidden":0,"_bbp_reply_count_hidden":0,"_bbp_forum_subforum_count":0,"site-sidebar-layout":"default","site-content-layout":"","ast-site-content-layout":"","site-content-style":"default","site-sidebar-style":"default","ast-global-header-display":"","ast-banner-title-visibility":"","ast-main-header-display":"","ast-hfb-above-header-display":"","ast-hfb-below-header-display":"","ast-hfb-mobile-header-display":"","site-post-title":"","ast-breadcrumbs-content":"","ast-featured-img":"","footer-sml-layout":"","theme-transparent-header-meta":"","adv-header-id-meta":"","stick-header-meta":"","header-above-stick-meta":"","header-main-stick-meta":"","header-below-stick-meta":"","astra-migrate-meta-layouts":"default","ast-page-background-enabled":"default","ast-page-background-meta":{"desktop":{"background-color":"var(--ast-global-color-4)","background-image":"","background-repeat":"repeat","background-position":"center center","background-size":"auto","background-attachment":"scroll","background-type":"","background-media":"","overlay-type":"","overlay-color":"","overlay-opacity":"","overlay-gradient":""},"tablet":{"background-color":"","background-image":"","background-repeat":"repeat","background-position":"center center","background-size":"auto","background-attachment":"scroll","background-type":"","background-media":"","overlay-type":"","overlay-color":"","overlay-opacity":"","overlay-gradient":""},"mobile":{"background-color":"","background-image":"","background-repeat":"repeat","background-position":"center center","background-size":"auto","background-attachment":"scroll","background-type":"","background-media":"","overlay-type":"","overlay-color":"","overlay-opacity":"","overlay-gradient":""}},"ast-content-background-meta":{"desktop":{"background-color":"var(--ast-global-color-5)","background-image":"","background-repeat":"repeat","background-position":"center center","background-size":"auto","background-attachment":"scroll","background-type":"","background-media":"","overlay-type":"","overlay-color":"","overlay-opacity":"","overlay-gradient":""},"tablet":{"background-color":"var(--ast-global-color-5)","background-image":"","background-repeat":"repeat","background-position":"center center","background-size":"auto","background-attachment":"scroll","background-type":"","background-media":"","overlay-type":"","overlay-color":"","overlay-opacity":"","overlay-gradient":""},"mobile":{"background-color":"var(--ast-global-color-5)","background-image":"","background-repeat":"repeat","background-position":"center center","background-size":"auto","background-attachment":"scroll","background-type":"","background-media":"","overlay-type":"","overlay-color":"","overlay-opacity":"","overlay-gradient":""}},"footnotes":""},"class_list":["post-10323","page","type-page","status-publish","hentry"],"post_mailing_queue_ids":[],"_links":{"self":[{"href":"https:\/\/serveiseducatius.xtec.cat\/solsones\/wp-json\/wp\/v2\/pages\/10323","targetHints":{"allow":["GET"]}}],"collection":[{"href":"https:\/\/serveiseducatius.xtec.cat\/solsones\/wp-json\/wp\/v2\/pages"}],"about":[{"href":"https:\/\/serveiseducatius.xtec.cat\/solsones\/wp-json\/wp\/v2\/types\/page"}],"author":[{"embeddable":true,"href":"https:\/\/serveiseducatius.xtec.cat\/solsones\/wp-json\/wp\/v2\/users\/1"}],"replies":[{"embeddable":true,"href":"https:\/\/serveiseducatius.xtec.cat\/solsones\/wp-json\/wp\/v2\/comments?post=10323"}],"version-history":[{"count":3,"href":"https:\/\/serveiseducatius.xtec.cat\/solsones\/wp-json\/wp\/v2\/pages\/10323\/revisions"}],"predecessor-version":[{"id":11324,"href":"https:\/\/serveiseducatius.xtec.cat\/solsones\/wp-json\/wp\/v2\/pages\/10323\/revisions\/11324"}],"up":[{"embeddable":true,"href":"https:\/\/serveiseducatius.xtec.cat\/solsones\/wp-json\/wp\/v2\/pages\/10321"}],"wp:attachment":[{"href":"https:\/\/serveiseducatius.xtec.cat\/solsones\/wp-json\/wp\/v2\/media?parent=10323"}],"curies":[{"name":"wp","href":"https:\/\/api.w.org\/{rel}","templated":true}]}}