{"id":10306,"date":"2018-12-10T17:26:06","date_gmt":"2018-12-10T16:26:06","guid":{"rendered":"http:\/\/serveiseducatius.xtec.cat\/solsones\/?page_id=10306"},"modified":"2019-09-24T17:06:59","modified_gmt":"2019-09-24T15:06:59","slug":"llibres-pop-up-i-altres-contes","status":"publish","type":"page","link":"https:\/\/serveiseducatius.xtec.cat\/solsones\/programa-de-suport-a-leducacio\/competencia-comunicativa-linguistica-i-aidiovisual\/llibres-pop-up-i-altres-contes\/","title":{"rendered":"Animaci\u00f3 lectora &#8211; AL BUM!"},"content":{"rendered":"<h4><span style=\"color: #800000;\"><a href=\"https:\/\/serveiseducatius.xtec.cat\/solsones\/wp-content\/uploads\/usu1176\/2019\/09\/Patricia-McGill.jpg\"><img loading=\"lazy\" decoding=\"async\" class=\"wp-image-10966 alignright\" src=\"https:\/\/serveiseducatius.xtec.cat\/solsones\/wp-content\/uploads\/usu1176\/2019\/09\/Patricia-McGill-1024x768.jpg\" alt=\"\" width=\"378\" height=\"283\" srcset=\"https:\/\/serveiseducatius.xtec.cat\/solsones\/wp-content\/uploads\/usu1176\/2019\/09\/Patricia-McGill-1024x768.jpg 1024w, https:\/\/serveiseducatius.xtec.cat\/solsones\/wp-content\/uploads\/usu1176\/2019\/09\/Patricia-McGill-300x225.jpg 300w, https:\/\/serveiseducatius.xtec.cat\/solsones\/wp-content\/uploads\/usu1176\/2019\/09\/Patricia-McGill-768x576.jpg 768w, https:\/\/serveiseducatius.xtec.cat\/solsones\/wp-content\/uploads\/usu1176\/2019\/09\/Patricia-McGill-200x150.jpg 200w, https:\/\/serveiseducatius.xtec.cat\/solsones\/wp-content\/uploads\/usu1176\/2019\/09\/Patricia-McGill.jpg 1959w\" sizes=\"auto, (max-width: 378px) 100vw, 378px\" \/><\/a>Objectius<\/span><\/h4>\n<ul>\n<li>Animar els alumnes a llegir.<\/li>\n<li>Mostrar la lectura com una activitat divertida i engrescadora.<\/li>\n<\/ul>\n<h4><span style=\"color: #800000;\">Descripci\u00f3<\/span><\/h4>\n<p>Espectacle de narraci\u00f3 de contes<\/p>\n<h4><span style=\"color: #800000;\">Nivell<\/span><\/h4>\n<p>Cicle Mitj\u00e0 i Superior d&#8217;Educaci\u00f3 Prim\u00e0ria.<\/p>\n<h4><span style=\"color: #800000;\">Lloc i dates<\/span><\/h4>\n<p>Biblioteca Carles Morat\u00f3. 29 i 30 d&#8217;abril de 2020<\/p>\n<h4><span style=\"color: #800000;\">Narradora<\/span><\/h4>\n<p><a href=\"http:\/\/patriciamcgill.com\/?page_id=624\" target=\"_blank\" rel=\"noopener noreferrer\">Patr\u00edcia Mcgill<\/a><\/p>\n<p>&nbsp;<\/p>\n","protected":false},"excerpt":{"rendered":"<p>Objectius Animar els alumnes a llegir. Mostrar la lectura com una activitat divertida i engrescadora. Descripci\u00f3 Espectacle de narraci\u00f3 de contes Nivell Cicle Mitj\u00e0 i Superior d&#8217;Educaci\u00f3 Prim\u00e0ria. Lloc i dates Biblioteca Carles Morat\u00f3. 29 i 30 d&#8217;abril de 2020 Narradora Patr\u00edcia Mcgill &nbsp;<\/p>\n","protected":false},"author":1,"featured_media":0,"parent":10256,"menu_order":8,"comment_status":"closed","ping_status":"closed","template":"page-templates\/side-menu.php","meta":{"_bbp_topic_count":0,"_bbp_reply_count":0,"_bbp_total_topic_count":0,"_bbp_total_reply_count":0,"_bbp_voice_count":0,"_bbp_anonymous_reply_count":0,"_bbp_topic_count_hidden":0,"_bbp_reply_count_hidden":0,"_bbp_forum_subforum_count":0,"site-sidebar-layout":"default","site-content-layout":"","ast-site-content-layout":"","site-content-style":"default","site-sidebar-style":"default","ast-global-header-display":"","ast-banner-title-visibility":"","ast-main-header-display":"","ast-hfb-above-header-display":"","ast-hfb-below-header-display":"","ast-hfb-mobile-header-display":"","site-post-title":"","ast-breadcrumbs-content":"","ast-featured-img":"","footer-sml-layout":"","theme-transparent-header-meta":"","adv-header-id-meta":"","stick-header-meta":"","header-above-stick-meta":"","header-main-stick-meta":"","header-below-stick-meta":"","astra-migrate-meta-layouts":"default","ast-page-background-enabled":"default","ast-page-background-meta":{"desktop":{"background-color":"var(--ast-global-color-4)","background-image":"","background-repeat":"repeat","background-position":"center center","background-size":"auto","background-attachment":"scroll","background-type":"","background-media":"","overlay-type":"","overlay-color":"","overlay-opacity":"","overlay-gradient":""},"tablet":{"background-color":"","background-image":"","background-repeat":"repeat","background-position":"center center","background-size":"auto","background-attachment":"scroll","background-type":"","background-media":"","overlay-type":"","overlay-color":"","overlay-opacity":"","overlay-gradient":""},"mobile":{"background-color":"","background-image":"","background-repeat":"repeat","background-position":"center center","background-size":"auto","background-attachment":"scroll","background-type":"","background-media":"","overlay-type":"","overlay-color":"","overlay-opacity":"","overlay-gradient":""}},"ast-content-background-meta":{"desktop":{"background-color":"var(--ast-global-color-5)","background-image":"","background-repeat":"repeat","background-position":"center center","background-size":"auto","background-attachment":"scroll","background-type":"","background-media":"","overlay-type":"","overlay-color":"","overlay-opacity":"","overlay-gradient":""},"tablet":{"background-color":"var(--ast-global-color-5)","background-image":"","background-repeat":"repeat","background-position":"center center","background-size":"auto","background-attachment":"scroll","background-type":"","background-media":"","overlay-type":"","overlay-color":"","overlay-opacity":"","overlay-gradient":""},"mobile":{"background-color":"var(--ast-global-color-5)","background-image":"","background-repeat":"repeat","background-position":"center center","background-size":"auto","background-attachment":"scroll","background-type":"","background-media":"","overlay-type":"","overlay-color":"","overlay-opacity":"","overlay-gradient":""}},"footnotes":""},"class_list":["post-10306","page","type-page","status-publish","hentry"],"post_mailing_queue_ids":[],"_links":{"self":[{"href":"https:\/\/serveiseducatius.xtec.cat\/solsones\/wp-json\/wp\/v2\/pages\/10306","targetHints":{"allow":["GET"]}}],"collection":[{"href":"https:\/\/serveiseducatius.xtec.cat\/solsones\/wp-json\/wp\/v2\/pages"}],"about":[{"href":"https:\/\/serveiseducatius.xtec.cat\/solsones\/wp-json\/wp\/v2\/types\/page"}],"author":[{"embeddable":true,"href":"https:\/\/serveiseducatius.xtec.cat\/solsones\/wp-json\/wp\/v2\/users\/1"}],"replies":[{"embeddable":true,"href":"https:\/\/serveiseducatius.xtec.cat\/solsones\/wp-json\/wp\/v2\/comments?post=10306"}],"version-history":[{"count":4,"href":"https:\/\/serveiseducatius.xtec.cat\/solsones\/wp-json\/wp\/v2\/pages\/10306\/revisions"}],"predecessor-version":[{"id":11035,"href":"https:\/\/serveiseducatius.xtec.cat\/solsones\/wp-json\/wp\/v2\/pages\/10306\/revisions\/11035"}],"up":[{"embeddable":true,"href":"https:\/\/serveiseducatius.xtec.cat\/solsones\/wp-json\/wp\/v2\/pages\/10256"}],"wp:attachment":[{"href":"https:\/\/serveiseducatius.xtec.cat\/solsones\/wp-json\/wp\/v2\/media?parent=10306"}],"curies":[{"name":"wp","href":"https:\/\/api.w.org\/{rel}","templated":true}]}}