{"id":10301,"date":"2018-12-10T16:40:33","date_gmt":"2018-12-10T15:40:33","guid":{"rendered":"http:\/\/serveiseducatius.xtec.cat\/solsones\/?page_id=10301"},"modified":"2020-11-09T11:18:58","modified_gmt":"2020-11-09T10:18:58","slug":"expliquem-contes-amb-llums-i-ombres","status":"publish","type":"page","link":"https:\/\/serveiseducatius.xtec.cat\/solsones\/programa-de-suport-a-leducacio\/competencia-comunicativa-linguistica-i-aidiovisual\/expliquem-contes-amb-llums-i-ombres\/","title":{"rendered":"Animaci\u00f3 lectora &#8211; La maleta de contes"},"content":{"rendered":"<h4><span style=\"color: #800000;\"><a href=\"https:\/\/serveiseducatius.xtec.cat\/solsones\/wp-content\/uploads\/usu1176\/2019\/09\/gina-clotet.jpg\"><img loading=\"lazy\" decoding=\"async\" class=\"wp-image-10962 alignright\" src=\"https:\/\/serveiseducatius.xtec.cat\/solsones\/wp-content\/uploads\/usu1176\/2019\/09\/gina-clotet.jpg\" alt=\"\" width=\"392\" height=\"261\" srcset=\"https:\/\/serveiseducatius.xtec.cat\/solsones\/wp-content\/uploads\/usu1176\/2019\/09\/gina-clotet.jpg 620w, https:\/\/serveiseducatius.xtec.cat\/solsones\/wp-content\/uploads\/usu1176\/2019\/09\/gina-clotet-300x200.jpg 300w\" sizes=\"auto, (max-width: 392px) 100vw, 392px\" \/><\/a>Objectius<\/span><\/h4>\n<ul>\n<li>Animar els alumnes a llegir.<\/li>\n<li>Mostrar la lectura com una activitat divertida i engrescadora.<\/li>\n<\/ul>\n<h4><span style=\"color: #800000;\">Descripci\u00f3<\/span><\/h4>\n<p>&#8220;La maleta dels contes&#8221;. \u00c0lbums il\u00b7lustrats que et faran volar la imaginaci\u00f3.<\/p>\n<h4><span style=\"color: #800000;\">Nivell<\/span><\/h4>\n<p>Educaci\u00f3 Infantil<\/p>\n<h4><span style=\"color: #800000;\">Lloc i data<\/span><\/h4>\n<p>Biblioteca Carles Morat\u00f3. 27 i 28 d&#8217;abril de 2020<\/p>\n<h4><span style=\"color: #800000;\">Tallerista<\/span><\/h4>\n<p>Gina Clotet<\/p>\n","protected":false},"excerpt":{"rendered":"<p>Objectius Animar els alumnes a llegir. Mostrar la lectura com una activitat divertida i engrescadora. Descripci\u00f3 &#8220;La maleta dels contes&#8221;. \u00c0lbums il\u00b7lustrats que et faran volar la imaginaci\u00f3. Nivell Educaci\u00f3 Infantil Lloc i data Biblioteca Carles Morat\u00f3. 27 i 28 d&#8217;abril de 2020 Tallerista Gina Clotet<\/p>\n","protected":false},"author":1,"featured_media":0,"parent":10256,"menu_order":7,"comment_status":"closed","ping_status":"closed","template":"page-templates\/side-menu.php","meta":{"_bbp_topic_count":0,"_bbp_reply_count":0,"_bbp_total_topic_count":0,"_bbp_total_reply_count":0,"_bbp_voice_count":0,"_bbp_anonymous_reply_count":0,"_bbp_topic_count_hidden":0,"_bbp_reply_count_hidden":0,"_bbp_forum_subforum_count":0,"site-sidebar-layout":"default","site-content-layout":"","ast-site-content-layout":"","site-content-style":"default","site-sidebar-style":"default","ast-global-header-display":"","ast-banner-title-visibility":"","ast-main-header-display":"","ast-hfb-above-header-display":"","ast-hfb-below-header-display":"","ast-hfb-mobile-header-display":"","site-post-title":"","ast-breadcrumbs-content":"","ast-featured-img":"","footer-sml-layout":"","theme-transparent-header-meta":"","adv-header-id-meta":"","stick-header-meta":"","header-above-stick-meta":"","header-main-stick-meta":"","header-below-stick-meta":"","astra-migrate-meta-layouts":"default","ast-page-background-enabled":"default","ast-page-background-meta":{"desktop":{"background-color":"var(--ast-global-color-4)","background-image":"","background-repeat":"repeat","background-position":"center center","background-size":"auto","background-attachment":"scroll","background-type":"","background-media":"","overlay-type":"","overlay-color":"","overlay-opacity":"","overlay-gradient":""},"tablet":{"background-color":"","background-image":"","background-repeat":"repeat","background-position":"center center","background-size":"auto","background-attachment":"scroll","background-type":"","background-media":"","overlay-type":"","overlay-color":"","overlay-opacity":"","overlay-gradient":""},"mobile":{"background-color":"","background-image":"","background-repeat":"repeat","background-position":"center center","background-size":"auto","background-attachment":"scroll","background-type":"","background-media":"","overlay-type":"","overlay-color":"","overlay-opacity":"","overlay-gradient":""}},"ast-content-background-meta":{"desktop":{"background-color":"var(--ast-global-color-5)","background-image":"","background-repeat":"repeat","background-position":"center center","background-size":"auto","background-attachment":"scroll","background-type":"","background-media":"","overlay-type":"","overlay-color":"","overlay-opacity":"","overlay-gradient":""},"tablet":{"background-color":"var(--ast-global-color-5)","background-image":"","background-repeat":"repeat","background-position":"center center","background-size":"auto","background-attachment":"scroll","background-type":"","background-media":"","overlay-type":"","overlay-color":"","overlay-opacity":"","overlay-gradient":""},"mobile":{"background-color":"var(--ast-global-color-5)","background-image":"","background-repeat":"repeat","background-position":"center center","background-size":"auto","background-attachment":"scroll","background-type":"","background-media":"","overlay-type":"","overlay-color":"","overlay-opacity":"","overlay-gradient":""}},"footnotes":""},"class_list":["post-10301","page","type-page","status-publish","hentry"],"post_mailing_queue_ids":[],"_links":{"self":[{"href":"https:\/\/serveiseducatius.xtec.cat\/solsones\/wp-json\/wp\/v2\/pages\/10301","targetHints":{"allow":["GET"]}}],"collection":[{"href":"https:\/\/serveiseducatius.xtec.cat\/solsones\/wp-json\/wp\/v2\/pages"}],"about":[{"href":"https:\/\/serveiseducatius.xtec.cat\/solsones\/wp-json\/wp\/v2\/types\/page"}],"author":[{"embeddable":true,"href":"https:\/\/serveiseducatius.xtec.cat\/solsones\/wp-json\/wp\/v2\/users\/1"}],"replies":[{"embeddable":true,"href":"https:\/\/serveiseducatius.xtec.cat\/solsones\/wp-json\/wp\/v2\/comments?post=10301"}],"version-history":[{"count":4,"href":"https:\/\/serveiseducatius.xtec.cat\/solsones\/wp-json\/wp\/v2\/pages\/10301\/revisions"}],"predecessor-version":[{"id":11995,"href":"https:\/\/serveiseducatius.xtec.cat\/solsones\/wp-json\/wp\/v2\/pages\/10301\/revisions\/11995"}],"up":[{"embeddable":true,"href":"https:\/\/serveiseducatius.xtec.cat\/solsones\/wp-json\/wp\/v2\/pages\/10256"}],"wp:attachment":[{"href":"https:\/\/serveiseducatius.xtec.cat\/solsones\/wp-json\/wp\/v2\/media?parent=10301"}],"curies":[{"name":"wp","href":"https:\/\/api.w.org\/{rel}","templated":true}]}}