{"id":10294,"date":"2018-12-10T16:21:28","date_gmt":"2018-12-10T15:21:28","guid":{"rendered":"http:\/\/serveiseducatius.xtec.cat\/solsones\/?page_id=10294"},"modified":"2019-09-24T11:31:55","modified_gmt":"2019-09-24T09:31:55","slug":"tallers-de-teatre-musical","status":"publish","type":"page","link":"https:\/\/serveiseducatius.xtec.cat\/solsones\/programa-de-suport-a-leducacio\/competencia-comunicativa-linguistica-i-aidiovisual\/tallers-de-teatre-musical\/","title":{"rendered":"Angl\u00e8s &#8211; Tallers de teatre musical"},"content":{"rendered":"<h4><span style=\"color: #800000;\"><a href=\"https:\/\/serveiseducatius.xtec.cat\/solsones\/wp-content\/uploads\/usu1176\/2018\/12\/tallers-teatre-musical-aprendre-angles-1.jpg\"><img loading=\"lazy\" decoding=\"async\" class=\" wp-image-10437 alignright\" src=\"https:\/\/serveiseducatius.xtec.cat\/solsones\/wp-content\/uploads\/usu1176\/2018\/12\/tallers-teatre-musical-aprendre-angles-1.jpg\" alt=\"\" width=\"490\" height=\"327\" srcset=\"https:\/\/serveiseducatius.xtec.cat\/solsones\/wp-content\/uploads\/usu1176\/2018\/12\/tallers-teatre-musical-aprendre-angles-1.jpg 800w, https:\/\/serveiseducatius.xtec.cat\/solsones\/wp-content\/uploads\/usu1176\/2018\/12\/tallers-teatre-musical-aprendre-angles-1-300x200.jpg 300w, https:\/\/serveiseducatius.xtec.cat\/solsones\/wp-content\/uploads\/usu1176\/2018\/12\/tallers-teatre-musical-aprendre-angles-1-768x513.jpg 768w\" sizes=\"auto, (max-width: 490px) 100vw, 490px\" \/><\/a>Objectius<\/span><\/h4>\n<ul>\n<li>Con\u00e8ixer l&#8217;idioma angl\u00e8s en un entorn diferent de l&#8217;acad\u00e8mic.<\/li>\n<li id=\"h.p__22Q_-YFcKGE\" class=\"zfr3Q TYR86d\">Desenvolupar la sensibilitat i el sentit de la cr\u00edtica i l\u2019apreciaci\u00f3 est\u00e8tica de l\u2019alumnat.<\/li>\n<\/ul>\n<h4><span style=\"color: #800000;\">Descripci\u00f3<\/span><\/h4>\n<p>Tallers de teatre musical\u00a0100% en angl\u00e8s on l\u2019alumnat participa molt activament\u00a0en el seu aprenentatge.<\/p>\n<p>Durant el taller, els alumnes aprendran a interpretar una can\u00e7\u00f3 del repertori del grup.\u00a0Treballarem les veus, la m\u00fasica i una senzilla coreografia,\u00a0tot fomentant l\u2019aprenentage de lleng\u00fces, l\u2019autoestima i el treball en equip.<\/p>\n<p>Repertori.<\/p>\n<h4><span style=\"color: #800000;\">Nivell<\/span><\/h4>\n<p>Prim\u00e0ria i Secund\u00e0ria<\/p>\n<h4><span style=\"color: #800000;\">Data<\/span><\/h4>\n<p>20 de Mar\u00e7 de 2020 a St. Lloren\u00e7 de Morunys<\/p>\n<h4><span style=\"color: #800000;\">Companyia<\/span><\/h4>\n<p><a href=\"https:\/\/jumpingducks.com\/\" target=\"_blank\" rel=\"noopener noreferrer\">Jumping Ducks<\/a><\/p>\n<p>A Grup Vocal (Amarcord)<\/p>\n<p>&nbsp;<\/p>\n<p>&nbsp;<\/p>\n","protected":false},"excerpt":{"rendered":"<p>Objectius Con\u00e8ixer l&#8217;idioma angl\u00e8s en un entorn diferent de l&#8217;acad\u00e8mic. Desenvolupar la sensibilitat i el sentit de la cr\u00edtica i l\u2019apreciaci\u00f3 est\u00e8tica de l\u2019alumnat. Descripci\u00f3 Tallers de teatre musical\u00a0100% en angl\u00e8s on l\u2019alumnat participa molt activament\u00a0en el seu aprenentatge. Durant el taller, els alumnes aprendran a interpretar una can\u00e7\u00f3 del repertori del grup.\u00a0Treballarem les veus, [&hellip;]<\/p>\n","protected":false},"author":1,"featured_media":0,"parent":10256,"menu_order":6,"comment_status":"closed","ping_status":"closed","template":"page-templates\/side-menu.php","meta":{"_bbp_topic_count":0,"_bbp_reply_count":0,"_bbp_total_topic_count":0,"_bbp_total_reply_count":0,"_bbp_voice_count":0,"_bbp_anonymous_reply_count":0,"_bbp_topic_count_hidden":0,"_bbp_reply_count_hidden":0,"_bbp_forum_subforum_count":0,"site-sidebar-layout":"default","site-content-layout":"","ast-site-content-layout":"","site-content-style":"default","site-sidebar-style":"default","ast-global-header-display":"","ast-banner-title-visibility":"","ast-main-header-display":"","ast-hfb-above-header-display":"","ast-hfb-below-header-display":"","ast-hfb-mobile-header-display":"","site-post-title":"","ast-breadcrumbs-content":"","ast-featured-img":"","footer-sml-layout":"","theme-transparent-header-meta":"","adv-header-id-meta":"","stick-header-meta":"","header-above-stick-meta":"","header-main-stick-meta":"","header-below-stick-meta":"","astra-migrate-meta-layouts":"default","ast-page-background-enabled":"default","ast-page-background-meta":{"desktop":{"background-color":"var(--ast-global-color-4)","background-image":"","background-repeat":"repeat","background-position":"center center","background-size":"auto","background-attachment":"scroll","background-type":"","background-media":"","overlay-type":"","overlay-color":"","overlay-opacity":"","overlay-gradient":""},"tablet":{"background-color":"","background-image":"","background-repeat":"repeat","background-position":"center center","background-size":"auto","background-attachment":"scroll","background-type":"","background-media":"","overlay-type":"","overlay-color":"","overlay-opacity":"","overlay-gradient":""},"mobile":{"background-color":"","background-image":"","background-repeat":"repeat","background-position":"center center","background-size":"auto","background-attachment":"scroll","background-type":"","background-media":"","overlay-type":"","overlay-color":"","overlay-opacity":"","overlay-gradient":""}},"ast-content-background-meta":{"desktop":{"background-color":"var(--ast-global-color-5)","background-image":"","background-repeat":"repeat","background-position":"center center","background-size":"auto","background-attachment":"scroll","background-type":"","background-media":"","overlay-type":"","overlay-color":"","overlay-opacity":"","overlay-gradient":""},"tablet":{"background-color":"var(--ast-global-color-5)","background-image":"","background-repeat":"repeat","background-position":"center center","background-size":"auto","background-attachment":"scroll","background-type":"","background-media":"","overlay-type":"","overlay-color":"","overlay-opacity":"","overlay-gradient":""},"mobile":{"background-color":"var(--ast-global-color-5)","background-image":"","background-repeat":"repeat","background-position":"center center","background-size":"auto","background-attachment":"scroll","background-type":"","background-media":"","overlay-type":"","overlay-color":"","overlay-opacity":"","overlay-gradient":""}},"footnotes":""},"class_list":["post-10294","page","type-page","status-publish","hentry"],"post_mailing_queue_ids":[],"_links":{"self":[{"href":"https:\/\/serveiseducatius.xtec.cat\/solsones\/wp-json\/wp\/v2\/pages\/10294","targetHints":{"allow":["GET"]}}],"collection":[{"href":"https:\/\/serveiseducatius.xtec.cat\/solsones\/wp-json\/wp\/v2\/pages"}],"about":[{"href":"https:\/\/serveiseducatius.xtec.cat\/solsones\/wp-json\/wp\/v2\/types\/page"}],"author":[{"embeddable":true,"href":"https:\/\/serveiseducatius.xtec.cat\/solsones\/wp-json\/wp\/v2\/users\/1"}],"replies":[{"embeddable":true,"href":"https:\/\/serveiseducatius.xtec.cat\/solsones\/wp-json\/wp\/v2\/comments?post=10294"}],"version-history":[{"count":4,"href":"https:\/\/serveiseducatius.xtec.cat\/solsones\/wp-json\/wp\/v2\/pages\/10294\/revisions"}],"predecessor-version":[{"id":11029,"href":"https:\/\/serveiseducatius.xtec.cat\/solsones\/wp-json\/wp\/v2\/pages\/10294\/revisions\/11029"}],"up":[{"embeddable":true,"href":"https:\/\/serveiseducatius.xtec.cat\/solsones\/wp-json\/wp\/v2\/pages\/10256"}],"wp:attachment":[{"href":"https:\/\/serveiseducatius.xtec.cat\/solsones\/wp-json\/wp\/v2\/media?parent=10294"}],"curies":[{"name":"wp","href":"https:\/\/api.w.org\/{rel}","templated":true}]}}