{"id":10262,"date":"2018-12-08T12:56:41","date_gmt":"2018-12-08T11:56:41","guid":{"rendered":"http:\/\/serveiseducatius.xtec.cat\/solsones\/?page_id=10262"},"modified":"2019-09-24T17:05:45","modified_gmt":"2019-09-24T15:05:45","slug":"little-red-riding-hood","status":"publish","type":"page","link":"https:\/\/serveiseducatius.xtec.cat\/solsones\/programa-de-suport-a-leducacio\/competencia-comunicativa-linguistica-i-aidiovisual\/little-red-riding-hood\/","title":{"rendered":"Angl\u00e8s &#8211; The Gingerbread Man"},"content":{"rendered":"<h4><span style=\"color: #800000;\"><a href=\"https:\/\/serveiseducatius.xtec.cat\/solsones\/wp-content\/uploads\/usu1176\/2019\/09\/gingerbread-man-1024x827.jpg\"><img loading=\"lazy\" decoding=\"async\" class=\"wp-image-10950 alignleft\" src=\"https:\/\/serveiseducatius.xtec.cat\/solsones\/wp-content\/uploads\/usu1176\/2019\/09\/gingerbread-man-1024x827-1024x827.jpg\" alt=\"\" width=\"398\" height=\"321\" srcset=\"https:\/\/serveiseducatius.xtec.cat\/solsones\/wp-content\/uploads\/usu1176\/2019\/09\/gingerbread-man-1024x827.jpg 1024w, https:\/\/serveiseducatius.xtec.cat\/solsones\/wp-content\/uploads\/usu1176\/2019\/09\/gingerbread-man-1024x827-300x242.jpg 300w, https:\/\/serveiseducatius.xtec.cat\/solsones\/wp-content\/uploads\/usu1176\/2019\/09\/gingerbread-man-1024x827-768x620.jpg 768w\" sizes=\"auto, (max-width: 398px) 100vw, 398px\" \/><\/a>Ojectius<\/span><\/h4>\n<ul>\n<li>Con\u00e8ixer l&#8217;idioma angl\u00e8s en un\u00a0 entorn diferent de l&#8217;acad\u00e8mic.<\/li>\n<li id=\"h.p__22Q_-YFcKGE\" class=\"zfr3Q TYR86d\">Desenvolupar la sensibilitat i el sentit de la cr\u00edtica i l\u2019apreciaci\u00f3 est\u00e8tica de l\u2019alumnat.<\/li>\n<\/ul>\n<h4><span style=\"color: #800000;\">Descripci\u00f3<\/span><\/h4>\n<p><em><strong>Show musical i interactiu basat en la hist\u00f2ria cl\u00e0ssica<\/strong><\/em><\/p>\n<p>Quan la iaia va cuinar un home de gingebre no esperava que aquest cobr\u00e9s vida i s\u2019escap\u00e9s! Amb aquest espectacle c\u00f2mic i interactiu podreu acompanyar l\u2019home de gingebre en una aventura on tracta de ser m\u00e9s espavilat que tots els animals que es va trobant i que se\u2019l volen cruspir!\u00a0 \u00a0Apreneu els beneficis de les bones maneres i de ser amable amb qui t\u2019envolta. El vocabulari inclou animals, menjar, verbs relacionats amb la cuina i parts del cos.<\/p>\n<div><\/div>\n<div><\/div>\n<p><strong><span style=\"color: #0000ff;\"><a style=\"color: #0000ff;\" href=\"http:\/\/bluemangotheatre.com\/pdf\/m_pedagogico\/THE%20GINGERBREAD%20MAN-Worksheet%202020.pdf\" target=\"_blank\" rel=\"noopener noreferrer\">Proposta did\u00e0ctica<\/a>.<\/span><\/strong><\/p>\n<h4><span style=\"color: #800000;\">Nivell<\/span><\/h4>\n<p>Cicle inicial d&#8217;educaci\u00f3 prim\u00e0ria.<\/p>\n<h4><span style=\"color: #993300;\">Dates<\/span><\/h4>\n<p>6 i 7 de febrer de 2020<\/p>\n<h4><span style=\"color: #800000;\">Companyia<\/span><\/h4>\n<p><a href=\"https:\/\/bluemangotheatre.com\/\" target=\"_blank\" rel=\"noopener noreferrer\">Blue Mango<\/a><\/p>\n<p>&nbsp;<\/p>\n","protected":false},"excerpt":{"rendered":"<p>Ojectius Con\u00e8ixer l&#8217;idioma angl\u00e8s en un\u00a0 entorn diferent de l&#8217;acad\u00e8mic. Desenvolupar la sensibilitat i el sentit de la cr\u00edtica i l\u2019apreciaci\u00f3 est\u00e8tica de l\u2019alumnat. Descripci\u00f3 Show musical i interactiu basat en la hist\u00f2ria cl\u00e0ssica Quan la iaia va cuinar un home de gingebre no esperava que aquest cobr\u00e9s vida i s\u2019escap\u00e9s! Amb aquest espectacle c\u00f2mic [&hellip;]<\/p>\n","protected":false},"author":1,"featured_media":0,"parent":10256,"menu_order":1,"comment_status":"closed","ping_status":"closed","template":"page-templates\/side-menu.php","meta":{"_bbp_topic_count":0,"_bbp_reply_count":0,"_bbp_total_topic_count":0,"_bbp_total_reply_count":0,"_bbp_voice_count":0,"_bbp_anonymous_reply_count":0,"_bbp_topic_count_hidden":0,"_bbp_reply_count_hidden":0,"_bbp_forum_subforum_count":0,"site-sidebar-layout":"default","site-content-layout":"","ast-site-content-layout":"","site-content-style":"default","site-sidebar-style":"default","ast-global-header-display":"","ast-banner-title-visibility":"","ast-main-header-display":"","ast-hfb-above-header-display":"","ast-hfb-below-header-display":"","ast-hfb-mobile-header-display":"","site-post-title":"","ast-breadcrumbs-content":"","ast-featured-img":"","footer-sml-layout":"","theme-transparent-header-meta":"","adv-header-id-meta":"","stick-header-meta":"","header-above-stick-meta":"","header-main-stick-meta":"","header-below-stick-meta":"","astra-migrate-meta-layouts":"default","ast-page-background-enabled":"default","ast-page-background-meta":{"desktop":{"background-color":"var(--ast-global-color-4)","background-image":"","background-repeat":"repeat","background-position":"center center","background-size":"auto","background-attachment":"scroll","background-type":"","background-media":"","overlay-type":"","overlay-color":"","overlay-opacity":"","overlay-gradient":""},"tablet":{"background-color":"","background-image":"","background-repeat":"repeat","background-position":"center center","background-size":"auto","background-attachment":"scroll","background-type":"","background-media":"","overlay-type":"","overlay-color":"","overlay-opacity":"","overlay-gradient":""},"mobile":{"background-color":"","background-image":"","background-repeat":"repeat","background-position":"center center","background-size":"auto","background-attachment":"scroll","background-type":"","background-media":"","overlay-type":"","overlay-color":"","overlay-opacity":"","overlay-gradient":""}},"ast-content-background-meta":{"desktop":{"background-color":"var(--ast-global-color-5)","background-image":"","background-repeat":"repeat","background-position":"center center","background-size":"auto","background-attachment":"scroll","background-type":"","background-media":"","overlay-type":"","overlay-color":"","overlay-opacity":"","overlay-gradient":""},"tablet":{"background-color":"var(--ast-global-color-5)","background-image":"","background-repeat":"repeat","background-position":"center center","background-size":"auto","background-attachment":"scroll","background-type":"","background-media":"","overlay-type":"","overlay-color":"","overlay-opacity":"","overlay-gradient":""},"mobile":{"background-color":"var(--ast-global-color-5)","background-image":"","background-repeat":"repeat","background-position":"center center","background-size":"auto","background-attachment":"scroll","background-type":"","background-media":"","overlay-type":"","overlay-color":"","overlay-opacity":"","overlay-gradient":""}},"footnotes":""},"class_list":["post-10262","page","type-page","status-publish","hentry"],"post_mailing_queue_ids":[],"_links":{"self":[{"href":"https:\/\/serveiseducatius.xtec.cat\/solsones\/wp-json\/wp\/v2\/pages\/10262","targetHints":{"allow":["GET"]}}],"collection":[{"href":"https:\/\/serveiseducatius.xtec.cat\/solsones\/wp-json\/wp\/v2\/pages"}],"about":[{"href":"https:\/\/serveiseducatius.xtec.cat\/solsones\/wp-json\/wp\/v2\/types\/page"}],"author":[{"embeddable":true,"href":"https:\/\/serveiseducatius.xtec.cat\/solsones\/wp-json\/wp\/v2\/users\/1"}],"replies":[{"embeddable":true,"href":"https:\/\/serveiseducatius.xtec.cat\/solsones\/wp-json\/wp\/v2\/comments?post=10262"}],"version-history":[{"count":4,"href":"https:\/\/serveiseducatius.xtec.cat\/solsones\/wp-json\/wp\/v2\/pages\/10262\/revisions"}],"predecessor-version":[{"id":11017,"href":"https:\/\/serveiseducatius.xtec.cat\/solsones\/wp-json\/wp\/v2\/pages\/10262\/revisions\/11017"}],"up":[{"embeddable":true,"href":"https:\/\/serveiseducatius.xtec.cat\/solsones\/wp-json\/wp\/v2\/pages\/10256"}],"wp:attachment":[{"href":"https:\/\/serveiseducatius.xtec.cat\/solsones\/wp-json\/wp\/v2\/media?parent=10262"}],"curies":[{"name":"wp","href":"https:\/\/api.w.org\/{rel}","templated":true}]}}