{"id":10201,"date":"2018-11-11T19:04:12","date_gmt":"2018-11-11T18:04:12","guid":{"rendered":"http:\/\/serveiseducatius.xtec.cat\/solsones\/?page_id=10201"},"modified":"2019-01-27T20:37:36","modified_gmt":"2019-01-27T19:37:36","slug":"komerc-obert-ubic-agencia-de-desenvolupament-local-de-solsona-i-cardona","status":"publish","type":"page","link":"https:\/\/serveiseducatius.xtec.cat\/solsones\/programa-de-suport-a-leducacio\/competencia-ciencies-socials\/komerc-obert-ubic-agencia-de-desenvolupament-local-de-solsona-i-cardona\/","title":{"rendered":"Komer\u00e7 Obert"},"content":{"rendered":"<p><a href=\"https:\/\/serveiseducatius.xtec.cat\/solsones\/wp-content\/uploads\/usu1176\/2018\/03\/LOGO_KOMER\u00c7_OBERT_1.jpg\"><img loading=\"lazy\" decoding=\"async\" class=\" wp-image-9812 alignright\" src=\"https:\/\/serveiseducatius.xtec.cat\/solsones\/wp-content\/uploads\/usu1176\/2018\/03\/LOGO_KOMER\u00c7_OBERT_1.jpg\" alt=\"\" width=\"267\" height=\"267\" srcset=\"https:\/\/serveiseducatius.xtec.cat\/solsones\/wp-content\/uploads\/usu1176\/2018\/03\/LOGO_KOMER\u00c7_OBERT_1.jpg 542w, https:\/\/serveiseducatius.xtec.cat\/solsones\/wp-content\/uploads\/usu1176\/2018\/03\/LOGO_KOMER\u00c7_OBERT_1-150x150.jpg 150w, https:\/\/serveiseducatius.xtec.cat\/solsones\/wp-content\/uploads\/usu1176\/2018\/03\/LOGO_KOMER\u00c7_OBERT_1-300x300.jpg 300w\" sizes=\"auto, (max-width: 267px) 100vw, 267px\" \/><\/a>El projecte\u00a0<strong>Komer\u00e7 Obert\u00a0<\/strong>\u00e9s una iniciativa per posar en valor el comer\u00e7 de proximitat, de Km 0. Ha estat endegat\u00a0per la Uni\u00f3 de Botiguers i Comerciants (UBIC) de Solsona i l\u2019Ag\u00e8ncia de Desenvolupament Local de Solsona i Cardona. Hi participen les escoles Setelsis, El Vinyet i Arrels I i tamb\u00e9 el CRP del Solson\u00e8s i el Consell d\u2019Infants de Solsona.<\/p>\n<p>Els establiments adherits van als centres escolars a explicar qu\u00e8 \u00e9s el comer\u00e7 de proximitat i les funcions de la UBIC. Despr\u00e9s els\u00a0alumnes visiten els comer\u00e7os en petits grups i els establiments els tenen preparada alguna activitat que busca l\u2019aprenentatge de l\u2019infant a trav\u00e9s dels sentits, amb un contacte directe amb el producte. L&#8217;activitat finalitza amb una jornada on els alumnes visiten la <strong>C\u00fapula Gustum<\/strong> per con\u00e8ixer com, qui i on es produeixen els principals aliments que\u00a0tenim di\u00e0riament a taula, com els l\u00e0ctics, la carn, l\u2019arr\u00f2s, la fruita i verdura, etc.<\/p>\n<p><strong>Nivell<\/strong>: 4t, 5\u00e8 i 6\u00e8 de prim\u00e0ria.<\/p>\n<p><strong>Calendari:\u00a0<\/strong>2n trimestre<\/p>\n","protected":false},"excerpt":{"rendered":"<p>El projecte\u00a0Komer\u00e7 Obert\u00a0\u00e9s una iniciativa per posar en valor el comer\u00e7 de proximitat, de Km 0. Ha estat endegat\u00a0per la Uni\u00f3 de Botiguers i Comerciants (UBIC) de Solsona i l\u2019Ag\u00e8ncia de Desenvolupament Local de Solsona i Cardona. Hi participen les escoles Setelsis, El Vinyet i Arrels I i tamb\u00e9 el CRP del Solson\u00e8s i el [&hellip;]<\/p>\n","protected":false},"author":1,"featured_media":0,"parent":10247,"menu_order":0,"comment_status":"closed","ping_status":"closed","template":"page-templates\/side-menu.php","meta":{"_bbp_topic_count":0,"_bbp_reply_count":0,"_bbp_total_topic_count":0,"_bbp_total_reply_count":0,"_bbp_voice_count":0,"_bbp_anonymous_reply_count":0,"_bbp_topic_count_hidden":0,"_bbp_reply_count_hidden":0,"_bbp_forum_subforum_count":0,"site-sidebar-layout":"default","site-content-layout":"","ast-site-content-layout":"","site-content-style":"default","site-sidebar-style":"default","ast-global-header-display":"","ast-banner-title-visibility":"","ast-main-header-display":"","ast-hfb-above-header-display":"","ast-hfb-below-header-display":"","ast-hfb-mobile-header-display":"","site-post-title":"","ast-breadcrumbs-content":"","ast-featured-img":"","footer-sml-layout":"","theme-transparent-header-meta":"","adv-header-id-meta":"","stick-header-meta":"","header-above-stick-meta":"","header-main-stick-meta":"","header-below-stick-meta":"","astra-migrate-meta-layouts":"default","ast-page-background-enabled":"default","ast-page-background-meta":{"desktop":{"background-color":"var(--ast-global-color-4)","background-image":"","background-repeat":"repeat","background-position":"center center","background-size":"auto","background-attachment":"scroll","background-type":"","background-media":"","overlay-type":"","overlay-color":"","overlay-opacity":"","overlay-gradient":""},"tablet":{"background-color":"","background-image":"","background-repeat":"repeat","background-position":"center center","background-size":"auto","background-attachment":"scroll","background-type":"","background-media":"","overlay-type":"","overlay-color":"","overlay-opacity":"","overlay-gradient":""},"mobile":{"background-color":"","background-image":"","background-repeat":"repeat","background-position":"center center","background-size":"auto","background-attachment":"scroll","background-type":"","background-media":"","overlay-type":"","overlay-color":"","overlay-opacity":"","overlay-gradient":""}},"ast-content-background-meta":{"desktop":{"background-color":"var(--ast-global-color-5)","background-image":"","background-repeat":"repeat","background-position":"center center","background-size":"auto","background-attachment":"scroll","background-type":"","background-media":"","overlay-type":"","overlay-color":"","overlay-opacity":"","overlay-gradient":""},"tablet":{"background-color":"var(--ast-global-color-5)","background-image":"","background-repeat":"repeat","background-position":"center center","background-size":"auto","background-attachment":"scroll","background-type":"","background-media":"","overlay-type":"","overlay-color":"","overlay-opacity":"","overlay-gradient":""},"mobile":{"background-color":"var(--ast-global-color-5)","background-image":"","background-repeat":"repeat","background-position":"center center","background-size":"auto","background-attachment":"scroll","background-type":"","background-media":"","overlay-type":"","overlay-color":"","overlay-opacity":"","overlay-gradient":""}},"footnotes":""},"class_list":["post-10201","page","type-page","status-publish","hentry"],"post_mailing_queue_ids":[],"_links":{"self":[{"href":"https:\/\/serveiseducatius.xtec.cat\/solsones\/wp-json\/wp\/v2\/pages\/10201","targetHints":{"allow":["GET"]}}],"collection":[{"href":"https:\/\/serveiseducatius.xtec.cat\/solsones\/wp-json\/wp\/v2\/pages"}],"about":[{"href":"https:\/\/serveiseducatius.xtec.cat\/solsones\/wp-json\/wp\/v2\/types\/page"}],"author":[{"embeddable":true,"href":"https:\/\/serveiseducatius.xtec.cat\/solsones\/wp-json\/wp\/v2\/users\/1"}],"replies":[{"embeddable":true,"href":"https:\/\/serveiseducatius.xtec.cat\/solsones\/wp-json\/wp\/v2\/comments?post=10201"}],"version-history":[{"count":4,"href":"https:\/\/serveiseducatius.xtec.cat\/solsones\/wp-json\/wp\/v2\/pages\/10201\/revisions"}],"predecessor-version":[{"id":10661,"href":"https:\/\/serveiseducatius.xtec.cat\/solsones\/wp-json\/wp\/v2\/pages\/10201\/revisions\/10661"}],"up":[{"embeddable":true,"href":"https:\/\/serveiseducatius.xtec.cat\/solsones\/wp-json\/wp\/v2\/pages\/10247"}],"wp:attachment":[{"href":"https:\/\/serveiseducatius.xtec.cat\/solsones\/wp-json\/wp\/v2\/media?parent=10201"}],"curies":[{"name":"wp","href":"https:\/\/api.w.org\/{rel}","templated":true}]}}