{"id":10188,"date":"2018-11-11T13:08:19","date_gmt":"2018-11-11T12:08:19","guid":{"rendered":"http:\/\/serveiseducatius.xtec.cat\/solsones\/?page_id=10188"},"modified":"2018-11-14T11:20:13","modified_gmt":"2018-11-14T10:20:13","slug":"brac-robotic","status":"publish","type":"page","link":"https:\/\/serveiseducatius.xtec.cat\/solsones\/programacio-i-robotica\/brac-robotic\/","title":{"rendered":"Bra\u00e7 rob\u00f2tic"},"content":{"rendered":"<p>El <strong>Refugi Tecnol\u00f2gic,<\/strong> amb la col\u00b7laboraci\u00f3 del <strong>CRP del Solson\u00e8s,<\/strong> ha endegat el projecte de la creaci\u00f3 del bra\u00e7 rob\u00f2tic de codi obert impr\u00e8s en 3D, el\u00a0BCN3D Moveo. S\u2019ha encarregat de buscar finan\u00e7ament per comprar el material, imprimir les peces en 3D i realitzar el muntatge.<\/p>\n<p>L\u2019\u00e0rea de la Fundaci\u00f3 CIM BCN3D Technologies va presentar l\u2019any 2016 el BCN3D Moveo, un bra\u00e7 rob\u00f2tic dissenyat des de zero i desenvolupat en col\u00b7laboraci\u00f3 amb el Departament d\u2019Ensenyament de la Generalitat de Catalunya. L\u2019estructura del bra\u00e7 est\u00e0 impresa en 3D i la seva tecnologia est\u00e0 controlada pel software\u00a0Arduino.<\/p>\n<p>BCN3D Moveo \u00e9s un bra\u00e7 rob\u00f2tic Open Source,\u00a0modificable\u00a0pels alumnes i\u00a0reprodu\u00efble\u00a0a baix cost que pot copar diversos dels itineraris formatius existents: Disseny mec\u00e0nic, automatismes, programaci\u00f3 industrial, etc. Hauria de permetre als instituts gaudir d\u2019un equipament personalizable, modificable i de\u00a0f\u00e0cil acc\u00e9s per a l\u2019alumne\u00a0a un preu lluny dels equipaments industrials que normalment havien hagut d\u2019adquirir per\u00f2 amb unes prestacions suficients per a les finalitats formatives.<\/p>\n<p>L\u2019objectiu del projecte \u00e9s el d\u2019apropar les tecnologies de fabricaci\u00f3 digital i additiva al p\u00fablic general i a les escoles de secund\u00e0ria en particular. El bra\u00e7 est\u00e0 en dip\u00f2sit al CRP del Solson\u00e8s i, els centres de secund\u00e0ria, el poden agafar en pr\u00e9stec.\u00a0<a href=\"https:\/\/photos.app.goo.gl\/iRgowpfYSwaiKCAo6\" target=\"_blank\" rel=\"noopener\">V\u00eddeo del bra\u00e7 que est\u00e0 en servei de pr\u00e9stec al CRP del Solson\u00e8s<\/a><\/p>\n<p><iframe loading=\"lazy\" src=\"https:\/\/www.youtube.com\/embed\/XSY0kieEL8A\" width=\"560\" height=\"315\" frameborder=\"0\" allowfullscreen=\"allowfullscreen\"><\/iframe><\/p>\n","protected":false},"excerpt":{"rendered":"<p>El Refugi Tecnol\u00f2gic, amb la col\u00b7laboraci\u00f3 del CRP del Solson\u00e8s, ha endegat el projecte de la creaci\u00f3 del bra\u00e7 rob\u00f2tic de codi obert impr\u00e8s en 3D, el\u00a0BCN3D Moveo. S\u2019ha encarregat de buscar finan\u00e7ament per comprar el material, imprimir les peces en 3D i realitzar el&hellip;  <a href=\"https:\/\/serveiseducatius.xtec.cat\/solsones\/programacio-i-robotica\/brac-robotic\/\" title=\"Read Bra\u00e7 rob\u00f2tic\">Llegeix m\u00e9s\u00bb<\/a><\/p>\n","protected":false},"author":1,"featured_media":0,"parent":8232,"menu_order":0,"comment_status":"closed","ping_status":"closed","template":"","meta":{"_bbp_topic_count":0,"_bbp_reply_count":0,"_bbp_total_topic_count":0,"_bbp_total_reply_count":0,"_bbp_voice_count":0,"_bbp_anonymous_reply_count":0,"_bbp_topic_count_hidden":0,"_bbp_reply_count_hidden":0,"_bbp_forum_subforum_count":0,"footnotes":""},"class_list":["post-10188","page","type-page","status-publish","hentry"],"post_mailing_queue_ids":[],"_links":{"self":[{"href":"https:\/\/serveiseducatius.xtec.cat\/solsones\/wp-json\/wp\/v2\/pages\/10188","targetHints":{"allow":["GET"]}}],"collection":[{"href":"https:\/\/serveiseducatius.xtec.cat\/solsones\/wp-json\/wp\/v2\/pages"}],"about":[{"href":"https:\/\/serveiseducatius.xtec.cat\/solsones\/wp-json\/wp\/v2\/types\/page"}],"author":[{"embeddable":true,"href":"https:\/\/serveiseducatius.xtec.cat\/solsones\/wp-json\/wp\/v2\/users\/1"}],"replies":[{"embeddable":true,"href":"https:\/\/serveiseducatius.xtec.cat\/solsones\/wp-json\/wp\/v2\/comments?post=10188"}],"version-history":[{"count":4,"href":"https:\/\/serveiseducatius.xtec.cat\/solsones\/wp-json\/wp\/v2\/pages\/10188\/revisions"}],"predecessor-version":[{"id":10218,"href":"https:\/\/serveiseducatius.xtec.cat\/solsones\/wp-json\/wp\/v2\/pages\/10188\/revisions\/10218"}],"up":[{"embeddable":true,"href":"https:\/\/serveiseducatius.xtec.cat\/solsones\/wp-json\/wp\/v2\/pages\/8232"}],"wp:attachment":[{"href":"https:\/\/serveiseducatius.xtec.cat\/solsones\/wp-json\/wp\/v2\/media?parent=10188"}],"curies":[{"name":"wp","href":"https:\/\/api.w.org\/{rel}","templated":true}]}}