{"id":10161,"date":"2018-11-07T17:56:25","date_gmt":"2018-11-07T16:56:25","guid":{"rendered":"http:\/\/serveiseducatius.xtec.cat\/solsones\/?page_id=10161"},"modified":"2019-09-24T10:39:49","modified_gmt":"2019-09-24T08:39:49","slug":"cupula-gustum","status":"publish","type":"page","link":"https:\/\/serveiseducatius.xtec.cat\/solsones\/programa-de-suport-a-leducacio\/competencia-ciencies-socials\/cupula-gustum\/","title":{"rendered":"C\u00fapula Gustum"},"content":{"rendered":"<p><img loading=\"lazy\" decoding=\"async\" class=\"alignright\" src=\"https:\/\/www.gustum.org\/img\/project\/La%20cpula_web.jpg\" width=\"500\" height=\"332\" \/><br \/>\nEs tracta d\u2019un inflable que permet la immersi\u00f3 en una experi\u00e8ncia visual 360\u2070 per con\u00e8ixer com, qui i on es produeixen els principals aliments que\u00a0tenim di\u00e0riament a taula, com els l\u00e0ctics, la carn, l\u2019arr\u00f2s, la fruita i verdura, etc. En concret, inclou 14 c\u00e0psules m\u00e9s una d\u2019introducci\u00f3. La recomanaci\u00f3 \u00e9s escollir-ne entre 4 o 5 per sessi\u00f3. La projecci\u00f3 est\u00e0 condu\u00efda i dinamitzada per un monitor.<\/p>\n<p><strong>Nivell<\/strong>: 4t, 5\u00e8 i 6\u00e8 de prim\u00e0ria.<\/p>\n<p><strong>Calendari:<\/strong> 2n trimestre<\/p>\n<p><b><a href=\"https:\/\/www.gustum.org\/docs\/Explicaci%C3%B3%20jocs%20C%C3%BApula_def.pdf\" target=\"_blank\" rel=\"noopener noreferrer\"><span style=\"color: #9c0000;\">Dossier explicatiu dels jocs col\u00b7lectius<\/span><\/a><\/b><br \/>\n<b><a href=\"https:\/\/www.gustum.org\/docs\/guia%20did%C3%A0ctica%20La%20C%C3%BApula%20Gustum_alumnes.pdf\" target=\"_blank\" rel=\"noopener noreferrer\"><span style=\"color: #9c0000;\">Guia did\u00e0ctica per als alumnes<\/span><\/a><\/b><br \/>\n<b><a href=\"https:\/\/www.gustum.org\/docs\/guia%20did%C3%A0ctica%20La%20C%C3%BApula%20Gustum_docents.pdf\" target=\"_blank\" rel=\"noopener noreferrer\"><span style=\"color: #9c0000;\">Guia did\u00e0ctica per als docents<\/span><\/a><\/b><\/p>\n","protected":false},"excerpt":{"rendered":"<p>Es tracta d\u2019un inflable que permet la immersi\u00f3 en una experi\u00e8ncia visual 360\u2070 per con\u00e8ixer com, qui i on es produeixen els principals aliments que\u00a0tenim di\u00e0riament a taula, com els l\u00e0ctics, la carn, l\u2019arr\u00f2s, la fruita i verdura, etc. En concret, inclou 14 c\u00e0psules m\u00e9s una d\u2019introducci\u00f3. La recomanaci\u00f3 \u00e9s escollir-ne entre 4 o 5 [&hellip;]<\/p>\n","protected":false},"author":1,"featured_media":0,"parent":10247,"menu_order":0,"comment_status":"closed","ping_status":"closed","template":"page-templates\/side-menu.php","meta":{"_bbp_topic_count":0,"_bbp_reply_count":0,"_bbp_total_topic_count":0,"_bbp_total_reply_count":0,"_bbp_voice_count":0,"_bbp_anonymous_reply_count":0,"_bbp_topic_count_hidden":0,"_bbp_reply_count_hidden":0,"_bbp_forum_subforum_count":0,"site-sidebar-layout":"default","site-content-layout":"","ast-site-content-layout":"","site-content-style":"default","site-sidebar-style":"default","ast-global-header-display":"","ast-banner-title-visibility":"","ast-main-header-display":"","ast-hfb-above-header-display":"","ast-hfb-below-header-display":"","ast-hfb-mobile-header-display":"","site-post-title":"","ast-breadcrumbs-content":"","ast-featured-img":"","footer-sml-layout":"","theme-transparent-header-meta":"","adv-header-id-meta":"","stick-header-meta":"","header-above-stick-meta":"","header-main-stick-meta":"","header-below-stick-meta":"","astra-migrate-meta-layouts":"default","ast-page-background-enabled":"default","ast-page-background-meta":{"desktop":{"background-color":"var(--ast-global-color-4)","background-image":"","background-repeat":"repeat","background-position":"center center","background-size":"auto","background-attachment":"scroll","background-type":"","background-media":"","overlay-type":"","overlay-color":"","overlay-opacity":"","overlay-gradient":""},"tablet":{"background-color":"","background-image":"","background-repeat":"repeat","background-position":"center center","background-size":"auto","background-attachment":"scroll","background-type":"","background-media":"","overlay-type":"","overlay-color":"","overlay-opacity":"","overlay-gradient":""},"mobile":{"background-color":"","background-image":"","background-repeat":"repeat","background-position":"center center","background-size":"auto","background-attachment":"scroll","background-type":"","background-media":"","overlay-type":"","overlay-color":"","overlay-opacity":"","overlay-gradient":""}},"ast-content-background-meta":{"desktop":{"background-color":"var(--ast-global-color-5)","background-image":"","background-repeat":"repeat","background-position":"center center","background-size":"auto","background-attachment":"scroll","background-type":"","background-media":"","overlay-type":"","overlay-color":"","overlay-opacity":"","overlay-gradient":""},"tablet":{"background-color":"var(--ast-global-color-5)","background-image":"","background-repeat":"repeat","background-position":"center center","background-size":"auto","background-attachment":"scroll","background-type":"","background-media":"","overlay-type":"","overlay-color":"","overlay-opacity":"","overlay-gradient":""},"mobile":{"background-color":"var(--ast-global-color-5)","background-image":"","background-repeat":"repeat","background-position":"center center","background-size":"auto","background-attachment":"scroll","background-type":"","background-media":"","overlay-type":"","overlay-color":"","overlay-opacity":"","overlay-gradient":""}},"footnotes":""},"class_list":["post-10161","page","type-page","status-publish","hentry"],"post_mailing_queue_ids":[],"_links":{"self":[{"href":"https:\/\/serveiseducatius.xtec.cat\/solsones\/wp-json\/wp\/v2\/pages\/10161","targetHints":{"allow":["GET"]}}],"collection":[{"href":"https:\/\/serveiseducatius.xtec.cat\/solsones\/wp-json\/wp\/v2\/pages"}],"about":[{"href":"https:\/\/serveiseducatius.xtec.cat\/solsones\/wp-json\/wp\/v2\/types\/page"}],"author":[{"embeddable":true,"href":"https:\/\/serveiseducatius.xtec.cat\/solsones\/wp-json\/wp\/v2\/users\/1"}],"replies":[{"embeddable":true,"href":"https:\/\/serveiseducatius.xtec.cat\/solsones\/wp-json\/wp\/v2\/comments?post=10161"}],"version-history":[{"count":4,"href":"https:\/\/serveiseducatius.xtec.cat\/solsones\/wp-json\/wp\/v2\/pages\/10161\/revisions"}],"predecessor-version":[{"id":10949,"href":"https:\/\/serveiseducatius.xtec.cat\/solsones\/wp-json\/wp\/v2\/pages\/10161\/revisions\/10949"}],"up":[{"embeddable":true,"href":"https:\/\/serveiseducatius.xtec.cat\/solsones\/wp-json\/wp\/v2\/pages\/10247"}],"wp:attachment":[{"href":"https:\/\/serveiseducatius.xtec.cat\/solsones\/wp-json\/wp\/v2\/media?parent=10161"}],"curies":[{"name":"wp","href":"https:\/\/api.w.org\/{rel}","templated":true}]}}