{"id":10128,"date":"2018-11-06T11:25:01","date_gmt":"2018-11-06T10:25:01","guid":{"rendered":"http:\/\/serveiseducatius.xtec.cat\/solsones\/?page_id=10128"},"modified":"2024-04-04T12:40:50","modified_gmt":"2024-04-04T10:40:50","slug":"novetats-de-la-mediateca-2","status":"publish","type":"page","link":"https:\/\/serveiseducatius.xtec.cat\/solsones\/novetats-de-la-mediateca-2\/","title":{"rendered":"Novetats de la mediateca"},"content":{"rendered":"<p>Aquesta secci\u00f3 mostra les darreres incorporacions a la mediateca del CRP del Solson\u00e8s. En el men\u00fa de l&#8217;esquerra podeu consultar les novetats anteriors.\u00a0Feu clic sobre les miniatures per veure la fitxa completa de cada document.<\/p>\n<p>Utilitzeu els canals habituals de contacte amb el nostre servei per suggerir l&#8217;adquisici\u00f3 de nous recursos.<\/p>\n<p><a href=\"https:\/\/serveiseducatius.xtec.cat\/solsones\/novetats-de-la-mediateca-2\/novetats-2023-2024\/\"><strong>Novetats 2023-2024<\/strong><\/a><\/p>\n<p><a href=\"https:\/\/aplicacions.gestioeducativa.gencat.cat\/epergam\/web\/biblioteca.jsp\" target=\"_blank\" rel=\"noopener noreferrer\">Cat\u00e0leg de la mediateca del CRP del Solson\u00e8s a eP\u00e8rgam<\/a><\/p>\n<p><a href=\"http:\/\/merli.xtec.cat\/merli\/cerca\/directoriInicial.jsp\" target=\"_blank\" rel=\"noopener noreferrer\">Cat\u00e0leg general de Merl\u00ed<\/a><\/p>\n","protected":false},"excerpt":{"rendered":"<p>Aquesta secci\u00f3 mostra les darreres incorporacions a la mediateca del CRP del Solson\u00e8s. En el men\u00fa de l&#8217;esquerra podeu consultar les novetats anteriors.\u00a0Feu clic sobre les miniatures per veure la fitxa completa de cada document. Utilitzeu els canals habituals de contacte amb el nostre servei per suggerir l&#8217;adquisici\u00f3 de nous recursos. Novetats 2023-2024 Cat\u00e0leg de [&hellip;]<\/p>\n","protected":false},"author":1,"featured_media":0,"parent":0,"menu_order":0,"comment_status":"closed","ping_status":"closed","template":"page-templates\/side-menu.php","meta":{"_bbp_topic_count":0,"_bbp_reply_count":0,"_bbp_total_topic_count":0,"_bbp_total_reply_count":0,"_bbp_voice_count":0,"_bbp_anonymous_reply_count":0,"_bbp_topic_count_hidden":0,"_bbp_reply_count_hidden":0,"_bbp_forum_subforum_count":0,"site-sidebar-layout":"default","site-content-layout":"","ast-site-content-layout":"","site-content-style":"default","site-sidebar-style":"default","ast-global-header-display":"","ast-banner-title-visibility":"","ast-main-header-display":"","ast-hfb-above-header-display":"","ast-hfb-below-header-display":"","ast-hfb-mobile-header-display":"","site-post-title":"","ast-breadcrumbs-content":"","ast-featured-img":"","footer-sml-layout":"","theme-transparent-header-meta":"","adv-header-id-meta":"","stick-header-meta":"","header-above-stick-meta":"","header-main-stick-meta":"","header-below-stick-meta":"","astra-migrate-meta-layouts":"default","ast-page-background-enabled":"default","ast-page-background-meta":{"desktop":{"background-color":"var(--ast-global-color-4)","background-image":"","background-repeat":"repeat","background-position":"center center","background-size":"auto","background-attachment":"scroll","background-type":"","background-media":"","overlay-type":"","overlay-color":"","overlay-opacity":"","overlay-gradient":""},"tablet":{"background-color":"","background-image":"","background-repeat":"repeat","background-position":"center center","background-size":"auto","background-attachment":"scroll","background-type":"","background-media":"","overlay-type":"","overlay-color":"","overlay-opacity":"","overlay-gradient":""},"mobile":{"background-color":"","background-image":"","background-repeat":"repeat","background-position":"center center","background-size":"auto","background-attachment":"scroll","background-type":"","background-media":"","overlay-type":"","overlay-color":"","overlay-opacity":"","overlay-gradient":""}},"ast-content-background-meta":{"desktop":{"background-color":"var(--ast-global-color-5)","background-image":"","background-repeat":"repeat","background-position":"center center","background-size":"auto","background-attachment":"scroll","background-type":"","background-media":"","overlay-type":"","overlay-color":"","overlay-opacity":"","overlay-gradient":""},"tablet":{"background-color":"var(--ast-global-color-5)","background-image":"","background-repeat":"repeat","background-position":"center center","background-size":"auto","background-attachment":"scroll","background-type":"","background-media":"","overlay-type":"","overlay-color":"","overlay-opacity":"","overlay-gradient":""},"mobile":{"background-color":"var(--ast-global-color-5)","background-image":"","background-repeat":"repeat","background-position":"center center","background-size":"auto","background-attachment":"scroll","background-type":"","background-media":"","overlay-type":"","overlay-color":"","overlay-opacity":"","overlay-gradient":""}},"footnotes":""},"class_list":["post-10128","page","type-page","status-publish","hentry"],"post_mailing_queue_ids":[],"_links":{"self":[{"href":"https:\/\/serveiseducatius.xtec.cat\/solsones\/wp-json\/wp\/v2\/pages\/10128","targetHints":{"allow":["GET"]}}],"collection":[{"href":"https:\/\/serveiseducatius.xtec.cat\/solsones\/wp-json\/wp\/v2\/pages"}],"about":[{"href":"https:\/\/serveiseducatius.xtec.cat\/solsones\/wp-json\/wp\/v2\/types\/page"}],"author":[{"embeddable":true,"href":"https:\/\/serveiseducatius.xtec.cat\/solsones\/wp-json\/wp\/v2\/users\/1"}],"replies":[{"embeddable":true,"href":"https:\/\/serveiseducatius.xtec.cat\/solsones\/wp-json\/wp\/v2\/comments?post=10128"}],"version-history":[{"count":4,"href":"https:\/\/serveiseducatius.xtec.cat\/solsones\/wp-json\/wp\/v2\/pages\/10128\/revisions"}],"predecessor-version":[{"id":15044,"href":"https:\/\/serveiseducatius.xtec.cat\/solsones\/wp-json\/wp\/v2\/pages\/10128\/revisions\/15044"}],"wp:attachment":[{"href":"https:\/\/serveiseducatius.xtec.cat\/solsones\/wp-json\/wp\/v2\/media?parent=10128"}],"curies":[{"name":"wp","href":"https:\/\/api.w.org\/{rel}","templated":true}]}}