{"id":608,"date":"2015-11-27T10:04:51","date_gmt":"2015-11-27T09:04:51","guid":{"rendered":"http:\/\/serveiseducatius.xtec.cat\/selva2\/?page_id=608"},"modified":"2026-02-04T11:49:38","modified_gmt":"2026-02-04T10:49:38","slug":"horari-i-calendari","status":"publish","type":"page","link":"https:\/\/serveiseducatius.xtec.cat\/selva2\/el-servei-educatiu\/horari-i-calendari\/","title":{"rendered":"Horari i calendari"},"content":{"rendered":"\n<div class=\"wp-block-columns is-layout-flex wp-container-core-columns-is-layout-1 wp-block-columns-is-layout-flex\">\n<div class=\"wp-block-column is-layout-flow wp-block-column-is-layout-flow\">\n<figure class=\"wp-block-image size-full\"><a href=\"https:\/\/serveiseducatius.xtec.cat\/selva2\/wp-content\/uploads\/usu1165\/2026\/02\/2026-02-04-11_48_11-Calendari_25_26-Fulls-de-calcul-de-Google.png\"><img loading=\"lazy\" decoding=\"async\" width=\"697\" height=\"722\" src=\"https:\/\/serveiseducatius.xtec.cat\/selva2\/wp-content\/uploads\/usu1165\/2026\/02\/2026-02-04-11_48_11-Calendari_25_26-Fulls-de-calcul-de-Google.png\" alt=\"\" class=\"wp-image-15691\" srcset=\"https:\/\/serveiseducatius.xtec.cat\/selva2\/wp-content\/uploads\/usu1165\/2026\/02\/2026-02-04-11_48_11-Calendari_25_26-Fulls-de-calcul-de-Google.png 697w, https:\/\/serveiseducatius.xtec.cat\/selva2\/wp-content\/uploads\/usu1165\/2026\/02\/2026-02-04-11_48_11-Calendari_25_26-Fulls-de-calcul-de-Google-290x300.png 290w\" sizes=\"auto, (max-width: 697px) 100vw, 697px\" \/><\/a><\/figure>\n<\/div>\n\n\n\n<div class=\"wp-block-column is-layout-flow wp-block-column-is-layout-flow\">\n<h4 class=\"wp-block-heading\"><a href=\"https:\/\/docs.google.com\/spreadsheets\/d\/11uigmECD8yiRx3mnkQuRK59GFnkYemsOP71CeBuDClM\/edit?usp=sharing\" target=\"_blank\" rel=\"noreferrer noopener\">Calendari Curs 2025-2026  ACTUALITZAT!! (per descarregar)<\/a> <\/h4>\n\n\n\n<h4 class=\"wp-block-heading has-small-font-size\"><a href=\"https:\/\/docs.google.com\/spreadsheets\/d\/1NEOt1VAVd3X2sX7SFQP-Bejz_LaHy9P-TJwLljAA3ws\/edit#gid=497113560\">Calendari Curs 2024-2025 (per descarregar)<\/a><\/h4>\n<\/div>\n<\/div>\n\n\n<h4 style=\"text-align: left;\">\u00a0<\/h4>\n<h4>Horari d&#8217;atenci\u00f3 al p\u00fablic:<\/h4>\n<h4>De dilluns a divendres<\/h4>\n<div>\n<p>El nostre <strong>horari d&#8217;atenci\u00f3 al p\u00fablic<\/strong> per al curs 25-26 \u00e9s el seg\u00fcent:<\/p>\n<\/div>\n<ul>\n<li><span style=\"color: #073763;\">De l&#8217;1 al 5 de setembre de 2025 i del 8 de juny al 15 de juliol de 2026: <\/span><span style=\"color: #073763;\"><b>de 8.30 h a 14 h.<\/b><\/span><\/li>\n<li><span style=\"color: #073763;\">Des del 8 de setembre de 2025 fins al 5 de juny de 2026:<\/span><\/li>\n<\/ul>\n<p><strong>Matins<\/strong>: de dilluns a divendres de <strong>8.30 h a 14 h<\/strong>.<br \/><strong>Tardes<\/strong>: de<strong> dilluns a dijous de 15 h a 17.15 h<\/strong>. Divendres: cita pr\u00e8via<\/p>\n<h4>Calendari:<\/h4>\n<p>El nostre Servei Educatiu <strong>romandr\u00e0 tancat al p\u00fablic<\/strong>, a part dels per\u00edodes de vacances escolars i dels dies de festes laborals oficials a Catalunya, els seg\u00fcents dies de lliure disposici\u00f3 acordats pel Consell Escolar Municipal de Blanes:<\/p>\n<ul>\n<li>31-10-2025<\/li>\n<li>05-12-2025<\/li>\n<li>16-02-2026\u00a0<\/li>\n<li>07-04-2026 (Festa del Vilar de Blanes)<\/li>\n<li>30-04-2026 (Compensa la Festa local de Blanes de Santa Anna)<\/li>\n<li>25-05-2026<\/li>\n<\/ul>\n\n\n<p><\/p>\n","protected":false},"excerpt":{"rendered":"<p>Calendari Curs 2025-2026 ACTUALITZAT!! (per descarregar) Calendari Curs 2024-2025 (per descarregar) \u00a0 Horari d&#8217;atenci\u00f3 al p\u00fablic: De dilluns a divendres [&hellip;]<\/p>\n","protected":false},"author":1,"featured_media":0,"parent":806,"menu_order":6,"comment_status":"closed","ping_status":"closed","template":"","meta":{"_bbp_topic_count":0,"_bbp_reply_count":0,"_bbp_total_topic_count":0,"_bbp_total_reply_count":0,"_bbp_voice_count":0,"_bbp_anonymous_reply_count":0,"_bbp_topic_count_hidden":0,"_bbp_reply_count_hidden":0,"_bbp_forum_subforum_count":0,"site-sidebar-layout":"default","site-content-layout":"","ast-site-content-layout":"default","site-content-style":"default","site-sidebar-style":"default","ast-global-header-display":"","ast-banner-title-visibility":"","ast-main-header-display":"","ast-hfb-above-header-display":"","ast-hfb-below-header-display":"","ast-hfb-mobile-header-display":"","site-post-title":"","ast-breadcrumbs-content":"","ast-featured-img":"","footer-sml-layout":"","theme-transparent-header-meta":"","adv-header-id-meta":"","stick-header-meta":"","header-above-stick-meta":"","header-main-stick-meta":"","header-below-stick-meta":"","astra-migrate-meta-layouts":"set","ast-page-background-enabled":"default","ast-page-background-meta":{"desktop":{"background-color":"var(--ast-global-color-4)","background-image":"","background-repeat":"repeat","background-position":"center center","background-size":"auto","background-attachment":"scroll","background-type":"","background-media":"","overlay-type":"","overlay-color":"","overlay-opacity":"","overlay-gradient":""},"tablet":{"background-color":"","background-image":"","background-repeat":"repeat","background-position":"center center","background-size":"auto","background-attachment":"scroll","background-type":"","background-media":"","overlay-type":"","overlay-color":"","overlay-opacity":"","overlay-gradient":""},"mobile":{"background-color":"","background-image":"","background-repeat":"repeat","background-position":"center center","background-size":"auto","background-attachment":"scroll","background-type":"","background-media":"","overlay-type":"","overlay-color":"","overlay-opacity":"","overlay-gradient":""}},"ast-content-background-meta":{"desktop":{"background-color":"var(--ast-global-color-5)","background-image":"","background-repeat":"repeat","background-position":"center center","background-size":"auto","background-attachment":"scroll","background-type":"","background-media":"","overlay-type":"","overlay-color":"","overlay-opacity":"","overlay-gradient":""},"tablet":{"background-color":"var(--ast-global-color-5)","background-image":"","background-repeat":"repeat","background-position":"center center","background-size":"auto","background-attachment":"scroll","background-type":"","background-media":"","overlay-type":"","overlay-color":"","overlay-opacity":"","overlay-gradient":""},"mobile":{"background-color":"var(--ast-global-color-5)","background-image":"","background-repeat":"repeat","background-position":"center center","background-size":"auto","background-attachment":"scroll","background-type":"","background-media":"","overlay-type":"","overlay-color":"","overlay-opacity":"","overlay-gradient":""}},"footnotes":""},"class_list":["post-608","page","type-page","status-publish","hentry"],"post_mailing_queue_ids":[],"_links":{"self":[{"href":"https:\/\/serveiseducatius.xtec.cat\/selva2\/wp-json\/wp\/v2\/pages\/608","targetHints":{"allow":["GET"]}}],"collection":[{"href":"https:\/\/serveiseducatius.xtec.cat\/selva2\/wp-json\/wp\/v2\/pages"}],"about":[{"href":"https:\/\/serveiseducatius.xtec.cat\/selva2\/wp-json\/wp\/v2\/types\/page"}],"author":[{"embeddable":true,"href":"https:\/\/serveiseducatius.xtec.cat\/selva2\/wp-json\/wp\/v2\/users\/1"}],"replies":[{"embeddable":true,"href":"https:\/\/serveiseducatius.xtec.cat\/selva2\/wp-json\/wp\/v2\/comments?post=608"}],"version-history":[{"count":6,"href":"https:\/\/serveiseducatius.xtec.cat\/selva2\/wp-json\/wp\/v2\/pages\/608\/revisions"}],"predecessor-version":[{"id":15692,"href":"https:\/\/serveiseducatius.xtec.cat\/selva2\/wp-json\/wp\/v2\/pages\/608\/revisions\/15692"}],"up":[{"embeddable":true,"href":"https:\/\/serveiseducatius.xtec.cat\/selva2\/wp-json\/wp\/v2\/pages\/806"}],"wp:attachment":[{"href":"https:\/\/serveiseducatius.xtec.cat\/selva2\/wp-json\/wp\/v2\/media?parent=608"}],"curies":[{"name":"wp","href":"https:\/\/api.w.org\/{rel}","templated":true}]}}