{"id":385,"date":"2015-11-25T14:26:15","date_gmt":"2015-11-25T13:26:15","guid":{"rendered":"http:\/\/serveiseducatius.xtec.cat\/selva2\/?page_id=385"},"modified":"2022-01-31T13:48:36","modified_gmt":"2022-01-31T12:48:36","slug":"ensenyament-secundari-batxillerat-i-formacio-professional","status":"publish","type":"page","link":"https:\/\/serveiseducatius.xtec.cat\/selva2\/comunitat\/centres-educatius\/ensenyament-secundari-batxillerat-i-formacio-professional\/","title":{"rendered":"Educaci\u00f3 Secund\u00e0ria, Batxillerat i Formaci\u00f3 professional"},"content":{"rendered":"<p>&nbsp;<\/p>\n<table style=\"border-collapse: collapse; width: 100%; height: 389px;\" border=\"1\">\n<tbody>\n<tr style=\"height: 90px;\">\n<td style=\"width: 39.0097%; height: 90px;\"><strong>Col\u00b7legi Cor de Maria<br \/>\n<\/strong>C. Santa B\u00e0rbara, s\/n\u00a0 \u00a0 \u00a0<strong>Blanes<\/strong><br \/>\nTel. 972 333 087<br \/>\nCorreu electr\u00f2nic: b7000482@xtec.cat<br \/>\nWeb:\u00a0<a href=\"http:\/\/www.cordemariablanes.cat\/\">http:\/\/www.cordemariablanes.cat\/<\/a><\/td>\n<td style=\"width: 27.6569%; height: 90px;\"><strong>Col\u00b7legi Santa Maria<br \/>\n<\/strong>C. Santa B\u00e0rbara, 1\u00a0 \u00a0 \u00a0 \u00a0<strong>Blanes<\/strong><br \/>\nTel. 972 330 091<br \/>\nCorreu electr\u00f2nic:\u00a0b7000512@xtec.cat<br \/>\nWeb:\u00a0<a href=\"http:\/\/blanes.manyanet.org\/\">http:\/\/blanes.manyanet.org\/<\/a><\/td>\n<td style=\"width: 33.3333%; height: 90px;\"><strong>Col\u00b7legi Immaculada Concepci\u00f3<br \/>\n<\/strong>C. Felip Gibert, 38\u00a0 <strong>Lloret de Mar<\/strong><br \/>\nTel. 972 364 740<br \/>\nCorreu electr\u00f2nic:\u00a0b7002119@xtec.cat<br \/>\nWeb:\u00a0<a href=\"https:\/\/agora.xtec.cat\/col-imma-lloret\/\">https:\/\/agora.xtec.cat\/col-imma-lloret\/<\/a><\/td>\n<\/tr>\n<tr style=\"height: 90px;\">\n<td style=\"width: 39.0097%; height: 90px;\"><strong>Institut S&#8217;Agulla<br \/>\n<\/strong>Ctra. de Malgrat, 13\u00a0 \u00a0 \u00a0 \u00a0<strong>Blanes<\/strong><br \/>\nTel. 972 331 460<br \/>\nCorreu electr\u00f2nic: b7005731@xtec.cat<br \/>\nWeb:\u00a0<a href=\"http:\/\/www.institutsagulla.cat\/\">http:\/\/www.institutsagulla.cat\/<\/a><\/td>\n<td style=\"width: 27.6569%; height: 90px;\"><strong>Institut Sa Palomera<br \/>\n<\/strong>C. Vilar Petit, s\/n\u00a0 \u00a0 \u00a0 \u00a0 \u00a0 \u00a0\u00a0<strong>Blanes<\/strong><br \/>\nTel. 972 350 909<br \/>\nCorreu electr\u00f2nic: b7000551@xtec.cat<br \/>\nWeb:\u00a0<a href=\"http:\/\/www.sapalomera.cat\/\">http:\/\/www.sapalomera.cat\/<\/a><\/td>\n<td style=\"width: 33.3333%; height: 90px;\"><strong>Institut Serrallarga<br \/>\n<\/strong>C. Joan Benejam, 1\u00a0 \u00a0 \u00a0\u00a0<strong>Blanes<\/strong><br \/>\nTel. 972 331 005<br \/>\nCorreu electr\u00f2nic: b7005662@xtec.cat<br \/>\nWeb:\u00a0<a href=\"https:\/\/agora.xtec.cat\/iesserrallarga\/\">https:\/\/agora.xtec.cat\/iesserrallarga\/<\/a><\/td>\n<\/tr>\n<tr style=\"height: 90px;\">\n<td style=\"width: 39.0097%; height: 90px;\"><strong>Institut Ram\u00f3n Coll i Rod\u00e9s<br \/>\n<\/strong>C. Senyora de Rossell, 28-30 <strong>Lloret de Mar<\/strong><br \/>\nTel. 972 370 385<br \/>\nCorreu electr\u00f2nic: b7005911@xtec.cat<br \/>\nWeb:\u00a0<a href=\"https:\/\/agora.xtec.cat\/iesramoncoll\/\">https:\/\/agora.xtec.cat\/iesramoncoll\/<\/a><\/td>\n<td style=\"width: 27.6569%; height: 90px;\"><strong>Institut Rocagrossa<br \/>\n<\/strong>C. Rosa Sensat, 1-11\u00a0 \u00a0 \u00a0<strong>Lloret de Mar<\/strong><br \/>\nTel. 972 367 489<br \/>\nCorreu electr\u00f2nic: b7006770@xtec.cat<br \/>\nWeb:\u00a0<a href=\"https:\/\/agora.xtec.cat\/insrocagrossa\/\">https:\/\/agora.xtec.cat\/insrocagrossa\/<\/a><\/td>\n<td style=\"width: 33.3333%; height: 90px;\"><strong>Institut Escola Lloret<br \/>\n<\/strong>C. Santiago de Cuba, s\/n\u00a0 <strong>Lloret de Mar<\/strong><br \/>\nTel. 972 361 495<br \/>\nCorreu electr\u00f2nic:\u00a0b7009898@xtec.cat<br \/>\nWeb:\u00a0<a href=\"https:\/\/agora.xtec.cat\/ielloret\/\">https:\/\/agora.xtec.cat\/ielloret\/<\/a><\/td>\n<\/tr>\n<tr style=\"height: 30px;\">\n<td style=\"width: 39.0097%; height: 30px;\"><strong>Institut Sant Quirze<br \/>\n<\/strong>Av. C\u00e0ndida Masgrau i Campeny, s\/n <strong>\u00a0Lloret de Mar<\/strong><br \/>\nTel. 972 654 131<br \/>\nCorreu electr\u00f2nic: b7010700@xtec.cat<br \/>\nWeb:<a href=\"https:\/\/agora.xtec.cat\/inssantquirzelloret\/\">https:\/\/agora.xtec.cat\/inssantquirzelloret\/<\/a><\/td>\n<td style=\"width: 27.6569%; height: 30px;\"><strong>Institut Ma\u00e7anet de la Selva<br \/>\n<\/strong>C. Escoles, 19\u00a0 \u00a0 \u00a0 \u00a0<strong>Ma\u00e7anet de la Selva<\/strong><br \/>\nTel. 972 165 634<br \/>\nCorreu electr\u00f2nic:\u00a0b7008951@xtec.cat<br \/>\nWeb: <a href=\"https:\/\/agora.xtec.cat\/insmacanet\/\">https:\/\/agora.xtec.cat\/insmacanet\/<\/a><\/td>\n<td style=\"width: 33.3333%; height: 30px;\"><strong>Institut de Tossa de Mar<br \/>\n<\/strong>Av. Catalunya, s\/n\u00a0 \u00a0 \u00a0 \u00a0 \u00a0 \u00a0\u00a0<strong>Tossa de Mar<\/strong><br \/>\nTel. 972 342 578<br \/>\nCorreu electr\u00f2nic:\u00a0b7006812@xtec.cat<br \/>\nWeb:\u00a0<a href=\"https:\/\/agora.xtec.cat\/iestossa\/\">https:\/\/agora.xtec.cat\/iestossa\/<\/a><\/td>\n<\/tr>\n<tr style=\"height: 89px;\">\n<td style=\"width: 39.0097%; height: 89px;\"><strong>Institut Vidreres<\/strong><br \/>\nC. de l&#8217;Institut, s\/n\u00a0 \u00a0 \u00a0 \u00a0 \u00a0 \u00a0 <strong>Vidreres<\/strong><br \/>\nTel. 972 850 711<br \/>\nCorreu electr\u00f2nic:\u00a0b7006824@xtec.cat<br \/>\nWeb: <a href=\"https:\/\/agora.xtec.cat\/ies-vidreres\/\">https:\/\/agora.xtec.cat\/ies-vidreres\/<\/a><\/td>\n<td style=\"width: 27.6569%; height: 89px;\"><strong>\u00a0<\/strong><\/td>\n<td style=\"width: 33.3333%; height: 89px;\"><strong>\u00a0<\/strong><\/p>\n<p>&nbsp;<\/td>\n<\/tr>\n<\/tbody>\n<\/table>\n","protected":false},"excerpt":{"rendered":"<p>&nbsp; Col\u00b7legi Cor de Maria C. Santa B\u00e0rbara, s\/n\u00a0 \u00a0 \u00a0Blanes Tel. 972 333 087 Correu electr\u00f2nic: b7000482@xtec.cat Web:\u00a0http:\/\/www.cordemariablanes.cat\/ Col\u00b7legi [&hellip;]<\/p>\n","protected":false},"author":1,"featured_media":0,"parent":338,"menu_order":30,"comment_status":"closed","ping_status":"closed","template":"page-templates\/side-menu.php","meta":{"_bbp_topic_count":0,"_bbp_reply_count":0,"_bbp_total_topic_count":0,"_bbp_total_reply_count":0,"_bbp_voice_count":0,"_bbp_anonymous_reply_count":0,"_bbp_topic_count_hidden":0,"_bbp_reply_count_hidden":0,"_bbp_forum_subforum_count":0,"site-sidebar-layout":"default","site-content-layout":"","ast-site-content-layout":"","site-content-style":"default","site-sidebar-style":"default","ast-global-header-display":"","ast-banner-title-visibility":"","ast-main-header-display":"","ast-hfb-above-header-display":"","ast-hfb-below-header-display":"","ast-hfb-mobile-header-display":"","site-post-title":"","ast-breadcrumbs-content":"","ast-featured-img":"","footer-sml-layout":"","theme-transparent-header-meta":"","adv-header-id-meta":"","stick-header-meta":"","header-above-stick-meta":"","header-main-stick-meta":"","header-below-stick-meta":"","astra-migrate-meta-layouts":"default","ast-page-background-enabled":"default","ast-page-background-meta":{"desktop":{"background-color":"var(--ast-global-color-4)","background-image":"","background-repeat":"repeat","background-position":"center center","background-size":"auto","background-attachment":"scroll","background-type":"","background-media":"","overlay-type":"","overlay-color":"","overlay-opacity":"","overlay-gradient":""},"tablet":{"background-color":"","background-image":"","background-repeat":"repeat","background-position":"center center","background-size":"auto","background-attachment":"scroll","background-type":"","background-media":"","overlay-type":"","overlay-color":"","overlay-opacity":"","overlay-gradient":""},"mobile":{"background-color":"","background-image":"","background-repeat":"repeat","background-position":"center center","background-size":"auto","background-attachment":"scroll","background-type":"","background-media":"","overlay-type":"","overlay-color":"","overlay-opacity":"","overlay-gradient":""}},"ast-content-background-meta":{"desktop":{"background-color":"var(--ast-global-color-5)","background-image":"","background-repeat":"repeat","background-position":"center center","background-size":"auto","background-attachment":"scroll","background-type":"","background-media":"","overlay-type":"","overlay-color":"","overlay-opacity":"","overlay-gradient":""},"tablet":{"background-color":"var(--ast-global-color-5)","background-image":"","background-repeat":"repeat","background-position":"center center","background-size":"auto","background-attachment":"scroll","background-type":"","background-media":"","overlay-type":"","overlay-color":"","overlay-opacity":"","overlay-gradient":""},"mobile":{"background-color":"var(--ast-global-color-5)","background-image":"","background-repeat":"repeat","background-position":"center center","background-size":"auto","background-attachment":"scroll","background-type":"","background-media":"","overlay-type":"","overlay-color":"","overlay-opacity":"","overlay-gradient":""}},"footnotes":""},"class_list":["post-385","page","type-page","status-publish","hentry"],"post_mailing_queue_ids":[],"_links":{"self":[{"href":"https:\/\/serveiseducatius.xtec.cat\/selva2\/wp-json\/wp\/v2\/pages\/385","targetHints":{"allow":["GET"]}}],"collection":[{"href":"https:\/\/serveiseducatius.xtec.cat\/selva2\/wp-json\/wp\/v2\/pages"}],"about":[{"href":"https:\/\/serveiseducatius.xtec.cat\/selva2\/wp-json\/wp\/v2\/types\/page"}],"author":[{"embeddable":true,"href":"https:\/\/serveiseducatius.xtec.cat\/selva2\/wp-json\/wp\/v2\/users\/1"}],"replies":[{"embeddable":true,"href":"https:\/\/serveiseducatius.xtec.cat\/selva2\/wp-json\/wp\/v2\/comments?post=385"}],"version-history":[{"count":3,"href":"https:\/\/serveiseducatius.xtec.cat\/selva2\/wp-json\/wp\/v2\/pages\/385\/revisions"}],"predecessor-version":[{"id":12505,"href":"https:\/\/serveiseducatius.xtec.cat\/selva2\/wp-json\/wp\/v2\/pages\/385\/revisions\/12505"}],"up":[{"embeddable":true,"href":"https:\/\/serveiseducatius.xtec.cat\/selva2\/wp-json\/wp\/v2\/pages\/338"}],"wp:attachment":[{"href":"https:\/\/serveiseducatius.xtec.cat\/selva2\/wp-json\/wp\/v2\/media?parent=385"}],"curies":[{"name":"wp","href":"https:\/\/api.w.org\/{rel}","templated":true}]}}