{"id":379,"date":"2015-11-25T14:19:13","date_gmt":"2015-11-25T13:19:13","guid":{"rendered":"http:\/\/serveiseducatius.xtec.cat\/selva2\/?page_id=379"},"modified":"2024-04-12T09:45:35","modified_gmt":"2024-04-12T07:45:35","slug":"educacio-infantil-i-primaria","status":"publish","type":"page","link":"https:\/\/serveiseducatius.xtec.cat\/selva2\/comunitat\/centres-educatius\/educacio-infantil-i-primaria\/","title":{"rendered":"Educaci\u00f3 infantil i prim\u00e0ria"},"content":{"rendered":"<h4><strong>Blanes (17300)<\/strong><\/h4>\n<table style=\"border-collapse: collapse; width: 100%;\" border=\"1\">\n<tbody>\n<tr style=\"height: 90px;\">\n<td style=\"width: 33.3333%; height: 90px;\"><strong>Escola Joaquim Ruyra<br \/>\n<\/strong>C. M\u00e9ndez N\u00fa\u00f1ez, 49<br \/>\nTel. 972 350 425<br \/>\nCorreu electr\u00f2nic: b7000469@xtec.cat<br \/>\nWeb:\u00a0<a href=\"https:\/\/agora.xtec.cat\/esc-joaquimruyra-blanes\/\">https:\/\/agora.xtec.cat\/esc-joaquimruyra-blanes\/<\/a><\/td>\n<td style=\"width: 33.3333%; height: 90px;\"><strong>Escola Carles Faust<br \/>\n<\/strong>Ptge. Vila de Lloret, 5<br \/>\nTel. 972 336 766<br \/>\nCorreu electr\u00f2nic: b7000470@xtec.cat<br \/>\nWeb:\u00a0<a href=\"http:\/\/agora.xtec.cat\/escfaust\/\">http:\/\/agora.xtec.cat\/escfaust\/<\/a><\/td>\n<td style=\"width: 33.3333%; height: 90px;\"><strong>Col\u00b7legi Cor de Maria<br \/>\n<\/strong>C. Santa B\u00e0rbara, s\/n<br \/>\nTel. 972 333 087<br \/>\nCorreu electr\u00f2nic: b7000482@xtec.cat<br \/>\nWeb:\u00a0<a href=\"http:\/\/www.cordemariablanes.cat\/\">http:\/\/www.cordemariablanes.cat\/<\/a><\/td>\n<\/tr>\n<tr style=\"height: 90px;\">\n<td style=\"width: 33.3333%; height: 90px;\"><strong>Col\u00b7legi Santa Maria<br \/>\n<\/strong>C. Santa B\u00e0rbara, 1<br \/>\nTel. 972 330 091<br \/>\nCorreu electr\u00f2nic:\u00a0b7000512@xtec.cat<br \/>\nWeb:\u00a0<a href=\"http:\/\/blanes.manyanet.org\/\">http:\/\/blanes.manyanet.org\/<\/a><\/td>\n<td style=\"width: 33.3333%; height: 90px;\"><strong>Escola Moss\u00e8n Joan Batlle<br \/>\n<\/strong>C. Lope de Vega, 1<br \/>\nTel. 972 331 087<br \/>\nCorreu electr\u00f2nic: b7000548@xtec.cat<br \/>\nWeb:\u00a0<a href=\"https:\/\/agora.xtec.cat\/ceipjoanbatlle\/\">https:\/\/agora.xtec.cat\/ceipjoanbatlle\/<\/a><\/td>\n<td style=\"width: 33.3333%; height: 90px;\"><strong>Escola\u00a0Napole\u00f3 Soliva<br \/>\n<\/strong>C. Ast\u00faries, 13<br \/>\nTel. 972 333 568<br \/>\nCorreu electr\u00f2nic: b7004566@xtec.cat<br \/>\nWeb:\u00a0<a href=\"https:\/\/agora.xtec.cat\/ceipnapoleosoliva\/\">https:\/\/agora.xtec.cat\/ceipnapoleosoliva\/<\/a><\/td>\n<\/tr>\n<tr style=\"height: 30px;\">\n<td style=\"width: 33.3333%; height: 30px;\"><strong>Escola Quatre Vents<br \/>\n<\/strong>Av. Els Pavos, 54<br \/>\nTel. 972 330 241<br \/>\nCorreu electr\u00f2nic: b7005017@xtec.cat<br \/>\nWeb:\u00a0<a href=\"https:\/\/agora.xtec.cat\/ceip-quatre-vents\/\">https:\/\/agora.xtec.cat\/ceip-quatre-vents\/<\/a><\/td>\n<td style=\"width: 33.3333%; height: 30px;\"><strong>Escola Pinya de Rosa<br \/>\n<\/strong>C. Rub\u00e9n Dar\u00edo, 12<br \/>\nTel. 972 336 615<br \/>\nCorreu electr\u00f2nic: b7007828@xtec.cat<br \/>\nWeb: <a href=\"https:\/\/agora.xtec.cat\/escpinyaderosa\/\">https:\/\/agora.xtec.cat\/escpinyaderosa\/<\/a><\/td>\n<td style=\"width: 33.3333%; height: 30px;\"><strong>Escola Sa Forcanera<br \/>\n<\/strong>Av. de la Pau, 31<br \/>\nTel. 972 353 629<br \/>\nCorreu electr\u00f2nic: b7008274@xtec.cat<br \/>\nWeb:\u00a0<a href=\"https:\/\/agora.xtec.cat\/ceipsaforcanera\/\">https:\/\/agora.xtec.cat\/ceipsaforcanera\/<\/a><\/td>\n<\/tr>\n<\/tbody>\n<\/table>\n<h4><strong>Lloret de Mar (17310)<\/strong><\/h4>\n<table style=\"border-collapse: collapse; width: 100%;\" border=\"1\">\n<tbody>\n<tr>\n<td style=\"width: 33.3333%;\"><strong>Escola Pere Torrent<br \/>\n<\/strong>C. Escoles, s\/n<br \/>\nTel. 972 366 869<br \/>\nCorreu electr\u00f2nic:\u00a0b7002107@xtec.cat<br \/>\nWeb:\u00a0<a href=\"https:\/\/agora.xtec.cat\/ceip-peretorrent\/\">https:\/\/agora.xtec.cat\/ceip-peretorrent\/<\/a><\/td>\n<td style=\"width: 33.3333%;\"><strong>Col\u00b7legi Immaculada Concepci\u00f3<br \/>\n<\/strong>C. Felip Gibert, 38<br \/>\nTel. 972 364 740<br \/>\nCorreu electr\u00f2nic:\u00a0b7002119@xtec.cat<br \/>\nWeb:\u00a0<a href=\"https:\/\/agora.xtec.cat\/col-imma-lloret\/\">https:\/\/agora.xtec.cat\/col-imma-lloret\/<\/a><\/td>\n<td style=\"width: 33.3333%;\"><strong>Escola Esteve Carles<br \/>\n<\/strong>C. de l&#8217;Oliva, 4<br \/>\nTel. 972 365 329<br \/>\nCorreu electr\u00f2nic:\u00a0b7004657@xtec.cat<br \/>\nWeb:\u00a0<a href=\"https:\/\/agora.xtec.cat\/esc-estevecarles-lloret\/\">https:\/\/agora.xtec.cat\/esc-estevecarles-lloret\/<\/a><\/td>\n<\/tr>\n<tr>\n<td style=\"width: 33.3333%;\"><strong>Escola Pompeu Fabra<br \/>\n<\/strong>Cam\u00ed de l&#8217;Angel, 6<br \/>\nTel. 972 369 215<br \/>\nCorreu electr\u00f2nic:\u00a0b7004955@xtec.cat<br \/>\nWeb:\u00a0<a href=\"http:\/\/www.pompeufabra.cat\/\">http:\/\/www.pompeufabra.cat\/<\/a><\/td>\n<td style=\"width: 33.3333%;\"><strong>Escola \u00c0ngels Alemany i Boris<br \/>\n<\/strong>C. Josep Pla i Casadevall, 4-10<br \/>\nTel. 972 377 070<br \/>\nCorreu electr\u00f2nic:\u00a0b7008080@xtec.cat<br \/>\nWeb: <a href=\"https:\/\/agora.xtec.cat\/escolaangels\/\">https:\/\/agora.xtec.cat\/escolaangels\/<\/a><\/td>\n<td style=\"width: 33.3333%;\"><strong>Institut Escola Lloret<br \/>\n<\/strong>C. Santiago de Cuba, s\/n<br \/>\nTel. 972 361 495<br \/>\nCorreu electr\u00f2nic:\u00a0b7009898@xtec.cat<br \/>\nWeb:\u00a0<a href=\"https:\/\/agora.xtec.cat\/ielloret\/\">https:\/\/agora.xtec.cat\/ielloret\/<\/a><\/td>\n<\/tr>\n<tr>\n<td style=\"width: 33.3333%;\"><strong>Escola Joan Dom\u00e8nech i Moner<br \/>\n<\/strong>Av. C\u00e0ndida Masgrau, s\/n<br \/>\nTel. 670 070 078<br \/>\nCorreu electr\u00f2nic: b7011078@xtec.cat<br \/>\nWeb:\u00a0<a href=\"https:\/\/agora.xtec.cat\/escjoandomenechimoner\/\" target=\"_blank\" rel=\"noopener\">https:\/\/agora.xtec.cat\/escjoandomenechimoner\/<\/a><\/td>\n<td style=\"width: 33.3333%;\"><strong>\u00a0<\/strong><\/td>\n<td style=\"width: 33.3333%;\"><strong>\u00a0<\/strong><\/td>\n<\/tr>\n<\/tbody>\n<\/table>\n<h4><strong>Ma\u00e7anet de la Selva (17412)\u00a0 \u00a0 \u00a0 \u00a0 \u00a0 \u00a0 \u00a0 Vidreres (17411)<\/strong><\/h4>\n<table style=\"border-collapse: collapse; width: 66.5806%; height: 63px;\" border=\"1\">\n<tbody>\n<tr>\n<td style=\"width: 50%;\"><strong>Escola Sant Jordi<br \/>\n<\/strong>C. Escoles, 23<br \/>\nTel. 972 858 065<br \/>\nCorreu electr\u00f2nic:\u00a0b7002181@xtec.cat<br \/>\nWeb:\u00a0<a href=\"https:\/\/agora.xtec.cat\/ceipsantjordi-massanet\/\">https:\/\/agora.xtec.cat\/ceipsantjordi-massanet\/<\/a><\/td>\n<td style=\"width: 50%;\"><strong>Escola Sant Iscle<br \/>\n<\/strong>C. Orient, s\/n<br \/>\nTel. 972 850 103<br \/>\nCorreu electr\u00f2nic:\u00a0b7004074@xtec.cat<br \/>\nWeb: <a href=\"https:\/\/agora.xtec.cat\/ceip-santiscle-vidreres\/\">https:\/\/agora.xtec.cat\/ceip-santiscle-vidreres\/<\/a><\/td>\n<\/tr>\n<tr>\n<td style=\"width: 50%;\"><strong>Escola Les Arrels<br \/>\n<\/strong>Av. Bellavista, 35<br \/>\nTel. 972 857 157<br \/>\nCorreu electr\u00f2nic:\u00a0b7008547@xtec.cat<br \/>\nWeb: <a href=\"https:\/\/agora.xtec.cat\/esc-massanet\/\">https:\/\/agora.xtec.cat\/escolalesarrels\/<\/a><\/td>\n<td style=\"width: 50%;\"><strong>Escola Salvador Espriu<br \/>\n<\/strong>Av. Mediterr\u00e0nia, s\/n<br \/>\nTel. 972 850 808<br \/>\nCorreu electr\u00f2nic:\u00a0b7004906@xtec.cat<br \/>\nWeb:\u00a0<a href=\"https:\/\/agora.xtec.cat\/ceip-salvadorespriu-vidreres\/\">https:\/\/agora.xtec.cat\/ceip-salvadorespriu-vidreres\/<\/a><\/td>\n<\/tr>\n<\/tbody>\n<\/table>\n<h4><strong>Tossa de Mar (17320)<\/strong><\/h4>\n<table style=\"border-collapse: collapse; width: 33.3817%; height: 5px;\" border=\"1\">\n<tbody>\n<tr style=\"height: 30px;\">\n<td style=\"width: 100%; height: 30px;\"><strong>Escola Ignasi Mel\u00e9 i Farr\u00e9<br \/>\n<\/strong>Av. Puerto Rico, 24<br \/>\nTel. 972 341 368<br \/>\nCorreu electr\u00f2nic:\u00a0b7003926@xtec.cat<br \/>\nWeb:\u00a0<a href=\"https:\/\/agora.xtec.cat\/ceipignasimele\/\">https:\/\/agora.xtec.cat\/ceipignasimele\/<\/a><\/td>\n<\/tr>\n<\/tbody>\n<\/table>\n","protected":false},"excerpt":{"rendered":"<p>Blanes (17300) Escola Joaquim Ruyra C. M\u00e9ndez N\u00fa\u00f1ez, 49 Tel. 972 350 425 Correu electr\u00f2nic: b7000469@xtec.cat Web:\u00a0https:\/\/agora.xtec.cat\/esc-joaquimruyra-blanes\/ Escola Carles Faust [&hellip;]<\/p>\n","protected":false},"author":1,"featured_media":0,"parent":338,"menu_order":20,"comment_status":"closed","ping_status":"closed","template":"page-templates\/side-menu.php","meta":{"_bbp_topic_count":0,"_bbp_reply_count":0,"_bbp_total_topic_count":0,"_bbp_total_reply_count":0,"_bbp_voice_count":0,"_bbp_anonymous_reply_count":0,"_bbp_topic_count_hidden":0,"_bbp_reply_count_hidden":0,"_bbp_forum_subforum_count":0,"site-sidebar-layout":"default","site-content-layout":"","ast-site-content-layout":"","site-content-style":"default","site-sidebar-style":"default","ast-global-header-display":"","ast-banner-title-visibility":"","ast-main-header-display":"","ast-hfb-above-header-display":"","ast-hfb-below-header-display":"","ast-hfb-mobile-header-display":"","site-post-title":"","ast-breadcrumbs-content":"","ast-featured-img":"","footer-sml-layout":"","theme-transparent-header-meta":"","adv-header-id-meta":"","stick-header-meta":"","header-above-stick-meta":"","header-main-stick-meta":"","header-below-stick-meta":"","astra-migrate-meta-layouts":"default","ast-page-background-enabled":"default","ast-page-background-meta":{"desktop":{"background-color":"var(--ast-global-color-4)","background-image":"","background-repeat":"repeat","background-position":"center center","background-size":"auto","background-attachment":"scroll","background-type":"","background-media":"","overlay-type":"","overlay-color":"","overlay-opacity":"","overlay-gradient":""},"tablet":{"background-color":"","background-image":"","background-repeat":"repeat","background-position":"center center","background-size":"auto","background-attachment":"scroll","background-type":"","background-media":"","overlay-type":"","overlay-color":"","overlay-opacity":"","overlay-gradient":""},"mobile":{"background-color":"","background-image":"","background-repeat":"repeat","background-position":"center center","background-size":"auto","background-attachment":"scroll","background-type":"","background-media":"","overlay-type":"","overlay-color":"","overlay-opacity":"","overlay-gradient":""}},"ast-content-background-meta":{"desktop":{"background-color":"var(--ast-global-color-5)","background-image":"","background-repeat":"repeat","background-position":"center center","background-size":"auto","background-attachment":"scroll","background-type":"","background-media":"","overlay-type":"","overlay-color":"","overlay-opacity":"","overlay-gradient":""},"tablet":{"background-color":"var(--ast-global-color-5)","background-image":"","background-repeat":"repeat","background-position":"center center","background-size":"auto","background-attachment":"scroll","background-type":"","background-media":"","overlay-type":"","overlay-color":"","overlay-opacity":"","overlay-gradient":""},"mobile":{"background-color":"var(--ast-global-color-5)","background-image":"","background-repeat":"repeat","background-position":"center center","background-size":"auto","background-attachment":"scroll","background-type":"","background-media":"","overlay-type":"","overlay-color":"","overlay-opacity":"","overlay-gradient":""}},"footnotes":""},"class_list":["post-379","page","type-page","status-publish","hentry"],"post_mailing_queue_ids":[],"_links":{"self":[{"href":"https:\/\/serveiseducatius.xtec.cat\/selva2\/wp-json\/wp\/v2\/pages\/379","targetHints":{"allow":["GET"]}}],"collection":[{"href":"https:\/\/serveiseducatius.xtec.cat\/selva2\/wp-json\/wp\/v2\/pages"}],"about":[{"href":"https:\/\/serveiseducatius.xtec.cat\/selva2\/wp-json\/wp\/v2\/types\/page"}],"author":[{"embeddable":true,"href":"https:\/\/serveiseducatius.xtec.cat\/selva2\/wp-json\/wp\/v2\/users\/1"}],"replies":[{"embeddable":true,"href":"https:\/\/serveiseducatius.xtec.cat\/selva2\/wp-json\/wp\/v2\/comments?post=379"}],"version-history":[{"count":7,"href":"https:\/\/serveiseducatius.xtec.cat\/selva2\/wp-json\/wp\/v2\/pages\/379\/revisions"}],"predecessor-version":[{"id":13932,"href":"https:\/\/serveiseducatius.xtec.cat\/selva2\/wp-json\/wp\/v2\/pages\/379\/revisions\/13932"}],"up":[{"embeddable":true,"href":"https:\/\/serveiseducatius.xtec.cat\/selva2\/wp-json\/wp\/v2\/pages\/338"}],"wp:attachment":[{"href":"https:\/\/serveiseducatius.xtec.cat\/selva2\/wp-json\/wp\/v2\/media?parent=379"}],"curies":[{"name":"wp","href":"https:\/\/api.w.org\/{rel}","templated":true}]}}