{"id":15610,"date":"2025-12-10T11:34:46","date_gmt":"2025-12-10T10:34:46","guid":{"rendered":"https:\/\/serveiseducatius.xtec.cat\/selva2\/?page_id=15610"},"modified":"2025-12-12T13:46:15","modified_gmt":"2025-12-12T12:46:15","slug":"avaluacions-externes","status":"publish","type":"page","link":"https:\/\/serveiseducatius.xtec.cat\/selva2\/avaluacions-externes\/","title":{"rendered":"Avaluacions externes"},"content":{"rendered":"\n<p><strong><a href=\"https:\/\/avaluacioeducativa.gencat.cat\/ca\/avaluacions\/calendari\/calendari-2025-2026.html\/index.html\" target=\"_blank\" rel=\"noreferrer noopener\">Avaluacions externes<\/a><\/strong> &#8211; <strong>Organisme promotor:<\/strong> Ag\u00e8ncia d&#8217;Avaluaci\u00f3 i Prospectiva de l&#8217;Educaci\u00f3<\/p>\n\n\n\n<div class=\"wp-block-columns is-layout-flex wp-container-core-columns-is-layout-1 wp-block-columns-is-layout-flex\">\n<div class=\"wp-block-column is-layout-flow wp-block-column-is-layout-flow\">\n<figure class=\"wp-block-image size-large\"><a href=\"https:\/\/avaluacioeducativa.gencat.cat\/ca\/avaluacions\/calendari\/calendari-2025-2026.html\/index.html\" target=\"_blank\" rel=\" https:\/\/avaluacioeducativa.gencat.cat\/ca\/avaluacions\/calendari\/calendari-2025-2026.html\/index.html\"><img loading=\"lazy\" decoding=\"async\" width=\"446\" height=\"1024\" src=\"https:\/\/serveiseducatius.xtec.cat\/selva2\/wp-content\/uploads\/usu1165\/2025\/12\/calendari-avaluacions-2026-4.png_4939267-4-446x1024.png\" alt=\"\" class=\"wp-image-15615\" srcset=\"https:\/\/serveiseducatius.xtec.cat\/selva2\/wp-content\/uploads\/usu1165\/2025\/12\/calendari-avaluacions-2026-4.png_4939267-4-446x1024.png 446w, https:\/\/serveiseducatius.xtec.cat\/selva2\/wp-content\/uploads\/usu1165\/2025\/12\/calendari-avaluacions-2026-4.png_4939267-4-131x300.png 131w, https:\/\/serveiseducatius.xtec.cat\/selva2\/wp-content\/uploads\/usu1165\/2025\/12\/calendari-avaluacions-2026-4.png_4939267-4-768x1764.png 768w, https:\/\/serveiseducatius.xtec.cat\/selva2\/wp-content\/uploads\/usu1165\/2025\/12\/calendari-avaluacions-2026-4.png_4939267-4-669x1536.png 669w, https:\/\/serveiseducatius.xtec.cat\/selva2\/wp-content\/uploads\/usu1165\/2025\/12\/calendari-avaluacions-2026-4.png_4939267-4-891x2048.png 891w, https:\/\/serveiseducatius.xtec.cat\/selva2\/wp-content\/uploads\/usu1165\/2025\/12\/calendari-avaluacions-2026-4.png_4939267-4.png 935w\" sizes=\"auto, (max-width: 446px) 100vw, 446px\" \/><\/a><\/figure>\n<\/div>\n\n\n\n<div class=\"wp-block-column is-layout-flow wp-block-column-is-layout-flow\">\n<div class=\"wp-block-media-text is-stacked-on-mobile is-image-fill-element\" style=\"grid-template-columns:15% auto\"><figure class=\"wp-block-media-text__media\"><img loading=\"lazy\" decoding=\"async\" width=\"64\" height=\"64\" src=\"https:\/\/serveiseducatius.xtec.cat\/selva2\/wp-content\/uploads\/usu1165\/2025\/12\/av-ex-or.png\" alt=\"\" class=\"wp-image-15617 size-full\" style=\"object-position:50% 50%\"\/><\/figure><div class=\"wp-block-media-text__content\">\n<p><a href=\"https:\/\/avaluacioeducativa.gencat.cat\/ca\/avaluacions\/expressio-oral\/primaria\/\" target=\"_blank\" rel=\"noreferrer noopener\">Avaluaci\u00f3 de l&#8217;expressi\u00f3 oral (6\u00e8 de prim\u00e0ria i 4t d&#8217;ESO)<\/a><\/p>\n\n\n\n<figure class=\"wp-block-image size-full\"><a href=\"https:\/\/serveiseducatius.xtec.cat\/selva2\/wp-content\/uploads\/usu1165\/2025\/12\/2025-12-10-11_46_43-6e-deducacio-primaria.-Agencia-dAvaluacio-i-Prospectiva-de-lEducacio.png\"><img loading=\"lazy\" decoding=\"async\" width=\"657\" height=\"226\" src=\"https:\/\/serveiseducatius.xtec.cat\/selva2\/wp-content\/uploads\/usu1165\/2025\/12\/2025-12-10-11_46_43-6e-deducacio-primaria.-Agencia-dAvaluacio-i-Prospectiva-de-lEducacio.png\" alt=\"\" class=\"wp-image-15618\" srcset=\"https:\/\/serveiseducatius.xtec.cat\/selva2\/wp-content\/uploads\/usu1165\/2025\/12\/2025-12-10-11_46_43-6e-deducacio-primaria.-Agencia-dAvaluacio-i-Prospectiva-de-lEducacio.png 657w, https:\/\/serveiseducatius.xtec.cat\/selva2\/wp-content\/uploads\/usu1165\/2025\/12\/2025-12-10-11_46_43-6e-deducacio-primaria.-Agencia-dAvaluacio-i-Prospectiva-de-lEducacio-300x103.png 300w\" sizes=\"auto, (max-width: 657px) 100vw, 657px\" \/><\/a><\/figure>\n\n\n\n<p>Dates: <strong>19\/1 &#8211; 20\/2<\/strong><\/p>\n\n\n\n<p>Univers: <strong>Censal<\/strong><\/p>\n<\/div><\/div>\n<\/div>\n\n\n\n<div class=\"wp-block-column is-layout-flow wp-block-column-is-layout-flow\"><\/div>\n<\/div>\n","protected":false},"excerpt":{"rendered":"<p>Avaluacions externes &#8211; Organisme promotor: Ag\u00e8ncia d&#8217;Avaluaci\u00f3 i Prospectiva de l&#8217;Educaci\u00f3 Avaluaci\u00f3 de l&#8217;expressi\u00f3 oral (6\u00e8 de prim\u00e0ria i 4t [&hellip;]<\/p>\n","protected":false},"author":1,"featured_media":0,"parent":0,"menu_order":0,"comment_status":"closed","ping_status":"close","template":"","meta":{"_bbp_topic_count":0,"_bbp_reply_count":0,"_bbp_total_topic_count":0,"_bbp_total_reply_count":0,"_bbp_voice_count":0,"_bbp_anonymous_reply_count":0,"_bbp_topic_count_hidden":0,"_bbp_reply_count_hidden":0,"_bbp_forum_subforum_count":0,"site-sidebar-layout":"default","site-content-layout":"","ast-site-content-layout":"default","site-content-style":"default","site-sidebar-style":"default","ast-global-header-display":"","ast-banner-title-visibility":"","ast-main-header-display":"","ast-hfb-above-header-display":"","ast-hfb-below-header-display":"","ast-hfb-mobile-header-display":"","site-post-title":"","ast-breadcrumbs-content":"","ast-featured-img":"","footer-sml-layout":"","theme-transparent-header-meta":"","adv-header-id-meta":"","stick-header-meta":"","header-above-stick-meta":"","header-main-stick-meta":"","header-below-stick-meta":"","astra-migrate-meta-layouts":"set","ast-page-background-enabled":"default","ast-page-background-meta":{"desktop":{"background-color":"var(--ast-global-color-4)","background-image":"","background-repeat":"repeat","background-position":"center center","background-size":"auto","background-attachment":"scroll","background-type":"","background-media":"","overlay-type":"","overlay-color":"","overlay-opacity":"","overlay-gradient":""},"tablet":{"background-color":"","background-image":"","background-repeat":"repeat","background-position":"center center","background-size":"auto","background-attachment":"scroll","background-type":"","background-media":"","overlay-type":"","overlay-color":"","overlay-opacity":"","overlay-gradient":""},"mobile":{"background-color":"","background-image":"","background-repeat":"repeat","background-position":"center center","background-size":"auto","background-attachment":"scroll","background-type":"","background-media":"","overlay-type":"","overlay-color":"","overlay-opacity":"","overlay-gradient":""}},"ast-content-background-meta":{"desktop":{"background-color":"var(--ast-global-color-5)","background-image":"","background-repeat":"repeat","background-position":"center center","background-size":"auto","background-attachment":"scroll","background-type":"","background-media":"","overlay-type":"","overlay-color":"","overlay-opacity":"","overlay-gradient":""},"tablet":{"background-color":"var(--ast-global-color-5)","background-image":"","background-repeat":"repeat","background-position":"center center","background-size":"auto","background-attachment":"scroll","background-type":"","background-media":"","overlay-type":"","overlay-color":"","overlay-opacity":"","overlay-gradient":""},"mobile":{"background-color":"var(--ast-global-color-5)","background-image":"","background-repeat":"repeat","background-position":"center center","background-size":"auto","background-attachment":"scroll","background-type":"","background-media":"","overlay-type":"","overlay-color":"","overlay-opacity":"","overlay-gradient":""}},"footnotes":""},"class_list":["post-15610","page","type-page","status-publish","hentry"],"post_mailing_queue_ids":[],"_links":{"self":[{"href":"https:\/\/serveiseducatius.xtec.cat\/selva2\/wp-json\/wp\/v2\/pages\/15610","targetHints":{"allow":["GET"]}}],"collection":[{"href":"https:\/\/serveiseducatius.xtec.cat\/selva2\/wp-json\/wp\/v2\/pages"}],"about":[{"href":"https:\/\/serveiseducatius.xtec.cat\/selva2\/wp-json\/wp\/v2\/types\/page"}],"author":[{"embeddable":true,"href":"https:\/\/serveiseducatius.xtec.cat\/selva2\/wp-json\/wp\/v2\/users\/1"}],"replies":[{"embeddable":true,"href":"https:\/\/serveiseducatius.xtec.cat\/selva2\/wp-json\/wp\/v2\/comments?post=15610"}],"version-history":[{"count":5,"href":"https:\/\/serveiseducatius.xtec.cat\/selva2\/wp-json\/wp\/v2\/pages\/15610\/revisions"}],"predecessor-version":[{"id":15622,"href":"https:\/\/serveiseducatius.xtec.cat\/selva2\/wp-json\/wp\/v2\/pages\/15610\/revisions\/15622"}],"wp:attachment":[{"href":"https:\/\/serveiseducatius.xtec.cat\/selva2\/wp-json\/wp\/v2\/media?parent=15610"}],"curies":[{"name":"wp","href":"https:\/\/api.w.org\/{rel}","templated":true}]}}