{"id":14952,"date":"2025-06-11T13:07:55","date_gmt":"2025-06-11T11:07:55","guid":{"rendered":"https:\/\/serveiseducatius.xtec.cat\/selva2\/?page_id=14952"},"modified":"2025-06-30T14:02:58","modified_gmt":"2025-06-30T12:02:58","slug":"interculturalitat","status":"publish","type":"page","link":"https:\/\/serveiseducatius.xtec.cat\/selva2\/el-servei-educatiu\/elic\/interculturalitat\/","title":{"rendered":"INTERCULTURALITAT"},"content":{"rendered":"\n<p><\/p>\n\n\n\n<div class=\"wp-block-media-text is-stacked-on-mobile\" style=\"grid-template-columns:19% auto\"><figure class=\"wp-block-media-text__media\"><img loading=\"lazy\" decoding=\"async\" width=\"697\" height=\"697\" src=\"https:\/\/serveiseducatius.xtec.cat\/selva2\/wp-content\/uploads\/usu1165\/2025\/06\/interculturalitat1.jpg\" alt=\"\" class=\"wp-image-15052 size-full\" srcset=\"https:\/\/serveiseducatius.xtec.cat\/selva2\/wp-content\/uploads\/usu1165\/2025\/06\/interculturalitat1.jpg 697w, https:\/\/serveiseducatius.xtec.cat\/selva2\/wp-content\/uploads\/usu1165\/2025\/06\/interculturalitat1-300x300.jpg 300w, https:\/\/serveiseducatius.xtec.cat\/selva2\/wp-content\/uploads\/usu1165\/2025\/06\/interculturalitat1-150x150.jpg 150w\" sizes=\"auto, (max-width: 697px) 100vw, 697px\" \/><\/figure><div class=\"wp-block-media-text__content\">\n<p>Aquest espai t\u00e9 la intenci\u00f3 d&#8217;aglutinar informacions de diferents \u00e0mbits entorn de la diversitat per facilitar als docents el treball a l&#8217;aula, cobrint la necessitat de tenir a l&#8217;abast tota la informaci\u00f3 de forma unificada.<\/p>\n\n\n\n<p>Apostem per la conviv\u00e8ncia i la interculturalitat amb la mirada posada en la difer\u00e8ncia com a enriquiment i el respecte com a element d&#8217;uni\u00f3.<\/p>\n<\/div><\/div>\n\n\n\n<p>Coneixem les m\u00faltiples necessitats que es donen a les aules i pensem que aquests enlla\u00e7os poden donar-hi suport:<\/p>\n\n\n\n<p><a href=\"https:\/\/sites.google.com\/xtec.cat\/ets-i-uts-de-llengua\/convivencia-i-interculturalitat\/recursos?authuser=0\">Recursos audiovisuals<\/a><\/p>\n\n\n\n<p><a href=\"https:\/\/projectes.xtec.cat\/pee\/categoria\/interculturalitat\/\">Materials de la jornada &#8220;Transformant la interculturalitat&#8221;<\/a><\/p>\n\n\n\n<p><a href=\"http:\/\/xtec.gencat.cat\/ca\/projectes\/intercultural\/\">Educaci\u00f3 intercultural<\/a><\/p>\n\n\n\n<p><a href=\"http:\/\/xtec.gencat.cat\/ca\/curriculum\/diversitat-i-inclusio\/\">Diversitat i inclusi\u00f3<\/a><\/p>\n\n\n\n<p><a href=\"https:\/\/www.canva.com\/design\/DAF3ha1q2bo\/view\">Enlla\u00e7os relacionats amb la interculturalitat<\/a>  &#8211; Elaborat per Maribel Almagro<\/p>\n\n\n\n<p><a href=\"https:\/\/www.google.com\/maps\/d\/u\/0\/viewer?ie=UTF8&amp;hl=es&amp;msa=0&amp;ll=46.73825531205194%2C107.95472095841501&amp;spn=153.165955%2C298.828125&amp;z=3&amp;source=embed&amp;mid=1oIisnMuDEAVfzTuNzOJMpvSZ5sk\">La volta al m\u00f3n en contes<\/a><\/p>\n\n\n\n<div class=\"wp-block-columns has-cyan-bluish-gray-background-color has-background is-layout-flex wp-container-core-columns-is-layout-1 wp-block-columns-is-layout-flex\">\n<div class=\"wp-block-column is-layout-flow wp-block-column-is-layout-flow\">\n<figure class=\"wp-block-embed is-type-wp-embed is-provider-programa-de-lleng-es-i-cultures-d-039-origen wp-block-embed-programa-de-lleng-es-i-cultures-d-039-origen\"><div class=\"wp-block-embed__wrapper\">\n<blockquote class=\"wp-embedded-content\" data-secret=\"KgKXw3CX1p\"><a href=\"https:\/\/projectes.xtec.cat\/origen\/una-ma-de-contes\/\">Una m\u00e0 de contes<\/a><\/blockquote><iframe loading=\"lazy\" class=\"wp-embedded-content\" sandbox=\"allow-scripts\" security=\"restricted\" style=\"position: absolute; visibility: hidden;\" title=\"&#8220;Una m\u00e0 de contes&#8221; &#8212; Programa de lleng\u00fces i cultures d&#039;origen\" src=\"https:\/\/projectes.xtec.cat\/origen\/una-ma-de-contes\/embed\/#?secret=TlNP5OCbPw#?secret=KgKXw3CX1p\" data-secret=\"KgKXw3CX1p\" width=\"500\" height=\"282\" frameborder=\"0\" marginwidth=\"0\" marginheight=\"0\" scrolling=\"no\"><\/iframe>\n<\/div><\/figure>\n<\/div>\n\n\n\n<div class=\"wp-block-column is-layout-flow wp-block-column-is-layout-flow\">\n<figure class=\"wp-block-embed is-type-wp-embed is-provider-programa-de-lleng-es-i-cultures-d-039-origen wp-block-embed-programa-de-lleng-es-i-cultures-d-039-origen\"><div class=\"wp-block-embed__wrapper\">\n<blockquote class=\"wp-embedded-content\" data-secret=\"2AyTZsPNJN\"><a href=\"https:\/\/projectes.xtec.cat\/origen\/portada\/cinema-i-diversitat-linguistica-deu-pellicules-per-al-debat-a-laula\/\">Cinema i diversitat ling\u00fc\u00edstica: deu pel\u00b7l\u00edcules per al debat a l\u2019aula<\/a><\/blockquote><iframe loading=\"lazy\" class=\"wp-embedded-content\" sandbox=\"allow-scripts\" security=\"restricted\" style=\"position: absolute; visibility: hidden;\" title=\"&#8220;Cinema i diversitat ling\u00fc\u00edstica: deu pel\u00b7l\u00edcules per al debat a l\u2019aula&#8221; &#8212; Programa de lleng\u00fces i cultures d&#039;origen\" src=\"https:\/\/projectes.xtec.cat\/origen\/portada\/cinema-i-diversitat-linguistica-deu-pellicules-per-al-debat-a-laula\/embed\/#?secret=dGNsysYbY6#?secret=2AyTZsPNJN\" data-secret=\"2AyTZsPNJN\" width=\"500\" height=\"282\" frameborder=\"0\" marginwidth=\"0\" marginheight=\"0\" scrolling=\"no\"><\/iframe>\n<\/div><\/figure>\n<\/div>\n<\/div>\n","protected":false},"excerpt":{"rendered":"<p>Aquest espai t\u00e9 la intenci\u00f3 d&#8217;aglutinar informacions de diferents \u00e0mbits entorn de la diversitat per facilitar als docents el treball [&hellip;]<\/p>\n","protected":false},"author":61,"featured_media":15052,"parent":10716,"menu_order":0,"comment_status":"closed","ping_status":"close","template":"","meta":{"_bbp_topic_count":0,"_bbp_reply_count":0,"_bbp_total_topic_count":0,"_bbp_total_reply_count":0,"_bbp_voice_count":0,"_bbp_anonymous_reply_count":0,"_bbp_topic_count_hidden":0,"_bbp_reply_count_hidden":0,"_bbp_forum_subforum_count":0,"site-sidebar-layout":"no-sidebar","site-content-layout":"","ast-site-content-layout":"default","site-content-style":"default","site-sidebar-style":"default","ast-global-header-display":"","ast-banner-title-visibility":"","ast-main-header-display":"","ast-hfb-above-header-display":"","ast-hfb-below-header-display":"","ast-hfb-mobile-header-display":"","site-post-title":"","ast-breadcrumbs-content":"","ast-featured-img":"","footer-sml-layout":"","theme-transparent-header-meta":"","adv-header-id-meta":"","stick-header-meta":"","header-above-stick-meta":"","header-main-stick-meta":"","header-below-stick-meta":"","astra-migrate-meta-layouts":"set","ast-page-background-enabled":"default","ast-page-background-meta":{"desktop":{"background-color":"var(--ast-global-color-4)","background-image":"","background-repeat":"repeat","background-position":"center center","background-size":"auto","background-attachment":"scroll","background-type":"","background-media":"","overlay-type":"","overlay-color":"","overlay-opacity":"","overlay-gradient":""},"tablet":{"background-color":"","background-image":"","background-repeat":"repeat","background-position":"center center","background-size":"auto","background-attachment":"scroll","background-type":"","background-media":"","overlay-type":"","overlay-color":"","overlay-opacity":"","overlay-gradient":""},"mobile":{"background-color":"","background-image":"","background-repeat":"repeat","background-position":"center center","background-size":"auto","background-attachment":"scroll","background-type":"","background-media":"","overlay-type":"","overlay-color":"","overlay-opacity":"","overlay-gradient":""}},"ast-content-background-meta":{"desktop":{"background-color":"var(--ast-global-color-5)","background-image":"","background-repeat":"repeat","background-position":"center center","background-size":"auto","background-attachment":"scroll","background-type":"","background-media":"","overlay-type":"","overlay-color":"","overlay-opacity":"","overlay-gradient":""},"tablet":{"background-color":"var(--ast-global-color-5)","background-image":"","background-repeat":"repeat","background-position":"center center","background-size":"auto","background-attachment":"scroll","background-type":"","background-media":"","overlay-type":"","overlay-color":"","overlay-opacity":"","overlay-gradient":""},"mobile":{"background-color":"var(--ast-global-color-5)","background-image":"","background-repeat":"repeat","background-position":"center center","background-size":"auto","background-attachment":"scroll","background-type":"","background-media":"","overlay-type":"","overlay-color":"","overlay-opacity":"","overlay-gradient":""}},"footnotes":""},"class_list":["post-14952","page","type-page","status-publish","has-post-thumbnail","hentry"],"post_mailing_queue_ids":[],"_links":{"self":[{"href":"https:\/\/serveiseducatius.xtec.cat\/selva2\/wp-json\/wp\/v2\/pages\/14952","targetHints":{"allow":["GET"]}}],"collection":[{"href":"https:\/\/serveiseducatius.xtec.cat\/selva2\/wp-json\/wp\/v2\/pages"}],"about":[{"href":"https:\/\/serveiseducatius.xtec.cat\/selva2\/wp-json\/wp\/v2\/types\/page"}],"author":[{"embeddable":true,"href":"https:\/\/serveiseducatius.xtec.cat\/selva2\/wp-json\/wp\/v2\/users\/61"}],"replies":[{"embeddable":true,"href":"https:\/\/serveiseducatius.xtec.cat\/selva2\/wp-json\/wp\/v2\/comments?post=14952"}],"version-history":[{"count":6,"href":"https:\/\/serveiseducatius.xtec.cat\/selva2\/wp-json\/wp\/v2\/pages\/14952\/revisions"}],"predecessor-version":[{"id":15079,"href":"https:\/\/serveiseducatius.xtec.cat\/selva2\/wp-json\/wp\/v2\/pages\/14952\/revisions\/15079"}],"up":[{"embeddable":true,"href":"https:\/\/serveiseducatius.xtec.cat\/selva2\/wp-json\/wp\/v2\/pages\/10716"}],"wp:featuredmedia":[{"embeddable":true,"href":"https:\/\/serveiseducatius.xtec.cat\/selva2\/wp-json\/wp\/v2\/media\/15052"}],"wp:attachment":[{"href":"https:\/\/serveiseducatius.xtec.cat\/selva2\/wp-json\/wp\/v2\/media?parent=14952"}],"curies":[{"name":"wp","href":"https:\/\/api.w.org\/{rel}","templated":true}]}}