{"id":14950,"date":"2025-06-11T13:07:34","date_gmt":"2025-06-11T11:07:34","guid":{"rendered":"https:\/\/serveiseducatius.xtec.cat\/selva2\/?page_id=14950"},"modified":"2025-07-01T09:10:04","modified_gmt":"2025-07-01T07:10:04","slug":"llengua","status":"publish","type":"page","link":"https:\/\/serveiseducatius.xtec.cat\/selva2\/el-servei-educatiu\/elic\/llengua\/","title":{"rendered":"LLENGUA"},"content":{"rendered":"\n<div class=\"wp-block-group is-content-justification-center is-nowrap is-layout-flex wp-container-core-group-is-layout-1 wp-block-group-is-layout-flex\" style=\"min-height:0px;margin-top:0px;margin-bottom:0px\">\n<div class=\"wp-block-cover\"><span aria-hidden=\"true\" class=\"wp-block-cover__background has-background-dim\"><\/span><img loading=\"lazy\" decoding=\"async\" width=\"1020\" height=\"837\" class=\"wp-block-cover__image-background wp-image-15048\" alt=\"\" src=\"https:\/\/serveiseducatius.xtec.cat\/selva2\/wp-content\/uploads\/usu1165\/2025\/06\/oralitat.png\" style=\"object-position:18% 13%\" data-object-fit=\"cover\" data-object-position=\"18% 13%\" srcset=\"https:\/\/serveiseducatius.xtec.cat\/selva2\/wp-content\/uploads\/usu1165\/2025\/06\/oralitat.png 1020w, https:\/\/serveiseducatius.xtec.cat\/selva2\/wp-content\/uploads\/usu1165\/2025\/06\/oralitat-300x246.png 300w, https:\/\/serveiseducatius.xtec.cat\/selva2\/wp-content\/uploads\/usu1165\/2025\/06\/oralitat-768x630.png 768w\" sizes=\"auto, (max-width: 1020px) 100vw, 1020px\" \/><div class=\"wp-block-cover__inner-container is-layout-flow wp-block-cover-is-layout-flow\">\n<p class=\"has-text-align-center has-small-font-size\"><strong>ESCOLTAR I PARLAR<\/strong><\/p>\n<\/div><\/div>\n\n\n\n<div class=\"wp-block-cover\"><span aria-hidden=\"true\" class=\"wp-block-cover__background has-background-dim\"><\/span><img loading=\"lazy\" decoding=\"async\" width=\"500\" height=\"537\" class=\"wp-block-cover__image-background wp-image-15044\" alt=\"\" src=\"https:\/\/serveiseducatius.xtec.cat\/selva2\/wp-content\/uploads\/usu1165\/2025\/06\/llegir-i-comprendre2.jpg\" data-object-fit=\"cover\" srcset=\"https:\/\/serveiseducatius.xtec.cat\/selva2\/wp-content\/uploads\/usu1165\/2025\/06\/llegir-i-comprendre2.jpg 500w, https:\/\/serveiseducatius.xtec.cat\/selva2\/wp-content\/uploads\/usu1165\/2025\/06\/llegir-i-comprendre2-279x300.jpg 279w\" sizes=\"auto, (max-width: 500px) 100vw, 500px\" \/><div class=\"wp-block-cover__inner-container is-layout-flow wp-block-cover-is-layout-flow\">\n<p class=\"has-text-align-center has-small-font-size\"><strong>LLEGIR I COMPRENDRE<\/strong><\/p>\n<\/div><\/div>\n\n\n\n<div class=\"wp-block-cover\"><span aria-hidden=\"true\" class=\"wp-block-cover__background has-background-dim\"><\/span><img loading=\"lazy\" decoding=\"async\" width=\"1024\" height=\"683\" class=\"wp-block-cover__image-background wp-image-15046\" alt=\"\" src=\"https:\/\/serveiseducatius.xtec.cat\/selva2\/wp-content\/uploads\/usu1165\/2025\/06\/escriure-1024x683.jpg\" data-object-fit=\"cover\" srcset=\"https:\/\/serveiseducatius.xtec.cat\/selva2\/wp-content\/uploads\/usu1165\/2025\/06\/escriure-1024x683.jpg 1024w, https:\/\/serveiseducatius.xtec.cat\/selva2\/wp-content\/uploads\/usu1165\/2025\/06\/escriure-300x200.jpg 300w, https:\/\/serveiseducatius.xtec.cat\/selva2\/wp-content\/uploads\/usu1165\/2025\/06\/escriure-768x512.jpg 768w, https:\/\/serveiseducatius.xtec.cat\/selva2\/wp-content\/uploads\/usu1165\/2025\/06\/escriure.jpg 1200w\" sizes=\"auto, (max-width: 1024px) 100vw, 1024px\" \/><div class=\"wp-block-cover__inner-container is-layout-flow wp-block-cover-is-layout-flow\">\n<p class=\"has-text-align-center has-white-color has-text-color has-link-color has-small-font-size wp-elements-e5f43ca975d53a2525695fcf53e90a0f\"><strong>ESCRIURE<\/strong><\/p>\n<\/div><\/div>\n\n\n\n<div class=\"wp-block-cover\"><span aria-hidden=\"true\" class=\"wp-block-cover__background has-background-dim\"><\/span><img loading=\"lazy\" decoding=\"async\" width=\"800\" height=\"360\" class=\"wp-block-cover__image-background wp-image-15045\" alt=\"\" src=\"https:\/\/serveiseducatius.xtec.cat\/selva2\/wp-content\/uploads\/usu1165\/2025\/06\/com-fer-una-estrategia-de-comunicacio-.webp\" style=\"object-position:92% 71%\" data-object-fit=\"cover\" data-object-position=\"92% 71%\" srcset=\"https:\/\/serveiseducatius.xtec.cat\/selva2\/wp-content\/uploads\/usu1165\/2025\/06\/com-fer-una-estrategia-de-comunicacio-.webp 800w, https:\/\/serveiseducatius.xtec.cat\/selva2\/wp-content\/uploads\/usu1165\/2025\/06\/com-fer-una-estrategia-de-comunicacio--300x135.webp 300w, https:\/\/serveiseducatius.xtec.cat\/selva2\/wp-content\/uploads\/usu1165\/2025\/06\/com-fer-una-estrategia-de-comunicacio--768x346.webp 768w\" sizes=\"auto, (max-width: 800px) 100vw, 800px\" \/><div class=\"wp-block-cover__inner-container is-layout-flow wp-block-cover-is-layout-flow\">\n<p class=\"has-text-align-center has-small-font-size\"><strong>PLURILING\u00dcISME I DIVERSITAT LING\u00dc\u00cdSTICA<\/strong><\/p>\n<\/div><\/div>\n<\/div>\n\n\n\n<p>Des de l\u2019equip LIC col\u00b7laborem en la sensibilitzaci\u00f3, promoci\u00f3, consolidaci\u00f3 i \u00fas de la llengua catalana com a eix d\u2019un projecte&nbsp;pluriling\u00fce.<\/p>\n\n\n\n<p>Donem impuls a la formaci\u00f3 i suport als plans i projectes del Departament d\u2019Educaci\u00f3 relacionats amb l\u2019\u00e0mbit de la llengua, aix\u00ed mateix, assessorem als centres educatius en la gesti\u00f3 dels usos ling\u00fc\u00edstics per tal que aquests s\u2019ajustin als objectius pedag\u00f2gics fixats i a la normativa vigent.<\/p>\n\n\n\n<p>Col\u00b7laborem i assessorem en l\u2019elaboraci\u00f3 i actualitzaci\u00f3 del <a href=\"https:\/\/xtec.gencat.cat\/ca\/projectes\/plurilinguisme\/sobre\/projecte-linguistic\/\">projecte ling\u00fc\u00edstic pluriling\u00fce<\/a>.<\/p>\n\n\n\n<p>Altres enlla\u00e7os d&#8217;inter\u00e8s:<\/p>\n\n\n\n<p><a href=\"http:\/\/xtec.gencat.cat\/ca\/projectes\/plurilinguisme\/llengues-gestio\/\">Lleng\u00fces i gesti\u00f3 de la diversitat&nbsp;<\/a><\/p>\n\n\n\n<p><a href=\"https:\/\/projectes.xtec.cat\/nou-curriculum\/orientacions-curriculars\/orientacions-curriculars-llengua-primaria\/\">Orientacions curriculars de llengua a la prim\u00e0ria<\/a><\/p>\n\n\n\n<p><a href=\"https:\/\/projectes.xtec.cat\/nou-curriculum\/orientacions-curriculars\/orientacions-curriculars-llengua-secundaria\/\">Orientacions curriculars de llengua a la secund\u00e0ria<\/a><\/p>\n\n\n\n<div class=\"wp-block-getwid-media-text-slider wp-block-getwid-media-text-slider--current-slide-1 has-arrows-outside has-dots-outside\" data-labels=\"[&quot;Slide 1&quot;,&quot;Slide 2&quot;,&quot;Slide 3&quot;]\" data-animation=\"\" data-duration=\"2000ms\" data-delay=\"0ms\"><div class=\"wp-block-getwid-media-text-slider__slides-wrapper\"><div class=\"wp-block-getwid-media-text-slider__content\" data-slide-autoplay=\"false\" data-slide-pause-on-hover=\"true\" data-slide-autoplay-speed=\"5000\" data-slide-speed=\"1000\" data-infinite=\"true\">\n<div style=\"min-height:100px\" class=\"wp-block-getwid-media-text-slider-slide wp-block-getwid-media-text-slider-slide__content-wrapper slide-1\"><div style=\"padding-top:0px;padding-bottom:0px;padding-left:0px;padding-right:0px;min-height:100px\" class=\"wp-block-getwid-media-text-slider-slide__content\">\n<div style=\"max-width:695px\" class=\"wp-block-getwid-media-text-slider-slide-content\"><figure class=\"wp-block-getwid-media-text-slider-slide-content__media\"><img loading=\"lazy\" decoding=\"async\" width=\"1541\" height=\"325\" src=\"https:\/\/serveiseducatius.xtec.cat\/selva2\/wp-content\/uploads\/usu1165\/2025\/06\/sites-aula-dacollida.png\" alt=\"\" class=\"wp-block-getwid-media-text-slider-slide-content__image wp-image-14968\" srcset=\"https:\/\/serveiseducatius.xtec.cat\/selva2\/wp-content\/uploads\/usu1165\/2025\/06\/sites-aula-dacollida.png 1541w, https:\/\/serveiseducatius.xtec.cat\/selva2\/wp-content\/uploads\/usu1165\/2025\/06\/sites-aula-dacollida-300x63.png 300w, https:\/\/serveiseducatius.xtec.cat\/selva2\/wp-content\/uploads\/usu1165\/2025\/06\/sites-aula-dacollida-1024x216.png 1024w, https:\/\/serveiseducatius.xtec.cat\/selva2\/wp-content\/uploads\/usu1165\/2025\/06\/sites-aula-dacollida-768x162.png 768w, https:\/\/serveiseducatius.xtec.cat\/selva2\/wp-content\/uploads\/usu1165\/2025\/06\/sites-aula-dacollida-1536x324.png 1536w\" sizes=\"auto, (max-width: 1541px) 100vw, 1541px\" \/><div class=\"wp-block-getwid-media-text-slider-slide-content__media-overlay\" style=\"opacity:0.3\"><\/div><\/figure><div class=\"wp-block-getwid-media-text-slider-slide-content__content\"><div class=\"wp-block-getwid-media-text-slider-slide-content__content-wrapper\">\n<p class=\"has-white-color has-text-color has-link-color has-large-font-size wp-elements-e81bf64733103be3a0ff7e89e844846e\"><strong><a href=\"https:\/\/sites.google.com\/xtec.cat\/recursos-tutors-aula-acollida\/inici\">SITES<\/a><\/strong><\/p>\n<\/div><\/div><\/div>\n<\/div><\/div>\n\n\n\n<div style=\"min-height:100px\" class=\"wp-block-getwid-media-text-slider-slide wp-block-getwid-media-text-slider-slide__content-wrapper slide-2\"><div style=\"padding-top:0px;padding-bottom:0px;padding-left:0px;padding-right:0px;min-height:100px\" class=\"wp-block-getwid-media-text-slider-slide__content\">\n<div style=\"max-width:695px\" class=\"wp-block-getwid-media-text-slider-slide-content\"><figure class=\"wp-block-getwid-media-text-slider-slide-content__media\"><img loading=\"lazy\" decoding=\"async\" width=\"1336\" height=\"704\" src=\"https:\/\/serveiseducatius.xtec.cat\/selva2\/wp-content\/uploads\/usu1165\/2025\/06\/podcasts-en-catala.png\" alt=\"\" class=\"wp-block-getwid-media-text-slider-slide-content__image wp-image-15015\" srcset=\"https:\/\/serveiseducatius.xtec.cat\/selva2\/wp-content\/uploads\/usu1165\/2025\/06\/podcasts-en-catala.png 1336w, https:\/\/serveiseducatius.xtec.cat\/selva2\/wp-content\/uploads\/usu1165\/2025\/06\/podcasts-en-catala-300x158.png 300w, https:\/\/serveiseducatius.xtec.cat\/selva2\/wp-content\/uploads\/usu1165\/2025\/06\/podcasts-en-catala-1024x540.png 1024w, https:\/\/serveiseducatius.xtec.cat\/selva2\/wp-content\/uploads\/usu1165\/2025\/06\/podcasts-en-catala-768x405.png 768w\" sizes=\"auto, (max-width: 1336px) 100vw, 1336px\" \/><div class=\"wp-block-getwid-media-text-slider-slide-content__media-overlay\" style=\"opacity:0.3\"><\/div><\/figure><div class=\"wp-block-getwid-media-text-slider-slide-content__content\"><div class=\"wp-block-getwid-media-text-slider-slide-content__content-wrapper\">\n<p class=\"has-white-color has-text-color has-link-color has-large-font-size wp-elements-157d3af9c1634a143ef0a9e04564006e\"><a href=\"https:\/\/view.genially.com\/6686790b9017a90015b66622\/guide-selva-ii-podcasts-en-catala\"><strong>P\u00d2DCASTS EN CATAL\u00c0<\/strong><\/a><\/p>\n<\/div><\/div><\/div>\n<\/div><\/div>\n\n\n\n<div style=\"min-height:100px\" class=\"wp-block-getwid-media-text-slider-slide wp-block-getwid-media-text-slider-slide__content-wrapper slide-3\"><div style=\"padding-top:0px;padding-bottom:0px;padding-left:0px;padding-right:0px;min-height:100px\" class=\"wp-block-getwid-media-text-slider-slide__content\">\n<div style=\"max-width:695px\" class=\"wp-block-getwid-media-text-slider-slide-content\"><figure class=\"wp-block-getwid-media-text-slider-slide-content__media\"><img loading=\"lazy\" decoding=\"async\" width=\"1331\" height=\"713\" src=\"https:\/\/serveiseducatius.xtec.cat\/selva2\/wp-content\/uploads\/usu1165\/2025\/06\/catala-autonom.png\" alt=\"\" class=\"wp-block-getwid-media-text-slider-slide-content__image wp-image-15020\" srcset=\"https:\/\/serveiseducatius.xtec.cat\/selva2\/wp-content\/uploads\/usu1165\/2025\/06\/catala-autonom.png 1331w, https:\/\/serveiseducatius.xtec.cat\/selva2\/wp-content\/uploads\/usu1165\/2025\/06\/catala-autonom-300x161.png 300w, https:\/\/serveiseducatius.xtec.cat\/selva2\/wp-content\/uploads\/usu1165\/2025\/06\/catala-autonom-1024x549.png 1024w, https:\/\/serveiseducatius.xtec.cat\/selva2\/wp-content\/uploads\/usu1165\/2025\/06\/catala-autonom-768x411.png 768w\" sizes=\"auto, (max-width: 1331px) 100vw, 1331px\" \/><div class=\"wp-block-getwid-media-text-slider-slide-content__media-overlay\" style=\"opacity:0.3\"><\/div><\/figure><div class=\"wp-block-getwid-media-text-slider-slide-content__content\"><div class=\"wp-block-getwid-media-text-slider-slide-content__content-wrapper\">\n<p class=\"has-white-color has-text-color has-link-color has-large-font-size wp-elements-02d8da73ce334c45aae7ec935e33dd2f\"><a href=\"https:\/\/view.genially.com\/668679039a92d700145d9a1f\/guide-selva-ii-el-catala-autonom-primaria\"><strong>EL CATAL\u00c0 AUT\u00d2NOM<\/strong><\/a><\/p>\n<\/div><\/div><\/div>\n<\/div><\/div>\n<\/div><\/div><\/div>\n","protected":false},"excerpt":{"rendered":"<p>Des de l\u2019equip LIC col\u00b7laborem en la sensibilitzaci\u00f3, promoci\u00f3, consolidaci\u00f3 i \u00fas de la llengua catalana com a eix d\u2019un [&hellip;]<\/p>\n","protected":false},"author":61,"featured_media":0,"parent":10716,"menu_order":0,"comment_status":"closed","ping_status":"close","template":"","meta":{"_bbp_topic_count":0,"_bbp_reply_count":0,"_bbp_total_topic_count":0,"_bbp_total_reply_count":0,"_bbp_voice_count":0,"_bbp_anonymous_reply_count":0,"_bbp_topic_count_hidden":0,"_bbp_reply_count_hidden":0,"_bbp_forum_subforum_count":0,"site-sidebar-layout":"no-sidebar","site-content-layout":"","ast-site-content-layout":"default","site-content-style":"default","site-sidebar-style":"default","ast-global-header-display":"","ast-banner-title-visibility":"","ast-main-header-display":"","ast-hfb-above-header-display":"","ast-hfb-below-header-display":"","ast-hfb-mobile-header-display":"","site-post-title":"","ast-breadcrumbs-content":"","ast-featured-img":"","footer-sml-layout":"","theme-transparent-header-meta":"","adv-header-id-meta":"","stick-header-meta":"","header-above-stick-meta":"","header-main-stick-meta":"","header-below-stick-meta":"","astra-migrate-meta-layouts":"set","ast-page-background-enabled":"default","ast-page-background-meta":{"desktop":{"background-color":"var(--ast-global-color-4)","background-image":"","background-repeat":"repeat","background-position":"center center","background-size":"auto","background-attachment":"scroll","background-type":"","background-media":"","overlay-type":"","overlay-color":"","overlay-opacity":"","overlay-gradient":""},"tablet":{"background-color":"","background-image":"","background-repeat":"repeat","background-position":"center center","background-size":"auto","background-attachment":"scroll","background-type":"","background-media":"","overlay-type":"","overlay-color":"","overlay-opacity":"","overlay-gradient":""},"mobile":{"background-color":"","background-image":"","background-repeat":"repeat","background-position":"center center","background-size":"auto","background-attachment":"scroll","background-type":"","background-media":"","overlay-type":"","overlay-color":"","overlay-opacity":"","overlay-gradient":""}},"ast-content-background-meta":{"desktop":{"background-color":"var(--ast-global-color-5)","background-image":"","background-repeat":"repeat","background-position":"center center","background-size":"auto","background-attachment":"scroll","background-type":"","background-media":"","overlay-type":"","overlay-color":"","overlay-opacity":"","overlay-gradient":""},"tablet":{"background-color":"var(--ast-global-color-5)","background-image":"","background-repeat":"repeat","background-position":"center center","background-size":"auto","background-attachment":"scroll","background-type":"","background-media":"","overlay-type":"","overlay-color":"","overlay-opacity":"","overlay-gradient":""},"mobile":{"background-color":"var(--ast-global-color-5)","background-image":"","background-repeat":"repeat","background-position":"center center","background-size":"auto","background-attachment":"scroll","background-type":"","background-media":"","overlay-type":"","overlay-color":"","overlay-opacity":"","overlay-gradient":""}},"footnotes":""},"class_list":["post-14950","page","type-page","status-publish","hentry"],"post_mailing_queue_ids":[],"_links":{"self":[{"href":"https:\/\/serveiseducatius.xtec.cat\/selva2\/wp-json\/wp\/v2\/pages\/14950","targetHints":{"allow":["GET"]}}],"collection":[{"href":"https:\/\/serveiseducatius.xtec.cat\/selva2\/wp-json\/wp\/v2\/pages"}],"about":[{"href":"https:\/\/serveiseducatius.xtec.cat\/selva2\/wp-json\/wp\/v2\/types\/page"}],"author":[{"embeddable":true,"href":"https:\/\/serveiseducatius.xtec.cat\/selva2\/wp-json\/wp\/v2\/users\/61"}],"replies":[{"embeddable":true,"href":"https:\/\/serveiseducatius.xtec.cat\/selva2\/wp-json\/wp\/v2\/comments?post=14950"}],"version-history":[{"count":6,"href":"https:\/\/serveiseducatius.xtec.cat\/selva2\/wp-json\/wp\/v2\/pages\/14950\/revisions"}],"predecessor-version":[{"id":15092,"href":"https:\/\/serveiseducatius.xtec.cat\/selva2\/wp-json\/wp\/v2\/pages\/14950\/revisions\/15092"}],"up":[{"embeddable":true,"href":"https:\/\/serveiseducatius.xtec.cat\/selva2\/wp-json\/wp\/v2\/pages\/10716"}],"wp:attachment":[{"href":"https:\/\/serveiseducatius.xtec.cat\/selva2\/wp-json\/wp\/v2\/media?parent=14950"}],"curies":[{"name":"wp","href":"https:\/\/api.w.org\/{rel}","templated":true}]}}