{"id":11030,"date":"2021-05-11T17:14:33","date_gmt":"2021-05-11T15:14:33","guid":{"rendered":"http:\/\/serveiseducatius.xtec.cat\/selva2\/?page_id=11030"},"modified":"2022-09-09T10:36:46","modified_gmt":"2022-09-09T08:36:46","slug":"sites-dels-grups-de-treball","status":"publish","type":"page","link":"https:\/\/serveiseducatius.xtec.cat\/selva2\/recursos\/sites-dels-grups-de-treball\/","title":{"rendered":"11. Materials dels Grups de Treball"},"content":{"rendered":"<p><a href=\"https:\/\/serveiseducatius.xtec.cat\/selva2\/wp-content\/uploads\/usu1165\/2021\/05\/teamwork.jpg\" target=\"_blank\" rel=\"noopener\"><img loading=\"lazy\" decoding=\"async\" class=\"alignleft wp-image-11031\" src=\"https:\/\/serveiseducatius.xtec.cat\/selva2\/wp-content\/uploads\/usu1165\/2021\/05\/teamwork-1024x682.jpg\" alt=\"\" width=\"485\" height=\"323\" \/><\/a><\/p>\n<h1><strong><span style=\"color: #999999;\">GRUPS<\/span><\/strong><\/h1>\n<h1><strong><span style=\"color: #999999;\"> DE<\/span><\/strong><\/h1>\n<h1><strong> <span style=\"color: #999999;\">TREBALL<\/span><\/strong><\/h1>\n<h1><\/h1>\n<table style=\"height: 440px; width: 1029px;\" width=\"790\">\n<tbody>\n<tr style=\"height: 123px;\">\n<td style=\"text-align: center; width: 216px; height: 123px;\"><a href=\"https:\/\/sites.google.com\/xtec.cat\/gtmates17-18\/inici\" target=\"_blank\" rel=\"noopener noreferrer\"><img loading=\"lazy\" decoding=\"async\" class=\"size-full wp-image-11082 aligncenter\" src=\"https:\/\/serveiseducatius.xtec.cat\/selva2\/wp-content\/uploads\/usu1165\/2021\/05\/mgtm1718.jpg\" alt=\"\" width=\"140\" height=\"95\" \/><\/a><\/td>\n<td style=\"text-align: center; width: 173px; height: 123px;\"><a href=\"https:\/\/sites.google.com\/xtec.cat\/matematiquesaleducacioinfantil\/home\" target=\"_blank\" rel=\"noopener noreferrer\"><img loading=\"lazy\" decoding=\"async\" class=\"size-full wp-image-11083 aligncenter\" src=\"https:\/\/serveiseducatius.xtec.cat\/selva2\/wp-content\/uploads\/usu1165\/2021\/05\/ProblemesMatematicsEI-140x95.png\" alt=\"\" width=\"140\" height=\"95\" \/><\/a><\/td>\n<td style=\"text-align: center; width: 213px; height: 123px;\"><a href=\"https:\/\/odissea.xtec.cat\/course\/view.php?id=3784\" target=\"_blank\" rel=\"noopener noreferrer\"><img loading=\"lazy\" decoding=\"async\" class=\"wp-image-11086 aligncenter\" src=\"https:\/\/serveiseducatius.xtec.cat\/selva2\/wp-content\/uploads\/usu1165\/2021\/05\/competencies_mates.jpg\" alt=\"\" width=\"180\" height=\"74\" \/><\/a><\/td>\n<td style=\"text-align: center; width: 191px; height: 123px;\"><a href=\"https:\/\/sites.google.com\/xtec.cat\/matematiquesrecursosimaterials\/home\" target=\"_blank\" rel=\"noopener noreferrer\"><img loading=\"lazy\" decoding=\"async\" class=\"size-full wp-image-11084 aligncenter\" src=\"https:\/\/serveiseducatius.xtec.cat\/selva2\/wp-content\/uploads\/usu1165\/2021\/05\/mates.png\" alt=\"\" width=\"140\" height=\"95\" \/><\/a><\/td>\n<td style=\"text-align: center; width: 222px; height: 123px;\"><a href=\"https:\/\/sites.google.com\/xtec.cat\/grupdetreballdematemtiques\/inici\" target=\"_blank\" rel=\"noopener noreferrer\"><img loading=\"lazy\" decoding=\"async\" class=\"size-full wp-image-11085 aligncenter\" src=\"https:\/\/serveiseducatius.xtec.cat\/selva2\/wp-content\/uploads\/usu1165\/2021\/05\/mates-Sa-Forcanera.jpg\" alt=\"\" width=\"198\" height=\"107\" \/><\/a><\/td>\n<\/tr>\n<tr style=\"height: 33px;\">\n<td style=\"text-align: center; width: 216px; height: 33px;\"><span style=\"color: #808080;\">Sites de materials de matem\u00e0tiques per a EI i EP<\/span><\/td>\n<td style=\"text-align: center; width: 173px; height: 33px;\"><span style=\"color: #808080;\">Sites de problemes matem\u00e0tics visuals a\u00a0 \u00a0E. Infantil<\/span><\/td>\n<td style=\"text-align: center; width: 213px; height: 33px;\"><span style=\"color: #808080;\">Curs Odissea per treballar les compet\u00e8ncies matem\u00e0tiques a l&#8217;ESO<\/span><\/td>\n<td style=\"text-align: center; width: 191px; height: 33px;\"><span style=\"color: #808080;\">Sites de recursos i materials matem\u00e0tics per EI i EP<\/span><\/td>\n<td style=\"text-align: center; width: 222px; height: 33px;\"><span style=\"color: #808080;\">Sites de matem\u00e0tiques de l&#8217;Escola Sa Forcanera<\/span><\/td>\n<\/tr>\n<tr style=\"height: 129px;\">\n<td style=\"width: 216px; height: 129px;\"><a href=\"https:\/\/sites.google.com\/xtec.cat\/magiadellegiriescriure1\/home\" target=\"_blank\" rel=\"noopener noreferrer\"><img loading=\"lazy\" decoding=\"async\" class=\"size-full wp-image-11088 aligncenter\" src=\"https:\/\/serveiseducatius.xtec.cat\/selva2\/wp-content\/uploads\/usu1165\/2021\/05\/magia.png\" alt=\"\" width=\"140\" height=\"95\" \/><\/a><\/td>\n<td style=\"width: 173px; height: 129px;\"><a href=\"https:\/\/sites.google.com\/xtec.cat\/lamgiadellegiriescriure\/inici\" target=\"_blank\" rel=\"noopener noreferrer\"><img loading=\"lazy\" decoding=\"async\" class=\"size-full wp-image-11089 aligncenter\" src=\"https:\/\/serveiseducatius.xtec.cat\/selva2\/wp-content\/uploads\/usu1165\/2021\/05\/magia-LLi-E-site-simple140x95.jpg\" alt=\"\" width=\"140\" height=\"95\" \/><\/a><\/td>\n<td style=\"width: 213px; height: 129px;\"><a href=\"https:\/\/sites.google.com\/xtec.cat\/lalecturailesemocions\/p%C3%A0gina-principal\" target=\"_blank\" rel=\"noopener noreferrer\"><img loading=\"lazy\" decoding=\"async\" class=\"size-full wp-image-11090 aligncenter\" src=\"https:\/\/serveiseducatius.xtec.cat\/selva2\/wp-content\/uploads\/usu1165\/2021\/05\/lectura-i-emocions-140x95.jpg\" alt=\"\" width=\"140\" height=\"95\" \/><\/a><\/td>\n<td style=\"width: 191px; height: 129px;\"><a href=\"https:\/\/sites.google.com\/xtec.cat\/consciencia-fonologica-ei-ci\/home\" target=\"_blank\" rel=\"noopener noreferrer\"><img loading=\"lazy\" decoding=\"async\" class=\"alignright size-full wp-image-11091\" src=\"https:\/\/serveiseducatius.xtec.cat\/selva2\/wp-content\/uploads\/usu1165\/2021\/05\/cf.jpg\" alt=\"\" width=\"140\" height=\"99\" \/><\/a><\/td>\n<td style=\"width: 222px; height: 129px;\"><a href=\"https:\/\/sites.google.com\/site\/robertobolanoenelaula\/\" target=\"_blank\" rel=\"noopener noreferrer\"><img loading=\"lazy\" decoding=\"async\" class=\"size-full wp-image-11093 aligncenter\" src=\"https:\/\/serveiseducatius.xtec.cat\/selva2\/wp-content\/uploads\/usu1165\/2021\/05\/Bolano-140x95.png\" alt=\"\" width=\"140\" height=\"95\" \/><\/a><\/td>\n<\/tr>\n<tr>\n<td style=\"width: 216px; text-align: center;\"><span style=\"color: #808080;\">Sites amb materials per a la lectoescriptura de P3 fins a 3r\u00a0<\/span><\/td>\n<td style=\"width: 173px; text-align: center;\"><span style=\"color: #808080;\">Sites amb materials per a la lectoescriptura E.Infantil i C. Inicial<\/span><\/td>\n<td style=\"width: 213px; text-align: center;\"><span style=\"color: #808080;\">Sites amb propostes did\u00e0ctiques per treballar emocions a partir de textos literaris. ESO,Bat.,etc.\u00a0<\/span><\/td>\n<td style=\"width: 191px; text-align: center;\"><span style=\"color: #808080;\">Sites per treballar pr\u00e0xies bucofonat\u00f2ries, sons i sorolls, s\u00edl\u00b7labes, fonemes, paraules i lletrejar. EI i CI<\/span><\/td>\n<td style=\"width: 222px; text-align: justify;\"><span style=\"color: #808080;\">Sites per difondre la vida i l&#8217;obra de Bola\u00f1o i el seu vincle amb Blanes. 3r-4t ESO i BAT.<\/span><\/td>\n<\/tr>\n<tr style=\"height: 155px;\">\n<td style=\"width: 216px; height: 155px; text-align: center;\"><strong><span style=\"color: #ff6600;\">La llengua anglesa<\/span><\/strong><a href=\"https:\/\/sites.google.com\/a\/xtec.cat\/la-llengua-anglesa\/\" target=\"_blank\" rel=\"noopener noreferrer\"><img loading=\"lazy\" decoding=\"async\" class=\"wp-image-11109 aligncenter\" src=\"https:\/\/serveiseducatius.xtec.cat\/selva2\/wp-content\/uploads\/usu1165\/2021\/05\/llengua-anglesa-1024x1024.jpg\" alt=\"\" width=\"109\" height=\"110\" \/><\/a><\/td>\n<td style=\"width: 173px; height: 155px;\"><a href=\"https:\/\/sites.google.com\/site\/hortescolarecologic\/\" target=\"_blank\" rel=\"noopener noreferrer\"><img loading=\"lazy\" decoding=\"async\" class=\"size-full wp-image-11094 aligncenter\" src=\"https:\/\/serveiseducatius.xtec.cat\/selva2\/wp-content\/uploads\/usu1165\/2021\/05\/HortsEscolars-140x95.png\" alt=\"\" width=\"140\" height=\"95\" \/><\/a><\/td>\n<td style=\"width: 213px; height: 155px;\"><a href=\"https:\/\/sites.google.com\/xtec.cat\/entorn-social-i-natur-vidreres\/inici\" target=\"_blank\" rel=\"noopener noreferrer\"><img loading=\"lazy\" decoding=\"async\" class=\"size-full wp-image-11098 aligncenter\" src=\"https:\/\/serveiseducatius.xtec.cat\/selva2\/wp-content\/uploads\/usu1165\/2021\/05\/vidreres.png\" alt=\"\" width=\"140\" height=\"95\" \/><\/a><\/td>\n<td style=\"width: 191px; height: 155px;\"><a href=\"https:\/\/sites.google.com\/xtec.cat\/coneguem-lentorn\/home\" target=\"_blank\" rel=\"noopener noreferrer\"><img loading=\"lazy\" decoding=\"async\" class=\"alignright size-full wp-image-11101\" src=\"https:\/\/serveiseducatius.xtec.cat\/selva2\/wp-content\/uploads\/usu1165\/2021\/05\/coneguemEntorn-140x95.png\" alt=\"\" width=\"140\" height=\"95\" \/><\/a><\/td>\n<td style=\"width: 222px; height: 155px;\"><a href=\"https:\/\/sites.google.com\/xtec.cat\/artterapia\" target=\"_blank\" rel=\"noopener noreferrer\"><img loading=\"lazy\" decoding=\"async\" class=\"size-full wp-image-11102 aligncenter\" src=\"https:\/\/serveiseducatius.xtec.cat\/selva2\/wp-content\/uploads\/usu1165\/2021\/05\/artterapia.jpg\" alt=\"\" width=\"140\" height=\"95\" \/><\/a><\/td>\n<\/tr>\n<tr>\n<td style=\"width: 216px; text-align: center;\">\n<div>\n<div><span style=\"color: #808080;\">Sites amb activitats competencials per a la millora de la llengua anglesa. P5 i EP<\/span><\/div>\n<\/div>\n<p><strong><span style=\"color: #ff6600;\">\u00a0<\/span><\/strong><\/td>\n<td style=\"width: 173px; text-align: center;\"><span style=\"color: #808080;\">Sites L&#8217;hort escolar ecol\u00f2gic com a recurs educatiu<\/span><\/td>\n<td style=\"width: 213px; text-align: center;\"><span style=\"color: #808080;\">Sites amb material elaborat per mestres de l&#8217;Escola Sant Iscle\u00a0i l&#8217;Escola Salvador Espriu de Vidreres per definir una l\u00ednia coherent de Coneixement del medi\u00a0a Prim\u00e0ria<\/span><\/td>\n<td style=\"width: 191px; text-align: center;\"><span style=\"color: #808080;\">Sites per con\u00e8ixer l\u2019oferta l\u00fadica i cultural de Lloret de Mar, Blanes, Tossa de Mar. ESO,Bat.<\/span><\/td>\n<td style=\"width: 222px; text-align: center;\"><span style=\"color: #808080;\">Sites amb metodologies i recursos que poden afavorir la integraci\u00f3 emocional per mitj\u00e0 d&#8217;un treball creatiu.<\/span><\/td>\n<\/tr>\n<tr>\n<td style=\"width: 216px; text-align: center;\"><a href=\"https:\/\/sites.google.com\/site\/ambientsescolaespriuvidreres\/home\" target=\"_blank\" rel=\"noopener noreferrer\"><img loading=\"lazy\" decoding=\"async\" class=\"size-full wp-image-11125 aligncenter\" src=\"https:\/\/serveiseducatius.xtec.cat\/selva2\/wp-content\/uploads\/usu1165\/2021\/05\/ambients.jpg\" alt=\"\" width=\"144\" height=\"96\" \/><\/a><\/td>\n<td style=\"width: 173px; text-align: center;\"><span style=\"color: #808080;\"><a href=\"https:\/\/sites.google.com\/site\/metodemontessori\/presentaci%C3%B3\" target=\"_blank\" rel=\"noopener noreferrer\"><img loading=\"lazy\" decoding=\"async\" class=\"size-full wp-image-11127 aligncenter\" src=\"https:\/\/serveiseducatius.xtec.cat\/selva2\/wp-content\/uploads\/usu1165\/2021\/05\/montessori.png\" alt=\"\" width=\"140\" height=\"95\" \/><\/a>\u00a0<\/span><\/td>\n<td style=\"width: 213px; text-align: center;\"><span style=\"color: #808080;\">\u00a0<\/span><\/td>\n<td style=\"width: 191px; text-align: center;\"><span style=\"color: #808080;\">\u00a0<\/span><\/td>\n<td style=\"width: 222px; text-align: center;\"><span style=\"color: #808080;\">\u00a0<\/span><\/td>\n<\/tr>\n<tr>\n<td style=\"width: 216px; text-align: center;\">\n<div>\n<div><span style=\"color: #808080;\">Sites amb propostes d&#8217;ambients diversos de l&#8217;Escola Salvador Espriu<\/span><\/div>\n<\/div>\n<\/td>\n<td style=\"width: 173px; text-align: center;\"><a href=\"https:\/\/sites.google.com\/site\/metodemontessori\/presentaci%C3%B3\"><span style=\"color: #808080;\">Sites de recull d&#8217;activitats dissenyades a partir del m\u00e8tode Montessori. EI i EP<\/span><\/a><\/td>\n<td style=\"width: 213px; text-align: center;\"><span style=\"color: #808080;\">\u00a0<\/span><\/td>\n<td style=\"width: 191px; text-align: center;\"><span style=\"color: #808080;\">\u00a0<\/span><\/td>\n<td style=\"width: 222px; text-align: center;\"><span style=\"color: #808080;\">\u00a0<\/span><\/td>\n<\/tr>\n<\/tbody>\n<\/table>\n","protected":false},"excerpt":{"rendered":"<p>GRUPS DE TREBALL Sites de materials de matem\u00e0tiques per a EI i EP Sites de problemes matem\u00e0tics visuals a\u00a0 \u00a0E. [&hellip;]<\/p>\n","protected":false},"author":1,"featured_media":0,"parent":906,"menu_order":10,"comment_status":"closed","ping_status":"closed","template":"page-templates\/side-menu.php","meta":{"_bbp_topic_count":0,"_bbp_reply_count":0,"_bbp_total_topic_count":0,"_bbp_total_reply_count":0,"_bbp_voice_count":0,"_bbp_anonymous_reply_count":0,"_bbp_topic_count_hidden":0,"_bbp_reply_count_hidden":0,"_bbp_forum_subforum_count":0,"site-sidebar-layout":"default","site-content-layout":"","ast-site-content-layout":"","site-content-style":"default","site-sidebar-style":"default","ast-global-header-display":"","ast-banner-title-visibility":"","ast-main-header-display":"","ast-hfb-above-header-display":"","ast-hfb-below-header-display":"","ast-hfb-mobile-header-display":"","site-post-title":"","ast-breadcrumbs-content":"","ast-featured-img":"","footer-sml-layout":"","theme-transparent-header-meta":"","adv-header-id-meta":"","stick-header-meta":"","header-above-stick-meta":"","header-main-stick-meta":"","header-below-stick-meta":"","astra-migrate-meta-layouts":"default","ast-page-background-enabled":"default","ast-page-background-meta":{"desktop":{"background-color":"var(--ast-global-color-4)","background-image":"","background-repeat":"repeat","background-position":"center center","background-size":"auto","background-attachment":"scroll","background-type":"","background-media":"","overlay-type":"","overlay-color":"","overlay-opacity":"","overlay-gradient":""},"tablet":{"background-color":"","background-image":"","background-repeat":"repeat","background-position":"center center","background-size":"auto","background-attachment":"scroll","background-type":"","background-media":"","overlay-type":"","overlay-color":"","overlay-opacity":"","overlay-gradient":""},"mobile":{"background-color":"","background-image":"","background-repeat":"repeat","background-position":"center center","background-size":"auto","background-attachment":"scroll","background-type":"","background-media":"","overlay-type":"","overlay-color":"","overlay-opacity":"","overlay-gradient":""}},"ast-content-background-meta":{"desktop":{"background-color":"var(--ast-global-color-5)","background-image":"","background-repeat":"repeat","background-position":"center center","background-size":"auto","background-attachment":"scroll","background-type":"","background-media":"","overlay-type":"","overlay-color":"","overlay-opacity":"","overlay-gradient":""},"tablet":{"background-color":"var(--ast-global-color-5)","background-image":"","background-repeat":"repeat","background-position":"center center","background-size":"auto","background-attachment":"scroll","background-type":"","background-media":"","overlay-type":"","overlay-color":"","overlay-opacity":"","overlay-gradient":""},"mobile":{"background-color":"var(--ast-global-color-5)","background-image":"","background-repeat":"repeat","background-position":"center center","background-size":"auto","background-attachment":"scroll","background-type":"","background-media":"","overlay-type":"","overlay-color":"","overlay-opacity":"","overlay-gradient":""}},"footnotes":""},"class_list":["post-11030","page","type-page","status-publish","hentry"],"post_mailing_queue_ids":[],"_links":{"self":[{"href":"https:\/\/serveiseducatius.xtec.cat\/selva2\/wp-json\/wp\/v2\/pages\/11030","targetHints":{"allow":["GET"]}}],"collection":[{"href":"https:\/\/serveiseducatius.xtec.cat\/selva2\/wp-json\/wp\/v2\/pages"}],"about":[{"href":"https:\/\/serveiseducatius.xtec.cat\/selva2\/wp-json\/wp\/v2\/types\/page"}],"author":[{"embeddable":true,"href":"https:\/\/serveiseducatius.xtec.cat\/selva2\/wp-json\/wp\/v2\/users\/1"}],"replies":[{"embeddable":true,"href":"https:\/\/serveiseducatius.xtec.cat\/selva2\/wp-json\/wp\/v2\/comments?post=11030"}],"version-history":[{"count":4,"href":"https:\/\/serveiseducatius.xtec.cat\/selva2\/wp-json\/wp\/v2\/pages\/11030\/revisions"}],"predecessor-version":[{"id":13021,"href":"https:\/\/serveiseducatius.xtec.cat\/selva2\/wp-json\/wp\/v2\/pages\/11030\/revisions\/13021"}],"up":[{"embeddable":true,"href":"https:\/\/serveiseducatius.xtec.cat\/selva2\/wp-json\/wp\/v2\/pages\/906"}],"wp:attachment":[{"href":"https:\/\/serveiseducatius.xtec.cat\/selva2\/wp-json\/wp\/v2\/media?parent=11030"}],"curies":[{"name":"wp","href":"https:\/\/api.w.org\/{rel}","templated":true}]}}