{"id":10992,"date":"2021-05-09T22:41:14","date_gmt":"2021-05-09T20:41:14","guid":{"rendered":"http:\/\/serveiseducatius.xtec.cat\/selva2\/?page_id=10992"},"modified":"2025-03-31T14:43:36","modified_gmt":"2025-03-31T12:43:36","slug":"zona-formadors","status":"publish","type":"page","link":"https:\/\/serveiseducatius.xtec.cat\/selva2\/formacio\/zona-formadors\/","title":{"rendered":"Zona formadors"},"content":{"rendered":"<h4><span style=\"font-size: xx-large;\">Tasques administratives del formador\/a o coordinador\/a d\u2019activitats<\/span><\/h4>\n<table style=\"height: 443px;\" border=\"2\" cellspacing=\"0\">\n<tbody>\n<tr style=\"height: 32px;\">\n<td style=\"height: 32px; width: 190px;\"><b><span style=\"font-family: arial, sans-serif; font-size: medium;\"> QUAN FER-HO<\/span><\/b><\/td>\n<td style=\"height: 32px; width: 1187px;\"><b><span style=\"font-family: arial, sans-serif; font-size: medium;\"> TASQUES<\/span><\/b><\/td>\n<\/tr>\n<tr style=\"height: 44px;\">\n<td style=\"height: 20px; width: 190px;\">\n<div><span style=\"font-family: arial, sans-serif; font-size: medium;\">A la primera sessi\u00f3<\/span><\/div>\n<\/td>\n<td style=\"height: 20px; width: 1187px;\">\n<ul>\n<li><span style=\"font-family: arial, sans-serif; font-size: medium;\">Passar el <b>control de signatures<\/b> i ratllar els espais de la graella que han quedat sense signar.<\/span><\/li>\n<li><span style=\"font-family: arial, sans-serif; font-size: medium;\">Acordar tot el <b>calendari<\/b> de sessions, si encara no est\u00e0 fet.<\/span><\/li>\n<li><span style=\"font-family: arial, sans-serif; font-size: medium;\">Acordar el <b>treball aut\u00f2nom<\/b> individual amb els assistents.<\/span><\/li>\n<\/ul>\n<\/td>\n<\/tr>\n<tr style=\"height: 92px;\">\n<td style=\"height: 92px; width: 190px;\">\n<div><span style=\"font-family: arial, sans-serif; font-size: medium;\">Despr\u00e9s de la primera sessi\u00f3<\/span><\/div>\n<\/td>\n<td style=\"height: 92px; width: 1187px;\">\n<blockquote><p><span style=\"font-family: arial, sans-serif; font-size: medium; color: #000000;\"><b>Comunicar al CRP<\/b>:<\/span><\/p><\/blockquote>\n<blockquote>\n<ul>\n<li dir=\"ltr\"><span style=\"font-family: arial, sans-serif; font-size: medium; color: #000000;\">Relaci\u00f3 de <b>baixes <\/b>i d\u2019<b>assistents que no estaven a la llista<\/b> per inscriure\u2019ls<b>.<\/b><\/span><\/li>\n<\/ul>\n<ul>\n<li dir=\"ltr\"><span style=\"font-family: arial, sans-serif; font-size: medium; color: #000000;\"><b>Calendari<\/b> de totes les sessions, si encara no est\u00e0 fet.<\/span><\/li>\n<\/ul>\n<\/blockquote>\n<\/td>\n<\/tr>\n<tr style=\"height: 116px;\">\n<td style=\"height: 116px; width: 190px;\">\n<div><span style=\"font-family: arial, sans-serif; font-size: medium;\">A totes les sessions de l\u2019activitat<\/span><\/div>\n<\/td>\n<td style=\"height: 116px; width: 1187px;\"><span style=\"font-family: arial, sans-serif; font-size: medium;\"><br \/>\n<\/span><\/p>\n<ul>\n<li><span style=\"font-family: arial, sans-serif; font-size: medium; color: #000000;\">Fer <b>signar<\/b> la graella de signatures i ratllar els espais que han quedat sense signar.<\/span><\/li>\n<li><span style=\"font-family: arial, sans-serif; font-size: medium; color: #000000;\">Si hi ha <b>canvis<\/b> en el calendari o horari, informar-ne al CRP (molt important).<\/span><\/li>\n<li><span style=\"font-family: arial, sans-serif; font-size: medium; color: #000000;\">Fer l&#8217;acta resumida del que s&#8217;ha treballat a cada sessi\u00f3. <\/span><span style=\"color: #0000ff; font-size: medium;\"><a style=\"color: #0000ff;\" href=\"https:\/\/docs.google.com\/a\/xtec.cat\/document\/d\/1LvrByV21GYthP2aL5eJ1IRW5LQco_Z8oEzc89WkJTFs\/edit\">model proposat<\/a>.<\/span><\/li>\n<\/ul>\n<\/td>\n<\/tr>\n<tr style=\"height: 50px;\">\n<td style=\"height: 50px; width: 190px;\">\n<div><span style=\"font-family: arial, sans-serif; font-size: medium;\">A la darrera sessi\u00f3<\/span><\/div>\n<\/td>\n<td style=\"height: 50px; width: 1187px;\">\n<ul>\n<li><span style=\"font-family: arial, sans-serif; font-size: medium;\"><b>Recordar als assistents<\/b> que han de fer el <b>q\u00fcestionari de valoraci\u00f3<\/b> final individual per poder generar els certificats. <\/span><span style=\"font-size: medium;\">Per fer-ho: <\/span><b>XTEC &#8211; Formaci\u00f3 &#8211; La meva formaci\u00f3 &#8211; Les meves activitats &#8211; q\u00fcestionari (bot\u00f3 a cada activitat)<\/b><\/li>\n<\/ul>\n<\/td>\n<\/tr>\n<tr style=\"height: 156px;\">\n<td style=\"height: 133px; width: 190px;\">\n<div><span style=\"font-family: arial, sans-serif; font-size: medium;\">Despr\u00e9s de la darrera sessi\u00f3<\/span><\/div>\n<\/td>\n<td style=\"height: 133px; width: 1187px;\">\n<ul>\n<li><span style=\"font-family: arial, sans-serif; font-size: medium;\">Consignar l\u2019<b>assist\u00e8ncia<\/b> i <b>validar el treball aut\u00f2nom<\/b> dels assistents a GTAF, apartat de \u201c<i>Formadors\/es col\u00b7laboradors, suport<\/i>\u201d <span style=\"color: #0000ff;\"><a style=\"color: #0000ff;\" href=\"https:\/\/aplicacions.gestioeducativa.gencat.cat\/pls\/gtaf\/inici\" target=\"_blank\" rel=\"noopener noreferrer\">Enlla\u00e7 al GTAF<\/a> | <a style=\"color: #0000ff;\" href=\"https:\/\/drive.google.com\/file\/d\/0B4XAZPQCsYm_ZllFSnN3LS1wU0E\/view\" target=\"_blank\" rel=\"noopener noreferrer\">Guia del GTAF<\/a> <\/span><\/span><\/li>\n<li><span style=\"font-family: arial, sans-serif; font-size: medium;\">Imprimir i signar l\u2019<b>acta d\u2019assist\u00e8ncia<\/b> que genera el GTAF i portar-la al CRP.<\/span><\/li>\n<li><span style=\"font-family: arial, sans-serif; font-size: medium;\">Contestar el <b>q\u00fcestionari d\u2019avaluaci\u00f3<\/b> final com a formador a: <i>GTAF\/Formadors\/Q\u00fcestionaris<\/i>. Des d&#8217;aqu\u00ed tamb\u00e9 podreu veure la valoraci\u00f3 dels assistents quan s&#8217;hagi tancat l&#8217;activitat.<\/span><\/li>\n<li><span style=\"font-family: arial, sans-serif; font-size: medium;\">Portar al CRP els <b>materials elaborats<\/b> i la <b>documentaci\u00f3<\/b> que es relaciona tot seguit:<\/span><\/li>\n<\/ul>\n<\/td>\n<\/tr>\n<\/tbody>\n<\/table>\n<div>\n<h4><span style=\"font-size: large; color: #000000;\"><span style=\"font-size: x-large;\">Documentaci\u00f3<\/span> que cal entregar al CRP no m\u00e9s tard de 15 dies un cop acabada l\u2019activitat<\/span><\/h4>\n<ul>\n<li><span style=\"color: #000000; font-size: medium;\">Graella d\u2019assist\u00e8ncia amb signatures originals<\/span><\/li>\n<li><span style=\"font-size: medium;\"><span style=\"color: #000000;\">Acta d\u2019assist\u00e8ncia que genera el GTAF signada pel formador\/a o coordinador\/a.<\/span><\/span><\/li>\n<li><span style=\"color: #000000; font-size: medium;\">Per als cursos, assessoraments i tallers: Material emprat en format digital (Gui\u00f3 dels continguts treballats i materials)<\/span><\/li>\n<li><span style=\"font-size: medium;\"><b><span style=\"color: #cc0000;\">Per als Grups de treball:<\/span><\/b><span style=\"color: #000000;\"> Material elaborat en PDF per fer-ne difusi\u00f3 al web del servei educatiu i en paper si cal.<\/span><\/span><\/li>\n<\/ul>\n<\/div>\n","protected":false},"excerpt":{"rendered":"<p>Tasques administratives del formador\/a o coordinador\/a d\u2019activitats QUAN FER-HO TASQUES A la primera sessi\u00f3 Passar el control de signatures i [&hellip;]<\/p>\n","protected":false},"author":1,"featured_media":0,"parent":10551,"menu_order":6,"comment_status":"closed","ping_status":"closed","template":"","meta":{"_bbp_topic_count":0,"_bbp_reply_count":0,"_bbp_total_topic_count":0,"_bbp_total_reply_count":0,"_bbp_voice_count":0,"_bbp_anonymous_reply_count":0,"_bbp_topic_count_hidden":0,"_bbp_reply_count_hidden":0,"_bbp_forum_subforum_count":0,"site-sidebar-layout":"default","site-content-layout":"","ast-site-content-layout":"default","site-content-style":"default","site-sidebar-style":"default","ast-global-header-display":"","ast-banner-title-visibility":"","ast-main-header-display":"","ast-hfb-above-header-display":"","ast-hfb-below-header-display":"","ast-hfb-mobile-header-display":"","site-post-title":"","ast-breadcrumbs-content":"","ast-featured-img":"","footer-sml-layout":"","theme-transparent-header-meta":"","adv-header-id-meta":"","stick-header-meta":"","header-above-stick-meta":"","header-main-stick-meta":"","header-below-stick-meta":"","astra-migrate-meta-layouts":"set","ast-page-background-enabled":"default","ast-page-background-meta":{"desktop":{"background-color":"var(--ast-global-color-4)","background-image":"","background-repeat":"repeat","background-position":"center center","background-size":"auto","background-attachment":"scroll","background-type":"","background-media":"","overlay-type":"","overlay-color":"","overlay-opacity":"","overlay-gradient":""},"tablet":{"background-color":"","background-image":"","background-repeat":"repeat","background-position":"center center","background-size":"auto","background-attachment":"scroll","background-type":"","background-media":"","overlay-type":"","overlay-color":"","overlay-opacity":"","overlay-gradient":""},"mobile":{"background-color":"","background-image":"","background-repeat":"repeat","background-position":"center center","background-size":"auto","background-attachment":"scroll","background-type":"","background-media":"","overlay-type":"","overlay-color":"","overlay-opacity":"","overlay-gradient":""}},"ast-content-background-meta":{"desktop":{"background-color":"var(--ast-global-color-5)","background-image":"","background-repeat":"repeat","background-position":"center center","background-size":"auto","background-attachment":"scroll","background-type":"","background-media":"","overlay-type":"","overlay-color":"","overlay-opacity":"","overlay-gradient":""},"tablet":{"background-color":"var(--ast-global-color-5)","background-image":"","background-repeat":"repeat","background-position":"center center","background-size":"auto","background-attachment":"scroll","background-type":"","background-media":"","overlay-type":"","overlay-color":"","overlay-opacity":"","overlay-gradient":""},"mobile":{"background-color":"var(--ast-global-color-5)","background-image":"","background-repeat":"repeat","background-position":"center center","background-size":"auto","background-attachment":"scroll","background-type":"","background-media":"","overlay-type":"","overlay-color":"","overlay-opacity":"","overlay-gradient":""}},"footnotes":""},"class_list":["post-10992","page","type-page","status-publish","hentry"],"post_mailing_queue_ids":[],"_links":{"self":[{"href":"https:\/\/serveiseducatius.xtec.cat\/selva2\/wp-json\/wp\/v2\/pages\/10992","targetHints":{"allow":["GET"]}}],"collection":[{"href":"https:\/\/serveiseducatius.xtec.cat\/selva2\/wp-json\/wp\/v2\/pages"}],"about":[{"href":"https:\/\/serveiseducatius.xtec.cat\/selva2\/wp-json\/wp\/v2\/types\/page"}],"author":[{"embeddable":true,"href":"https:\/\/serveiseducatius.xtec.cat\/selva2\/wp-json\/wp\/v2\/users\/1"}],"replies":[{"embeddable":true,"href":"https:\/\/serveiseducatius.xtec.cat\/selva2\/wp-json\/wp\/v2\/comments?post=10992"}],"version-history":[{"count":5,"href":"https:\/\/serveiseducatius.xtec.cat\/selva2\/wp-json\/wp\/v2\/pages\/10992\/revisions"}],"predecessor-version":[{"id":14636,"href":"https:\/\/serveiseducatius.xtec.cat\/selva2\/wp-json\/wp\/v2\/pages\/10992\/revisions\/14636"}],"up":[{"embeddable":true,"href":"https:\/\/serveiseducatius.xtec.cat\/selva2\/wp-json\/wp\/v2\/pages\/10551"}],"wp:attachment":[{"href":"https:\/\/serveiseducatius.xtec.cat\/selva2\/wp-json\/wp\/v2\/media?parent=10992"}],"curies":[{"name":"wp","href":"https:\/\/api.w.org\/{rel}","templated":true}]}}