{"id":10982,"date":"2021-05-09T22:27:13","date_gmt":"2021-05-09T20:27:13","guid":{"rendered":"http:\/\/serveiseducatius.xtec.cat\/selva2\/?page_id=10982"},"modified":"2026-04-09T10:21:46","modified_gmt":"2026-04-09T08:21:46","slug":"oferta-activitats-de-zona","status":"publish","type":"page","link":"https:\/\/serveiseducatius.xtec.cat\/selva2\/formacio\/oferta-activitats-de-zona\/","title":{"rendered":"Pla de Formaci\u00f3 de Zona Selva II"},"content":{"rendered":"\n<p class=\"has-white-color has-vivid-red-background-color has-text-color has-background has-link-color has-x-large-font-size wp-elements-c790c0ce8bb33d3ec0a37420a3b1913f\">PFZ 2026-2027<\/p>\n\n\n\n<div class=\"wp-block-columns is-layout-flex wp-container-core-columns-is-layout-1 wp-block-columns-is-layout-flex\">\n<div class=\"wp-block-column is-layout-flow wp-block-column-is-layout-flow\" style=\"flex-basis:66.66%\">\n<ul class=\"wp-block-list\">\n<li><strong>Circular<\/strong>&nbsp;dels ST d\u2019Educaci\u00f3 a Girona<\/li>\n\n\n\n<li><strong>Enlla\u00e7 al formulari per a la sol\u00b7licitud d\u2019activitats del PFZ 26-27 (enlla\u00e7)<\/strong><\/li>\n\n\n\n<li><strong>Enlla\u00e7 al formulari per a la sol\u00b7licitud d\u2019activitats&nbsp;<\/strong>de formaci\u00f3 <strong>FORA DE TERMINI<\/strong> del PFZ Selva II 26-27 (Clicar enlla\u00e7).&nbsp;<\/li>\n\n\n\n<li><strong>Termini per demanar activitats<\/strong>: del 15 d&#8217;abril al 29 de maig de 2026<\/li>\n\n\n\n<li class=\"has-vivid-red-color has-text-color has-link-color has-medium-font-size wp-elements-89fd45db352af9853c04186247c89903\"><strong>Publicaci\u00f3 activitats web: <\/strong>2a quinzena de juliol 2026 <strong>(enlla\u00e7 ACTIVITATS 26-27)<\/strong><\/li>\n<\/ul>\n<\/div>\n\n\n\n<div class=\"wp-block-column is-layout-flow wp-block-column-is-layout-flow\" style=\"flex-basis:33.33%\">\n<figure class=\"wp-block-image size-full\"><a href=\"https:\/\/serveiseducatius.xtec.cat\/selva2\/wp-content\/uploads\/usu1165\/2025\/05\/pfz.jpg\"><img loading=\"lazy\" decoding=\"async\" width=\"258\" height=\"195\" src=\"https:\/\/serveiseducatius.xtec.cat\/selva2\/wp-content\/uploads\/usu1165\/2025\/05\/pfz.jpg\" alt=\"\" class=\"wp-image-14818\"\/><\/a><\/figure>\n\n\n\n<p class=\"has-text-align-left has-vivid-red-color has-text-color has-link-color has-large-font-size wp-elements-48e124ed0b62ea4c1773c74773cad2fa\">2026-2027  NOU!!!<\/p>\n<\/div>\n<\/div>\n\n\n\n<div class=\"wp-block-columns is-layout-flex wp-container-core-columns-is-layout-2 wp-block-columns-is-layout-flex\">\n<div class=\"wp-block-column is-layout-flow wp-block-column-is-layout-flow\">\n<h2 class=\"wp-block-heading has-luminous-vivid-amber-background-color has-background\" id=\"single\" style=\"font-size:40px\">1r TORN<\/h2>\n\n\n\n<ul class=\"wp-block-list has-luminous-vivid-amber-background-color has-background has-normal-font-size\">\n<li>Planificaci\u00f3 de l\u2019oferta formativa dels Serveis Educatius \/ Serveis Territorials en el marc dels PFZ &#8211; <strong>Fins al 29 de maig de 2026<\/strong><\/li>\n\n\n\n<li style=\"font-style:normal;font-weight:700\">An\u00e0lisi i aprovaci\u00f3 de les propostes dels PFZ en les Comissions de PFZ &#8211; <strong>Fins al 16 de juny de 202<\/strong>6<\/li>\n\n\n\n<li style=\"font-style:normal;font-weight:700\">Revisi\u00f3 i valoraci\u00f3 de la proposta global (GTAF) &#8211; <strong>Fins al 29 de juny de 202<\/strong>6<\/li>\n\n\n\n<li style=\"font-style:normal;font-weight:700\">Confirmaci\u00f3 de les activitats &#8211;<strong> Fins al 15 de juliol de 202<\/strong>6<\/li>\n\n\n\n<li style=\"font-style:normal;font-weight:700\">Publicaci\u00f3 de les activitats &#8211; <strong>juliol\/agost 202<\/strong>6<\/li>\n\n\n\n<li>Inscripci\u00f3 a les activitats &#8211; <strong>del 4 al 20 de setembre<\/strong><\/li>\n\n\n\n<li>An\u00e0lisi d\u2019inscripcions, modificacions i assignaci\u00f3 de places &#8211; <strong>del 21 de setembre al 5 d&#8217;octubre de 2026<\/strong><\/li>\n\n\n\n<li style=\"font-style:normal;font-weight:700\">Consulta d\u2019assignacions &#8211; <strong>6 d&#8217;octubre de 2026<\/strong><\/li>\n<\/ul>\n\n\n\n<div class=\"wp-block-buttons alignfull is-horizontal is-content-justification-center is-layout-flex wp-container-core-buttons-is-layout-1 wp-block-buttons-is-layout-flex\">\n<div class=\"wp-block-button has-custom-width wp-block-button__width-100\"><a class=\"wp-block-button__link has-white-color has-text-color has-background no-border-radius wp-element-button\" style=\"background-color:#000000\">Inici de les activitats de formaci\u00f3 &#8211; <strong>a partir del 13 d\u2019octubre 2026<\/strong><\/a><\/div>\n<\/div>\n<\/div>\n\n\n\n<div class=\"wp-block-column is-layout-flow wp-block-column-is-layout-flow\">\n<h2 class=\"wp-block-heading has-white-background-color has-background\" id=\"family\" style=\"font-size:40px\">2n TORN<\/h2>\n\n\n\n<ul class=\"wp-block-list has-normal-font-size\">\n<li style=\"font-style:normal;font-weight:700\">Inscripci\u00f3 a les activitats &#8211; <strong>del 7 al 15 de gener de 202<\/strong>7<\/li>\n\n\n\n<li style=\"font-style:normal;font-weight:700\">An\u00e0lisi d\u2019inscripcions, modificacions i assignaci\u00f3 de places &#8211; <strong>del 16 al 28 de gener de 202<\/strong>7<\/li>\n\n\n\n<li>Consulta d\u2019assignacions &#8211; <strong>29 de gener de 2027<\/strong><\/li>\n<\/ul>\n\n\n\n<div class=\"wp-block-buttons alignfull is-horizontal is-content-justification-center is-layout-flex wp-container-core-buttons-is-layout-2 wp-block-buttons-is-layout-flex\">\n<div class=\"wp-block-button has-custom-width wp-block-button__width-100 has-custom-font-size is-style-fill has-medium-font-size\" style=\"font-style:normal;font-weight:700\"><a class=\"wp-block-button__link has-white-color has-text-color has-background no-border-radius wp-element-button\" style=\"background-color:#000000\">Inici de les activitats de formaci\u00f3 &#8211; <strong>a partir del 5 de febrer de 2027<\/strong><\/a><\/div>\n<\/div>\n\n\n\n<p><\/p>\n<\/div>\n<\/div>\n\n\n\n<div class=\"wp-block-getwid-advanced-spacer\" style=\"height:100px\" aria-hidden=\"true\"><\/div>\n\n\n\n<p class=\"has-white-color has-vivid-red-background-color has-text-color has-background has-link-color has-x-large-font-size wp-elements-50ab8b580a724e83906e514d0bf1e163\">PFZ 2025-2026<\/p>\n\n\n\n<div class=\"wp-block-columns is-layout-flex wp-container-core-columns-is-layout-3 wp-block-columns-is-layout-flex\">\n<div class=\"wp-block-column is-layout-flow wp-block-column-is-layout-flow\" style=\"flex-basis:66.66%\">\n<ul class=\"wp-block-list\">\n<li><strong><a href=\"https:\/\/drive.google.com\/file\/d\/1PGeLqf1RSIvc9fnf8kpmVpwIVoD-yN4J\/view?usp=sharing\">Circular<\/a><\/strong>&nbsp;dels ST d\u2019Educaci\u00f3 a Girona<\/li>\n\n\n\n<li><strong><a href=\"https:\/\/forms.gle\/Hw7GvuGCN2s6oUZd8\" target=\"_blank\" rel=\"noreferrer noopener\">Enlla\u00e7 al formulari per a la sol\u00b7licitud d\u2019activitats<\/a>&nbsp;<\/strong>de formaci\u00f3 <strong>FORA DE TERMINI<\/strong> del PFZ Selva II 25-26 (<a href=\"https:\/\/forms.gle\/Hw7GvuGCN2s6oUZd8\" target=\"_blank\" rel=\"noreferrer noopener\">Clicar enlla\u00e7<\/a>).&nbsp;<\/li>\n\n\n\n<li><strong>Enlla\u00e7 al formulari per a la sol\u00b7licitud d\u2019activitats del PFZ 25-26 (enlla\u00e7)<\/strong><\/li>\n\n\n\n<li><strong>Termini per demanar activitats<\/strong>: del 29 d&#8217;abril al 31 de maig de 2025<\/li>\n\n\n\n<li class=\"has-vivid-red-color has-text-color has-link-color has-medium-font-size wp-elements-9a4917a77a46961a9eea5bad6a72b17a\"><strong>Publicaci\u00f3 activitats web: <\/strong>2a quinzena de juliol 2025 <strong><a href=\"https:\/\/aplicacions.gestioeducativa.gencat.cat\/ords\/pls\/soloas\/pk_for_mod_ins.p_for_cons_activitats?p_header=&amp;p_crp=509&amp;p_any=2025-2026&amp;p_totes=N&amp;p_totes=N&amp;p_excloure_crp_rec=T&amp;p_inici=1\" target=\"_blank\" rel=\"noreferrer noopener\">(enlla\u00e7 ACTIVITATS 25-26)<\/a><\/strong><\/li>\n<\/ul>\n<\/div>\n\n\n\n<div class=\"wp-block-column is-layout-flow wp-block-column-is-layout-flow\" style=\"flex-basis:33.33%\">\n<figure class=\"wp-block-image size-full\"><a href=\"https:\/\/serveiseducatius.xtec.cat\/selva2\/wp-content\/uploads\/usu1165\/2025\/05\/pfz.jpg\"><img loading=\"lazy\" decoding=\"async\" width=\"258\" height=\"195\" src=\"https:\/\/serveiseducatius.xtec.cat\/selva2\/wp-content\/uploads\/usu1165\/2025\/05\/pfz.jpg\" alt=\"\" class=\"wp-image-14818\"\/><\/a><\/figure>\n<\/div>\n\n\n\n<div class=\"wp-block-column is-layout-flow wp-block-column-is-layout-flow\"><\/div>\n\n\n\n<div class=\"wp-block-column is-layout-flow wp-block-column-is-layout-flow\"><\/div>\n<\/div>\n\n\n\n<h4 class=\"wp-block-heading has-large-font-size\" style=\"border-style:none;border-width:0px;border-radius:0px\"><iframe loading=\"lazy\" src=\"https:\/\/aplicacions.gestioeducativa.gencat.cat\/pls\/soloas\/pk_for_mod_ins.p_for_cons_activitats?p_header=Selecci%F3%5Epk_for_mod_ins.p_for_form_cons_act?p_excloure_crp_rec=T&amp;p_any=2025-2026&amp;p_crp=509&amp;p_crp_txt=La%20Selva%20II.%20Blanes&amp;p_totes=S&amp;p_totes=S&amp;p_excloure_crp_rec=T&amp;p_inici=1\" width=\"100%\" height=\"500px\" data-mce-fragment=\"1\"><\/iframe><\/h4>\n\n\n\n<figure class=\"wp-block-image\"><a href=\"https:\/\/serveiseducatius.xtec.cat\/selva1\/wp-content\/uploads\/usu773\/2025\/05\/oferta-25-26.png\"><img decoding=\"async\" src=\"https:\/\/serveiseducatius.xtec.cat\/selva1\/wp-content\/uploads\/usu773\/2025\/05\/oferta-25-26-300x216.png\" alt=\"\" class=\"wp-image-10846\"\/><\/a><\/figure>\n\n\n\n<p><strong>Oferta formativa<\/strong>&nbsp;organitzada per la Subdirecci\u00f3 general d\u2019Ordenaci\u00f3 Curricular, CESIRE, l\u2019\u00c0rea de Cultura Digital i DEI per al curs 25-26. La trobareu als seg\u00fcents enlla\u00e7os:<\/p>\n\n\n\n<ul class=\"wp-block-list\">\n<li><a href=\"https:\/\/xtec.gencat.cat\/ca\/formacio\/cataleg-de-formacio\/curs-2025-2026\/\" target=\"_blank\" rel=\"noreferrer noopener\"><strong>Departament d\u2019Educaci\u00f3<\/strong><\/a><\/li>\n\n\n\n<li><a href=\"https:\/\/drive.google.com\/file\/d\/1jdT27wbkYlHZxCLOH0LEsZK-Hdrqxtbv\/view?usp=sharing\" target=\"_blank\" rel=\"noreferrer noopener\"><strong>Subdirecci\u00f3 general d\u2019Ordenaci\u00f3 Curricular<\/strong><\/a><\/li>\n\n\n\n<li><a href=\"https:\/\/drive.google.com\/file\/d\/1EYPR9mpgUuQUEAEaOW2y77TVEI64Pq_Y\/view?usp=sharing\" target=\"_blank\" rel=\"noreferrer noopener\"><strong>CESIRE<\/strong><\/a><\/li>\n\n\n\n<li><a href=\"https:\/\/docs.google.com\/presentation\/d\/1sdtPKxAwuslbV0nPNiylVCy_GtQOoEKd\/edit?usp=sharing&amp;ouid=112608042752759412857&amp;rtpof=true&amp;sd=true\" target=\"_blank\" rel=\"noreferrer noopener\"><strong>\u00c0rea de Cultura Digital<\/strong><\/a><\/li>\n\n\n\n<li><a href=\"https:\/\/drive.google.com\/file\/d\/1tho-AiChPuloLCC-B7XoldeyGALo9YYN\/view?usp=sharing\" target=\"_blank\" rel=\"noreferrer noopener\"><strong>Cat\u00e0leg DEI<\/strong>&nbsp;<\/a>(Dinamitzadores d\u2019Educaci\u00f3 Inclusiva)<\/li>\n<\/ul>\n\n\n\n<div class=\"wp-block-columns alignwide is-layout-flex wp-container-core-columns-is-layout-4 wp-block-columns-is-layout-flex\" style=\"margin-bottom:0\">\n<div class=\"wp-block-column has-text-color has-background has-link-color wp-elements-e5dbf83fde54a60233692e539f40e816 is-layout-flow wp-block-column-is-layout-flow\" style=\"color:#000000;background-color:#ffe97d;padding-top:2em;padding-right:2em;padding-bottom:2em;padding-left:2em\">\n<h2 class=\"wp-block-heading\" id=\"single\" style=\"font-size:40px\">1r TORN<\/h2>\n\n\n\n<p class=\"has-normal-font-size\" style=\"line-height:1.5\"><strong>An\u00e0lisi de necessitats de centres i professorat de la zona (Pla de formaci\u00f3 de centre)<\/strong><\/p>\n\n\n\n<p><strong>Data de finalitzaci\u00f3 de l\u2019activitat <\/strong>&#8211; abans de l&#8217;1 de gener<\/p>\n\n\n\n<hr class=\"wp-block-separator has-text-color has-css-opacity has-background is-style-wide\" style=\"background-color:#000000;color:#000000\"\/>\n\n\n\n<ul class=\"wp-block-list has-normal-font-size\">\n<li>Planificaci\u00f3 de l\u2019oferta formativa dels Serveis Educatius \/ Serveis Territorials en el marc dels PFZ &#8211; <strong>Fins al 31 de maig de 2025<\/strong><\/li>\n\n\n\n<li>An\u00e0lisi i aprovaci\u00f3 de les propostes dels PFZ en les Comissions de PFZ &#8211; <strong>Fins al 16 de juny de 2025<\/strong><\/li>\n\n\n\n<li>Revisi\u00f3 i valoraci\u00f3 de la proposta global (GTAF) &#8211; <strong>Fins al 27 de juny de 2025<\/strong><\/li>\n\n\n\n<li>Confirmaci\u00f3 de les activitats &#8211;<strong> Fins al 15 de juliol de 2025<\/strong><\/li>\n\n\n\n<li>Publicaci\u00f3 de les activitats &#8211; <strong>juliol\/agost 2025<\/strong><\/li>\n\n\n\n<li>Inscripci\u00f3 a les activitats &#8211; <strong>del 5 al 21 de setembre<\/strong><\/li>\n\n\n\n<li>An\u00e0lisi d\u2019inscripcions, modificacions i assignaci\u00f3 de places &#8211; <strong>del 22 de setembre al 6 d&#8217;octubre de 2025<\/strong><\/li>\n\n\n\n<li>Consulta d\u2019assignacions &#8211; <strong>7 d&#8217;octubre<\/strong><\/li>\n<\/ul>\n\n\n\n<div class=\"wp-block-buttons alignfull is-horizontal is-content-justification-center is-layout-flex wp-container-core-buttons-is-layout-3 wp-block-buttons-is-layout-flex\">\n<div class=\"wp-block-button has-custom-width wp-block-button__width-100\"><a class=\"wp-block-button__link has-white-color has-text-color has-background no-border-radius wp-element-button\" style=\"background-color:#000000\">Inici de les activitats de formaci\u00f3 &#8211; <strong>a partir del 13 d\u2019octubre 2025<\/strong><\/a><\/div>\n<\/div>\n<\/div>\n\n\n\n<div class=\"wp-block-column has-text-color has-background has-link-color wp-elements-1658a3713c5f62083668791e3e4ebb81 is-layout-flow wp-block-column-is-layout-flow\" style=\"color:#000000;background-color:#d1d1e1;padding-top:2em;padding-right:2em;padding-bottom:2em;padding-left:2em\">\n<h2 class=\"wp-block-heading\" id=\"family\" style=\"font-size:40px\">2n TORN<\/h2>\n\n\n\n<p class=\"has-normal-font-size\" style=\"line-height:1.5\"><strong><strong>Data de finalitzaci\u00f3 de l\u2019activitat <\/strong><\/strong>&#8211; abans de l&#8217;1 de juliol<\/p>\n\n\n\n<hr class=\"wp-block-separator has-css-opacity is-style-wide\"\/>\n\n\n\n<ul class=\"wp-block-list has-normal-font-size\">\n<li>Inscripci\u00f3 a les activitats &#8211; <strong>del 7 al 15 de gener de 2026<\/strong><\/li>\n\n\n\n<li>An\u00e0lisi d\u2019inscripcions, modificacions i assignaci\u00f3 de places &#8211; <strong>del 16 al 30 de gener de 2026<\/strong><\/li>\n\n\n\n<li>Consulta d\u2019assignacions &#8211; <strong>30 de gener de 2026<\/strong><\/li>\n<\/ul>\n\n\n\n<div class=\"wp-block-buttons alignfull is-horizontal is-content-justification-center is-layout-flex wp-container-core-buttons-is-layout-4 wp-block-buttons-is-layout-flex\">\n<div class=\"wp-block-button has-custom-width wp-block-button__width-100 is-style-fill\"><a class=\"wp-block-button__link has-white-color has-text-color has-background no-border-radius wp-element-button\" style=\"background-color:#000000\">Inici de les activitats de formaci\u00f3 &#8211; <strong>a partir del 5 de febrer de 2026<\/strong><\/a><\/div>\n<\/div>\n\n\n\n<p><\/p>\n<\/div>\n<\/div>\n\n\n\n<div class=\"wp-block-getwid-advanced-spacer\" style=\"height:100px\" aria-hidden=\"true\"><\/div>\n\n\n\n<div class=\"wp-block-columns is-layout-flex wp-container-core-columns-is-layout-5 wp-block-columns-is-layout-flex\">\n<div class=\"wp-block-column is-layout-flow wp-block-column-is-layout-flow\">\n<p><\/p>\n<\/div>\n\n\n\n<div class=\"wp-block-column is-layout-flow wp-block-column-is-layout-flow\"><\/div>\n<\/div>\n\n\n\n<p><\/p>\n","protected":false},"excerpt":{"rendered":"<p>PFZ 2026-2027 2026-2027 NOU!!! 1r TORN 2n TORN PFZ 2025-2026 Oferta formativa&nbsp;organitzada per la Subdirecci\u00f3 general d\u2019Ordenaci\u00f3 Curricular, CESIRE, l\u2019\u00c0rea [&hellip;]<\/p>\n","protected":false},"author":1,"featured_media":0,"parent":10551,"menu_order":0,"comment_status":"closed","ping_status":"closed","template":"","meta":{"_bbp_topic_count":0,"_bbp_reply_count":0,"_bbp_total_topic_count":0,"_bbp_total_reply_count":0,"_bbp_voice_count":0,"_bbp_anonymous_reply_count":0,"_bbp_topic_count_hidden":0,"_bbp_reply_count_hidden":0,"_bbp_forum_subforum_count":0,"site-sidebar-layout":"default","site-content-layout":"","ast-site-content-layout":"default","site-content-style":"default","site-sidebar-style":"default","ast-global-header-display":"","ast-banner-title-visibility":"","ast-main-header-display":"","ast-hfb-above-header-display":"","ast-hfb-below-header-display":"","ast-hfb-mobile-header-display":"","site-post-title":"","ast-breadcrumbs-content":"","ast-featured-img":"","footer-sml-layout":"","theme-transparent-header-meta":"","adv-header-id-meta":"","stick-header-meta":"","header-above-stick-meta":"","header-main-stick-meta":"","header-below-stick-meta":"","astra-migrate-meta-layouts":"set","ast-page-background-enabled":"default","ast-page-background-meta":{"desktop":{"background-color":"var(--ast-global-color-4)","background-image":"","background-repeat":"repeat","background-position":"center center","background-size":"auto","background-attachment":"scroll","background-type":"","background-media":"","overlay-type":"","overlay-color":"","overlay-opacity":"","overlay-gradient":""},"tablet":{"background-color":"","background-image":"","background-repeat":"repeat","background-position":"center center","background-size":"auto","background-attachment":"scroll","background-type":"","background-media":"","overlay-type":"","overlay-color":"","overlay-opacity":"","overlay-gradient":""},"mobile":{"background-color":"","background-image":"","background-repeat":"repeat","background-position":"center center","background-size":"auto","background-attachment":"scroll","background-type":"","background-media":"","overlay-type":"","overlay-color":"","overlay-opacity":"","overlay-gradient":""}},"ast-content-background-meta":{"desktop":{"background-color":"var(--ast-global-color-5)","background-image":"","background-repeat":"repeat","background-position":"center center","background-size":"auto","background-attachment":"scroll","background-type":"","background-media":"","overlay-type":"","overlay-color":"","overlay-opacity":"","overlay-gradient":""},"tablet":{"background-color":"var(--ast-global-color-5)","background-image":"","background-repeat":"repeat","background-position":"center center","background-size":"auto","background-attachment":"scroll","background-type":"","background-media":"","overlay-type":"","overlay-color":"","overlay-opacity":"","overlay-gradient":""},"mobile":{"background-color":"var(--ast-global-color-5)","background-image":"","background-repeat":"repeat","background-position":"center center","background-size":"auto","background-attachment":"scroll","background-type":"","background-media":"","overlay-type":"","overlay-color":"","overlay-opacity":"","overlay-gradient":""}},"footnotes":""},"class_list":["post-10982","page","type-page","status-publish","hentry"],"post_mailing_queue_ids":[],"_links":{"self":[{"href":"https:\/\/serveiseducatius.xtec.cat\/selva2\/wp-json\/wp\/v2\/pages\/10982","targetHints":{"allow":["GET"]}}],"collection":[{"href":"https:\/\/serveiseducatius.xtec.cat\/selva2\/wp-json\/wp\/v2\/pages"}],"about":[{"href":"https:\/\/serveiseducatius.xtec.cat\/selva2\/wp-json\/wp\/v2\/types\/page"}],"author":[{"embeddable":true,"href":"https:\/\/serveiseducatius.xtec.cat\/selva2\/wp-json\/wp\/v2\/users\/1"}],"replies":[{"embeddable":true,"href":"https:\/\/serveiseducatius.xtec.cat\/selva2\/wp-json\/wp\/v2\/comments?post=10982"}],"version-history":[{"count":6,"href":"https:\/\/serveiseducatius.xtec.cat\/selva2\/wp-json\/wp\/v2\/pages\/10982\/revisions"}],"predecessor-version":[{"id":15802,"href":"https:\/\/serveiseducatius.xtec.cat\/selva2\/wp-json\/wp\/v2\/pages\/10982\/revisions\/15802"}],"up":[{"embeddable":true,"href":"https:\/\/serveiseducatius.xtec.cat\/selva2\/wp-json\/wp\/v2\/pages\/10551"}],"wp:attachment":[{"href":"https:\/\/serveiseducatius.xtec.cat\/selva2\/wp-json\/wp\/v2\/media?parent=10982"}],"curies":[{"name":"wp","href":"https:\/\/api.w.org\/{rel}","templated":true}]}}