{"id":10724,"date":"2021-04-20T11:39:40","date_gmt":"2021-04-20T09:39:40","guid":{"rendered":"http:\/\/serveiseducatius.xtec.cat\/selva2\/?page_id=10724"},"modified":"2025-06-30T14:02:05","modified_gmt":"2025-06-30T12:02:05","slug":"entorn","status":"publish","type":"page","link":"https:\/\/serveiseducatius.xtec.cat\/selva2\/el-servei-educatiu\/elic\/cohesio-social\/entorn\/","title":{"rendered":"Els nostres PEE (Plans educatius d&#8217;entorn)"},"content":{"rendered":"\n<p>\u00a0Els <a href=\"https:\/\/xtec.gencat.cat\/ca\/comunitat\/entorn_pee\/\" target=\"_blank\" rel=\"noreferrer noopener\"><strong>Plans Educatius d\u2019Entorn <\/strong><\/a>s\u00f3n una proposta educativa innovadora que vol donar resposta a les m\u00faltiples necessitats de la nostra societat.<\/p>\n\n\n\n<p>S\u00f3n instruments per donar una resposta integrada i comunit\u00e0ria a les necessitats educatives dels membres m\u00e9s joves de la nostra societat, coordinant i dinamitzant l\u2019acci\u00f3 educativa en els diferents \u00e0mbits de la vida dels infants i joves. S\u2019adrecen a tot l\u2019alumnat, i a tota la comunitat educativa, per\u00f2 amb una especial sensibilitat als sectors socials m\u00e9s desafavorits.<\/p>\n\n\n\n<p>L\u2019educaci\u00f3 de ciutadans i ciutadanes per a un m\u00f3n complex i divers hauria de ser:<\/p>\n\n\n\n<ul class=\"wp-block-list\">\n<li>Integral: per abastar tots els aspectes de la persona. No solament ha d\u2019instruir i ensinistrar en unes habilitats intel\u00b7lectuals determinades sin\u00f3 que ha de facilitar tamb\u00e9 compet\u00e8ncies socials i proporcionar capacitats per adaptar-se i conviure en una societat canviant.<\/li>\n\n\n\n<li>Cont\u00ednua: per comprendre tot l\u2019espai-temps vital. El temps de formaci\u00f3 ja no es pot entendre avui parcel\u00b7lat, unes hores al dia (escola) i una \u00e8poca de la vida (inf\u00e0ncia i joventut), ha d\u2019abastar tota la vida.<\/li>\n\n\n\n<li>Arrelada: per tenir uns referents compartits. La incertesa que caracteritza els nostres temps fa que esdevinguin indispensables uns referents identitaris compartits que vinculin les persones a projectes de futur i que donin un sentit al treball i a la conviv\u00e8ncia.<\/li>\n\n\n\n<li>Cohesionadora: per promoure la integraci\u00f3 social. L\u2019arribada de nous ciutadans i ciutadanes al nostre pa\u00eds planteja nous reptes que requereixen una s\u00e8rie d\u2019accions innovadores per promoure la cohesi\u00f3 social mitjan\u00e7ant l\u2019educaci\u00f3 intercultural i l\u2019\u00fas normalitzat de la llengua catalana en un marc multiling\u00fce.<\/li>\n\n\n\n<li>Inclusiva: per incloure a tothom. I per fer-ho possible ha de garantir la igualtat d\u2019oportunitats i evitar qualsevol mena de marginaci\u00f3 i exclusi\u00f3.<\/li>\n\n\n\n<li>En xarxa: per ser-ne tots corresponsables. \u00c9s necessari teixir entre tots una xarxa educativa molt ben cohesionada i aix\u00f2 requereix un treball ben articulat, coordinat i coherent de tots els organismes que treballen en l\u2019atenci\u00f3 i l\u2019educaci\u00f3 dels membres m\u00e9s joves de la societat catalana.<\/li>\n<\/ul>\n\n\n\n<p class=\"has-text-align-right\">Extret XTEC&nbsp;<a href=\"http:\/\/xtec.gencat.cat\/ca\/comunitat\/entorn_pee\/entorn_pee_presentacio\/\" target=\"_blank\" rel=\"noreferrer noopener\">http:\/\/xtec.gencat.cat\/ca\/comunitat\/entorn_pee\/entorn_pee_presentacio\/<\/a><\/p>\n\n\n\n<p class=\"has-text-align-center\"><iframe loading=\"lazy\" src=\"https:\/\/www.google.com\/maps\/d\/embed?mid=10qXUF7_iOqIaw81AW97uMc1RCa83v9RR&amp;hl=ca\" width=\"400\" height=\"240\"><span data-mce-type=\"bookmark\" style=\"display: inline-block; width: 0px; overflow: hidden; line-height: 0;\" class=\"mce_SELRES_start\">\ufeff<\/span><\/iframe><\/p>\n\n\n\n<p><strong><span style=\"color: #000080;\">Blanes:<\/span><\/strong> Pla Educatiu d&#8217;Entorn (PEE) <a href=\"https:\/\/www.blanes.cat\/docweb\/educacio.pee.index\">https:\/\/www.blanes.cat\/docweb\/educacio.pee.index<\/a><\/p>\n\n\n\n<p><span style=\"color: #000080;\"><strong>Lloret de Mar:<\/strong><\/span> Pla Educatiu d&#8217;Entorn (PEE) <a href=\"https:\/\/www.lloret.cat\/ca\/seccions\/educacio\/pla-educatiu-dentorn-projecte-arrelat-1\/pla-educatiu-dentorn-projecte-arrelat\">https:\/\/www.lloret.cat\/ca\/seccions\/educacio\/pla-educatiu-dentorn-projecte-arrelat-1\/pla-educatiu-dentorn-projecte-arrelat<\/a><\/p>\n\n\n\n<p><span style=\"color: #000080;\"><strong>Ma\u00e7anet de la Selva:<\/strong><\/span> Pla Educatiu d&#8217;Entorn (PEE)  <a href=\"https:\/\/www.xn--maanetdelaselva-fmb.cat\/ca\/serveis-a-les-persones\/educacio\/pla-educatiu-dentorn-pee\">https:\/\/www.xn--maanetdelaselva-fmb.cat\/ca\/serveis-a-les-persones\/educacio\/pla-educatiu-dentorn-pee<\/a> \/  Promotor escolar del poble gitano<\/p>\n\n\n\n<hr class=\"wp-block-separator has-alpha-channel-opacity\"\/>\n","protected":false},"excerpt":{"rendered":"<p>\u00a0Els Plans Educatius d\u2019Entorn s\u00f3n una proposta educativa innovadora que vol donar resposta a les m\u00faltiples necessitats de la nostra [&hellip;]<\/p>\n","protected":false},"author":1,"featured_media":15066,"parent":14954,"menu_order":4,"comment_status":"closed","ping_status":"closed","template":"","meta":{"_bbp_topic_count":0,"_bbp_reply_count":0,"_bbp_total_topic_count":0,"_bbp_total_reply_count":0,"_bbp_voice_count":0,"_bbp_anonymous_reply_count":0,"_bbp_topic_count_hidden":0,"_bbp_reply_count_hidden":0,"_bbp_forum_subforum_count":0,"site-sidebar-layout":"default","site-content-layout":"","ast-site-content-layout":"default","site-content-style":"default","site-sidebar-style":"default","ast-global-header-display":"","ast-banner-title-visibility":"","ast-main-header-display":"","ast-hfb-above-header-display":"","ast-hfb-below-header-display":"","ast-hfb-mobile-header-display":"","site-post-title":"","ast-breadcrumbs-content":"","ast-featured-img":"","footer-sml-layout":"","theme-transparent-header-meta":"","adv-header-id-meta":"","stick-header-meta":"","header-above-stick-meta":"","header-main-stick-meta":"","header-below-stick-meta":"","astra-migrate-meta-layouts":"set","ast-page-background-enabled":"default","ast-page-background-meta":{"desktop":{"background-color":"var(--ast-global-color-4)","background-image":"","background-repeat":"repeat","background-position":"center center","background-size":"auto","background-attachment":"scroll","background-type":"","background-media":"","overlay-type":"","overlay-color":"","overlay-opacity":"","overlay-gradient":""},"tablet":{"background-color":"","background-image":"","background-repeat":"repeat","background-position":"center center","background-size":"auto","background-attachment":"scroll","background-type":"","background-media":"","overlay-type":"","overlay-color":"","overlay-opacity":"","overlay-gradient":""},"mobile":{"background-color":"","background-image":"","background-repeat":"repeat","background-position":"center center","background-size":"auto","background-attachment":"scroll","background-type":"","background-media":"","overlay-type":"","overlay-color":"","overlay-opacity":"","overlay-gradient":""}},"ast-content-background-meta":{"desktop":{"background-color":"var(--ast-global-color-5)","background-image":"","background-repeat":"repeat","background-position":"center center","background-size":"auto","background-attachment":"scroll","background-type":"","background-media":"","overlay-type":"","overlay-color":"","overlay-opacity":"","overlay-gradient":""},"tablet":{"background-color":"var(--ast-global-color-5)","background-image":"","background-repeat":"repeat","background-position":"center center","background-size":"auto","background-attachment":"scroll","background-type":"","background-media":"","overlay-type":"","overlay-color":"","overlay-opacity":"","overlay-gradient":""},"mobile":{"background-color":"var(--ast-global-color-5)","background-image":"","background-repeat":"repeat","background-position":"center center","background-size":"auto","background-attachment":"scroll","background-type":"","background-media":"","overlay-type":"","overlay-color":"","overlay-opacity":"","overlay-gradient":""}},"footnotes":""},"class_list":["post-10724","page","type-page","status-publish","has-post-thumbnail","hentry"],"post_mailing_queue_ids":[],"_links":{"self":[{"href":"https:\/\/serveiseducatius.xtec.cat\/selva2\/wp-json\/wp\/v2\/pages\/10724","targetHints":{"allow":["GET"]}}],"collection":[{"href":"https:\/\/serveiseducatius.xtec.cat\/selva2\/wp-json\/wp\/v2\/pages"}],"about":[{"href":"https:\/\/serveiseducatius.xtec.cat\/selva2\/wp-json\/wp\/v2\/types\/page"}],"author":[{"embeddable":true,"href":"https:\/\/serveiseducatius.xtec.cat\/selva2\/wp-json\/wp\/v2\/users\/1"}],"replies":[{"embeddable":true,"href":"https:\/\/serveiseducatius.xtec.cat\/selva2\/wp-json\/wp\/v2\/comments?post=10724"}],"version-history":[{"count":5,"href":"https:\/\/serveiseducatius.xtec.cat\/selva2\/wp-json\/wp\/v2\/pages\/10724\/revisions"}],"predecessor-version":[{"id":15065,"href":"https:\/\/serveiseducatius.xtec.cat\/selva2\/wp-json\/wp\/v2\/pages\/10724\/revisions\/15065"}],"up":[{"embeddable":true,"href":"https:\/\/serveiseducatius.xtec.cat\/selva2\/wp-json\/wp\/v2\/pages\/14954"}],"wp:featuredmedia":[{"embeddable":true,"href":"https:\/\/serveiseducatius.xtec.cat\/selva2\/wp-json\/wp\/v2\/media\/15066"}],"wp:attachment":[{"href":"https:\/\/serveiseducatius.xtec.cat\/selva2\/wp-json\/wp\/v2\/media?parent=10724"}],"curies":[{"name":"wp","href":"https:\/\/api.w.org\/{rel}","templated":true}]}}