{"id":10613,"date":"2021-04-08T13:45:21","date_gmt":"2021-04-08T11:45:21","guid":{"rendered":"http:\/\/serveiseducatius.xtec.cat\/selva2\/?page_id=10613"},"modified":"2025-05-21T10:03:36","modified_gmt":"2025-05-21T08:03:36","slug":"innovacio","status":"publish","type":"page","link":"https:\/\/serveiseducatius.xtec.cat\/selva2\/innovacio\/","title":{"rendered":"Innovaci\u00f3 pedag\u00f2gica"},"content":{"rendered":"\n<p>El&nbsp;<strong>15 de maig<\/strong>, es va publicar al DOGC la&nbsp;<strong><u><a href=\"https:\/\/www.google.com\/url?q=https%3A%2F%2Fdogc.gencat.cat%2Fca%2Fdocument-del-dogc%2F%3FdocumentId%3D1014021&amp;sa=D&amp;ust=1748098440000000&amp;usg=AOvVaw0scTTC6RyeCPw3fC7bVA5k\" target=\"_blank\" rel=\"noreferrer noopener\">Resoluci\u00f3 EDU\/1668\/2025, de 23 d\u2019abril, per la qual s\u2019obre la convocat\u00f2ria p\u00fablica unificada corresponent al curs 2025-2026 per a la participaci\u00f3 dels centres educatius en programes d\u2019innovaci\u00f3 educativa.<\/a><\/u><\/strong><\/p>\n\n\n\n<p>Aquesta resoluci\u00f3&nbsp;<strong>entra en vigor el 16 de maig<\/strong>, i el&nbsp;<strong>termini de presentaci\u00f3 de sol\u00b7licituds finalitzar\u00e0 el 20 de juny de 2025<\/strong>&nbsp;(25 dies h\u00e0bils).<\/p>\n\n\n\n<p>El&nbsp;<strong>llistat de programes inclosos en la convocat\u00f2ria unificada per al curs 2025-2026<\/strong>&nbsp;la trobareu tant al&nbsp;<a href=\"https:\/\/espai.educacio.gencat.cat\/Centres\/Innovacio-pedagogica\/Programes\/Pagines\/default.aspx\"><strong>Portal de Centre<\/strong>&nbsp;<\/a>com a la&nbsp;<strong>XTEC<\/strong>.<\/p>\n\n\n\n<div class=\"wp-block-columns is-layout-flex wp-container-core-columns-is-layout-1 wp-block-columns-is-layout-flex\">\n<div class=\"wp-block-column is-layout-flow wp-block-column-is-layout-flow\">\n<figure class=\"wp-block-image size-full\"><a href=\"https:\/\/serveiseducatius.xtec.cat\/selva2\/general\/convocatoria-unificada-programes-dinnovacio\/\"><img loading=\"lazy\" decoding=\"async\" width=\"538\" height=\"538\" src=\"https:\/\/serveiseducatius.xtec.cat\/selva2\/wp-content\/uploads\/usu1165\/2024\/04\/553X553-LOGO-PROG-inn.png_1595044798.png\" alt=\"\" class=\"wp-image-13916\" srcset=\"https:\/\/serveiseducatius.xtec.cat\/selva2\/wp-content\/uploads\/usu1165\/2024\/04\/553X553-LOGO-PROG-inn.png_1595044798.png 538w, https:\/\/serveiseducatius.xtec.cat\/selva2\/wp-content\/uploads\/usu1165\/2024\/04\/553X553-LOGO-PROG-inn.png_1595044798-300x300.png 300w, https:\/\/serveiseducatius.xtec.cat\/selva2\/wp-content\/uploads\/usu1165\/2024\/04\/553X553-LOGO-PROG-inn.png_1595044798-150x150.png 150w\" sizes=\"auto, (max-width: 538px) 100vw, 538px\" \/><\/a><\/figure>\n<\/div>\n\n\n\n<div class=\"wp-block-column is-layout-flow wp-block-column-is-layout-flow\">\n<figure class=\"wp-block-image size-full\"><a href=\"https:\/\/espai.educacio.gencat.cat\/Centres\/Innovacio-pedagogica\/Programes\/Pagines\/default.aspx\"><img loading=\"lazy\" decoding=\"async\" width=\"461\" height=\"530\" src=\"https:\/\/serveiseducatius.xtec.cat\/selva2\/wp-content\/uploads\/usu1165\/2025\/05\/innovacio-2025.jpg\" alt=\"\" class=\"wp-image-14915\" srcset=\"https:\/\/serveiseducatius.xtec.cat\/selva2\/wp-content\/uploads\/usu1165\/2025\/05\/innovacio-2025.jpg 461w, https:\/\/serveiseducatius.xtec.cat\/selva2\/wp-content\/uploads\/usu1165\/2025\/05\/innovacio-2025-261x300.jpg 261w\" sizes=\"auto, (max-width: 461px) 100vw, 461px\" \/><\/a><\/figure>\n<\/div>\n<\/div>\n\n\n\n<p><strong>Mapa d&#8217;innovaci\u00f3 educativa<\/strong><\/p>\n\n\n\n<figure class=\"wp-block-image size-large is-resized\"><a href=\"https:\/\/innovacio.xtec.gencat.cat\/\"><img loading=\"lazy\" decoding=\"async\" width=\"1024\" height=\"407\" src=\"https:\/\/serveiseducatius.xtec.cat\/selva2\/wp-content\/uploads\/usu1165\/2025\/03\/mapa-dinnovacio-educativa-1024x407.jpg\" alt=\"\" class=\"wp-image-14687\" style=\"width:554px;height:auto\" srcset=\"https:\/\/serveiseducatius.xtec.cat\/selva2\/wp-content\/uploads\/usu1165\/2025\/03\/mapa-dinnovacio-educativa-1024x407.jpg 1024w, https:\/\/serveiseducatius.xtec.cat\/selva2\/wp-content\/uploads\/usu1165\/2025\/03\/mapa-dinnovacio-educativa-300x119.jpg 300w, https:\/\/serveiseducatius.xtec.cat\/selva2\/wp-content\/uploads\/usu1165\/2025\/03\/mapa-dinnovacio-educativa-768x305.jpg 768w, https:\/\/serveiseducatius.xtec.cat\/selva2\/wp-content\/uploads\/usu1165\/2025\/03\/mapa-dinnovacio-educativa.jpg 1346w\" sizes=\"auto, (max-width: 1024px) 100vw, 1024px\" \/><\/a><\/figure>\n","protected":false},"excerpt":{"rendered":"<p>El&nbsp;15 de maig, es va publicar al DOGC la&nbsp;Resoluci\u00f3 EDU\/1668\/2025, de 23 d\u2019abril, per la qual s\u2019obre la convocat\u00f2ria p\u00fablica [&hellip;]<\/p>\n","protected":false},"author":1,"featured_media":0,"parent":0,"menu_order":0,"comment_status":"closed","ping_status":"closed","template":"","meta":{"_bbp_topic_count":0,"_bbp_reply_count":0,"_bbp_total_topic_count":0,"_bbp_total_reply_count":0,"_bbp_voice_count":0,"_bbp_anonymous_reply_count":0,"_bbp_topic_count_hidden":0,"_bbp_reply_count_hidden":0,"_bbp_forum_subforum_count":0,"site-sidebar-layout":"default","site-content-layout":"","ast-site-content-layout":"default","site-content-style":"default","site-sidebar-style":"default","ast-global-header-display":"","ast-banner-title-visibility":"","ast-main-header-display":"","ast-hfb-above-header-display":"","ast-hfb-below-header-display":"","ast-hfb-mobile-header-display":"","site-post-title":"","ast-breadcrumbs-content":"","ast-featured-img":"","footer-sml-layout":"","theme-transparent-header-meta":"","adv-header-id-meta":"","stick-header-meta":"","header-above-stick-meta":"","header-main-stick-meta":"","header-below-stick-meta":"","astra-migrate-meta-layouts":"set","ast-page-background-enabled":"default","ast-page-background-meta":{"desktop":{"background-color":"var(--ast-global-color-4)","background-image":"","background-repeat":"repeat","background-position":"center center","background-size":"auto","background-attachment":"scroll","background-type":"","background-media":"","overlay-type":"","overlay-color":"","overlay-opacity":"","overlay-gradient":""},"tablet":{"background-color":"","background-image":"","background-repeat":"repeat","background-position":"center center","background-size":"auto","background-attachment":"scroll","background-type":"","background-media":"","overlay-type":"","overlay-color":"","overlay-opacity":"","overlay-gradient":""},"mobile":{"background-color":"","background-image":"","background-repeat":"repeat","background-position":"center center","background-size":"auto","background-attachment":"scroll","background-type":"","background-media":"","overlay-type":"","overlay-color":"","overlay-opacity":"","overlay-gradient":""}},"ast-content-background-meta":{"desktop":{"background-color":"var(--ast-global-color-5)","background-image":"","background-repeat":"repeat","background-position":"center center","background-size":"auto","background-attachment":"scroll","background-type":"","background-media":"","overlay-type":"","overlay-color":"","overlay-opacity":"","overlay-gradient":""},"tablet":{"background-color":"var(--ast-global-color-5)","background-image":"","background-repeat":"repeat","background-position":"center center","background-size":"auto","background-attachment":"scroll","background-type":"","background-media":"","overlay-type":"","overlay-color":"","overlay-opacity":"","overlay-gradient":""},"mobile":{"background-color":"var(--ast-global-color-5)","background-image":"","background-repeat":"repeat","background-position":"center center","background-size":"auto","background-attachment":"scroll","background-type":"","background-media":"","overlay-type":"","overlay-color":"","overlay-opacity":"","overlay-gradient":""}},"footnotes":""},"class_list":["post-10613","page","type-page","status-publish","hentry"],"post_mailing_queue_ids":[],"_links":{"self":[{"href":"https:\/\/serveiseducatius.xtec.cat\/selva2\/wp-json\/wp\/v2\/pages\/10613","targetHints":{"allow":["GET"]}}],"collection":[{"href":"https:\/\/serveiseducatius.xtec.cat\/selva2\/wp-json\/wp\/v2\/pages"}],"about":[{"href":"https:\/\/serveiseducatius.xtec.cat\/selva2\/wp-json\/wp\/v2\/types\/page"}],"author":[{"embeddable":true,"href":"https:\/\/serveiseducatius.xtec.cat\/selva2\/wp-json\/wp\/v2\/users\/1"}],"replies":[{"embeddable":true,"href":"https:\/\/serveiseducatius.xtec.cat\/selva2\/wp-json\/wp\/v2\/comments?post=10613"}],"version-history":[{"count":6,"href":"https:\/\/serveiseducatius.xtec.cat\/selva2\/wp-json\/wp\/v2\/pages\/10613\/revisions"}],"predecessor-version":[{"id":14916,"href":"https:\/\/serveiseducatius.xtec.cat\/selva2\/wp-json\/wp\/v2\/pages\/10613\/revisions\/14916"}],"wp:attachment":[{"href":"https:\/\/serveiseducatius.xtec.cat\/selva2\/wp-json\/wp\/v2\/media?parent=10613"}],"curies":[{"name":"wp","href":"https:\/\/api.w.org\/{rel}","templated":true}]}}