{"id":10591,"date":"2021-04-07T14:16:02","date_gmt":"2021-04-07T12:16:02","guid":{"rendered":"http:\/\/serveiseducatius.xtec.cat\/selva2\/?page_id=10591"},"modified":"2025-03-31T15:13:48","modified_gmt":"2025-03-31T13:13:48","slug":"100tifiques-didnc-11-febrer","status":"publish","type":"page","link":"https:\/\/serveiseducatius.xtec.cat\/selva2\/dinamitzacio\/100tifiques-didnc-11-febrer\/","title":{"rendered":"#100t\u00edfiques DIDNC (11 febrer)"},"content":{"rendered":"<p style=\"font-weight: 400;\">Per tercer any consecutiu, el dia 11 de febrer,\u00a0<em><span style=\"color: #800000;\"><strong>Dia Internacional de les Dones i les Nenes en la Ci\u00e8ncia<\/strong><\/span>,\u00a0<\/em>m\u00e9s de 450\u00a0<a href=\"https:\/\/100tifiques.cat\/\" target=\"_blank\" rel=\"noopener\" data-saferedirecturl=\"https:\/\/www.google.com\/url?q=https:\/\/100tifiques.cat\/&amp;source=gmail&amp;ust=1615299875981000&amp;usg=AFQjCNFuhdU4_j2az7g6S2LOkjoSGe0TNQ\">#100t\u00edfiques<\/a>\u00a0es van connectar amb 480 escoles per explicar i promoure els\u00a0rols i models femenins de refer\u00e8ncia ens els \u00e0mbits de les ci\u00e8ncies i les enginyeries, per fomentar les vocacions cient\u00edfiques dels nens i, especialment, de les nenes.<\/p>\n<p style=\"font-weight: 400;\">Us compartim l&#8217;enlla\u00e7 al v\u00eddeo del dia de la ci\u00e8ncia a les escoles 2020 que\u00a0est\u00e0 disponible al canal youtube\u00a0<a href=\"https:\/\/youtu.be\/Ihz4QNnAx1Y\" target=\"_blank\" rel=\"noopener\" data-saferedirecturl=\"https:\/\/www.google.com\/url?q=https:\/\/youtu.be\/Ihz4QNnAx1Y&amp;source=gmail&amp;ust=1615299875981000&amp;usg=AFQjCNHilScCTEkMkIJT5-mmQiFVGcvd4g\">Fundaci\u00f3 Catalana per a la Recerca i la Innovaci\u00f3<\/a><\/p>\n<p><iframe loading=\"lazy\" src=\"\/\/www.youtube.com\/embed\/Ihz4QNnAx1Y\" width=\"560\" height=\"315\" frameborder=\"0\" data-mce-fragment=\"1\"><\/iframe><\/p>\n","protected":false},"excerpt":{"rendered":"<p>Per tercer any consecutiu, el dia 11 de febrer,\u00a0Dia Internacional de les Dones i les Nenes en la Ci\u00e8ncia,\u00a0m\u00e9s de [&hellip;]<\/p>\n","protected":false},"author":1,"featured_media":0,"parent":10575,"menu_order":5,"comment_status":"closed","ping_status":"closed","template":"","meta":{"_bbp_topic_count":0,"_bbp_reply_count":0,"_bbp_total_topic_count":0,"_bbp_total_reply_count":0,"_bbp_voice_count":0,"_bbp_anonymous_reply_count":0,"_bbp_topic_count_hidden":0,"_bbp_reply_count_hidden":0,"_bbp_forum_subforum_count":0,"site-sidebar-layout":"default","site-content-layout":"","ast-site-content-layout":"default","site-content-style":"default","site-sidebar-style":"default","ast-global-header-display":"","ast-banner-title-visibility":"","ast-main-header-display":"","ast-hfb-above-header-display":"","ast-hfb-below-header-display":"","ast-hfb-mobile-header-display":"","site-post-title":"","ast-breadcrumbs-content":"","ast-featured-img":"","footer-sml-layout":"","theme-transparent-header-meta":"","adv-header-id-meta":"","stick-header-meta":"","header-above-stick-meta":"","header-main-stick-meta":"","header-below-stick-meta":"","astra-migrate-meta-layouts":"set","ast-page-background-enabled":"default","ast-page-background-meta":{"desktop":{"background-color":"var(--ast-global-color-4)","background-image":"","background-repeat":"repeat","background-position":"center center","background-size":"auto","background-attachment":"scroll","background-type":"","background-media":"","overlay-type":"","overlay-color":"","overlay-opacity":"","overlay-gradient":""},"tablet":{"background-color":"","background-image":"","background-repeat":"repeat","background-position":"center center","background-size":"auto","background-attachment":"scroll","background-type":"","background-media":"","overlay-type":"","overlay-color":"","overlay-opacity":"","overlay-gradient":""},"mobile":{"background-color":"","background-image":"","background-repeat":"repeat","background-position":"center center","background-size":"auto","background-attachment":"scroll","background-type":"","background-media":"","overlay-type":"","overlay-color":"","overlay-opacity":"","overlay-gradient":""}},"ast-content-background-meta":{"desktop":{"background-color":"var(--ast-global-color-5)","background-image":"","background-repeat":"repeat","background-position":"center center","background-size":"auto","background-attachment":"scroll","background-type":"","background-media":"","overlay-type":"","overlay-color":"","overlay-opacity":"","overlay-gradient":""},"tablet":{"background-color":"var(--ast-global-color-5)","background-image":"","background-repeat":"repeat","background-position":"center center","background-size":"auto","background-attachment":"scroll","background-type":"","background-media":"","overlay-type":"","overlay-color":"","overlay-opacity":"","overlay-gradient":""},"mobile":{"background-color":"var(--ast-global-color-5)","background-image":"","background-repeat":"repeat","background-position":"center center","background-size":"auto","background-attachment":"scroll","background-type":"","background-media":"","overlay-type":"","overlay-color":"","overlay-opacity":"","overlay-gradient":""}},"footnotes":""},"class_list":["post-10591","page","type-page","status-publish","hentry"],"post_mailing_queue_ids":[],"_links":{"self":[{"href":"https:\/\/serveiseducatius.xtec.cat\/selva2\/wp-json\/wp\/v2\/pages\/10591","targetHints":{"allow":["GET"]}}],"collection":[{"href":"https:\/\/serveiseducatius.xtec.cat\/selva2\/wp-json\/wp\/v2\/pages"}],"about":[{"href":"https:\/\/serveiseducatius.xtec.cat\/selva2\/wp-json\/wp\/v2\/types\/page"}],"author":[{"embeddable":true,"href":"https:\/\/serveiseducatius.xtec.cat\/selva2\/wp-json\/wp\/v2\/users\/1"}],"replies":[{"embeddable":true,"href":"https:\/\/serveiseducatius.xtec.cat\/selva2\/wp-json\/wp\/v2\/comments?post=10591"}],"version-history":[{"count":4,"href":"https:\/\/serveiseducatius.xtec.cat\/selva2\/wp-json\/wp\/v2\/pages\/10591\/revisions"}],"predecessor-version":[{"id":14649,"href":"https:\/\/serveiseducatius.xtec.cat\/selva2\/wp-json\/wp\/v2\/pages\/10591\/revisions\/14649"}],"up":[{"embeddable":true,"href":"https:\/\/serveiseducatius.xtec.cat\/selva2\/wp-json\/wp\/v2\/pages\/10575"}],"wp:attachment":[{"href":"https:\/\/serveiseducatius.xtec.cat\/selva2\/wp-json\/wp\/v2\/media?parent=10591"}],"curies":[{"name":"wp","href":"https:\/\/api.w.org\/{rel}","templated":true}]}}