{"id":10579,"date":"2021-04-07T13:11:45","date_gmt":"2021-04-07T11:11:45","guid":{"rendered":"http:\/\/serveiseducatius.xtec.cat\/selva2\/?page_id=10579"},"modified":"2026-01-16T13:39:02","modified_gmt":"2026-01-16T12:39:02","slug":"seminari-pri-sec","status":"publish","type":"page","link":"https:\/\/serveiseducatius.xtec.cat\/selva2\/formacio\/seminari-pri-sec\/","title":{"rendered":"Seminari PRI-SEC"},"content":{"rendered":"<p><strong>Seminari de Coordinaci\u00f3 d&#8217;equips directius. Gesti\u00f3 pedag\u00f2gica. Coordinaci\u00f3 prim\u00e0ria secund\u00e0ria.\u00a0<\/strong><\/p>\n<p>Hi participen els coordinadors pedag\u00f2gics dels centres de secund\u00e0ria i els caps d&#8217;estudis dels centres de prim\u00e0ria de la Selva II (Blanes, Lloret de Mar, Tossa de Mar, Vidreres i Ma\u00e7anet de la Selva).<\/p>\n<p>Seminari per aquest 2025-2026:<\/p>\n<p><a href=\"https:\/\/serveiseducatius.xtec.cat\/selva2\/wp-content\/uploads\/usu1165\/2025\/10\/Captura-de-pantalla-2025-10-16-a-las-19.52.32.png\"><img loading=\"lazy\" decoding=\"async\" class=\"alignnone size-full wp-image-15361\" src=\"https:\/\/serveiseducatius.xtec.cat\/selva2\/wp-content\/uploads\/usu1165\/2025\/10\/Captura-de-pantalla-2025-10-16-a-las-19.52.32.png\" alt=\"\" width=\"1798\" height=\"1012\" srcset=\"https:\/\/serveiseducatius.xtec.cat\/selva2\/wp-content\/uploads\/usu1165\/2025\/10\/Captura-de-pantalla-2025-10-16-a-las-19.52.32.png 1798w, https:\/\/serveiseducatius.xtec.cat\/selva2\/wp-content\/uploads\/usu1165\/2025\/10\/Captura-de-pantalla-2025-10-16-a-las-19.52.32-300x169.png 300w, https:\/\/serveiseducatius.xtec.cat\/selva2\/wp-content\/uploads\/usu1165\/2025\/10\/Captura-de-pantalla-2025-10-16-a-las-19.52.32-1024x576.png 1024w, https:\/\/serveiseducatius.xtec.cat\/selva2\/wp-content\/uploads\/usu1165\/2025\/10\/Captura-de-pantalla-2025-10-16-a-las-19.52.32-768x432.png 768w, https:\/\/serveiseducatius.xtec.cat\/selva2\/wp-content\/uploads\/usu1165\/2025\/10\/Captura-de-pantalla-2025-10-16-a-las-19.52.32-1536x865.png 1536w\" sizes=\"auto, (max-width: 1798px) 100vw, 1798px\" \/><\/a><\/p>\n\n\n<figure class=\"wp-block-image size-large\"><a href=\"https:\/\/serveiseducatius.xtec.cat\/selva2\/wp-content\/uploads\/usu1165\/2026\/01\/Captura-de-pantalla-2026-01-16-a-las-13.37.06.png\"><img loading=\"lazy\" decoding=\"async\" width=\"721\" height=\"1024\" src=\"https:\/\/serveiseducatius.xtec.cat\/selva2\/wp-content\/uploads\/usu1165\/2026\/01\/Captura-de-pantalla-2026-01-16-a-las-13.37.06-721x1024.png\" alt=\"\" class=\"wp-image-15657\" srcset=\"https:\/\/serveiseducatius.xtec.cat\/selva2\/wp-content\/uploads\/usu1165\/2026\/01\/Captura-de-pantalla-2026-01-16-a-las-13.37.06-721x1024.png 721w, https:\/\/serveiseducatius.xtec.cat\/selva2\/wp-content\/uploads\/usu1165\/2026\/01\/Captura-de-pantalla-2026-01-16-a-las-13.37.06-211x300.png 211w, https:\/\/serveiseducatius.xtec.cat\/selva2\/wp-content\/uploads\/usu1165\/2026\/01\/Captura-de-pantalla-2026-01-16-a-las-13.37.06-768x1091.png 768w, https:\/\/serveiseducatius.xtec.cat\/selva2\/wp-content\/uploads\/usu1165\/2026\/01\/Captura-de-pantalla-2026-01-16-a-las-13.37.06.png 904w\" sizes=\"auto, (max-width: 721px) 100vw, 721px\" \/><\/a><\/figure>\n","protected":false},"excerpt":{"rendered":"<p>Seminari de Coordinaci\u00f3 d&#8217;equips directius. Gesti\u00f3 pedag\u00f2gica. Coordinaci\u00f3 prim\u00e0ria secund\u00e0ria.\u00a0 Hi participen els coordinadors pedag\u00f2gics dels centres de secund\u00e0ria i [&hellip;]<\/p>\n","protected":false},"author":1,"featured_media":0,"parent":10551,"menu_order":4,"comment_status":"closed","ping_status":"closed","template":"","meta":{"_bbp_topic_count":0,"_bbp_reply_count":0,"_bbp_total_topic_count":0,"_bbp_total_reply_count":0,"_bbp_voice_count":0,"_bbp_anonymous_reply_count":0,"_bbp_topic_count_hidden":0,"_bbp_reply_count_hidden":0,"_bbp_forum_subforum_count":0,"site-sidebar-layout":"default","site-content-layout":"","ast-site-content-layout":"default","site-content-style":"default","site-sidebar-style":"default","ast-global-header-display":"","ast-banner-title-visibility":"","ast-main-header-display":"","ast-hfb-above-header-display":"","ast-hfb-below-header-display":"","ast-hfb-mobile-header-display":"","site-post-title":"","ast-breadcrumbs-content":"","ast-featured-img":"","footer-sml-layout":"","theme-transparent-header-meta":"","adv-header-id-meta":"","stick-header-meta":"","header-above-stick-meta":"","header-main-stick-meta":"","header-below-stick-meta":"","astra-migrate-meta-layouts":"set","ast-page-background-enabled":"default","ast-page-background-meta":{"desktop":{"background-color":"var(--ast-global-color-4)","background-image":"","background-repeat":"repeat","background-position":"center center","background-size":"auto","background-attachment":"scroll","background-type":"","background-media":"","overlay-type":"","overlay-color":"","overlay-opacity":"","overlay-gradient":""},"tablet":{"background-color":"","background-image":"","background-repeat":"repeat","background-position":"center center","background-size":"auto","background-attachment":"scroll","background-type":"","background-media":"","overlay-type":"","overlay-color":"","overlay-opacity":"","overlay-gradient":""},"mobile":{"background-color":"","background-image":"","background-repeat":"repeat","background-position":"center center","background-size":"auto","background-attachment":"scroll","background-type":"","background-media":"","overlay-type":"","overlay-color":"","overlay-opacity":"","overlay-gradient":""}},"ast-content-background-meta":{"desktop":{"background-color":"var(--ast-global-color-5)","background-image":"","background-repeat":"repeat","background-position":"center center","background-size":"auto","background-attachment":"scroll","background-type":"","background-media":"","overlay-type":"","overlay-color":"","overlay-opacity":"","overlay-gradient":""},"tablet":{"background-color":"var(--ast-global-color-5)","background-image":"","background-repeat":"repeat","background-position":"center center","background-size":"auto","background-attachment":"scroll","background-type":"","background-media":"","overlay-type":"","overlay-color":"","overlay-opacity":"","overlay-gradient":""},"mobile":{"background-color":"var(--ast-global-color-5)","background-image":"","background-repeat":"repeat","background-position":"center center","background-size":"auto","background-attachment":"scroll","background-type":"","background-media":"","overlay-type":"","overlay-color":"","overlay-opacity":"","overlay-gradient":""}},"footnotes":""},"class_list":["post-10579","page","type-page","status-publish","hentry"],"post_mailing_queue_ids":[],"_links":{"self":[{"href":"https:\/\/serveiseducatius.xtec.cat\/selva2\/wp-json\/wp\/v2\/pages\/10579","targetHints":{"allow":["GET"]}}],"collection":[{"href":"https:\/\/serveiseducatius.xtec.cat\/selva2\/wp-json\/wp\/v2\/pages"}],"about":[{"href":"https:\/\/serveiseducatius.xtec.cat\/selva2\/wp-json\/wp\/v2\/types\/page"}],"author":[{"embeddable":true,"href":"https:\/\/serveiseducatius.xtec.cat\/selva2\/wp-json\/wp\/v2\/users\/1"}],"replies":[{"embeddable":true,"href":"https:\/\/serveiseducatius.xtec.cat\/selva2\/wp-json\/wp\/v2\/comments?post=10579"}],"version-history":[{"count":6,"href":"https:\/\/serveiseducatius.xtec.cat\/selva2\/wp-json\/wp\/v2\/pages\/10579\/revisions"}],"predecessor-version":[{"id":15658,"href":"https:\/\/serveiseducatius.xtec.cat\/selva2\/wp-json\/wp\/v2\/pages\/10579\/revisions\/15658"}],"up":[{"embeddable":true,"href":"https:\/\/serveiseducatius.xtec.cat\/selva2\/wp-json\/wp\/v2\/pages\/10551"}],"wp:attachment":[{"href":"https:\/\/serveiseducatius.xtec.cat\/selva2\/wp-json\/wp\/v2\/media?parent=10579"}],"curies":[{"name":"wp","href":"https:\/\/api.w.org\/{rel}","templated":true}]}}