{"id":9858,"date":"2024-11-05T09:40:56","date_gmt":"2024-11-05T08:40:56","guid":{"rendered":"https:\/\/serveiseducatius.xtec.cat\/selva1\/?page_id=9858"},"modified":"2025-12-05T13:27:36","modified_gmt":"2025-12-05T12:27:36","slug":"agenda-selva-i-primaria-i-secundaria","status":"publish","type":"page","link":"https:\/\/serveiseducatius.xtec.cat\/selva1\/agenda-selva-i-primaria-i-secundaria\/","title":{"rendered":"Agenda Selva I Prim\u00e0ria i Secund\u00e0ria"},"content":{"rendered":"<h4>Prim\u00e0ria<\/h4>\n<p><iframe loading=\"lazy\" style=\"border: solid 1px #777;\" src=\"https:\/\/calendar.google.com\/calendar\/embed?height=600&amp;wkst=2&amp;ctz=Europe%2FMadrid&amp;bgcolor=%23ffffff&amp;showNav=1&amp;showDate=0&amp;showTabs=0&amp;src=NzNnZ2RiZWdvZGdpYWIzM3I0bm04OG02ZjRAZ3JvdXAuY2FsZW5kYXIuZ29vZ2xlLmNvbQ&amp;src=Y19mZWVlODQwYTFkMjRmYTVlMDY4NDkxMmUyNjQ0MmExMjBjMzY5ZWQyM2E2NjMyNDJiOTNlNTBmMjRmMDEyODBjQGdyb3VwLmNhbGVuZGFyLmdvb2dsZS5jb20&amp;src=Y3Jwc2VsdmExQGdtYWlsLmNvbQ&amp;src=c2FsYXNlbHZhMUBnbWFpbC5jb20&amp;color=%233F51B5&amp;color=%23F09300&amp;color=%230B8043&amp;color=%23D81B60\" width=\"800\" height=\"600\" frameborder=\"0\" scrolling=\"no\"><\/iframe><\/p>\n<h4>Secund\u00e0ria<\/h4>\n<p><iframe loading=\"lazy\" style=\"border-width: 0;\" src=\"https:\/\/calendar.google.com\/calendar\/embed?height=600&amp;wkst=2&amp;ctz=Europe%2FMadrid&amp;bgcolor=%23ffffff&amp;showDate=0&amp;showCalendars=0&amp;showTabs=0&amp;showTz=0&amp;showTitle=0&amp;src=Y19mZWVlODQwYTFkMjRmYTVlMDY4NDkxMmUyNjQ0MmExMjBjMzY5ZWQyM2E2NjMyNDJiOTNlNTBmMjRmMDEyODBjQGdyb3VwLmNhbGVuZGFyLmdvb2dsZS5jb20&amp;color=%23F09300\" width=\"800\" height=\"600\" frameborder=\"0\" scrolling=\"no\"><\/iframe><\/p>\n","protected":false},"excerpt":{"rendered":"<p>Prim\u00e0ria Secund\u00e0ria<\/p>\n","protected":false},"author":1,"featured_media":0,"parent":0,"menu_order":0,"comment_status":"closed","ping_status":"closed","template":"","meta":{"_bbp_topic_count":0,"_bbp_reply_count":0,"_bbp_total_topic_count":0,"_bbp_total_reply_count":0,"_bbp_voice_count":0,"_bbp_anonymous_reply_count":0,"_bbp_topic_count_hidden":0,"_bbp_reply_count_hidden":0,"_bbp_forum_subforum_count":0,"site-sidebar-layout":"default","site-content-layout":"","ast-site-content-layout":"","site-content-style":"default","site-sidebar-style":"default","ast-global-header-display":"","ast-banner-title-visibility":"","ast-main-header-display":"","ast-hfb-above-header-display":"","ast-hfb-below-header-display":"","ast-hfb-mobile-header-display":"","site-post-title":"","ast-breadcrumbs-content":"","ast-featured-img":"","footer-sml-layout":"","theme-transparent-header-meta":"","adv-header-id-meta":"","stick-header-meta":"","header-above-stick-meta":"","header-main-stick-meta":"","header-below-stick-meta":"","astra-migrate-meta-layouts":"default","ast-page-background-enabled":"default","ast-page-background-meta":{"desktop":{"background-color":"var(--ast-global-color-4)","background-image":"","background-repeat":"repeat","background-position":"center center","background-size":"auto","background-attachment":"scroll","background-type":"","background-media":"","overlay-type":"","overlay-color":"","overlay-opacity":"","overlay-gradient":""},"tablet":{"background-color":"","background-image":"","background-repeat":"repeat","background-position":"center center","background-size":"auto","background-attachment":"scroll","background-type":"","background-media":"","overlay-type":"","overlay-color":"","overlay-opacity":"","overlay-gradient":""},"mobile":{"background-color":"","background-image":"","background-repeat":"repeat","background-position":"center center","background-size":"auto","background-attachment":"scroll","background-type":"","background-media":"","overlay-type":"","overlay-color":"","overlay-opacity":"","overlay-gradient":""}},"ast-content-background-meta":{"desktop":{"background-color":"var(--ast-global-color-5)","background-image":"","background-repeat":"repeat","background-position":"center center","background-size":"auto","background-attachment":"scroll","background-type":"","background-media":"","overlay-type":"","overlay-color":"","overlay-opacity":"","overlay-gradient":""},"tablet":{"background-color":"var(--ast-global-color-5)","background-image":"","background-repeat":"repeat","background-position":"center center","background-size":"auto","background-attachment":"scroll","background-type":"","background-media":"","overlay-type":"","overlay-color":"","overlay-opacity":"","overlay-gradient":""},"mobile":{"background-color":"var(--ast-global-color-5)","background-image":"","background-repeat":"repeat","background-position":"center center","background-size":"auto","background-attachment":"scroll","background-type":"","background-media":"","overlay-type":"","overlay-color":"","overlay-opacity":"","overlay-gradient":""}},"footnotes":""},"class_list":["post-9858","page","type-page","status-publish","hentry"],"post_mailing_queue_ids":[],"_links":{"self":[{"href":"https:\/\/serveiseducatius.xtec.cat\/selva1\/wp-json\/wp\/v2\/pages\/9858","targetHints":{"allow":["GET"]}}],"collection":[{"href":"https:\/\/serveiseducatius.xtec.cat\/selva1\/wp-json\/wp\/v2\/pages"}],"about":[{"href":"https:\/\/serveiseducatius.xtec.cat\/selva1\/wp-json\/wp\/v2\/types\/page"}],"author":[{"embeddable":true,"href":"https:\/\/serveiseducatius.xtec.cat\/selva1\/wp-json\/wp\/v2\/users\/1"}],"replies":[{"embeddable":true,"href":"https:\/\/serveiseducatius.xtec.cat\/selva1\/wp-json\/wp\/v2\/comments?post=9858"}],"version-history":[{"count":6,"href":"https:\/\/serveiseducatius.xtec.cat\/selva1\/wp-json\/wp\/v2\/pages\/9858\/revisions"}],"predecessor-version":[{"id":11977,"href":"https:\/\/serveiseducatius.xtec.cat\/selva1\/wp-json\/wp\/v2\/pages\/9858\/revisions\/11977"}],"wp:attachment":[{"href":"https:\/\/serveiseducatius.xtec.cat\/selva1\/wp-json\/wp\/v2\/media?parent=9858"}],"curies":[{"name":"wp","href":"https:\/\/api.w.org\/{rel}","templated":true}]}}