{"id":9727,"date":"2024-10-16T09:41:20","date_gmt":"2024-10-16T07:41:20","guid":{"rendered":"https:\/\/serveiseducatius.xtec.cat\/selva1\/?page_id=9727"},"modified":"2026-01-14T12:22:54","modified_gmt":"2026-01-14T11:22:54","slug":"fonaments-del-llenguatge","status":"publish","type":"page","link":"https:\/\/serveiseducatius.xtec.cat\/selva1\/fonaments-del-llenguatge\/","title":{"rendered":"Fonaments del llenguatge 0-6"},"content":{"rendered":"<p><a href=\"https:\/\/serveiseducatius.xtec.cat\/selva1\/wp-content\/uploads\/usu773\/2024\/10\/llibre.png\"><img loading=\"lazy\" decoding=\"async\" class=\"size-medium wp-image-9728 aligncenter\" src=\"https:\/\/serveiseducatius.xtec.cat\/selva1\/wp-content\/uploads\/usu773\/2024\/10\/llibre-300x290.png\" alt=\"\" width=\"300\" height=\"290\" srcset=\"https:\/\/serveiseducatius.xtec.cat\/selva1\/wp-content\/uploads\/usu773\/2024\/10\/llibre-300x290.png 300w, https:\/\/serveiseducatius.xtec.cat\/selva1\/wp-content\/uploads\/usu773\/2024\/10\/llibre.png 442w\" sizes=\"auto, (max-width: 300px) 100vw, 300px\" \/><\/a><\/p>\n<table style=\"border-collapse: collapse; width: 100%; height: 240px;\">\n<tbody>\n<tr style=\"height: 66px;\">\n<td style=\"width: 100%; height: 75px;\" colspan=\"5\">\n<h3 style=\"text-align: center;\"><span style=\"color: #99cc00;\"><strong>MATERIALS DE LES SESSIONS curs 25-26<\/strong><\/span><\/h3>\n<\/td>\n<\/tr>\n<tr style=\"height: 195px;\">\n<td style=\"width: 20%; text-align: center; height: 165px;\">\n<h4><a href=\"https:\/\/drive.google.com\/file\/d\/1vhC-avG25j4BQQahj8Zd_Tc1gQ9UAVb2\/view?usp=sharing\" target=\"_blank\" rel=\"noopener\"><strong>SESSI\u00d3 1 15.10.2025<\/strong><\/a><\/h4>\n<p><a href=\"https:\/\/drive.google.com\/file\/d\/1moXWATfgzAi3F-CJNMXV1ZlMKIaYF7Kq\/view?usp=sharing\" target=\"_blank\" rel=\"noopener\"><img loading=\"lazy\" decoding=\"async\" class=\"aligncenter wp-image-11699\" src=\"https:\/\/serveiseducatius.xtec.cat\/selva1\/wp-content\/uploads\/usu773\/2025\/10\/Fonall-300x269.png\" alt=\"\" width=\"152\" height=\"137\" srcset=\"https:\/\/serveiseducatius.xtec.cat\/selva1\/wp-content\/uploads\/usu773\/2025\/10\/Fonall-300x269.png 300w, https:\/\/serveiseducatius.xtec.cat\/selva1\/wp-content\/uploads\/usu773\/2025\/10\/Fonall.png 593w\" sizes=\"auto, (max-width: 152px) 100vw, 152px\" \/><\/a><\/td>\n<td style=\"width: 20%; height: 165px;\">\n<h4 style=\"text-align: center;\"><a href=\"https:\/\/drive.google.com\/file\/d\/1muX7jva29wn1WVkY0tvLo8Tl-Zsg_yIn\/view?usp=sharing\" target=\"_blank\" rel=\"noopener\"><strong>SESSI\u00d3 2 19.11.2025<\/strong><\/a><a href=\"https:\/\/drive.google.com\/file\/d\/1e_EgkRQI-c5WiWJR8wBGWGAgsiys_OCe\/view?usp=drive_link\" target=\"_blank\" rel=\"noopener\"><img loading=\"lazy\" decoding=\"async\" class=\"aligncenter wp-image-10318\" src=\"https:\/\/serveiseducatius.xtec.cat\/selva1\/wp-content\/uploads\/usu773\/2025\/01\/S3-300x242.png\" alt=\"\" width=\"168\" height=\"136\" srcset=\"https:\/\/serveiseducatius.xtec.cat\/selva1\/wp-content\/uploads\/usu773\/2025\/01\/S3-300x242.png 300w, https:\/\/serveiseducatius.xtec.cat\/selva1\/wp-content\/uploads\/usu773\/2025\/01\/S3.png 421w\" sizes=\"auto, (max-width: 168px) 100vw, 168px\" \/><\/a><\/h4>\n<\/td>\n<td style=\"width: 20%; height: 165px;\">\n<h4 style=\"text-align: center;\"><a href=\"https:\/\/drive.google.com\/file\/d\/1u8kfqNyVxWFmptiTCm87ScbhacMWrlKQ\/view?usp=sharing\" target=\"_blank\" rel=\"noopener\"><strong>SESSI\u00d3 3 14.01.2026<\/strong><\/a><\/h4>\n<p><a href=\"https:\/\/drive.google.com\/file\/d\/14MFjPBXVER30l736-yIeML1WtdEnTc8I\/view?usp=drive_link\" target=\"_blank\" rel=\"noopener\"><img loading=\"lazy\" decoding=\"async\" class=\"aligncenter wp-image-12164\" src=\"https:\/\/serveiseducatius.xtec.cat\/selva1\/wp-content\/uploads\/usu773\/2026\/01\/3-300x293.jpg\" alt=\"\" width=\"141\" height=\"138\" srcset=\"https:\/\/serveiseducatius.xtec.cat\/selva1\/wp-content\/uploads\/usu773\/2026\/01\/3-300x293.jpg 300w, https:\/\/serveiseducatius.xtec.cat\/selva1\/wp-content\/uploads\/usu773\/2026\/01\/3.jpg 400w\" sizes=\"auto, (max-width: 141px) 100vw, 141px\" \/><\/a><\/td>\n<td style=\"width: 20%; height: 165px;\">\n<h4 style=\"text-align: center;\"><a href=\"https:\/\/drive.google.com\/file\/d\/1c2x73yGP6tc3mMICz0tzlzI1w1cqPyxC\/view?usp=sharing\" target=\"_blank\" rel=\"noopener\"><strong>SESSI\u00d3 4 25.02.2026\u00a0<\/strong><\/a><\/h4>\n<p>&nbsp;<\/td>\n<td style=\"width: 20%; height: 165px;\">\n<h4 style=\"text-align: center;\"><a href=\"https:\/\/drive.google.com\/file\/d\/1u8kfqNyVxWFmptiTCm87ScbhacMWrlKQ\/view?usp=sharing\" target=\"_blank\" rel=\"noopener\"><strong>SESSI\u00d3 5 13.05.2026<\/strong><\/a><\/h4>\n<p>&nbsp;<\/td>\n<\/tr>\n<\/tbody>\n<\/table>\n<h3 style=\"text-align: center;\"><span style=\"color: #99cc00;\"><strong>MATERIALS DE LES SESSIONS curs 24-25<\/strong><\/span><\/h3>\n<table style=\"border-collapse: collapse;\">\n<tbody>\n<tr style=\"height: 195px;\">\n<td style=\"width: 20%; text-align: center; height: 165px;\">\n<h4><a href=\"https:\/\/drive.google.com\/file\/d\/1vhC-avG25j4BQQahj8Zd_Tc1gQ9UAVb2\/view?usp=sharing\" target=\"_blank\" rel=\"noopener\"><strong>SESSI\u00d3 1 16.10.2024<\/strong><\/a><\/h4>\n<p>&nbsp;<\/p>\n<p><a href=\"https:\/\/drive.google.com\/file\/d\/1vhC-avG25j4BQQahj8Zd_Tc1gQ9UAVb2\/view?usp=sharing\" target=\"_blank\" rel=\"noopener\"><img loading=\"lazy\" decoding=\"async\" class=\"aligncenter wp-image-9734\" src=\"https:\/\/serveiseducatius.xtec.cat\/selva1\/wp-content\/uploads\/usu773\/2024\/10\/1fll.png\" alt=\"\" width=\"196\" height=\"106\" \/><\/a><\/td>\n<td style=\"width: 20%; height: 165px;\">\n<h4 style=\"text-align: center;\"><a href=\"https:\/\/drive.google.com\/file\/d\/1muX7jva29wn1WVkY0tvLo8Tl-Zsg_yIn\/view?usp=sharing\" target=\"_blank\" rel=\"noopener\"><strong>SESSI\u00d3 2 20.11.2024<\/strong><\/a><\/h4>\n<p>&nbsp;<\/p>\n<p><a href=\"https:\/\/drive.google.com\/file\/d\/1muX7jva29wn1WVkY0tvLo8Tl-Zsg_yIn\/view?usp=sharing\"><img loading=\"lazy\" decoding=\"async\" class=\"aligncenter wp-image-10008\" src=\"https:\/\/serveiseducatius.xtec.cat\/selva1\/wp-content\/uploads\/usu773\/2024\/11\/bloc-2-300x273.png\" alt=\"\" width=\"162\" height=\"147\" srcset=\"https:\/\/serveiseducatius.xtec.cat\/selva1\/wp-content\/uploads\/usu773\/2024\/11\/bloc-2-300x273.png 300w, https:\/\/serveiseducatius.xtec.cat\/selva1\/wp-content\/uploads\/usu773\/2024\/11\/bloc-2.png 394w\" sizes=\"auto, (max-width: 162px) 100vw, 162px\" \/><\/a><\/td>\n<td style=\"width: 20%; height: 165px;\">\n<h4 style=\"text-align: center;\"><a href=\"https:\/\/drive.google.com\/file\/d\/1u8kfqNyVxWFmptiTCm87ScbhacMWrlKQ\/view?usp=sharing\" target=\"_blank\" rel=\"noopener\"><strong>SESSI\u00d3 3 22.01.2025<\/strong><\/a><\/h4>\n<p>&nbsp;<\/p>\n<p><a href=\"https:\/\/drive.google.com\/file\/d\/1u8kfqNyVxWFmptiTCm87ScbhacMWrlKQ\/view?usp=sharing\"><img loading=\"lazy\" decoding=\"async\" class=\"aligncenter wp-image-10318\" src=\"https:\/\/serveiseducatius.xtec.cat\/selva1\/wp-content\/uploads\/usu773\/2025\/01\/S3-300x242.png\" alt=\"\" width=\"168\" height=\"136\" srcset=\"https:\/\/serveiseducatius.xtec.cat\/selva1\/wp-content\/uploads\/usu773\/2025\/01\/S3-300x242.png 300w, https:\/\/serveiseducatius.xtec.cat\/selva1\/wp-content\/uploads\/usu773\/2025\/01\/S3.png 421w\" sizes=\"auto, (max-width: 168px) 100vw, 168px\" \/><\/a><\/td>\n<td style=\"width: 20%; height: 165px;\">\n<h4 style=\"text-align: center;\"><a href=\"https:\/\/drive.google.com\/file\/d\/1c2x73yGP6tc3mMICz0tzlzI1w1cqPyxC\/view?usp=sharing\" target=\"_blank\" rel=\"noopener\"><strong>SESSI\u00d3 4 05.03.2025\u00a0<\/strong><\/a><\/h4>\n<p><a href=\"https:\/\/drive.google.com\/file\/d\/1c2x73yGP6tc3mMICz0tzlzI1w1cqPyxC\/view?usp=sharing\"><img loading=\"lazy\" decoding=\"async\" class=\"aligncenter wp-image-10610\" src=\"https:\/\/serveiseducatius.xtec.cat\/selva1\/wp-content\/uploads\/usu773\/2025\/03\/Bloc-4-288x300.png\" alt=\"\" width=\"154\" height=\"161\" srcset=\"https:\/\/serveiseducatius.xtec.cat\/selva1\/wp-content\/uploads\/usu773\/2025\/03\/Bloc-4-288x300.png 288w, https:\/\/serveiseducatius.xtec.cat\/selva1\/wp-content\/uploads\/usu773\/2025\/03\/Bloc-4.png 348w\" sizes=\"auto, (max-width: 154px) 100vw, 154px\" \/><\/a><\/td>\n<td style=\"width: 20%; height: 165px;\">\n<h4 style=\"text-align: center;\"><a href=\"https:\/\/drive.google.com\/file\/d\/1u8kfqNyVxWFmptiTCm87ScbhacMWrlKQ\/view?usp=sharing\" target=\"_blank\" rel=\"noopener\"><strong>SESSI\u00d3 5 14.05.2025<\/strong><\/a><\/h4>\n<p><a style=\"font-family: inherit; font-size: 0.875em;\" href=\"https:\/\/docs.google.com\/spreadsheets\/d\/e\/2PACX-1vT_vBRI5H7fB38sewYX81flDSYeKP76PgHeSEbbjb9uJ1_YQqV3V5hOUp9se7_0PHTvEXsXlyeiJ-Ny\/pubhtml?gid=1193650314&amp;single=true\" target=\"_blank\" rel=\"noopener\"><img loading=\"lazy\" decoding=\"async\" class=\"alignleft wp-image-10890\" src=\"https:\/\/serveiseducatius.xtec.cat\/selva1\/wp-content\/uploads\/usu773\/2025\/05\/IMG20250317092737-RAQUEL-SAU-CASADEVALL-300x171.jpg\" alt=\"\" width=\"300\" height=\"171\" srcset=\"https:\/\/serveiseducatius.xtec.cat\/selva1\/wp-content\/uploads\/usu773\/2025\/05\/IMG20250317092737-RAQUEL-SAU-CASADEVALL-300x171.jpg 300w, https:\/\/serveiseducatius.xtec.cat\/selva1\/wp-content\/uploads\/usu773\/2025\/05\/IMG20250317092737-RAQUEL-SAU-CASADEVALL-1024x585.jpg 1024w, https:\/\/serveiseducatius.xtec.cat\/selva1\/wp-content\/uploads\/usu773\/2025\/05\/IMG20250317092737-RAQUEL-SAU-CASADEVALL-768x438.jpg 768w, https:\/\/serveiseducatius.xtec.cat\/selva1\/wp-content\/uploads\/usu773\/2025\/05\/IMG20250317092737-RAQUEL-SAU-CASADEVALL-1536x877.jpg 1536w, https:\/\/serveiseducatius.xtec.cat\/selva1\/wp-content\/uploads\/usu773\/2025\/05\/IMG20250317092737-RAQUEL-SAU-CASADEVALL-2048x1169.jpg 2048w\" sizes=\"auto, (max-width: 300px) 100vw, 300px\" \/><\/a><\/p>\n<p>&nbsp;<\/td>\n<\/tr>\n<\/tbody>\n<\/table>\n<p>&nbsp;<\/p>\n","protected":false},"excerpt":{"rendered":"<p>MATERIALS DE LES SESSIONS curs 25-26 SESSI\u00d3 1 15.10.2025 SESSI\u00d3 2 19.11.2025 SESSI\u00d3 3 14.01.2026 SESSI\u00d3 4 25.02.2026\u00a0 &nbsp; SESSI\u00d3 5 13.05.2026 &nbsp; MATERIALS DE LES SESSIONS curs 24-25 SESSI\u00d3 1 16.10.2024 &nbsp; SESSI\u00d3 2 20.11.2024 &nbsp; SESSI\u00d3 3 22.01.2025 &nbsp; SESSI\u00d3 4 05.03.2025\u00a0 SESSI\u00d3 5 14.05.2025 &nbsp; &nbsp;<\/p>\n","protected":false},"author":1,"featured_media":0,"parent":0,"menu_order":0,"comment_status":"closed","ping_status":"closed","template":"","meta":{"_bbp_topic_count":0,"_bbp_reply_count":0,"_bbp_total_topic_count":0,"_bbp_total_reply_count":0,"_bbp_voice_count":0,"_bbp_anonymous_reply_count":0,"_bbp_topic_count_hidden":0,"_bbp_reply_count_hidden":0,"_bbp_forum_subforum_count":0,"site-sidebar-layout":"default","site-content-layout":"","ast-site-content-layout":"default","site-content-style":"default","site-sidebar-style":"default","ast-global-header-display":"","ast-banner-title-visibility":"","ast-main-header-display":"","ast-hfb-above-header-display":"","ast-hfb-below-header-display":"","ast-hfb-mobile-header-display":"","site-post-title":"","ast-breadcrumbs-content":"","ast-featured-img":"","footer-sml-layout":"","theme-transparent-header-meta":"default","adv-header-id-meta":"","stick-header-meta":"","header-above-stick-meta":"","header-main-stick-meta":"","header-below-stick-meta":"","astra-migrate-meta-layouts":"set","ast-page-background-enabled":"default","ast-page-background-meta":{"desktop":{"background-color":"var(--ast-global-color-4)","background-image":"","background-repeat":"repeat","background-position":"center center","background-size":"auto","background-attachment":"scroll","background-type":"","background-media":"","overlay-type":"","overlay-color":"","overlay-opacity":"","overlay-gradient":""},"tablet":{"background-color":"","background-image":"","background-repeat":"repeat","background-position":"center center","background-size":"auto","background-attachment":"scroll","background-type":"","background-media":"","overlay-type":"","overlay-color":"","overlay-opacity":"","overlay-gradient":""},"mobile":{"background-color":"","background-image":"","background-repeat":"repeat","background-position":"center center","background-size":"auto","background-attachment":"scroll","background-type":"","background-media":"","overlay-type":"","overlay-color":"","overlay-opacity":"","overlay-gradient":""}},"ast-content-background-meta":{"desktop":{"background-color":"var(--ast-global-color-5)","background-image":"","background-repeat":"repeat","background-position":"center center","background-size":"auto","background-attachment":"scroll","background-type":"","background-media":"","overlay-type":"","overlay-color":"","overlay-opacity":"","overlay-gradient":""},"tablet":{"background-color":"var(--ast-global-color-5)","background-image":"","background-repeat":"repeat","background-position":"center center","background-size":"auto","background-attachment":"scroll","background-type":"","background-media":"","overlay-type":"","overlay-color":"","overlay-opacity":"","overlay-gradient":""},"mobile":{"background-color":"var(--ast-global-color-5)","background-image":"","background-repeat":"repeat","background-position":"center center","background-size":"auto","background-attachment":"scroll","background-type":"","background-media":"","overlay-type":"","overlay-color":"","overlay-opacity":"","overlay-gradient":""}},"footnotes":""},"class_list":["post-9727","page","type-page","status-publish","hentry"],"post_mailing_queue_ids":[],"_links":{"self":[{"href":"https:\/\/serveiseducatius.xtec.cat\/selva1\/wp-json\/wp\/v2\/pages\/9727","targetHints":{"allow":["GET"]}}],"collection":[{"href":"https:\/\/serveiseducatius.xtec.cat\/selva1\/wp-json\/wp\/v2\/pages"}],"about":[{"href":"https:\/\/serveiseducatius.xtec.cat\/selva1\/wp-json\/wp\/v2\/types\/page"}],"author":[{"embeddable":true,"href":"https:\/\/serveiseducatius.xtec.cat\/selva1\/wp-json\/wp\/v2\/users\/1"}],"replies":[{"embeddable":true,"href":"https:\/\/serveiseducatius.xtec.cat\/selva1\/wp-json\/wp\/v2\/comments?post=9727"}],"version-history":[{"count":6,"href":"https:\/\/serveiseducatius.xtec.cat\/selva1\/wp-json\/wp\/v2\/pages\/9727\/revisions"}],"predecessor-version":[{"id":12165,"href":"https:\/\/serveiseducatius.xtec.cat\/selva1\/wp-json\/wp\/v2\/pages\/9727\/revisions\/12165"}],"wp:attachment":[{"href":"https:\/\/serveiseducatius.xtec.cat\/selva1\/wp-json\/wp\/v2\/media?parent=9727"}],"curies":[{"name":"wp","href":"https:\/\/api.w.org\/{rel}","templated":true}]}}